{"id":13959,"date":"2025-05-06T10:49:23","date_gmt":"2025-05-06T08:49:23","guid":{"rendered":"https:\/\/pelican.se\/insurance-with-pelican\/"},"modified":"2025-05-13T09:42:37","modified_gmt":"2025-05-13T07:42:37","slug":"insurance-with-pelican","status":"publish","type":"page","link":"https:\/\/pelican.se\/en\/insurance-with-pelican\/","title":{"rendered":"Insurance with Pelican"},"content":{"rendered":"\t\t<div data-elementor-type=\"wp-page\" data-elementor-id=\"13959\" class=\"elementor elementor-13959 elementor-11412\" data-elementor-post-type=\"page\">\n\t\t\t\t<div class=\"elementor-element elementor-element-522c8f2 e-flex e-con-boxed e-con e-parent\" data-id=\"522c8f2\" data-element_type=\"container\" data-e-type=\"container\">\n\t\t\t\t\t<div class=\"e-con-inner\">\n\t\t\t\t<div class=\"elementor-element elementor-element-841d24e elementor-widget elementor-widget-wd_text_block\" data-id=\"841d24e\" data-element_type=\"widget\" data-e-type=\"widget\" data-widget_type=\"wd_text_block.default\">\n\t\t\t\t<div class=\"elementor-widget-container\">\n\t\t\t\t\t\t\t<div class=\"wd-text-block reset-last-child text-left\">\n\t\t\t\n\t\t\t<p>At Pelican, we care about safety and security, because it's our job to make sure your belongings are safe when you're not using them.<br>That's why we've created an insurance policy tailored specifically for Self Storage that covers the full value of your storage in the unthinkable event of damage, with no deductible.<\/p><p>The insurance is taken out in cooperation with Reason Global Insurance, which specializes in self-storage insurance, and of course has no deductible. Below you can read more about our insurance policies and why insurance is a requirement at Pelican. <\/p>\n\t\t\t\t\t<\/div>\n\t\t\t\t\t\t<\/div>\n\t\t\t\t<\/div>\n\t\t\t\t\t<\/div>\n\t\t\t\t<\/div>\n\t\t<div class=\"elementor-element elementor-element-20af1fa9 e-con-full e-flex e-con e-parent\" data-id=\"20af1fa9\" data-element_type=\"container\" data-e-type=\"container\" data-settings=\"{&quot;background_background&quot;:&quot;classic&quot;}\">\n\t\t<div class=\"elementor-element elementor-element-3aaf92c0 e-con-full e-flex e-con e-child\" data-id=\"3aaf92c0\" data-element_type=\"container\" data-e-type=\"container\">\n\t\t\t\t<div class=\"elementor-element elementor-element-739be318 elementor-widget elementor-widget-image\" data-id=\"739be318\" data-element_type=\"widget\" data-e-type=\"widget\" data-widget_type=\"image.default\">\n\t\t\t\t<div class=\"elementor-widget-container\">\n\t\t\t\t\t\t\t\t\t\t\t\t\t\t\t<img decoding=\"async\" src=\"https:\/\/pelican.se\/wp-content\/uploads\/2024\/09\/iStock-1328289401-scaled.jpg\" title=\"Beautiful sunlight. Father in white shirt teaching daughter how to ride bicycle outdoors\" alt=\"Beautiful sunlight. Father in white shirt teaching daughter how to ride bicycle outdoors.\" loading=\"lazy\" \/>\t\t\t\t\t\t\t\t\t\t\t\t\t\t\t<\/div>\n\t\t\t\t<\/div>\n\t\t\t\t<\/div>\n\t\t<div class=\"elementor-element elementor-element-22f79ccf e-con-full e-flex e-con e-child\" data-id=\"22f79ccf\" data-element_type=\"container\" data-e-type=\"container\">\n\t\t<div class=\"elementor-element elementor-element-1f9dc193 e-con-full e-flex e-con e-child\" data-id=\"1f9dc193\" data-element_type=\"container\" data-e-type=\"container\">\n\t\t\t\t<div class=\"elementor-element elementor-element-39531b3e wd-width-100 elementor-widget elementor-widget-wd_title\" data-id=\"39531b3e\" data-element_type=\"widget\" data-e-type=\"widget\" data-widget_type=\"wd_title.default\">\n\t\t\t\t<div class=\"elementor-widget-container\">\n\t\t\t\t\t\t\t<div class=\"title-wrapper wd-set-mb reset-last-child wd-title-color-default wd-title-style-default wd-title-size-default text-left\">\n\n\t\t\t\n\t\t\t<div class=\"liner-continer\">\n\t\t\t\t<h4 class=\"woodmart-title-container title wd-fontsize-l\">Why do I need insurance?<\/h4> \n\t\t\t\t\t\t\t<\/div>\n\n\t\t\t\t\t\t\t<div class=\"title-after_title reset-last-child wd-fontsize-xs\">\n\t\t\t\t\t<p>This insurance protects you against financial loss in the event of damage to your stored belongings.<br>Even if the risk is very low, damage such as fire, water damage, pests or burglary can have serious consequences.<br>Insurance protects you against these unforeseen events, which is why Pelican requires your storage to be insured.<br>This requirement is not just a formality, but a way for us to make sure your valuables are in safe hands.<br>In the unlikely event of an accident, the insurance ensures that you are compensated, so that you can avoid financial worries and focus on what is important to you.<\/p><p>With our Pelican insurance, you are always protected:<\/p><ul><li>No deductible<\/li><li>No age deductions (excl. textiles)<\/li><li>You choose the level of insurance that suits you<\/li><\/ul>\t\t\t\t<\/div>\n\t\t\t\t\t<\/div>\n\t\t\t\t\t\t<\/div>\n\t\t\t\t<\/div>\n\t\t\t\t<\/div>\n\t\t\t\t<\/div>\n\t\t\t\t<\/div>\n\t\t<div class=\"wd-negative-gap elementor-element elementor-element-5a29fe52 e-flex e-con-boxed e-con e-parent\" data-id=\"5a29fe52\" data-element_type=\"container\" data-e-type=\"container\">\n\t\t\t\t\t<div class=\"e-con-inner\">\n\t\t<div class=\"elementor-element elementor-element-742aca4d e-con-full e-flex e-con e-child\" data-id=\"742aca4d\" data-element_type=\"container\" data-e-type=\"container\" data-settings=\"{&quot;background_background&quot;:&quot;classic&quot;}\">\n\t\t<div class=\"elementor-element elementor-element-72f88bc5 e-con-full e-flex e-con e-child\" data-id=\"72f88bc5\" data-element_type=\"container\" data-e-type=\"container\">\n\t\t\t\t<div class=\"elementor-element elementor-element-31637e12 wd-width-100 elementor-widget elementor-widget-wd_title\" data-id=\"31637e12\" data-element_type=\"widget\" data-e-type=\"widget\" data-widget_type=\"wd_title.default\">\n\t\t\t\t<div class=\"elementor-widget-container\">\n\t\t\t\t\t\t\t<div class=\"title-wrapper wd-set-mb reset-last-child wd-title-color-default wd-title-style-default wd-title-size-default text-left\">\n\n\t\t\t\n\t\t\t<div class=\"liner-continer\">\n\t\t\t\t<h4 class=\"woodmart-title-container title wd-fontsize-l\">What does Pelican's insurance cover?<\/h4> \n\t\t\t\t\t\t\t<\/div>\n\n\t\t\t\t\t\t\t<div class=\"title-after_title reset-last-child wd-fontsize-xs\">\n\t\t\t\t\t<p>Pelican's insurance is a comprehensive policy that, unlike many other insurance companies, covers the full value of your storage with no deductible. Our insurance covers, among other things: <\/p><p>Damage to your property caused by fire, lightning, explosion, earthquake, storm, flood, burst or leaking pipes, ingress of water or other liquids<\/p><ul><li>Moths, insects or pests caused by an external cause<\/li><li>Theft by burglary<\/li><li>Damage caused by vandalism<\/li><\/ul><p>In the unlikely event that your storage and belongings are exposed to any of the above risks, we are here to help!<\/p>\t\t\t\t<\/div>\n\t\t\t\t\t<\/div>\n\t\t\t\t\t\t<\/div>\n\t\t\t\t<\/div>\n\t\t\t\t<div class=\"elementor-element elementor-element-14c13698 elementor-widget elementor-widget-button\" data-id=\"14c13698\" data-element_type=\"widget\" data-e-type=\"widget\" data-widget_type=\"button.default\">\n\t\t\t\t<div class=\"elementor-widget-container\">\n\t\t\t\t\t\t\t\t\t<div class=\"elementor-button-wrapper\">\n\t\t\t\t\t<a class=\"elementor-button elementor-button-link elementor-size-sm\" href=\"https:\/\/pelican.se\/en\/insurance-terms\/\">\n\t\t\t\t\t\t<span class=\"elementor-button-content-wrapper\">\n\t\t\t\t\t\t\t\t\t<span class=\"elementor-button-text\">Insurance conditions<\/span>\n\t\t\t\t\t<\/span>\n\t\t\t\t\t<\/a>\n\t\t\t\t<\/div>\n\t\t\t\t\t\t\t\t<\/div>\n\t\t\t\t<\/div>\n\t\t\t\t<\/div>\n\t\t\t\t<\/div>\n\t\t<div class=\"elementor-element elementor-element-f0f3fdd e-con-full e-flex e-con e-child\" data-id=\"f0f3fdd\" data-element_type=\"container\" data-e-type=\"container\" data-settings=\"{&quot;background_background&quot;:&quot;classic&quot;}\">\n\t\t\t\t<div class=\"elementor-element elementor-element-29b19fe5 elementor-widget elementor-widget-image\" data-id=\"29b19fe5\" data-element_type=\"widget\" data-e-type=\"widget\" data-widget_type=\"image.default\">\n\t\t\t\t<div class=\"elementor-widget-container\">\n\t\t\t\t\t\t\t\t\t\t\t\t\t\t\t<img decoding=\"async\" src=\"https:\/\/pelican.se\/wp-content\/uploads\/2024\/09\/iStock-171155988-scaled.jpg\" title=\"Different, leader, best, unique, boss, individuality, original, special, worst, first\" alt=\"Different, leader, best, unique, boss, individuality, original, special, worst, first, chief, champion and discrimination concept. 3d render\" loading=\"lazy\" \/>\t\t\t\t\t\t\t\t\t\t\t\t\t\t\t<\/div>\n\t\t\t\t<\/div>\n\t\t\t\t<\/div>\n\t\t\t\t\t<\/div>\n\t\t\t\t<\/div>\n\t\t<div class=\"elementor-element elementor-element-3b55044 e-con-full e-flex e-con e-parent\" data-id=\"3b55044\" data-element_type=\"container\" data-e-type=\"container\" data-settings=\"{&quot;background_background&quot;:&quot;classic&quot;}\">\n\t\t<div class=\"elementor-element elementor-element-aa361f3 e-con-full e-flex e-con e-child\" data-id=\"aa361f3\" data-element_type=\"container\" data-e-type=\"container\">\n\t\t\t\t<div class=\"elementor-element elementor-element-8957a43 elementor-widget elementor-widget-image\" data-id=\"8957a43\" data-element_type=\"widget\" data-e-type=\"widget\" data-widget_type=\"image.default\">\n\t\t\t\t<div class=\"elementor-widget-container\">\n\t\t\t\t\t\t\t\t\t\t\t\t\t\t\t<img decoding=\"async\" src=\"https:\/\/pelican.se\/wp-content\/uploads\/2025\/04\/service-in-shop.jpg\" title=\"service-in-shop\" alt=\"service-in-shop\" loading=\"lazy\" \/>\t\t\t\t\t\t\t\t\t\t\t\t\t\t\t<\/div>\n\t\t\t\t<\/div>\n\t\t\t\t<\/div>\n\t\t<div class=\"elementor-element elementor-element-fcb789b e-con-full e-flex e-con e-child\" data-id=\"fcb789b\" data-element_type=\"container\" data-e-type=\"container\">\n\t\t\t\t<div class=\"elementor-element elementor-element-f243a24 wd-width-100 elementor-widget elementor-widget-wd_title\" data-id=\"f243a24\" data-element_type=\"widget\" data-e-type=\"widget\" data-widget_type=\"wd_title.default\">\n\t\t\t\t<div class=\"elementor-widget-container\">\n\t\t\t\t\t\t\t<div class=\"title-wrapper wd-set-mb reset-last-child wd-title-color-default wd-title-style-default wd-title-size-default text-left\">\n\n\t\t\t\n\t\t\t<div class=\"liner-continer\">\n\t\t\t\t<h4 class=\"woodmart-title-container title wd-fontsize-l\">How do I take out insurance?<\/h4> \n\t\t\t\t\t\t\t<\/div>\n\n\t\t\t\t\t\t\t<div class=\"title-after_title reset-last-child wd-fontsize-xs\">\n\t\t\t\t\t<p>As a new customer of Pelican, taking out an insurance policy is simple and easy.<\/p><p>When you book a unit using our online booking system, you will be asked to choose a level of insurance after you have selected your unit. If you choose instead to email, call us or come to one of our sites, we will help you take out the insurance together with your unit. <\/p><p>Finally, if you have any questions about insurance, just contact us:<\/p>\t\t\t\t<\/div>\n\t\t\t\t\t<\/div>\n\t\t\t\t\t\t<\/div>\n\t\t\t\t<\/div>\n\t\t<div class=\"elementor-element elementor-element-2f6462b e-con-full e-flex e-con e-child\" data-id=\"2f6462b\" data-element_type=\"container\" data-e-type=\"container\">\n\t\t\t\t<div class=\"elementor-element elementor-element-21a7bf2 elementor-widget elementor-widget-button\" data-id=\"21a7bf2\" data-element_type=\"widget\" data-e-type=\"widget\" data-widget_type=\"button.default\">\n\t\t\t\t<div class=\"elementor-widget-container\">\n\t\t\t\t\t\t\t\t\t<div class=\"elementor-button-wrapper\">\n\t\t\t\t\t<a class=\"elementor-button elementor-button-link elementor-size-sm\" href=\"https:\/\/pelican.se\/en\/contact-pelican\/\">\n\t\t\t\t\t\t<span class=\"elementor-button-content-wrapper\">\n\t\t\t\t\t\t\t\t\t<span class=\"elementor-button-text\">Contact us for more information<\/span>\n\t\t\t\t\t<\/span>\n\t\t\t\t\t<\/a>\n\t\t\t\t<\/div>\n\t\t\t\t\t\t\t\t<\/div>\n\t\t\t\t<\/div>\n\t\t\t\t<\/div>\n\t\t\t\t<\/div>\n\t\t\t\t<\/div>\n\t\t<div class=\"wd-negative-gap elementor-element elementor-element-47ae48e e-flex e-con-boxed e-con e-parent\" data-id=\"47ae48e\" data-element_type=\"container\" data-e-type=\"container\">\n\t\t\t\t\t<div class=\"e-con-inner\">\n\t\t<div class=\"elementor-element elementor-element-390d2fc e-con-full e-flex e-con e-child\" data-id=\"390d2fc\" data-element_type=\"container\" data-e-type=\"container\" data-settings=\"{&quot;background_background&quot;:&quot;classic&quot;}\">\n\t\t<div class=\"elementor-element elementor-element-64d9da3 e-con-full e-flex e-con e-child\" data-id=\"64d9da3\" data-element_type=\"container\" data-e-type=\"container\">\n\t\t\t\t<div class=\"elementor-element elementor-element-1048fa9 wd-width-100 elementor-widget elementor-widget-wd_title\" data-id=\"1048fa9\" data-element_type=\"widget\" data-e-type=\"widget\" data-widget_type=\"wd_title.default\">\n\t\t\t\t<div class=\"elementor-widget-container\">\n\t\t\t\t\t\t\t<div class=\"title-wrapper wd-set-mb reset-last-child wd-title-color-default wd-title-style-default wd-title-size-default text-left\">\n\n\t\t\t\n\t\t\t<div class=\"liner-continer\">\n\t\t\t\t<h4 class=\"woodmart-title-container title wd-fontsize-l\">Using your own insurance<\/h4> \n\t\t\t\t\t\t\t<\/div>\n\n\t\t\t\t\t\t\t<div class=\"title-after_title reset-last-child wd-fontsize-xs\">\n\t\t\t\t\t<p>If you don't want to take out Pelican's insurance, it's also possible to use your own insurance for your stash.<br>However, you should be aware that very few insurance companies offer the same comprehensive cover with no excess as our insurance.<\/p><p>When using your own insurance, it is important to check that your own insurance meets the following requirements, which you can find in our <a href=\"https:\/\/pelican.se\/en\/insurance-conditions\/\">insurance conditions<\/a><\/p><p>To rent one of our self-insured storage units, you must be able to prove that your insurance meets the requirements.<\/p><p>It is currently not possible to make an online booking with your own insurance.<br>Therefore, you must physically come to one of our establishments with your documentation to finalize your booking with our staff.<\/p>\t\t\t\t<\/div>\n\t\t\t\t\t<\/div>\n\t\t\t\t\t\t<\/div>\n\t\t\t\t<\/div>\n\t\t\t\t<\/div>\n\t\t\t\t<\/div>\n\t\t<div class=\"elementor-element elementor-element-4208a6f e-con-full e-flex e-con e-child\" data-id=\"4208a6f\" data-element_type=\"container\" data-e-type=\"container\" data-settings=\"{&quot;background_background&quot;:&quot;classic&quot;}\">\n\t\t\t\t<div class=\"elementor-element elementor-element-0c5c9ec elementor-widget elementor-widget-image\" data-id=\"0c5c9ec\" data-element_type=\"widget\" data-e-type=\"widget\" data-widget_type=\"image.default\">\n\t\t\t\t<div class=\"elementor-widget-container\">\n\t\t\t\t\t\t\t\t\t\t\t\t\t\t\t<img decoding=\"async\" src=\"https:\/\/pelican.se\/wp-content\/uploads\/2024\/08\/075m2-scaled.jpg\" title=\"0,75m2\" alt=\"0,75m2\" loading=\"lazy\" \/>\t\t\t\t\t\t\t\t\t\t\t\t\t\t\t<\/div>\n\t\t\t\t<\/div>\n\t\t\t\t<\/div>\n\t\t\t\t\t<\/div>\n\t\t\t\t<\/div>\n\t\t\t\t<\/div>\n\t\t","protected":false},"excerpt":{"rendered":"<p>At Pelican, we care about safety and security, because it&#8217;s our job to make sure your belongings are safe when<\/p>\n","protected":false},"author":1,"featured_media":0,"parent":0,"menu_order":0,"comment_status":"closed","ping_status":"closed","template":"elementor_header_footer","meta":{"_acf_changed":false,"inline_featured_image":false,"_lmt_disableupdate":"","_lmt_disable":"","footnotes":""},"class_list":["post-13959","page","type-page","status-publish","hentry"],"acf":[],"yoast_head":"<title>Insurance with Pelican | Pelican Self Storage<\/title>\n<meta name=\"robots\" content=\"index, follow, max-snippet:-1, max-image-preview:large, max-video-preview:-1\" \/>\n<link rel=\"canonical\" href=\"https:\/\/pelican.se\/en\/insurance-with-pelican\/\" \/>\n<meta property=\"og:locale\" content=\"en_US\" \/>\n<meta property=\"og:type\" content=\"article\" \/>\n<meta property=\"og:title\" content=\"Insurance with Pelican\" \/>\n<meta property=\"og:description\" content=\"At Pelican, we care about safety and security, because it&#8217;s our job to make sure your belongings are safe when\" \/>\n<meta property=\"og:url\" content=\"https:\/\/pelican.se\/en\/insurance-with-pelican\/\" \/>\n<meta property=\"og:site_name\" content=\"Pelican Self Storage\" \/>\n<meta property=\"article:publisher\" content=\"https:\/\/www.facebook.com\/PelicanSelfStorageDenmark\" \/>\n<meta property=\"article:modified_time\" content=\"2025-05-13T07:42:37+00:00\" \/>\n<meta property=\"og:image\" content=\"https:\/\/pelican.se\/wp-content\/uploads\/2024\/09\/iStock-1328289401-scaled.jpg\" \/>\n<meta name=\"twitter:card\" content=\"summary_large_image\" \/>\n<meta name=\"twitter:label1\" content=\"Est. reading time\" \/>\n\t<meta name=\"twitter:data1\" content=\"3 minutes\" \/>\n<script type=\"application\/ld+json\" class=\"yoast-schema-graph\">{\"@context\":\"https:\/\/schema.org\",\"@graph\":[{\"@type\":\"WebPage\",\"@id\":\"https:\/\/pelican.se\/en\/insurance-with-pelican\/\",\"url\":\"https:\/\/pelican.se\/en\/insurance-with-pelican\/\",\"name\":\"Insurance with Pelican | Pelican Self Storage\",\"isPartOf\":{\"@id\":\"https:\/\/pelican.se\/en\/#website\"},\"primaryImageOfPage\":{\"@id\":\"https:\/\/pelican.se\/en\/insurance-with-pelican\/#primaryimage\"},\"image\":{\"@id\":\"https:\/\/pelican.se\/en\/insurance-with-pelican\/#primaryimage\"},\"thumbnailUrl\":\"https:\/\/pelican.se\/wp-content\/uploads\/2024\/09\/iStock-1328289401-scaled.jpg\",\"datePublished\":\"2025-05-06T08:49:23+00:00\",\"dateModified\":\"2025-05-13T07:42:37+00:00\",\"breadcrumb\":{\"@id\":\"https:\/\/pelican.se\/en\/insurance-with-pelican\/#breadcrumb\"},\"inLanguage\":\"en-US\",\"potentialAction\":[{\"@type\":\"ReadAction\",\"target\":[\"https:\/\/pelican.se\/en\/insurance-with-pelican\/\"]}]},{\"@type\":\"ImageObject\",\"inLanguage\":\"en-US\",\"@id\":\"https:\/\/pelican.se\/en\/insurance-with-pelican\/#primaryimage\",\"url\":\"https:\/\/pelican.se\/wp-content\/uploads\/2024\/09\/iStock-1328289401-scaled.jpg\",\"contentUrl\":\"https:\/\/pelican.se\/wp-content\/uploads\/2024\/09\/iStock-1328289401-scaled.jpg\"},{\"@type\":\"BreadcrumbList\",\"@id\":\"https:\/\/pelican.se\/en\/insurance-with-pelican\/#breadcrumb\",\"itemListElement\":[{\"@type\":\"ListItem\",\"position\":1,\"name\":\"Home\",\"item\":\"https:\/\/pelican.se\/en\/\"},{\"@type\":\"ListItem\",\"position\":2,\"name\":\"Insurance with Pelican\"}]},{\"@type\":\"WebSite\",\"@id\":\"https:\/\/pelican.se\/en\/#website\",\"url\":\"https:\/\/pelican.se\/en\/\",\"name\":\"Smarta f\u00f6rr\u00e5dsl\u00f6sningar f\u00f6r dig\",\"description\":\"Lej et opbevaringsrum hos Pelican Self Storage. Billige priser \u2714 Centre i hele K\u00f8benhavn \u2714 Lagerrum i mange st\u00f8rrelser \u2714 L\u00e5n en gratis trailer \u2714\",\"potentialAction\":[{\"@type\":\"SearchAction\",\"target\":{\"@type\":\"EntryPoint\",\"urlTemplate\":\"https:\/\/pelican.se\/en\/?s={search_term_string}\"},\"query-input\":{\"@type\":\"PropertyValueSpecification\",\"valueRequired\":true,\"valueName\":\"search_term_string\"}}],\"inLanguage\":\"en-US\"}]}<\/script>","yoast_head_json":{"title":"Insurance with Pelican | Pelican Self Storage","robots":{"index":"index","follow":"follow","max-snippet":"max-snippet:-1","max-image-preview":"max-image-preview:large","max-video-preview":"max-video-preview:-1"},"canonical":"https:\/\/pelican.se\/en\/insurance-with-pelican\/","og_locale":"en_US","og_type":"article","og_title":"Insurance with Pelican","og_description":"At Pelican, we care about safety and security, because it&#8217;s our job to make sure your belongings are safe when","og_url":"https:\/\/pelican.se\/en\/insurance-with-pelican\/","og_site_name":"Pelican Self Storage","article_publisher":"https:\/\/www.facebook.com\/PelicanSelfStorageDenmark","article_modified_time":"2025-05-13T07:42:37+00:00","og_image":[{"url":"https:\/\/pelican.se\/wp-content\/uploads\/2024\/09\/iStock-1328289401-scaled.jpg","type":"","width":"","height":""}],"twitter_card":"summary_large_image","twitter_misc":{"Est. reading time":"3 minutes"},"schema":{"@context":"https:\/\/schema.org","@graph":[{"@type":"WebPage","@id":"https:\/\/pelican.se\/en\/insurance-with-pelican\/","url":"https:\/\/pelican.se\/en\/insurance-with-pelican\/","name":"Insurance with Pelican | Pelican Self Storage","isPartOf":{"@id":"https:\/\/pelican.se\/en\/#website"},"primaryImageOfPage":{"@id":"https:\/\/pelican.se\/en\/insurance-with-pelican\/#primaryimage"},"image":{"@id":"https:\/\/pelican.se\/en\/insurance-with-pelican\/#primaryimage"},"thumbnailUrl":"https:\/\/pelican.se\/wp-content\/uploads\/2024\/09\/iStock-1328289401-scaled.jpg","datePublished":"2025-05-06T08:49:23+00:00","dateModified":"2025-05-13T07:42:37+00:00","breadcrumb":{"@id":"https:\/\/pelican.se\/en\/insurance-with-pelican\/#breadcrumb"},"inLanguage":"en-US","potentialAction":[{"@type":"ReadAction","target":["https:\/\/pelican.se\/en\/insurance-with-pelican\/"]}]},{"@type":"ImageObject","inLanguage":"en-US","@id":"https:\/\/pelican.se\/en\/insurance-with-pelican\/#primaryimage","url":"https:\/\/pelican.se\/wp-content\/uploads\/2024\/09\/iStock-1328289401-scaled.jpg","contentUrl":"https:\/\/pelican.se\/wp-content\/uploads\/2024\/09\/iStock-1328289401-scaled.jpg"},{"@type":"BreadcrumbList","@id":"https:\/\/pelican.se\/en\/insurance-with-pelican\/#breadcrumb","itemListElement":[{"@type":"ListItem","position":1,"name":"Home","item":"https:\/\/pelican.se\/en\/"},{"@type":"ListItem","position":2,"name":"Insurance with Pelican"}]},{"@type":"WebSite","@id":"https:\/\/pelican.se\/en\/#website","url":"https:\/\/pelican.se\/en\/","name":"Smarta f\u00f6rr\u00e5dsl\u00f6sningar f\u00f6r dig","description":"Lej et opbevaringsrum hos Pelican Self Storage. Billige priser \u2714 Centre i hele K\u00f8benhavn \u2714 Lagerrum i mange st\u00f8rrelser \u2714 L\u00e5n en gratis trailer \u2714","potentialAction":[{"@type":"SearchAction","target":{"@type":"EntryPoint","urlTemplate":"https:\/\/pelican.se\/en\/?s={search_term_string}"},"query-input":{"@type":"PropertyValueSpecification","valueRequired":true,"valueName":"search_term_string"}}],"inLanguage":"en-US"}]}},"_links":{"self":[{"href":"https:\/\/pelican.se\/en\/wp-json\/wp\/v2\/pages\/13959","targetHints":{"allow":["GET"]}}],"collection":[{"href":"https:\/\/pelican.se\/en\/wp-json\/wp\/v2\/pages"}],"about":[{"href":"https:\/\/pelican.se\/en\/wp-json\/wp\/v2\/types\/page"}],"author":[{"embeddable":true,"href":"https:\/\/pelican.se\/en\/wp-json\/wp\/v2\/users\/1"}],"replies":[{"embeddable":true,"href":"https:\/\/pelican.se\/en\/wp-json\/wp\/v2\/comments?post=13959"}],"version-history":[{"count":3,"href":"https:\/\/pelican.se\/en\/wp-json\/wp\/v2\/pages\/13959\/revisions"}],"predecessor-version":[{"id":14607,"href":"https:\/\/pelican.se\/en\/wp-json\/wp\/v2\/pages\/13959\/revisions\/14607"}],"wp:attachment":[{"href":"https:\/\/pelican.se\/en\/wp-json\/wp\/v2\/media?parent=13959"}],"curies":[{"name":"wp","href":"https:\/\/api.w.org\/{rel}","templated":true}]}}