{"id":13987,"date":"2025-05-06T10:49:42","date_gmt":"2025-05-06T08:49:42","guid":{"rendered":"https:\/\/pelican.se\/relocation-of-activities\/"},"modified":"2025-05-09T08:59:50","modified_gmt":"2025-05-09T06:59:50","slug":"relocation-of-activities","status":"publish","type":"page","link":"https:\/\/pelican.se\/en\/relocation-of-activities\/","title":{"rendered":"Relocation of activities"},"content":{"rendered":"\t\t<div data-elementor-type=\"wp-page\" data-elementor-id=\"13987\" class=\"elementor elementor-13987 elementor-11400\" data-elementor-post-type=\"page\">\n\t\t\t\t<div class=\"wd-negative-gap elementor-element elementor-element-10c9ed1 e-flex e-con-boxed e-con e-parent\" data-id=\"10c9ed1\" data-element_type=\"container\" data-e-type=\"container\">\n\t\t\t\t\t<div class=\"e-con-inner\">\n\t\t<div class=\"elementor-element elementor-element-6fa0e89 e-con-full e-flex e-con e-child\" data-id=\"6fa0e89\" data-element_type=\"container\" data-e-type=\"container\">\n\t\t\t\t<div class=\"elementor-element elementor-element-96e983d elementor-widget elementor-widget-image\" data-id=\"96e983d\" data-element_type=\"widget\" data-e-type=\"widget\" data-widget_type=\"image.default\">\n\t\t\t\t<div class=\"elementor-widget-container\">\n\t\t\t\t\t\t\t\t\t\t\t\t\t\t\t<img loading=\"lazy\" decoding=\"async\" width=\"1200\" height=\"909\" src=\"https:\/\/pelican.se\/wp-content\/uploads\/2025\/04\/l3a2982_0.jpg\" class=\"attachment-full size-full wp-image-14019\" alt=\"\" srcset=\"https:\/\/pelican.se\/wp-content\/uploads\/2025\/04\/l3a2982_0.jpg 1200w, https:\/\/pelican.se\/wp-content\/uploads\/2025\/04\/l3a2982_0-300x227.jpg 300w, https:\/\/pelican.se\/wp-content\/uploads\/2025\/04\/l3a2982_0-1024x776.jpg 1024w, https:\/\/pelican.se\/wp-content\/uploads\/2025\/04\/l3a2982_0-768x582.jpg 768w, https:\/\/pelican.se\/wp-content\/uploads\/2025\/04\/l3a2982_0-150x114.jpg 150w\" sizes=\"auto, (max-width: 1200px) 100vw, 1200px\" \/>\t\t\t\t\t\t\t\t\t\t\t\t\t\t\t<\/div>\n\t\t\t\t<\/div>\n\t\t\t\t<\/div>\n\t\t<div class=\"elementor-element elementor-element-d2c24a5 e-con-full e-flex e-con e-child\" data-id=\"d2c24a5\" data-element_type=\"container\" data-e-type=\"container\" data-settings=\"{&quot;background_background&quot;:&quot;classic&quot;}\">\n\t\t<div class=\"elementor-element elementor-element-ab002fd e-con-full e-flex e-con e-child\" data-id=\"ab002fd\" data-element_type=\"container\" data-e-type=\"container\">\n\t\t\t\t<div class=\"elementor-element elementor-element-8459d5f wd-width-100 elementor-widget elementor-widget-wd_title\" data-id=\"8459d5f\" data-element_type=\"widget\" data-e-type=\"widget\" data-widget_type=\"wd_title.default\">\n\t\t\t\t<div class=\"elementor-widget-container\">\n\t\t\t\t\t\t\t<div class=\"title-wrapper wd-set-mb reset-last-child wd-title-color-default wd-title-style-default wd-title-size-medium text-left\">\n\n\t\t\t\n\t\t\t<div class=\"liner-continer\">\n\t\t\t\t<h4 class=\"woodmart-title-container title wd-fontsize-xl\">Moving your business is easy as a Pelican customer<\/h4> \n\t\t\t\t\t\t\t<\/div>\n\n\t\t\t\t\t\t\t<div class=\"title-after_title reset-last-child wd-fontsize-s\">\n\t\t\t\t\tAs a Pelican business customer, you get access to a professional moving service that makes it easy to move all types of office equipment, from furniture and IT equipment to plants and other belongings. Pelican offers a flexible and customized service that allows you to leave the entire moving process to experts. <p>We also offer packing assistance to make the move as smooth as possible, so you can focus on your business while we take care of all the practicalities<\/p><p>If your company needs to transport products or goods, we can also help deliver them directly to your customers.<br>Our flexible moving service can be tailored to your specific needs, whatever the move.<\/p>\t\t\t\t<\/div>\n\t\t\t\t\t<\/div>\n\t\t\t\t\t\t<\/div>\n\t\t\t\t<\/div>\n\t\t\t\t<\/div>\n\t\t\t\t<\/div>\n\t\t\t\t\t<\/div>\n\t\t\t\t<\/div>\n\t\t<div class=\"wd-negative-gap elementor-element elementor-element-0359d43 e-flex e-con-boxed e-con e-parent\" data-id=\"0359d43\" data-element_type=\"container\" data-e-type=\"container\">\n\t\t\t\t\t<div class=\"e-con-inner\">\n\t\t<div class=\"elementor-element elementor-element-9765b43 e-con-full e-flex e-con e-child\" data-id=\"9765b43\" data-element_type=\"container\" data-e-type=\"container\" data-settings=\"{&quot;background_background&quot;:&quot;classic&quot;}\">\n\t\t<div class=\"elementor-element elementor-element-705de3c e-con-full e-flex e-con e-child\" data-id=\"705de3c\" data-element_type=\"container\" data-e-type=\"container\">\n\t\t\t\t<div class=\"elementor-element elementor-element-8744aac wd-width-100 elementor-widget elementor-widget-wd_title\" data-id=\"8744aac\" data-element_type=\"widget\" data-e-type=\"widget\" data-widget_type=\"wd_title.default\">\n\t\t\t\t<div class=\"elementor-widget-container\">\n\t\t\t\t\t\t\t<div class=\"title-wrapper wd-set-mb reset-last-child wd-title-color-default wd-title-style-default wd-title-size-medium text-left\">\n\n\t\t\t\n\t\t\t<div class=\"liner-continer\">\n\t\t\t\t<h4 class=\"woodmart-title-container title wd-fontsize-xl\">Let us help you get started<\/h4> \n\t\t\t\t\t\t\t<\/div>\n\n\t\t\t\t\t\t\t<div class=\"title-after_title reset-last-child wd-fontsize-s\">\n\t\t\t\t\t<p>Contact us and speak to one of our helpful staff. We can give you and your company access to our removal service, and you can get a quote for moving your business. <\/p><p>Call 020 - 340 340 or write to <a href=\"mailto:info@pelican.se\">info@pelican.se<\/a> and put \"Relocation\" in the subject line.<\/p>\t\t\t\t<\/div>\n\t\t\t\t\t<\/div>\n\t\t\t\t\t\t<\/div>\n\t\t\t\t<\/div>\n\t\t\t\t<\/div>\n\t\t\t\t<\/div>\n\t\t<div class=\"elementor-element elementor-element-05bb09e e-con-full e-flex e-con e-child\" data-id=\"05bb09e\" data-element_type=\"container\" data-e-type=\"container\">\n\t\t\t\t<div class=\"elementor-element elementor-element-ae63605 elementor-widget elementor-widget-image\" data-id=\"ae63605\" data-element_type=\"widget\" data-e-type=\"widget\" data-widget_type=\"image.default\">\n\t\t\t\t<div class=\"elementor-widget-container\">\n\t\t\t\t\t\t\t\t\t\t\t\t\t\t\t<img decoding=\"async\" src=\"https:\/\/pelican.se\/wp-content\/uploads\/2025\/04\/img_9294.jpg\" title=\"img_9294.jpg\" alt=\"img_9294.jpg\" loading=\"lazy\" \/>\t\t\t\t\t\t\t\t\t\t\t\t\t\t\t<\/div>\n\t\t\t\t<\/div>\n\t\t\t\t<\/div>\n\t\t\t\t\t<\/div>\n\t\t\t\t<\/div>\n\t\t<div class=\"wd-negative-gap elementor-element elementor-element-b3b93ea e-flex e-con-boxed e-con e-parent\" data-id=\"b3b93ea\" data-element_type=\"container\" data-e-type=\"container\">\n\t\t\t\t\t<div class=\"e-con-inner\">\n\t\t\t\t<div class=\"elementor-element elementor-element-20721fb elementor-widget elementor-widget-wd_text_block\" data-id=\"20721fb\" data-element_type=\"widget\" data-e-type=\"widget\" data-widget_type=\"wd_text_block.default\">\n\t\t\t\t<div class=\"elementor-widget-container\">\n\t\t\t\t\t\t\t<div class=\"wd-text-block reset-last-child text-left\">\n\t\t\t\n\t\t\t<h4>Efficient and professional relocation for all types of businesses<\/h4><p>We know that our business customers operate in many different industries, which is why we offer moving services tailored to all needs. Our experienced team has handled moves for all types of businesses, from small offices to large production units. <\/p><p><strong>Transport of construction materials<\/strong><\/p><p>Construction materials can be heavy and bulky. With our removal service, you can transport materials from the manufacturer to the construction site safely, quickly and easily. We have specialized trucks that can handle large and heavy items, so you can rest assured.  <\/p><p><strong>Tailor-made solutions<\/strong><\/p><p>Whether you need help moving office furniture, transporting goods or packing your belongings, we offer flexible and tailor-made solutions to suit your business needs.<\/p>\n\t\t\t\t\t<\/div>\n\t\t\t\t\t\t<\/div>\n\t\t\t\t<\/div>\n\t\t\t\t\t<\/div>\n\t\t\t\t<\/div>\n\t\t\t\t<\/div>\n\t\t","protected":false},"excerpt":{"rendered":"<p>Moving your business is easy as a Pelican customer As a Pelican business customer, you get access to a professional<\/p>\n","protected":false},"author":1,"featured_media":0,"parent":0,"menu_order":0,"comment_status":"closed","ping_status":"closed","template":"elementor_header_footer","meta":{"_acf_changed":false,"inline_featured_image":false,"_lmt_disableupdate":"","_lmt_disable":"","footnotes":""},"class_list":["post-13987","page","type-page","status-publish","hentry"],"acf":[],"yoast_head":"<title>Relocation of activities | Pelican Self Storage<\/title>\n<meta name=\"robots\" content=\"index, follow, max-snippet:-1, max-image-preview:large, max-video-preview:-1\" \/>\n<link rel=\"canonical\" href=\"https:\/\/pelican.se\/en\/relocation-of-activities\/\" \/>\n<meta property=\"og:locale\" content=\"en_US\" \/>\n<meta property=\"og:type\" content=\"article\" \/>\n<meta property=\"og:title\" content=\"Relocation of activities\" \/>\n<meta property=\"og:description\" content=\"Moving your business is easy as a Pelican customer As a Pelican business customer, you get access to a professional\" \/>\n<meta property=\"og:url\" content=\"https:\/\/pelican.se\/en\/relocation-of-activities\/\" \/>\n<meta property=\"og:site_name\" content=\"Pelican Self Storage\" \/>\n<meta property=\"article:publisher\" content=\"https:\/\/www.facebook.com\/PelicanSelfStorageDenmark\" \/>\n<meta property=\"article:modified_time\" content=\"2025-05-09T06:59:50+00:00\" \/>\n<meta property=\"og:image\" content=\"https:\/\/pelican.se\/wp-content\/uploads\/2025\/04\/l3a2982_0.jpg\" \/>\n\t<meta property=\"og:image:width\" content=\"1200\" \/>\n\t<meta property=\"og:image:height\" content=\"909\" \/>\n\t<meta property=\"og:image:type\" content=\"image\/jpeg\" \/>\n<meta name=\"twitter:card\" content=\"summary_large_image\" \/>\n<meta name=\"twitter:label1\" content=\"Est. reading time\" \/>\n\t<meta name=\"twitter:data1\" content=\"1 minute\" \/>\n<script type=\"application\/ld+json\" class=\"yoast-schema-graph\">{\"@context\":\"https:\/\/schema.org\",\"@graph\":[{\"@type\":\"WebPage\",\"@id\":\"https:\/\/pelican.se\/en\/relocation-of-activities\/\",\"url\":\"https:\/\/pelican.se\/en\/relocation-of-activities\/\",\"name\":\"Relocation of activities | Pelican Self Storage\",\"isPartOf\":{\"@id\":\"https:\/\/pelican.se\/en\/#website\"},\"primaryImageOfPage\":{\"@id\":\"https:\/\/pelican.se\/en\/relocation-of-activities\/#primaryimage\"},\"image\":{\"@id\":\"https:\/\/pelican.se\/en\/relocation-of-activities\/#primaryimage\"},\"thumbnailUrl\":\"https:\/\/pelican.se\/wp-content\/uploads\/2025\/04\/l3a2982_0.jpg\",\"datePublished\":\"2025-05-06T08:49:42+00:00\",\"dateModified\":\"2025-05-09T06:59:50+00:00\",\"breadcrumb\":{\"@id\":\"https:\/\/pelican.se\/en\/relocation-of-activities\/#breadcrumb\"},\"inLanguage\":\"en-US\",\"potentialAction\":[{\"@type\":\"ReadAction\",\"target\":[\"https:\/\/pelican.se\/en\/relocation-of-activities\/\"]}]},{\"@type\":\"ImageObject\",\"inLanguage\":\"en-US\",\"@id\":\"https:\/\/pelican.se\/en\/relocation-of-activities\/#primaryimage\",\"url\":\"https:\/\/pelican.se\/wp-content\/uploads\/2025\/04\/l3a2982_0.jpg\",\"contentUrl\":\"https:\/\/pelican.se\/wp-content\/uploads\/2025\/04\/l3a2982_0.jpg\"},{\"@type\":\"BreadcrumbList\",\"@id\":\"https:\/\/pelican.se\/en\/relocation-of-activities\/#breadcrumb\",\"itemListElement\":[{\"@type\":\"ListItem\",\"position\":1,\"name\":\"Home\",\"item\":\"https:\/\/pelican.se\/en\/\"},{\"@type\":\"ListItem\",\"position\":2,\"name\":\"Relocation of activities\"}]},{\"@type\":\"WebSite\",\"@id\":\"https:\/\/pelican.se\/en\/#website\",\"url\":\"https:\/\/pelican.se\/en\/\",\"name\":\"Smarta f\u00f6rr\u00e5dsl\u00f6sningar f\u00f6r dig\",\"description\":\"Lej et opbevaringsrum hos Pelican Self Storage. Billige priser \u2714 Centre i hele K\u00f8benhavn \u2714 Lagerrum i mange st\u00f8rrelser \u2714 L\u00e5n en gratis trailer \u2714\",\"potentialAction\":[{\"@type\":\"SearchAction\",\"target\":{\"@type\":\"EntryPoint\",\"urlTemplate\":\"https:\/\/pelican.se\/en\/?s={search_term_string}\"},\"query-input\":{\"@type\":\"PropertyValueSpecification\",\"valueRequired\":true,\"valueName\":\"search_term_string\"}}],\"inLanguage\":\"en-US\"}]}<\/script>","yoast_head_json":{"title":"Relocation of activities | Pelican Self Storage","robots":{"index":"index","follow":"follow","max-snippet":"max-snippet:-1","max-image-preview":"max-image-preview:large","max-video-preview":"max-video-preview:-1"},"canonical":"https:\/\/pelican.se\/en\/relocation-of-activities\/","og_locale":"en_US","og_type":"article","og_title":"Relocation of activities","og_description":"Moving your business is easy as a Pelican customer As a Pelican business customer, you get access to a professional","og_url":"https:\/\/pelican.se\/en\/relocation-of-activities\/","og_site_name":"Pelican Self Storage","article_publisher":"https:\/\/www.facebook.com\/PelicanSelfStorageDenmark","article_modified_time":"2025-05-09T06:59:50+00:00","og_image":[{"width":1200,"height":909,"url":"https:\/\/pelican.se\/wp-content\/uploads\/2025\/04\/l3a2982_0.jpg","type":"image\/jpeg"}],"twitter_card":"summary_large_image","twitter_misc":{"Est. reading time":"1 minute"},"schema":{"@context":"https:\/\/schema.org","@graph":[{"@type":"WebPage","@id":"https:\/\/pelican.se\/en\/relocation-of-activities\/","url":"https:\/\/pelican.se\/en\/relocation-of-activities\/","name":"Relocation of activities | Pelican Self Storage","isPartOf":{"@id":"https:\/\/pelican.se\/en\/#website"},"primaryImageOfPage":{"@id":"https:\/\/pelican.se\/en\/relocation-of-activities\/#primaryimage"},"image":{"@id":"https:\/\/pelican.se\/en\/relocation-of-activities\/#primaryimage"},"thumbnailUrl":"https:\/\/pelican.se\/wp-content\/uploads\/2025\/04\/l3a2982_0.jpg","datePublished":"2025-05-06T08:49:42+00:00","dateModified":"2025-05-09T06:59:50+00:00","breadcrumb":{"@id":"https:\/\/pelican.se\/en\/relocation-of-activities\/#breadcrumb"},"inLanguage":"en-US","potentialAction":[{"@type":"ReadAction","target":["https:\/\/pelican.se\/en\/relocation-of-activities\/"]}]},{"@type":"ImageObject","inLanguage":"en-US","@id":"https:\/\/pelican.se\/en\/relocation-of-activities\/#primaryimage","url":"https:\/\/pelican.se\/wp-content\/uploads\/2025\/04\/l3a2982_0.jpg","contentUrl":"https:\/\/pelican.se\/wp-content\/uploads\/2025\/04\/l3a2982_0.jpg"},{"@type":"BreadcrumbList","@id":"https:\/\/pelican.se\/en\/relocation-of-activities\/#breadcrumb","itemListElement":[{"@type":"ListItem","position":1,"name":"Home","item":"https:\/\/pelican.se\/en\/"},{"@type":"ListItem","position":2,"name":"Relocation of activities"}]},{"@type":"WebSite","@id":"https:\/\/pelican.se\/en\/#website","url":"https:\/\/pelican.se\/en\/","name":"Smarta f\u00f6rr\u00e5dsl\u00f6sningar f\u00f6r dig","description":"Lej et opbevaringsrum hos Pelican Self Storage. Billige priser \u2714 Centre i hele K\u00f8benhavn \u2714 Lagerrum i mange st\u00f8rrelser \u2714 L\u00e5n en gratis trailer \u2714","potentialAction":[{"@type":"SearchAction","target":{"@type":"EntryPoint","urlTemplate":"https:\/\/pelican.se\/en\/?s={search_term_string}"},"query-input":{"@type":"PropertyValueSpecification","valueRequired":true,"valueName":"search_term_string"}}],"inLanguage":"en-US"}]}},"_links":{"self":[{"href":"https:\/\/pelican.se\/en\/wp-json\/wp\/v2\/pages\/13987","targetHints":{"allow":["GET"]}}],"collection":[{"href":"https:\/\/pelican.se\/en\/wp-json\/wp\/v2\/pages"}],"about":[{"href":"https:\/\/pelican.se\/en\/wp-json\/wp\/v2\/types\/page"}],"author":[{"embeddable":true,"href":"https:\/\/pelican.se\/en\/wp-json\/wp\/v2\/users\/1"}],"replies":[{"embeddable":true,"href":"https:\/\/pelican.se\/en\/wp-json\/wp\/v2\/comments?post=13987"}],"version-history":[{"count":1,"href":"https:\/\/pelican.se\/en\/wp-json\/wp\/v2\/pages\/13987\/revisions"}],"predecessor-version":[{"id":13989,"href":"https:\/\/pelican.se\/en\/wp-json\/wp\/v2\/pages\/13987\/revisions\/13989"}],"wp:attachment":[{"href":"https:\/\/pelican.se\/en\/wp-json\/wp\/v2\/media?parent=13987"}],"curies":[{"name":"wp","href":"https:\/\/api.w.org\/{rel}","templated":true}]}}