{"id":14049,"date":"2025-05-06T10:49:14","date_gmt":"2025-05-06T08:49:14","guid":{"rendered":"https:\/\/pelican.se\/move-and-save-the-environment-at-the-same-time-6-simple-tips\/"},"modified":"2025-05-09T09:00:17","modified_gmt":"2025-05-09T07:00:17","slug":"move-and-save-the-environment-at-the-same-time-6-simple-tips","status":"publish","type":"page","link":"https:\/\/pelican.se\/en\/move-and-save-the-environment-at-the-same-time-6-simple-tips\/","title":{"rendered":"Move and save the environment at the same time &#8211; 6 simple tips"},"content":{"rendered":"\t\t<div data-elementor-type=\"wp-page\" data-elementor-id=\"14049\" class=\"elementor elementor-14049 elementor-11405\" data-elementor-post-type=\"page\">\n\t\t\t\t<div class=\"wd-negative-gap elementor-element elementor-element-20af1fa9 e-flex e-con-boxed e-con e-parent\" data-id=\"20af1fa9\" data-element_type=\"container\" data-e-type=\"container\">\n\t\t\t\t\t<div class=\"e-con-inner\">\n\t\t<div class=\"elementor-element elementor-element-3aaf92c0 e-con-full e-flex e-con e-child\" data-id=\"3aaf92c0\" data-element_type=\"container\" data-e-type=\"container\">\n\t\t\t\t<div class=\"elementor-element elementor-element-739be318 elementor-widget elementor-widget-image\" data-id=\"739be318\" data-element_type=\"widget\" data-e-type=\"widget\" data-widget_type=\"image.default\">\n\t\t\t\t<div class=\"elementor-widget-container\">\n\t\t\t\t\t\t\t\t\t\t\t\t\t\t\t<img decoding=\"async\" src=\"https:\/\/pelican.se\/wp-content\/uploads\/2024\/10\/art-background-blur-255441.jpg\" title=\"art-background-blur-255441\" alt=\"art-background-blur-255441\" loading=\"lazy\" \/>\t\t\t\t\t\t\t\t\t\t\t\t\t\t\t<\/div>\n\t\t\t\t<\/div>\n\t\t\t\t<\/div>\n\t\t<div class=\"elementor-element elementor-element-22f79ccf e-con-full e-flex e-con e-child\" data-id=\"22f79ccf\" data-element_type=\"container\" data-e-type=\"container\" data-settings=\"{&quot;background_background&quot;:&quot;classic&quot;}\">\n\t\t<div class=\"elementor-element elementor-element-1f9dc193 e-con-full e-flex e-con e-child\" data-id=\"1f9dc193\" data-element_type=\"container\" data-e-type=\"container\">\n\t\t\t\t<div class=\"elementor-element elementor-element-39531b3e wd-width-100 elementor-widget elementor-widget-wd_title\" data-id=\"39531b3e\" data-element_type=\"widget\" data-e-type=\"widget\" data-widget_type=\"wd_title.default\">\n\t\t\t\t<div class=\"elementor-widget-container\">\n\t\t\t\t\t\t\t<div class=\"title-wrapper wd-set-mb reset-last-child wd-title-color-default wd-title-style-default wd-title-size-default text-left\">\n\n\t\t\t\n\t\t\t<div class=\"liner-continer\">\n\t\t\t\t<h4 class=\"woodmart-title-container title wd-fontsize-l\">Move and save the environment at the same time - 6 simple tips<\/h4> \n\t\t\t\t\t\t\t<\/div>\n\n\t\t\t\t\t<\/div>\n\t\t\t\t\t\t<\/div>\n\t\t\t\t<\/div>\n\t\t\t\t<div class=\"elementor-element elementor-element-776dc1bc elementor-mobile-align-center elementor-widget elementor-widget-button\" data-id=\"776dc1bc\" data-element_type=\"widget\" data-e-type=\"widget\" data-widget_type=\"button.default\">\n\t\t\t\t<div class=\"elementor-widget-container\">\n\t\t\t\t\t\t\t\t\t<div class=\"elementor-button-wrapper\">\n\t\t\t\t\t<a class=\"elementor-button elementor-button-link elementor-size-sm\" href=\"https:\/\/pelican.se\/hyra-forrad\/\">\n\t\t\t\t\t\t<span class=\"elementor-button-content-wrapper\">\n\t\t\t\t\t\t\t\t\t<span class=\"elementor-button-text\">Find your storage unit<\/span>\n\t\t\t\t\t<\/span>\n\t\t\t\t\t<\/a>\n\t\t\t\t<\/div>\n\t\t\t\t\t\t\t\t<\/div>\n\t\t\t\t<\/div>\n\t\t\t\t<\/div>\n\t\t\t\t<\/div>\n\t\t\t\t\t<\/div>\n\t\t\t\t<\/div>\n\t\t<div class=\"wd-negative-gap elementor-element elementor-element-d22b8ee e-flex e-con-boxed e-con e-parent\" data-id=\"d22b8ee\" data-element_type=\"container\" data-e-type=\"container\">\n\t\t\t\t\t<div class=\"e-con-inner\">\n\t\t\t\t<div class=\"elementor-element elementor-element-7bd3860 elementor-widget elementor-widget-wd_text_block\" data-id=\"7bd3860\" data-element_type=\"widget\" data-e-type=\"widget\" data-widget_type=\"wd_text_block.default\">\n\t\t\t\t<div class=\"elementor-widget-container\">\n\t\t\t\t\t\t\t<div class=\"wd-text-block reset-last-child text-left\">\n\t\t\t\n\t\t\t<p><b>1. <strong>prepare your move well in advance<\/strong><\/b><br>Start planning and preparing for your move well in advance. This way you'll save both your nerves and the environment. If you don't start planning well in advance, you can easily end up throwing away things that could otherwise be sold, donated or reused. An upcoming move is also a good opportunity to review which items you actually need in your new home and which ones can be given away or packed away for future use.   <\/p><p><b>2. <strong>go through your things room by room<\/strong><\/b><br>The possessions that are still useful, but unusable to you, can be donated or reused. It is surprisingly easy to get rid of them, for example through donation groups on Facebook. Furniture that requires refurbishment can also be given away or swapped on the same Facebook pages, as there are likely to be people interested in quality furniture that they can refurbish themselves. Broken furniture should be taken to the recycling center, and it is strictly forbidden to leave furniture at the local waste sorting points. Smaller items can be left at the local waste sorting point, but remember that glass, metal and cardboard should be sorted separately. Those items that are useful and in good condition, but unusable for you, can be sold online, for example. If you want to get rid of them quickly, keep that in mind when pricing your items.      <\/p><p><b>3. <strong>minimize your plastic consumption and use the materials you already have<\/strong><\/b><br>Clothes and other textiles that you no longer use should not be thrown away. Save them and use them to pack your things during the move. Towels and dishcloths can be used to pack crockery before putting it in the moving boxes, and glasses can be wrapped in socks. Cutlery and kitchen utensils can be wrapped in towels, and you can use duvet covers and sheets for your furniture. Newspapers can be used to wrap fragile items. Therefore, do not throw away old newspapers, but save them - you will most likely need them. If you don't get newspapers in the mail, you can check your local recycling center. You can wrap your plates in paper towels without tearing the paper, so you can roll the paper back up and use the paper towels after unpacking in your new home. Also, feel free to use your suitcases and other bags in addition to the moving boxes. Remember that you can buy moving boxes at Pelican.         <\/p><p><b>4. <strong>think before you throw something away<\/strong><\/b><br>When you throw something away and buy something similar shortly afterwards, you are not being very environmentally conscious. You may not need the item right now, but this can change. Therefore, instead of throwing it away, it is a good idea to keep useful things for future use. The most important items are often easy to find space for, if you just think smart when packing.   <\/p><p><b>5. <strong>remember to sort your waste when you buy new<\/strong><\/b><br>When you buy white goods, they often come in a lot of packaging which is then just rubbish. Remember to sort plastic, styrofoam and cardboard. Plastic and styrofoam should go in 'mixed waste', while cardboard should be sorted separately in the cardboard container.  <\/p><p><b>6. <strong>donate your moving boxes after the move!<\/strong><\/b><br>Once the move is over, you can offer the used moving boxes to your friends and acquaintances instead of just throwing them away. You can also donate them in special Facebook groups. <\/p>\n\t\t\t\t\t<\/div>\n\t\t\t\t\t\t<\/div>\n\t\t\t\t<\/div>\n\t\t\t\t\t<\/div>\n\t\t\t\t<\/div>\n\t\t\t\t<\/div>\n\t\t","protected":false},"excerpt":{"rendered":"<p>Move and save the environment at the same time &#8211; 6 simple tips Find your storage unit 1. prepare your<\/p>\n","protected":false},"author":3,"featured_media":0,"parent":0,"menu_order":0,"comment_status":"closed","ping_status":"closed","template":"elementor_header_footer","meta":{"_acf_changed":false,"inline_featured_image":false,"_lmt_disableupdate":"","_lmt_disable":"","footnotes":""},"class_list":["post-14049","page","type-page","status-publish","hentry"],"acf":[],"yoast_head":"<title>Move and save the environment at the same time - 6 simple tips | Pelican Self Storage<\/title>\n<meta name=\"robots\" content=\"index, follow, max-snippet:-1, max-image-preview:large, max-video-preview:-1\" \/>\n<link rel=\"canonical\" href=\"https:\/\/pelican.se\/en\/move-and-save-the-environment-at-the-same-time-6-simple-tips\/\" \/>\n<meta property=\"og:locale\" content=\"en_US\" \/>\n<meta property=\"og:type\" content=\"article\" \/>\n<meta property=\"og:title\" content=\"Move and save the environment at the same time - 6 simple tips\" \/>\n<meta property=\"og:description\" content=\"Move and save the environment at the same time &#8211; 6 simple tips Find your storage unit 1. prepare your\" \/>\n<meta property=\"og:url\" content=\"https:\/\/pelican.se\/en\/move-and-save-the-environment-at-the-same-time-6-simple-tips\/\" \/>\n<meta property=\"og:site_name\" content=\"Pelican Self Storage\" \/>\n<meta property=\"article:publisher\" content=\"https:\/\/www.facebook.com\/PelicanSelfStorageDenmark\" \/>\n<meta property=\"article:modified_time\" content=\"2025-05-09T07:00:17+00:00\" \/>\n<meta property=\"og:image\" content=\"https:\/\/pelican.se\/wp-content\/uploads\/2024\/10\/art-background-blur-255441.jpg\" \/>\n<meta name=\"twitter:card\" content=\"summary_large_image\" \/>\n<meta name=\"twitter:label1\" content=\"Est. reading time\" \/>\n\t<meta name=\"twitter:data1\" content=\"3 minutes\" \/>\n<script type=\"application\/ld+json\" class=\"yoast-schema-graph\">{\"@context\":\"https:\/\/schema.org\",\"@graph\":[{\"@type\":\"WebPage\",\"@id\":\"https:\/\/pelican.se\/en\/move-and-save-the-environment-at-the-same-time-6-simple-tips\/\",\"url\":\"https:\/\/pelican.se\/en\/move-and-save-the-environment-at-the-same-time-6-simple-tips\/\",\"name\":\"Move and save the environment at the same time - 6 simple tips | Pelican Self Storage\",\"isPartOf\":{\"@id\":\"https:\/\/pelican.se\/en\/#website\"},\"primaryImageOfPage\":{\"@id\":\"https:\/\/pelican.se\/en\/move-and-save-the-environment-at-the-same-time-6-simple-tips\/#primaryimage\"},\"image\":{\"@id\":\"https:\/\/pelican.se\/en\/move-and-save-the-environment-at-the-same-time-6-simple-tips\/#primaryimage\"},\"thumbnailUrl\":\"https:\/\/pelican.se\/wp-content\/uploads\/2024\/10\/art-background-blur-255441.jpg\",\"datePublished\":\"2025-05-06T08:49:14+00:00\",\"dateModified\":\"2025-05-09T07:00:17+00:00\",\"breadcrumb\":{\"@id\":\"https:\/\/pelican.se\/en\/move-and-save-the-environment-at-the-same-time-6-simple-tips\/#breadcrumb\"},\"inLanguage\":\"en-US\",\"potentialAction\":[{\"@type\":\"ReadAction\",\"target\":[\"https:\/\/pelican.se\/en\/move-and-save-the-environment-at-the-same-time-6-simple-tips\/\"]}]},{\"@type\":\"ImageObject\",\"inLanguage\":\"en-US\",\"@id\":\"https:\/\/pelican.se\/en\/move-and-save-the-environment-at-the-same-time-6-simple-tips\/#primaryimage\",\"url\":\"https:\/\/pelican.se\/wp-content\/uploads\/2024\/10\/art-background-blur-255441.jpg\",\"contentUrl\":\"https:\/\/pelican.se\/wp-content\/uploads\/2024\/10\/art-background-blur-255441.jpg\"},{\"@type\":\"BreadcrumbList\",\"@id\":\"https:\/\/pelican.se\/en\/move-and-save-the-environment-at-the-same-time-6-simple-tips\/#breadcrumb\",\"itemListElement\":[{\"@type\":\"ListItem\",\"position\":1,\"name\":\"Home\",\"item\":\"https:\/\/pelican.se\/en\/\"},{\"@type\":\"ListItem\",\"position\":2,\"name\":\"Move and save the environment at the same time &#8211; 6 simple tips\"}]},{\"@type\":\"WebSite\",\"@id\":\"https:\/\/pelican.se\/en\/#website\",\"url\":\"https:\/\/pelican.se\/en\/\",\"name\":\"Smarta f\u00f6rr\u00e5dsl\u00f6sningar f\u00f6r dig\",\"description\":\"Lej et opbevaringsrum hos Pelican Self Storage. Billige priser \u2714 Centre i hele K\u00f8benhavn \u2714 Lagerrum i mange st\u00f8rrelser \u2714 L\u00e5n en gratis trailer \u2714\",\"potentialAction\":[{\"@type\":\"SearchAction\",\"target\":{\"@type\":\"EntryPoint\",\"urlTemplate\":\"https:\/\/pelican.se\/en\/?s={search_term_string}\"},\"query-input\":{\"@type\":\"PropertyValueSpecification\",\"valueRequired\":true,\"valueName\":\"search_term_string\"}}],\"inLanguage\":\"en-US\"}]}<\/script>","yoast_head_json":{"title":"Move and save the environment at the same time - 6 simple tips | Pelican Self Storage","robots":{"index":"index","follow":"follow","max-snippet":"max-snippet:-1","max-image-preview":"max-image-preview:large","max-video-preview":"max-video-preview:-1"},"canonical":"https:\/\/pelican.se\/en\/move-and-save-the-environment-at-the-same-time-6-simple-tips\/","og_locale":"en_US","og_type":"article","og_title":"Move and save the environment at the same time - 6 simple tips","og_description":"Move and save the environment at the same time &#8211; 6 simple tips Find your storage unit 1. prepare your","og_url":"https:\/\/pelican.se\/en\/move-and-save-the-environment-at-the-same-time-6-simple-tips\/","og_site_name":"Pelican Self Storage","article_publisher":"https:\/\/www.facebook.com\/PelicanSelfStorageDenmark","article_modified_time":"2025-05-09T07:00:17+00:00","og_image":[{"url":"https:\/\/pelican.se\/wp-content\/uploads\/2024\/10\/art-background-blur-255441.jpg","type":"","width":"","height":""}],"twitter_card":"summary_large_image","twitter_misc":{"Est. reading time":"3 minutes"},"schema":{"@context":"https:\/\/schema.org","@graph":[{"@type":"WebPage","@id":"https:\/\/pelican.se\/en\/move-and-save-the-environment-at-the-same-time-6-simple-tips\/","url":"https:\/\/pelican.se\/en\/move-and-save-the-environment-at-the-same-time-6-simple-tips\/","name":"Move and save the environment at the same time - 6 simple tips | Pelican Self Storage","isPartOf":{"@id":"https:\/\/pelican.se\/en\/#website"},"primaryImageOfPage":{"@id":"https:\/\/pelican.se\/en\/move-and-save-the-environment-at-the-same-time-6-simple-tips\/#primaryimage"},"image":{"@id":"https:\/\/pelican.se\/en\/move-and-save-the-environment-at-the-same-time-6-simple-tips\/#primaryimage"},"thumbnailUrl":"https:\/\/pelican.se\/wp-content\/uploads\/2024\/10\/art-background-blur-255441.jpg","datePublished":"2025-05-06T08:49:14+00:00","dateModified":"2025-05-09T07:00:17+00:00","breadcrumb":{"@id":"https:\/\/pelican.se\/en\/move-and-save-the-environment-at-the-same-time-6-simple-tips\/#breadcrumb"},"inLanguage":"en-US","potentialAction":[{"@type":"ReadAction","target":["https:\/\/pelican.se\/en\/move-and-save-the-environment-at-the-same-time-6-simple-tips\/"]}]},{"@type":"ImageObject","inLanguage":"en-US","@id":"https:\/\/pelican.se\/en\/move-and-save-the-environment-at-the-same-time-6-simple-tips\/#primaryimage","url":"https:\/\/pelican.se\/wp-content\/uploads\/2024\/10\/art-background-blur-255441.jpg","contentUrl":"https:\/\/pelican.se\/wp-content\/uploads\/2024\/10\/art-background-blur-255441.jpg"},{"@type":"BreadcrumbList","@id":"https:\/\/pelican.se\/en\/move-and-save-the-environment-at-the-same-time-6-simple-tips\/#breadcrumb","itemListElement":[{"@type":"ListItem","position":1,"name":"Home","item":"https:\/\/pelican.se\/en\/"},{"@type":"ListItem","position":2,"name":"Move and save the environment at the same time &#8211; 6 simple tips"}]},{"@type":"WebSite","@id":"https:\/\/pelican.se\/en\/#website","url":"https:\/\/pelican.se\/en\/","name":"Smarta f\u00f6rr\u00e5dsl\u00f6sningar f\u00f6r dig","description":"Lej et opbevaringsrum hos Pelican Self Storage. Billige priser \u2714 Centre i hele K\u00f8benhavn \u2714 Lagerrum i mange st\u00f8rrelser \u2714 L\u00e5n en gratis trailer \u2714","potentialAction":[{"@type":"SearchAction","target":{"@type":"EntryPoint","urlTemplate":"https:\/\/pelican.se\/en\/?s={search_term_string}"},"query-input":{"@type":"PropertyValueSpecification","valueRequired":true,"valueName":"search_term_string"}}],"inLanguage":"en-US"}]}},"_links":{"self":[{"href":"https:\/\/pelican.se\/en\/wp-json\/wp\/v2\/pages\/14049","targetHints":{"allow":["GET"]}}],"collection":[{"href":"https:\/\/pelican.se\/en\/wp-json\/wp\/v2\/pages"}],"about":[{"href":"https:\/\/pelican.se\/en\/wp-json\/wp\/v2\/types\/page"}],"author":[{"embeddable":true,"href":"https:\/\/pelican.se\/en\/wp-json\/wp\/v2\/users\/3"}],"replies":[{"embeddable":true,"href":"https:\/\/pelican.se\/en\/wp-json\/wp\/v2\/comments?post=14049"}],"version-history":[{"count":1,"href":"https:\/\/pelican.se\/en\/wp-json\/wp\/v2\/pages\/14049\/revisions"}],"predecessor-version":[{"id":14051,"href":"https:\/\/pelican.se\/en\/wp-json\/wp\/v2\/pages\/14049\/revisions\/14051"}],"wp:attachment":[{"href":"https:\/\/pelican.se\/en\/wp-json\/wp\/v2\/media?parent=14049"}],"curies":[{"name":"wp","href":"https:\/\/api.w.org\/{rel}","templated":true}]}}