{"id":14091,"date":"2025-05-06T10:49:18","date_gmt":"2025-05-06T08:49:18","guid":{"rendered":"https:\/\/pelican.se\/advantages-at-pelican\/"},"modified":"2025-05-09T09:00:03","modified_gmt":"2025-05-09T07:00:03","slug":"advantages-at-pelican","status":"publish","type":"page","link":"https:\/\/pelican.se\/en\/advantages-at-pelican\/","title":{"rendered":"Advantages at Pelican"},"content":{"rendered":"\t\t<div data-elementor-type=\"wp-page\" data-elementor-id=\"14091\" class=\"elementor elementor-14091 elementor-11409\" data-elementor-post-type=\"page\">\n\t\t\t\t<div class=\"wd-negative-gap elementor-element elementor-element-4ef0044 e-flex e-con-boxed e-con e-parent\" data-id=\"4ef0044\" data-element_type=\"container\" data-e-type=\"container\" data-settings=\"{&quot;background_background&quot;:&quot;classic&quot;}\">\n\t\t\t\t\t<div class=\"e-con-inner\">\n\t\t<div class=\"elementor-element elementor-element-e7f513b e-con-full e-flex e-con e-child\" data-id=\"e7f513b\" data-element_type=\"container\" data-e-type=\"container\">\n\t\t<div class=\"elementor-element elementor-element-cfa06ec e-con-full e-flex e-con e-child\" data-id=\"cfa06ec\" data-element_type=\"container\" data-e-type=\"container\" data-settings=\"{&quot;background_background&quot;:&quot;classic&quot;}\">\n\t\t<div class=\"elementor-element elementor-element-e7bb8f9 e-con-full e-flex e-con e-child\" data-id=\"e7bb8f9\" data-element_type=\"container\" data-e-type=\"container\">\n\t\t\t\t<div class=\"elementor-element elementor-element-0c68d64 wd-width-100 elementor-widget elementor-widget-wd_title\" data-id=\"0c68d64\" data-element_type=\"widget\" data-e-type=\"widget\" data-widget_type=\"wd_title.default\">\n\t\t\t\t<div class=\"elementor-widget-container\">\n\t\t\t\t\t\t\t<div class=\"title-wrapper wd-set-mb reset-last-child wd-title-color-default wd-title-style-default wd-title-size-medium text-left\">\n\n\t\t\t\n\t\t\t<div class=\"liner-continer\">\n\t\t\t\t<h4 class=\"woodmart-title-container title wd-fontsize-xl\"><\/h4> \n\t\t\t\t\t\t\t<\/div>\n\n\t\t\t\t\t\t\t<div class=\"title-after_title reset-last-child wd-fontsize-s\">\n\t\t\t\t\t<p>At Pelican Self Storage, we offer personalized service and help you find the right solution. All our storage units are of the highest quality, heated and ventilated to protect your belongings. Security is top-notch with 24\/7 video surveillance with smart cameras and access control so you can feel safe. At the same time, we offer flexible solutions with no lock-in periods.   <\/p><p><span style=\"color: #008000\"><strong>Personalized service:<\/strong><\/span> Not sure about the storage size or other practical details? We're here to help you find the right solution at the right price. <\/p><p><span style=\"color: #008000\"><strong>Top-class storage spaces:<\/strong> <\/span>A space should be clean and inviting. That's why we offer only the highest quality storage units and warehouses. We make sure to continuously check our facilities to ensure they are of a high standard.  <\/p><p><strong><span style=\"color: #008000\">Heating and ventilation:<\/span> <\/strong>Moisture is one of the biggest causes of mold or fungus in storage items that are not kept dry and warm. That's why Pelican has heating and ventilation in every storage unit, so your items are always in the same condition. <\/p> \t\t\t\t<\/div>\n\t\t\t\t\t<\/div>\n\t\t\t\t\t\t<\/div>\n\t\t\t\t<\/div>\n\t\t\t\t<\/div>\n\t\t\t\t<\/div>\n\t\t\t\t<\/div>\n\t\t<div class=\"elementor-element elementor-element-cc06fc4 e-con-full e-flex e-con e-child\" data-id=\"cc06fc4\" data-element_type=\"container\" data-e-type=\"container\">\n\t\t\t\t<div class=\"elementor-element elementor-element-c637a60 elementor-widget elementor-widget-image\" data-id=\"c637a60\" data-element_type=\"widget\" data-e-type=\"widget\" data-widget_type=\"image.default\">\n\t\t\t\t<div class=\"elementor-widget-container\">\n\t\t\t\t\t\t\t\t\t\t\t\t\t\t\t<img loading=\"lazy\" decoding=\"async\" width=\"1024\" height=\"683\" src=\"https:\/\/pelican.se\/wp-content\/uploads\/2025\/04\/Service1-1024x683.jpg\" class=\"attachment-large size-large wp-image-12379\" alt=\"\" srcset=\"https:\/\/pelican.se\/wp-content\/uploads\/2025\/04\/Service1-1024x683.jpg 1024w, https:\/\/pelican.se\/wp-content\/uploads\/2025\/04\/Service1-300x200.jpg 300w, https:\/\/pelican.se\/wp-content\/uploads\/2025\/04\/Service1-768x512.jpg 768w, https:\/\/pelican.se\/wp-content\/uploads\/2025\/04\/Service1-150x100.jpg 150w, https:\/\/pelican.se\/wp-content\/uploads\/2025\/04\/Service1.jpg 1200w\" sizes=\"auto, (max-width: 1024px) 100vw, 1024px\" \/>\t\t\t\t\t\t\t\t\t\t\t\t\t\t\t<\/div>\n\t\t\t\t<\/div>\n\t\t\t\t<\/div>\n\t\t\t\t\t<\/div>\n\t\t\t\t<\/div>\n\t\t<div class=\"wd-negative-gap elementor-element elementor-element-c1e1e54 e-flex e-con-boxed e-con e-parent\" data-id=\"c1e1e54\" data-element_type=\"container\" data-e-type=\"container\">\n\t\t\t\t\t<div class=\"e-con-inner\">\n\t\t<div class=\"elementor-element elementor-element-b6b935a e-con-full e-flex e-con e-child\" data-id=\"b6b935a\" data-element_type=\"container\" data-e-type=\"container\">\n\t\t\t\t<div class=\"elementor-element elementor-element-abe685b elementor-widget elementor-widget-image\" data-id=\"abe685b\" data-element_type=\"widget\" data-e-type=\"widget\" data-widget_type=\"image.default\">\n\t\t\t\t<div class=\"elementor-widget-container\">\n\t\t\t\t\t\t\t\t\t\t\t\t\t\t\t<img loading=\"lazy\" decoding=\"async\" width=\"1200\" height=\"909\" src=\"https:\/\/pelican.se\/wp-content\/uploads\/2025\/04\/l3a2982_0.jpg\" class=\"attachment-full size-full wp-image-14019\" alt=\"\" srcset=\"https:\/\/pelican.se\/wp-content\/uploads\/2025\/04\/l3a2982_0.jpg 1200w, https:\/\/pelican.se\/wp-content\/uploads\/2025\/04\/l3a2982_0-300x227.jpg 300w, https:\/\/pelican.se\/wp-content\/uploads\/2025\/04\/l3a2982_0-1024x776.jpg 1024w, https:\/\/pelican.se\/wp-content\/uploads\/2025\/04\/l3a2982_0-768x582.jpg 768w, https:\/\/pelican.se\/wp-content\/uploads\/2025\/04\/l3a2982_0-150x114.jpg 150w\" sizes=\"auto, (max-width: 1200px) 100vw, 1200px\" \/>\t\t\t\t\t\t\t\t\t\t\t\t\t\t\t<\/div>\n\t\t\t\t<\/div>\n\t\t\t\t<\/div>\n\t\t<div class=\"elementor-element elementor-element-84e8493 e-con-full e-flex e-con e-child\" data-id=\"84e8493\" data-element_type=\"container\" data-e-type=\"container\" data-settings=\"{&quot;background_background&quot;:&quot;classic&quot;}\">\n\t\t<div class=\"elementor-element elementor-element-18d3006 e-con-full e-flex e-con e-child\" data-id=\"18d3006\" data-element_type=\"container\" data-e-type=\"container\">\n\t\t\t\t<div class=\"elementor-element elementor-element-a26b5a7 wd-width-100 elementor-widget elementor-widget-wd_title\" data-id=\"a26b5a7\" data-element_type=\"widget\" data-e-type=\"widget\" data-widget_type=\"wd_title.default\">\n\t\t\t\t<div class=\"elementor-widget-container\">\n\t\t\t\t\t\t\t<div class=\"title-wrapper wd-set-mb reset-last-child wd-title-color-default wd-title-style-default wd-title-size-medium text-left\">\n\n\t\t\t\n\t\t\t<div class=\"liner-continer\">\n\t\t\t\t<h4 class=\"woodmart-title-container title wd-fontsize-xl\"><\/h4> \n\t\t\t\t\t\t\t<\/div>\n\n\t\t\t\t\t\t\t<div class=\"title-after_title reset-last-child wd-fontsize-s\">\n\t\t\t\t\t<p><span style=\"color: #008000\"><strong>High security:<\/strong><\/span> We make every effort to keep your belongings safe and secure. That's why all our facilities have video surveillance and only personal access that must be used to enter the area. And of course, you are the only one who has access to your storage unit.  <\/p><p><span style=\"color: #008000\"><strong>Free trailer:<\/strong><\/span> If you have a hook on your car, we have a trailer ready for you. All you need to do is download the Freetrailer app and pick up or book a trailer. See more info <a href=\"https:\/\/pelican.se\/sakra-slapvagnar-perfekt-for-flytten\/\">here<\/a>.  <\/p><p><span style=\"color: #008000\"><strong>Free parking:<\/strong><\/span> All our customers can park for free on Pelican's lot when they visit their storage unit or warehouse.  <\/p><p><strong><span style=\"color: #008000\">Professional moving service:<\/span> <\/strong>Pelican works with several moving companies and can therefore offer our customers a safe and reliable moving service at an attractive price.<\/p>\t\t\t\t<\/div>\n\t\t\t\t\t<\/div>\n\t\t\t\t\t\t<\/div>\n\t\t\t\t<\/div>\n\t\t\t\t<\/div>\n\t\t\t\t<\/div>\n\t\t\t\t\t<\/div>\n\t\t\t\t<\/div>\n\t\t<div class=\"wd-negative-gap elementor-element elementor-element-e4ee4a4 e-flex e-con-boxed e-con e-parent\" data-id=\"e4ee4a4\" data-element_type=\"container\" data-e-type=\"container\" data-settings=\"{&quot;background_background&quot;:&quot;classic&quot;}\">\n\t\t\t\t\t<div class=\"e-con-inner\">\n\t\t<div class=\"elementor-element elementor-element-0945351 e-con-full e-flex e-con e-child\" data-id=\"0945351\" data-element_type=\"container\" data-e-type=\"container\">\n\t\t<div class=\"elementor-element elementor-element-4d32434 e-con-full e-flex e-con e-child\" data-id=\"4d32434\" data-element_type=\"container\" data-e-type=\"container\" data-settings=\"{&quot;background_background&quot;:&quot;classic&quot;}\">\n\t\t<div class=\"elementor-element elementor-element-2fb984d e-con-full e-flex e-con e-child\" data-id=\"2fb984d\" data-element_type=\"container\" data-e-type=\"container\">\n\t\t\t\t<div class=\"elementor-element elementor-element-64da6a0 wd-width-100 elementor-widget elementor-widget-wd_title\" data-id=\"64da6a0\" data-element_type=\"widget\" data-e-type=\"widget\" data-widget_type=\"wd_title.default\">\n\t\t\t\t<div class=\"elementor-widget-container\">\n\t\t\t\t\t\t\t<div class=\"title-wrapper wd-set-mb reset-last-child wd-title-color-default wd-title-style-default wd-title-size-medium text-left\">\n\n\t\t\t\n\t\t\t<div class=\"liner-continer\">\n\t\t\t\t<h4 class=\"woodmart-title-container title wd-fontsize-xl\"><\/h4> \n\t\t\t\t\t\t\t<\/div>\n\n\t\t\t\t\t\t\t<div class=\"title-after_title reset-last-child wd-fontsize-s\">\n\t\t\t\t\t<p><span style=\"color: #008000\"><strong>Termination:<\/strong><\/span> Your needs can change quickly, so never commit longer than necessary. You can cancel your storage unit before the 15th of each month and move out at the end of that month. <\/p><p><strong><span style=\"color: #008000\">Flexibility:<\/span><\/strong> You can also easily upgrade or downgrade the size of your storage unit at any time at no extra cost.<\/p><p><span style=\"color: #008000\"><strong>Security - we offer the most secure storage solution on the market<\/strong><\/span>: We offer the most secure storage solution on the market, with staff on site at least 6 days a week, contracts with security companies and 24-hour video surveillance with smart cameras both inside and outside - so you don't have to feel unsafe.<\/p><p>Find your nearest <a href=\"https:\/\/pelican.se\/hyra-forrad\/\">office<\/a> and contact us to create a solution that fits your specific needs.<\/p>\t\t\t\t<\/div>\n\t\t\t\t\t<\/div>\n\t\t\t\t\t\t<\/div>\n\t\t\t\t<\/div>\n\t\t\t\t<\/div>\n\t\t\t\t<\/div>\n\t\t\t\t<\/div>\n\t\t<div class=\"elementor-element elementor-element-158b56b e-con-full e-flex e-con e-child\" data-id=\"158b56b\" data-element_type=\"container\" data-e-type=\"container\">\n\t\t\t\t<div class=\"elementor-element elementor-element-0b8ca8f elementor-widget elementor-widget-image\" data-id=\"0b8ca8f\" data-element_type=\"widget\" data-e-type=\"widget\" data-widget_type=\"image.default\">\n\t\t\t\t<div class=\"elementor-widget-container\">\n\t\t\t\t\t\t\t\t\t\t\t\t\t\t\t<img loading=\"lazy\" decoding=\"async\" width=\"1024\" height=\"668\" src=\"https:\/\/pelican.se\/wp-content\/uploads\/2025\/04\/Rum-6220-1024x668.png\" class=\"attachment-large size-large wp-image-12385\" alt=\"\" srcset=\"https:\/\/pelican.se\/wp-content\/uploads\/2025\/04\/Rum-6220-1024x668.png 1024w, https:\/\/pelican.se\/wp-content\/uploads\/2025\/04\/Rum-6220-300x196.png 300w, https:\/\/pelican.se\/wp-content\/uploads\/2025\/04\/Rum-6220-768x501.png 768w, https:\/\/pelican.se\/wp-content\/uploads\/2025\/04\/Rum-6220-1536x1003.png 1536w, https:\/\/pelican.se\/wp-content\/uploads\/2025\/04\/Rum-6220-2048x1337.png 2048w, https:\/\/pelican.se\/wp-content\/uploads\/2025\/04\/Rum-6220-1200x783.png 1200w, https:\/\/pelican.se\/wp-content\/uploads\/2025\/04\/Rum-6220-150x98.png 150w\" sizes=\"auto, (max-width: 1024px) 100vw, 1024px\" \/>\t\t\t\t\t\t\t\t\t\t\t\t\t\t\t<\/div>\n\t\t\t\t<\/div>\n\t\t\t\t<\/div>\n\t\t\t\t\t<\/div>\n\t\t\t\t<\/div>\n\t\t\t\t<\/div>\n\t\t","protected":false},"excerpt":{"rendered":"<p>At Pelican Self Storage, we offer personalized service and help you find the right solution. All our storage units are<\/p>\n","protected":false},"author":1,"featured_media":0,"parent":0,"menu_order":0,"comment_status":"closed","ping_status":"closed","template":"elementor_header_footer","meta":{"_acf_changed":false,"inline_featured_image":false,"_lmt_disableupdate":"","_lmt_disable":"","footnotes":""},"class_list":["post-14091","page","type-page","status-publish","hentry"],"acf":[],"yoast_head":"<title>Advantages at Pelican | Pelican Self Storage<\/title>\n<meta name=\"robots\" content=\"index, follow, max-snippet:-1, max-image-preview:large, max-video-preview:-1\" \/>\n<link rel=\"canonical\" href=\"https:\/\/pelican.se\/en\/advantages-at-pelican\/\" \/>\n<meta property=\"og:locale\" content=\"en_US\" \/>\n<meta property=\"og:type\" content=\"article\" \/>\n<meta property=\"og:title\" content=\"Advantages at Pelican\" \/>\n<meta property=\"og:description\" content=\"At Pelican Self Storage, we offer personalized service and help you find the right solution. All our storage units are\" \/>\n<meta property=\"og:url\" content=\"https:\/\/pelican.se\/en\/advantages-at-pelican\/\" \/>\n<meta property=\"og:site_name\" content=\"Pelican Self Storage\" \/>\n<meta property=\"article:publisher\" content=\"https:\/\/www.facebook.com\/PelicanSelfStorageDenmark\" \/>\n<meta property=\"article:modified_time\" content=\"2025-05-09T07:00:03+00:00\" \/>\n<meta property=\"og:image\" content=\"https:\/\/pelican.se\/wp-content\/uploads\/2025\/04\/Service1.jpg\" \/>\n\t<meta property=\"og:image:width\" content=\"1200\" \/>\n\t<meta property=\"og:image:height\" content=\"800\" \/>\n\t<meta property=\"og:image:type\" content=\"image\/jpeg\" \/>\n<meta name=\"twitter:card\" content=\"summary_large_image\" \/>\n<meta name=\"twitter:label1\" content=\"Est. reading time\" \/>\n\t<meta name=\"twitter:data1\" content=\"2 minutes\" \/>\n<script type=\"application\/ld+json\" class=\"yoast-schema-graph\">{\"@context\":\"https:\/\/schema.org\",\"@graph\":[{\"@type\":\"WebPage\",\"@id\":\"https:\/\/pelican.se\/en\/advantages-at-pelican\/\",\"url\":\"https:\/\/pelican.se\/en\/advantages-at-pelican\/\",\"name\":\"Advantages at Pelican | Pelican Self Storage\",\"isPartOf\":{\"@id\":\"https:\/\/pelican.se\/en\/#website\"},\"primaryImageOfPage\":{\"@id\":\"https:\/\/pelican.se\/en\/advantages-at-pelican\/#primaryimage\"},\"image\":{\"@id\":\"https:\/\/pelican.se\/en\/advantages-at-pelican\/#primaryimage\"},\"thumbnailUrl\":\"https:\/\/pelican.se\/wp-content\/uploads\/2025\/04\/Service1-1024x683.jpg\",\"datePublished\":\"2025-05-06T08:49:18+00:00\",\"dateModified\":\"2025-05-09T07:00:03+00:00\",\"breadcrumb\":{\"@id\":\"https:\/\/pelican.se\/en\/advantages-at-pelican\/#breadcrumb\"},\"inLanguage\":\"en-US\",\"potentialAction\":[{\"@type\":\"ReadAction\",\"target\":[\"https:\/\/pelican.se\/en\/advantages-at-pelican\/\"]}]},{\"@type\":\"ImageObject\",\"inLanguage\":\"en-US\",\"@id\":\"https:\/\/pelican.se\/en\/advantages-at-pelican\/#primaryimage\",\"url\":\"https:\/\/pelican.se\/wp-content\/uploads\/2025\/04\/Service1-1024x683.jpg\",\"contentUrl\":\"https:\/\/pelican.se\/wp-content\/uploads\/2025\/04\/Service1-1024x683.jpg\"},{\"@type\":\"BreadcrumbList\",\"@id\":\"https:\/\/pelican.se\/en\/advantages-at-pelican\/#breadcrumb\",\"itemListElement\":[{\"@type\":\"ListItem\",\"position\":1,\"name\":\"Home\",\"item\":\"https:\/\/pelican.se\/en\/\"},{\"@type\":\"ListItem\",\"position\":2,\"name\":\"Advantages at Pelican\"}]},{\"@type\":\"WebSite\",\"@id\":\"https:\/\/pelican.se\/en\/#website\",\"url\":\"https:\/\/pelican.se\/en\/\",\"name\":\"Smarta f\u00f6rr\u00e5dsl\u00f6sningar f\u00f6r dig\",\"description\":\"Lej et opbevaringsrum hos Pelican Self Storage. Billige priser \u2714 Centre i hele K\u00f8benhavn \u2714 Lagerrum i mange st\u00f8rrelser \u2714 L\u00e5n en gratis trailer \u2714\",\"potentialAction\":[{\"@type\":\"SearchAction\",\"target\":{\"@type\":\"EntryPoint\",\"urlTemplate\":\"https:\/\/pelican.se\/en\/?s={search_term_string}\"},\"query-input\":{\"@type\":\"PropertyValueSpecification\",\"valueRequired\":true,\"valueName\":\"search_term_string\"}}],\"inLanguage\":\"en-US\"}]}<\/script>","yoast_head_json":{"title":"Advantages at Pelican | Pelican Self Storage","robots":{"index":"index","follow":"follow","max-snippet":"max-snippet:-1","max-image-preview":"max-image-preview:large","max-video-preview":"max-video-preview:-1"},"canonical":"https:\/\/pelican.se\/en\/advantages-at-pelican\/","og_locale":"en_US","og_type":"article","og_title":"Advantages at Pelican","og_description":"At Pelican Self Storage, we offer personalized service and help you find the right solution. All our storage units are","og_url":"https:\/\/pelican.se\/en\/advantages-at-pelican\/","og_site_name":"Pelican Self Storage","article_publisher":"https:\/\/www.facebook.com\/PelicanSelfStorageDenmark","article_modified_time":"2025-05-09T07:00:03+00:00","og_image":[{"width":1200,"height":800,"url":"https:\/\/pelican.se\/wp-content\/uploads\/2025\/04\/Service1.jpg","type":"image\/jpeg"}],"twitter_card":"summary_large_image","twitter_misc":{"Est. reading time":"2 minutes"},"schema":{"@context":"https:\/\/schema.org","@graph":[{"@type":"WebPage","@id":"https:\/\/pelican.se\/en\/advantages-at-pelican\/","url":"https:\/\/pelican.se\/en\/advantages-at-pelican\/","name":"Advantages at Pelican | Pelican Self Storage","isPartOf":{"@id":"https:\/\/pelican.se\/en\/#website"},"primaryImageOfPage":{"@id":"https:\/\/pelican.se\/en\/advantages-at-pelican\/#primaryimage"},"image":{"@id":"https:\/\/pelican.se\/en\/advantages-at-pelican\/#primaryimage"},"thumbnailUrl":"https:\/\/pelican.se\/wp-content\/uploads\/2025\/04\/Service1-1024x683.jpg","datePublished":"2025-05-06T08:49:18+00:00","dateModified":"2025-05-09T07:00:03+00:00","breadcrumb":{"@id":"https:\/\/pelican.se\/en\/advantages-at-pelican\/#breadcrumb"},"inLanguage":"en-US","potentialAction":[{"@type":"ReadAction","target":["https:\/\/pelican.se\/en\/advantages-at-pelican\/"]}]},{"@type":"ImageObject","inLanguage":"en-US","@id":"https:\/\/pelican.se\/en\/advantages-at-pelican\/#primaryimage","url":"https:\/\/pelican.se\/wp-content\/uploads\/2025\/04\/Service1-1024x683.jpg","contentUrl":"https:\/\/pelican.se\/wp-content\/uploads\/2025\/04\/Service1-1024x683.jpg"},{"@type":"BreadcrumbList","@id":"https:\/\/pelican.se\/en\/advantages-at-pelican\/#breadcrumb","itemListElement":[{"@type":"ListItem","position":1,"name":"Home","item":"https:\/\/pelican.se\/en\/"},{"@type":"ListItem","position":2,"name":"Advantages at Pelican"}]},{"@type":"WebSite","@id":"https:\/\/pelican.se\/en\/#website","url":"https:\/\/pelican.se\/en\/","name":"Smarta f\u00f6rr\u00e5dsl\u00f6sningar f\u00f6r dig","description":"Lej et opbevaringsrum hos Pelican Self Storage. Billige priser \u2714 Centre i hele K\u00f8benhavn \u2714 Lagerrum i mange st\u00f8rrelser \u2714 L\u00e5n en gratis trailer \u2714","potentialAction":[{"@type":"SearchAction","target":{"@type":"EntryPoint","urlTemplate":"https:\/\/pelican.se\/en\/?s={search_term_string}"},"query-input":{"@type":"PropertyValueSpecification","valueRequired":true,"valueName":"search_term_string"}}],"inLanguage":"en-US"}]}},"_links":{"self":[{"href":"https:\/\/pelican.se\/en\/wp-json\/wp\/v2\/pages\/14091","targetHints":{"allow":["GET"]}}],"collection":[{"href":"https:\/\/pelican.se\/en\/wp-json\/wp\/v2\/pages"}],"about":[{"href":"https:\/\/pelican.se\/en\/wp-json\/wp\/v2\/types\/page"}],"author":[{"embeddable":true,"href":"https:\/\/pelican.se\/en\/wp-json\/wp\/v2\/users\/1"}],"replies":[{"embeddable":true,"href":"https:\/\/pelican.se\/en\/wp-json\/wp\/v2\/comments?post=14091"}],"version-history":[{"count":1,"href":"https:\/\/pelican.se\/en\/wp-json\/wp\/v2\/pages\/14091\/revisions"}],"predecessor-version":[{"id":14092,"href":"https:\/\/pelican.se\/en\/wp-json\/wp\/v2\/pages\/14091\/revisions\/14092"}],"wp:attachment":[{"href":"https:\/\/pelican.se\/en\/wp-json\/wp\/v2\/media?parent=14091"}],"curies":[{"name":"wp","href":"https:\/\/api.w.org\/{rel}","templated":true}]}}