{"id":14093,"date":"2025-05-06T10:49:18","date_gmt":"2025-05-06T08:49:18","guid":{"rendered":"https:\/\/pelican.se\/exclusive-benefits-for-business-customers\/"},"modified":"2025-05-09T08:59:58","modified_gmt":"2025-05-09T06:59:58","slug":"exclusive-benefits-for-business-customers","status":"publish","type":"page","link":"https:\/\/pelican.se\/en\/exclusive-benefits-for-business-customers\/","title":{"rendered":"Exclusive benefits for business customers"},"content":{"rendered":"\t\t<div data-elementor-type=\"wp-page\" data-elementor-id=\"14093\" class=\"elementor elementor-14093 elementor-11396\" data-elementor-post-type=\"page\">\n\t\t\t\t<div class=\"wd-negative-gap elementor-element elementor-element-c4b8466 e-flex e-con-boxed e-con e-parent\" data-id=\"c4b8466\" data-element_type=\"container\" data-e-type=\"container\" data-settings=\"{&quot;background_background&quot;:&quot;classic&quot;}\">\n\t\t\t\t\t<div class=\"e-con-inner\">\n\t\t<div class=\"elementor-element elementor-element-a9619fb e-con-full e-flex e-con e-child\" data-id=\"a9619fb\" data-element_type=\"container\" data-e-type=\"container\">\n\t\t<div class=\"elementor-element elementor-element-ab33e38 e-con-full e-flex e-con e-child\" data-id=\"ab33e38\" data-element_type=\"container\" data-e-type=\"container\" data-settings=\"{&quot;background_background&quot;:&quot;classic&quot;}\">\n\t\t<div class=\"elementor-element elementor-element-f9904ff e-con-full e-flex e-con e-child\" data-id=\"f9904ff\" data-element_type=\"container\" data-e-type=\"container\">\n\t\t\t\t<div class=\"elementor-element elementor-element-b4ce37c wd-width-100 elementor-widget elementor-widget-wd_title\" data-id=\"b4ce37c\" data-element_type=\"widget\" data-e-type=\"widget\" data-widget_type=\"wd_title.default\">\n\t\t\t\t<div class=\"elementor-widget-container\">\n\t\t\t\t\t\t\t<div class=\"title-wrapper wd-set-mb reset-last-child wd-title-color-default wd-title-style-default wd-title-size-medium text-left\">\n\n\t\t\t\n\t\t\t<div class=\"liner-continer\">\n\t\t\t\t<h4 class=\"woodmart-title-container title wd-fontsize-xl\"><\/h4> \n\t\t\t\t\t\t\t<\/div>\n\n\t\t\t\t\t\t\t<div class=\"title-after_title reset-last-child wd-fontsize-s\">\n\t\t\t\t\t<p>At Pelican Self Storage, we make it easy and convenient for you as a business customer to store and handle your goods in a safe and efficient way.<\/p><p>We offer a wide range of services tailored to make your working day easier. Whether you need freight reception, waste management, or flexibility in terms of cancellation and storage size, we are ready to help you. <\/p><p>With a focus on security, flexibility and convenience, we are your trusted partner. Let us find the solution that best suits you and your business. <\/p>\t\t\t\t<\/div>\n\t\t\t\t\t<\/div>\n\t\t\t\t\t\t<\/div>\n\t\t\t\t<\/div>\n\t\t\t\t<\/div>\n\t\t\t\t<\/div>\n\t\t\t\t<\/div>\n\t\t<div class=\"elementor-element elementor-element-4c7a760 e-con-full e-flex e-con e-child\" data-id=\"4c7a760\" data-element_type=\"container\" data-e-type=\"container\">\n\t\t\t\t<div class=\"elementor-element elementor-element-982748c elementor-widget elementor-widget-image\" data-id=\"982748c\" data-element_type=\"widget\" data-e-type=\"widget\" data-widget_type=\"image.default\">\n\t\t\t\t<div class=\"elementor-widget-container\">\n\t\t\t\t\t\t\t\t\t\t\t\t\t\t\t<img loading=\"lazy\" decoding=\"async\" width=\"1024\" height=\"873\" src=\"https:\/\/pelican.se\/wp-content\/uploads\/2025\/04\/Kvinde-lager-MT-1024x873.jpg\" class=\"attachment-large size-large wp-image-11168\" alt=\"\" srcset=\"https:\/\/pelican.se\/wp-content\/uploads\/2025\/04\/Kvinde-lager-MT-1024x873.jpg 1024w, https:\/\/pelican.se\/wp-content\/uploads\/2025\/04\/Kvinde-lager-MT-300x256.jpg 300w, https:\/\/pelican.se\/wp-content\/uploads\/2025\/04\/Kvinde-lager-MT-768x655.jpg 768w, https:\/\/pelican.se\/wp-content\/uploads\/2025\/04\/Kvinde-lager-MT-1536x1309.jpg 1536w, https:\/\/pelican.se\/wp-content\/uploads\/2025\/04\/Kvinde-lager-MT-2048x1745.jpg 2048w, https:\/\/pelican.se\/wp-content\/uploads\/2025\/04\/Kvinde-lager-MT-1200x1023.jpg 1200w, https:\/\/pelican.se\/wp-content\/uploads\/2025\/04\/Kvinde-lager-MT-150x128.jpg 150w\" sizes=\"auto, (max-width: 1024px) 100vw, 1024px\" \/>\t\t\t\t\t\t\t\t\t\t\t\t\t\t\t<\/div>\n\t\t\t\t<\/div>\n\t\t\t\t<\/div>\n\t\t\t\t\t<\/div>\n\t\t\t\t<\/div>\n\t\t<div class=\"wd-negative-gap elementor-element elementor-element-3c81291 e-flex e-con-boxed e-con e-parent\" data-id=\"3c81291\" data-element_type=\"container\" data-e-type=\"container\">\n\t\t\t\t\t<div class=\"e-con-inner\">\n\t\t<div class=\"elementor-element elementor-element-ed47283 e-con-full e-flex e-con e-child\" data-id=\"ed47283\" data-element_type=\"container\" data-e-type=\"container\" data-settings=\"{&quot;background_background&quot;:&quot;classic&quot;}\">\n\t\t\t\t<div class=\"elementor-element elementor-element-897c08a elementor-widget elementor-widget-image\" data-id=\"897c08a\" data-element_type=\"widget\" data-e-type=\"widget\" data-widget_type=\"image.default\">\n\t\t\t\t<div class=\"elementor-widget-container\">\n\t\t\t\t\t\t\t\t\t\t\t\t\t\t\t<img loading=\"lazy\" decoding=\"async\" width=\"2500\" height=\"1667\" src=\"https:\/\/pelican.se\/wp-content\/uploads\/2025\/04\/mand.jpg\" class=\"attachment-full size-full wp-image-11336\" alt=\"\" srcset=\"https:\/\/pelican.se\/wp-content\/uploads\/2025\/04\/mand.jpg 2500w, https:\/\/pelican.se\/wp-content\/uploads\/2025\/04\/mand-300x200.jpg 300w, https:\/\/pelican.se\/wp-content\/uploads\/2025\/04\/mand-1024x683.jpg 1024w, https:\/\/pelican.se\/wp-content\/uploads\/2025\/04\/mand-768x512.jpg 768w, https:\/\/pelican.se\/wp-content\/uploads\/2025\/04\/mand-1536x1024.jpg 1536w, https:\/\/pelican.se\/wp-content\/uploads\/2025\/04\/mand-2048x1366.jpg 2048w, https:\/\/pelican.se\/wp-content\/uploads\/2025\/04\/mand-1200x800.jpg 1200w, https:\/\/pelican.se\/wp-content\/uploads\/2025\/04\/mand-150x100.jpg 150w\" sizes=\"auto, (max-width: 2500px) 100vw, 2500px\" \/>\t\t\t\t\t\t\t\t\t\t\t\t\t\t\t<\/div>\n\t\t\t\t<\/div>\n\t\t\t\t<\/div>\n\t\t<div class=\"elementor-element elementor-element-e41de7f e-con-full e-flex e-con e-child\" data-id=\"e41de7f\" data-element_type=\"container\" data-e-type=\"container\" data-settings=\"{&quot;background_background&quot;:&quot;classic&quot;}\">\n\t\t<div class=\"elementor-element elementor-element-b12891b e-con-full e-flex e-con e-child\" data-id=\"b12891b\" data-element_type=\"container\" data-e-type=\"container\">\n\t\t\t\t<div class=\"elementor-element elementor-element-6cc3cc7 wd-width-100 elementor-widget elementor-widget-wd_title\" data-id=\"6cc3cc7\" data-element_type=\"widget\" data-e-type=\"widget\" data-widget_type=\"wd_title.default\">\n\t\t\t\t<div class=\"elementor-widget-container\">\n\t\t\t\t\t\t\t<div class=\"title-wrapper wd-set-mb reset-last-child wd-title-color-default wd-title-style-default wd-title-size-medium text-left\">\n\n\t\t\t\n\t\t\t<div class=\"liner-continer\">\n\t\t\t\t<h4 class=\"woodmart-title-container title wd-fontsize-xl\"><\/h4> \n\t\t\t\t\t\t\t<\/div>\n\n\t\t\t\t\t\t\t<div class=\"title-after_title reset-last-child wd-fontsize-s\">\n\t\t\t\t\t<p><strong><span style=\"color: #008000\">Staffing<\/span>:<\/strong> We have staff at almost all our sites, so you can easily get help and assistance or a hot cup of coffee on the go.<\/p><p><span style=\"color: #008000\"><strong>Goods reception<\/strong><\/span>: We receive your deliveries from all carriers in a locked space so you don't have to worry. Once your goods have been received, we'll send you an SMS to let you know they've arrived. <\/p><p><strong><span style=\"color: #008000\">Delivery of goods<\/span>:<\/strong> If you order the collection of parcels or pallets, we will also ensure that these are handed over to the shipping company.<\/p><p><span style=\"color: #008000\"><strong>Waste management<\/strong><\/span>Do you have a lot of deliveries or use your space as a warehouse? We have waste stations at most of our sites so you can easily get rid of both waste and old pallets. <\/p>\t\t\t\t<\/div>\n\t\t\t\t\t<\/div>\n\t\t\t\t\t\t<\/div>\n\t\t\t\t<\/div>\n\t\t\t\t<\/div>\n\t\t\t\t<\/div>\n\t\t\t\t\t<\/div>\n\t\t\t\t<\/div>\n\t\t<div class=\"wd-negative-gap elementor-element elementor-element-c437b9d e-flex e-con-boxed e-con e-parent\" data-id=\"c437b9d\" data-element_type=\"container\" data-e-type=\"container\" data-settings=\"{&quot;background_background&quot;:&quot;classic&quot;}\">\n\t\t\t\t\t<div class=\"e-con-inner\">\n\t\t<div class=\"elementor-element elementor-element-be25f27 e-con-full e-flex e-con e-child\" data-id=\"be25f27\" data-element_type=\"container\" data-e-type=\"container\">\n\t\t<div class=\"elementor-element elementor-element-5f72024 e-con-full e-flex e-con e-child\" data-id=\"5f72024\" data-element_type=\"container\" data-e-type=\"container\" data-settings=\"{&quot;background_background&quot;:&quot;classic&quot;}\">\n\t\t<div class=\"elementor-element elementor-element-e52ac60 e-con-full e-flex e-con e-child\" data-id=\"e52ac60\" data-element_type=\"container\" data-e-type=\"container\">\n\t\t\t\t<div class=\"elementor-element elementor-element-b532e61 wd-width-100 elementor-widget elementor-widget-wd_title\" data-id=\"b532e61\" data-element_type=\"widget\" data-e-type=\"widget\" data-widget_type=\"wd_title.default\">\n\t\t\t\t<div class=\"elementor-widget-container\">\n\t\t\t\t\t\t\t<div class=\"title-wrapper wd-set-mb reset-last-child wd-title-color-default wd-title-style-default wd-title-size-medium text-left\">\n\n\t\t\t\n\t\t\t<div class=\"liner-continer\">\n\t\t\t\t<h4 class=\"woodmart-title-container title wd-fontsize-xl\"><\/h4> \n\t\t\t\t\t\t\t<\/div>\n\n\t\t\t\t\t\t\t<div class=\"title-after_title reset-last-child wd-fontsize-s\">\n\t\t\t\t\t<p><span style=\"color: #008000\"><strong>Termination of contract<\/strong><\/span>: Your needs can change quickly, so never commit for longer than necessary. You can cancel your storage unit before the 15th of each month and then move out on the last day of that month. <\/p><p><strong><span style=\"color: #008000\">Flexibility<\/span>:<\/strong> You can also easily upgrade or downgrade the size of your storage unit at any time at no extra cost.<\/p><p><span style=\"color: #008000\"><strong>Security - We offer the most secure storage solution on the market<\/strong><\/span>: We offer the most secure storage solution on the market, with staff on site at least 6 days a week, contracts with security companies and 24-hour video surveillance with smart cameras both inside and outside - so you don't have to feel unsafe.<\/p><p>Find your nearest <a href=\"https:\/\/pelican.se\/valj-forrad-foretag\/\">facility<\/a> and contact us to find a solution that fits your specific needs.<\/p>\t\t\t\t<\/div>\n\t\t\t\t\t<\/div>\n\t\t\t\t\t\t<\/div>\n\t\t\t\t<\/div>\n\t\t\t\t<\/div>\n\t\t\t\t<\/div>\n\t\t\t\t<\/div>\n\t\t<div class=\"elementor-element elementor-element-254360e e-con-full e-flex e-con e-child\" data-id=\"254360e\" data-element_type=\"container\" data-e-type=\"container\">\n\t\t\t\t<div class=\"elementor-element elementor-element-8c9e843 elementor-widget elementor-widget-image\" data-id=\"8c9e843\" data-element_type=\"widget\" data-e-type=\"widget\" data-widget_type=\"image.default\">\n\t\t\t\t<div class=\"elementor-widget-container\">\n\t\t\t\t\t\t\t\t\t\t\t\t\t\t\t<img loading=\"lazy\" decoding=\"async\" width=\"1024\" height=\"683\" src=\"https:\/\/pelican.se\/wp-content\/uploads\/2025\/04\/se3-1024x683.jpg\" class=\"attachment-large size-large wp-image-11536\" alt=\"\" srcset=\"https:\/\/pelican.se\/wp-content\/uploads\/2025\/04\/se3-1024x683.jpg 1024w, https:\/\/pelican.se\/wp-content\/uploads\/2025\/04\/se3-300x200.jpg 300w, https:\/\/pelican.se\/wp-content\/uploads\/2025\/04\/se3-768x512.jpg 768w, https:\/\/pelican.se\/wp-content\/uploads\/2025\/04\/se3-150x100.jpg 150w, https:\/\/pelican.se\/wp-content\/uploads\/2025\/04\/se3.jpg 1200w\" sizes=\"auto, (max-width: 1024px) 100vw, 1024px\" \/>\t\t\t\t\t\t\t\t\t\t\t\t\t\t\t<\/div>\n\t\t\t\t<\/div>\n\t\t\t\t<\/div>\n\t\t\t\t\t<\/div>\n\t\t\t\t<\/div>\n\t\t\t\t<\/div>\n\t\t","protected":false},"excerpt":{"rendered":"<p>At Pelican Self Storage, we make it easy and convenient for you as a business customer to store and handle<\/p>\n","protected":false},"author":1,"featured_media":0,"parent":0,"menu_order":0,"comment_status":"closed","ping_status":"closed","template":"elementor_header_footer","meta":{"_acf_changed":false,"inline_featured_image":false,"_lmt_disableupdate":"","_lmt_disable":"","footnotes":""},"class_list":["post-14093","page","type-page","status-publish","hentry"],"acf":[],"yoast_head":"<title>Exclusive benefits for business customers | Pelican Self Storage<\/title>\n<meta name=\"robots\" content=\"index, follow, max-snippet:-1, max-image-preview:large, max-video-preview:-1\" \/>\n<link rel=\"canonical\" href=\"https:\/\/pelican.se\/en\/exclusive-benefits-for-business-customers\/\" \/>\n<meta property=\"og:locale\" content=\"en_US\" \/>\n<meta property=\"og:type\" content=\"article\" \/>\n<meta property=\"og:title\" content=\"Exclusive benefits for business customers\" \/>\n<meta property=\"og:description\" content=\"At Pelican Self Storage, we make it easy and convenient for you as a business customer to store and handle\" \/>\n<meta property=\"og:url\" content=\"https:\/\/pelican.se\/en\/exclusive-benefits-for-business-customers\/\" \/>\n<meta property=\"og:site_name\" content=\"Pelican Self Storage\" \/>\n<meta property=\"article:publisher\" content=\"https:\/\/www.facebook.com\/PelicanSelfStorageDenmark\" \/>\n<meta property=\"article:modified_time\" content=\"2025-05-09T06:59:58+00:00\" \/>\n<meta property=\"og:image\" content=\"https:\/\/pelican.se\/wp-content\/uploads\/2025\/04\/Kvinde-lager-MT-1024x873.jpg\" \/>\n\t<meta property=\"og:image:width\" content=\"1024\" \/>\n\t<meta property=\"og:image:height\" content=\"873\" \/>\n\t<meta property=\"og:image:type\" content=\"image\/jpeg\" \/>\n<meta name=\"twitter:card\" content=\"summary_large_image\" \/>\n<meta name=\"twitter:label1\" content=\"Est. reading time\" \/>\n\t<meta name=\"twitter:data1\" content=\"2 minutes\" \/>\n<script type=\"application\/ld+json\" class=\"yoast-schema-graph\">{\"@context\":\"https:\/\/schema.org\",\"@graph\":[{\"@type\":\"WebPage\",\"@id\":\"https:\/\/pelican.se\/en\/exclusive-benefits-for-business-customers\/\",\"url\":\"https:\/\/pelican.se\/en\/exclusive-benefits-for-business-customers\/\",\"name\":\"Exclusive benefits for business customers | Pelican Self Storage\",\"isPartOf\":{\"@id\":\"https:\/\/pelican.se\/en\/#website\"},\"primaryImageOfPage\":{\"@id\":\"https:\/\/pelican.se\/en\/exclusive-benefits-for-business-customers\/#primaryimage\"},\"image\":{\"@id\":\"https:\/\/pelican.se\/en\/exclusive-benefits-for-business-customers\/#primaryimage\"},\"thumbnailUrl\":\"https:\/\/pelican.se\/wp-content\/uploads\/2025\/04\/Kvinde-lager-MT-1024x873.jpg\",\"datePublished\":\"2025-05-06T08:49:18+00:00\",\"dateModified\":\"2025-05-09T06:59:58+00:00\",\"breadcrumb\":{\"@id\":\"https:\/\/pelican.se\/en\/exclusive-benefits-for-business-customers\/#breadcrumb\"},\"inLanguage\":\"en-US\",\"potentialAction\":[{\"@type\":\"ReadAction\",\"target\":[\"https:\/\/pelican.se\/en\/exclusive-benefits-for-business-customers\/\"]}]},{\"@type\":\"ImageObject\",\"inLanguage\":\"en-US\",\"@id\":\"https:\/\/pelican.se\/en\/exclusive-benefits-for-business-customers\/#primaryimage\",\"url\":\"https:\/\/pelican.se\/wp-content\/uploads\/2025\/04\/Kvinde-lager-MT-1024x873.jpg\",\"contentUrl\":\"https:\/\/pelican.se\/wp-content\/uploads\/2025\/04\/Kvinde-lager-MT-1024x873.jpg\"},{\"@type\":\"BreadcrumbList\",\"@id\":\"https:\/\/pelican.se\/en\/exclusive-benefits-for-business-customers\/#breadcrumb\",\"itemListElement\":[{\"@type\":\"ListItem\",\"position\":1,\"name\":\"Home\",\"item\":\"https:\/\/pelican.se\/en\/\"},{\"@type\":\"ListItem\",\"position\":2,\"name\":\"Exclusive benefits for business customers\"}]},{\"@type\":\"WebSite\",\"@id\":\"https:\/\/pelican.se\/en\/#website\",\"url\":\"https:\/\/pelican.se\/en\/\",\"name\":\"Smarta f\u00f6rr\u00e5dsl\u00f6sningar f\u00f6r dig\",\"description\":\"Lej et opbevaringsrum hos Pelican Self Storage. Billige priser \u2714 Centre i hele K\u00f8benhavn \u2714 Lagerrum i mange st\u00f8rrelser \u2714 L\u00e5n en gratis trailer \u2714\",\"potentialAction\":[{\"@type\":\"SearchAction\",\"target\":{\"@type\":\"EntryPoint\",\"urlTemplate\":\"https:\/\/pelican.se\/en\/?s={search_term_string}\"},\"query-input\":{\"@type\":\"PropertyValueSpecification\",\"valueRequired\":true,\"valueName\":\"search_term_string\"}}],\"inLanguage\":\"en-US\"}]}<\/script>","yoast_head_json":{"title":"Exclusive benefits for business customers | Pelican Self Storage","robots":{"index":"index","follow":"follow","max-snippet":"max-snippet:-1","max-image-preview":"max-image-preview:large","max-video-preview":"max-video-preview:-1"},"canonical":"https:\/\/pelican.se\/en\/exclusive-benefits-for-business-customers\/","og_locale":"en_US","og_type":"article","og_title":"Exclusive benefits for business customers","og_description":"At Pelican Self Storage, we make it easy and convenient for you as a business customer to store and handle","og_url":"https:\/\/pelican.se\/en\/exclusive-benefits-for-business-customers\/","og_site_name":"Pelican Self Storage","article_publisher":"https:\/\/www.facebook.com\/PelicanSelfStorageDenmark","article_modified_time":"2025-05-09T06:59:58+00:00","og_image":[{"width":1024,"height":873,"url":"https:\/\/pelican.se\/wp-content\/uploads\/2025\/04\/Kvinde-lager-MT-1024x873.jpg","type":"image\/jpeg"}],"twitter_card":"summary_large_image","twitter_misc":{"Est. reading time":"2 minutes"},"schema":{"@context":"https:\/\/schema.org","@graph":[{"@type":"WebPage","@id":"https:\/\/pelican.se\/en\/exclusive-benefits-for-business-customers\/","url":"https:\/\/pelican.se\/en\/exclusive-benefits-for-business-customers\/","name":"Exclusive benefits for business customers | Pelican Self Storage","isPartOf":{"@id":"https:\/\/pelican.se\/en\/#website"},"primaryImageOfPage":{"@id":"https:\/\/pelican.se\/en\/exclusive-benefits-for-business-customers\/#primaryimage"},"image":{"@id":"https:\/\/pelican.se\/en\/exclusive-benefits-for-business-customers\/#primaryimage"},"thumbnailUrl":"https:\/\/pelican.se\/wp-content\/uploads\/2025\/04\/Kvinde-lager-MT-1024x873.jpg","datePublished":"2025-05-06T08:49:18+00:00","dateModified":"2025-05-09T06:59:58+00:00","breadcrumb":{"@id":"https:\/\/pelican.se\/en\/exclusive-benefits-for-business-customers\/#breadcrumb"},"inLanguage":"en-US","potentialAction":[{"@type":"ReadAction","target":["https:\/\/pelican.se\/en\/exclusive-benefits-for-business-customers\/"]}]},{"@type":"ImageObject","inLanguage":"en-US","@id":"https:\/\/pelican.se\/en\/exclusive-benefits-for-business-customers\/#primaryimage","url":"https:\/\/pelican.se\/wp-content\/uploads\/2025\/04\/Kvinde-lager-MT-1024x873.jpg","contentUrl":"https:\/\/pelican.se\/wp-content\/uploads\/2025\/04\/Kvinde-lager-MT-1024x873.jpg"},{"@type":"BreadcrumbList","@id":"https:\/\/pelican.se\/en\/exclusive-benefits-for-business-customers\/#breadcrumb","itemListElement":[{"@type":"ListItem","position":1,"name":"Home","item":"https:\/\/pelican.se\/en\/"},{"@type":"ListItem","position":2,"name":"Exclusive benefits for business customers"}]},{"@type":"WebSite","@id":"https:\/\/pelican.se\/en\/#website","url":"https:\/\/pelican.se\/en\/","name":"Smarta f\u00f6rr\u00e5dsl\u00f6sningar f\u00f6r dig","description":"Lej et opbevaringsrum hos Pelican Self Storage. Billige priser \u2714 Centre i hele K\u00f8benhavn \u2714 Lagerrum i mange st\u00f8rrelser \u2714 L\u00e5n en gratis trailer \u2714","potentialAction":[{"@type":"SearchAction","target":{"@type":"EntryPoint","urlTemplate":"https:\/\/pelican.se\/en\/?s={search_term_string}"},"query-input":{"@type":"PropertyValueSpecification","valueRequired":true,"valueName":"search_term_string"}}],"inLanguage":"en-US"}]}},"_links":{"self":[{"href":"https:\/\/pelican.se\/en\/wp-json\/wp\/v2\/pages\/14093","targetHints":{"allow":["GET"]}}],"collection":[{"href":"https:\/\/pelican.se\/en\/wp-json\/wp\/v2\/pages"}],"about":[{"href":"https:\/\/pelican.se\/en\/wp-json\/wp\/v2\/types\/page"}],"author":[{"embeddable":true,"href":"https:\/\/pelican.se\/en\/wp-json\/wp\/v2\/users\/1"}],"replies":[{"embeddable":true,"href":"https:\/\/pelican.se\/en\/wp-json\/wp\/v2\/comments?post=14093"}],"version-history":[{"count":1,"href":"https:\/\/pelican.se\/en\/wp-json\/wp\/v2\/pages\/14093\/revisions"}],"predecessor-version":[{"id":14096,"href":"https:\/\/pelican.se\/en\/wp-json\/wp\/v2\/pages\/14093\/revisions\/14096"}],"wp:attachment":[{"href":"https:\/\/pelican.se\/en\/wp-json\/wp\/v2\/media?parent=14093"}],"curies":[{"name":"wp","href":"https:\/\/api.w.org\/{rel}","templated":true}]}}