{"id":14118,"date":"2025-05-06T10:48:26","date_gmt":"2025-05-06T08:48:26","guid":{"rendered":"https:\/\/pelican.se\/styling-your-apartment-before-selling-6-simple-tips\/"},"modified":"2025-05-09T09:09:05","modified_gmt":"2025-05-09T07:09:05","slug":"styling-your-apartment-before-selling-6-simple-tips","status":"publish","type":"page","link":"https:\/\/pelican.se\/en\/styling-your-apartment-before-selling-6-simple-tips\/","title":{"rendered":"Styling your apartment before selling &#8211; 6 simple tips"},"content":{"rendered":"\t\t<div data-elementor-type=\"wp-page\" data-elementor-id=\"14118\" class=\"elementor elementor-14118 elementor-11493\" data-elementor-post-type=\"page\">\n\t\t\t\t<div class=\"wd-negative-gap elementor-element elementor-element-20af1fa9 e-flex e-con-boxed e-con e-parent\" data-id=\"20af1fa9\" data-element_type=\"container\" data-e-type=\"container\">\n\t\t\t\t\t<div class=\"e-con-inner\">\n\t\t<div class=\"elementor-element elementor-element-3aaf92c0 e-con-full e-flex e-con e-child\" data-id=\"3aaf92c0\" data-element_type=\"container\" data-e-type=\"container\">\n\t\t\t\t<div class=\"elementor-element elementor-element-739be318 elementor-widget elementor-widget-image\" data-id=\"739be318\" data-element_type=\"widget\" data-e-type=\"widget\" data-widget_type=\"image.default\">\n\t\t\t\t<div class=\"elementor-widget-container\">\n\t\t\t\t\t\t\t\t\t\t\t\t\t\t\t<img decoding=\"async\" src=\"https:\/\/pelican.se\/wp-content\/uploads\/2024\/10\/iStock-2156902199-scaled.jpg\" title=\"Large luxury modern bright interiors Living room mockup illustration 3D rendering image\" alt=\"Large luxury modern bright interiors Living room mockup illustration 3D rendering image\" loading=\"lazy\" \/>\t\t\t\t\t\t\t\t\t\t\t\t\t\t\t<\/div>\n\t\t\t\t<\/div>\n\t\t\t\t<\/div>\n\t\t<div class=\"elementor-element elementor-element-22f79ccf e-con-full e-flex e-con e-child\" data-id=\"22f79ccf\" data-element_type=\"container\" data-e-type=\"container\" data-settings=\"{&quot;background_background&quot;:&quot;classic&quot;}\">\n\t\t<div class=\"elementor-element elementor-element-1f9dc193 e-con-full e-flex e-con e-child\" data-id=\"1f9dc193\" data-element_type=\"container\" data-e-type=\"container\">\n\t\t\t\t<div class=\"elementor-element elementor-element-39531b3e wd-width-100 elementor-widget elementor-widget-wd_title\" data-id=\"39531b3e\" data-element_type=\"widget\" data-e-type=\"widget\" data-widget_type=\"wd_title.default\">\n\t\t\t\t<div class=\"elementor-widget-container\">\n\t\t\t\t\t\t\t<div class=\"title-wrapper wd-set-mb reset-last-child wd-title-color-default wd-title-style-default wd-title-size-default text-left\">\n\n\t\t\t\n\t\t\t<div class=\"liner-continer\">\n\t\t\t\t<h4 class=\"woodmart-title-container title wd-fontsize-l\">Styling your apartment before selling - 6 simple tips<\/h4> \n\t\t\t\t\t\t\t<\/div>\n\n\t\t\t\t\t<\/div>\n\t\t\t\t\t\t<\/div>\n\t\t\t\t<\/div>\n\t\t\t\t<div class=\"elementor-element elementor-element-776dc1bc elementor-widget elementor-widget-button\" data-id=\"776dc1bc\" data-element_type=\"widget\" data-e-type=\"widget\" data-widget_type=\"button.default\">\n\t\t\t\t<div class=\"elementor-widget-container\">\n\t\t\t\t\t\t\t\t\t<div class=\"elementor-button-wrapper\">\n\t\t\t\t\t<a class=\"elementor-button elementor-button-link elementor-size-sm\" href=\"\/hyra-forrad\/\">\n\t\t\t\t\t\t<span class=\"elementor-button-content-wrapper\">\n\t\t\t\t\t\t\t\t\t<span class=\"elementor-button-text\">Find self-storage<\/span>\n\t\t\t\t\t<\/span>\n\t\t\t\t\t<\/a>\n\t\t\t\t<\/div>\n\t\t\t\t\t\t\t\t<\/div>\n\t\t\t\t<\/div>\n\t\t\t\t<\/div>\n\t\t\t\t<\/div>\n\t\t\t\t\t<\/div>\n\t\t\t\t<\/div>\n\t\t<div class=\"wd-negative-gap elementor-element elementor-element-fabeab1 e-flex e-con-boxed e-con e-parent\" data-id=\"fabeab1\" data-element_type=\"container\" data-e-type=\"container\">\n\t\t\t\t\t<div class=\"e-con-inner\">\n\t\t\t\t<div class=\"elementor-element elementor-element-ac439cf elementor-widget elementor-widget-wd_text_block\" data-id=\"ac439cf\" data-element_type=\"widget\" data-e-type=\"widget\" data-widget_type=\"wd_text_block.default\">\n\t\t\t\t<div class=\"elementor-widget-container\">\n\t\t\t\t\t\t\t<div class=\"wd-text-block reset-last-child text-left\">\n\t\t\t\n\t\t\t<p><b>1. think about the potential target group of the apartment<br><\/b>It is possible to attract a specific group of buyers just by styling your home.<br>You can assess whether your apartment and its location are suitable for younger couples, families or older people.<br>Families put more emphasis on multiple bathrooms and storage spaces.<br>Older people, on the other hand, put more emphasis on the apartment being easy to move around in.<\/p><p><b>2. go through the things you no longer need<br><\/b>Go through all the rooms in your apartment and think about whether there is <a href=\"https:\/\/pelican.dk\/privat-opbevaring\/moebelopbevaring\">any<\/a> furniture in the apartment that is unusable and can be given away or stored elsewhere during the selling process. Overcrowded rooms can easily hinder a potential sale as it can make your apartment look smaller than it really is. You don't have to give away your belongings and furniture, you can simply have them stored in a <a href=\"https:\/\/pelican.dk\/opbevaring-koebenhavn\">storage room<\/a>.  <\/p><p>When styling your apartment, it's important to make sure the purpose of each room is clear.<br>The bedroom should look like a bedroom and not like a storage room where clothes and other items are lying on the floor.<br>The same goes for the other rooms - they should look useful and tidy.<\/p><p>The real styling starts when you have to move all your personal items out of sight.<br>It's also a good idea to remove all personal papers and documents as well as drawings and post-it notes on the fridge.<br>The number of visible pictures should also be minimized.<\/p><p>The first thing potential buyers encounter is the apartment's entrance hall.<\/p><p>It is therefore important that you only leave the most necessary items here. Wardrobes, storage rooms and cupboards should also be cleaned as you can expect your cupboard doors to be opened during viewings, as potential buyers are often interested to see how much storage space there is. <\/p><p>You can style your bathroom for a sale by putting away makeup, brushes, razors, curling irons, toothbrushes and other hygiene products.<br>In addition, it is also a good idea to put away bathrobes and towels.<\/p><p><b>3. do a deep clean<\/b><br>Once you've gone through all the things you no longer need, it's easier to do a deep clean.<br>All surfaces in the apartment, including windows, should be cleaned.<br>Dirty windows give a bad impression - even in an otherwise beautiful apartment.<\/p><p>The light shining in through clean windows also makes the apartment look better. You should also clean your plants and throw out any wilted plants. <\/p><p><b>4. create a harmonious atmosphere<\/b><br>Think about how you can make all your rooms look as spacious as possible - sorting out your stuff will give you a lot more space.<br>Light and neutral colors, such as white, light grey and beige, are pleasing colors to many people, so you can choose to keep the apartment light and combine it with some strong colors that are repeated throughout the apartment, such as towels and pillows.<\/p><p>However, be careful not to use too many or too bright colors. A good tip is to stop in front of each room and think about what you see first - a camera is very helpful here. Then take a picture and judge from it what needs to be styled.<br>It is easier to see different colors, shadows, contrasts and distracting objects in a picture than with your own eyes.  <\/p><p><b>5. focus on light<\/b><br>Close the curtains and let the sun's rays fill the whole apartment with light.<br>Make sure there are enough lights in the apartment so that no corners are left in the dark.<br>You can make the apartment even more homely with candles and if there is a fireplace in the apartment, the fire can also help to create a cozy atmosphere in addition to emitting heat.<\/p><p><b>6. take care of the last things before each viewing<\/b><br>Even if you have finished cleaning and sorting out the things you no longer need, there are still some things that should be done before each viewing of your apartment. Make sure the air in the apartment is as fresh as possible by vacuuming and airing out the whole apartment. <\/p><p>Clean the toilet seat, sink and wipe down the surfaces in the bathroom.<br>You should also clean the kitchen surfaces and take out the garbage.<\/p>\n\t\t\t\t\t<\/div>\n\t\t\t\t\t\t<\/div>\n\t\t\t\t<\/div>\n\t\t\t\t\t<\/div>\n\t\t\t\t<\/div>\n\t\t\t\t<\/div>\n\t\t","protected":false},"excerpt":{"rendered":"<p>Styling your apartment before selling &#8211; 6 simple tips Find self-storage 1. think about the potential target group of the<\/p>\n","protected":false},"author":1,"featured_media":0,"parent":0,"menu_order":0,"comment_status":"closed","ping_status":"closed","template":"elementor_header_footer","meta":{"_acf_changed":false,"inline_featured_image":false,"_lmt_disableupdate":"","_lmt_disable":"","footnotes":""},"class_list":["post-14118","page","type-page","status-publish","hentry"],"acf":[],"yoast_head":"<title>Styling your apartment before selling - 6 simple tips | Pelican Self Storage<\/title>\n<meta name=\"robots\" content=\"index, follow, max-snippet:-1, max-image-preview:large, max-video-preview:-1\" \/>\n<link rel=\"canonical\" href=\"https:\/\/pelican.se\/en\/styling-your-apartment-before-selling-6-simple-tips\/\" \/>\n<meta property=\"og:locale\" content=\"en_US\" \/>\n<meta property=\"og:type\" content=\"article\" \/>\n<meta property=\"og:title\" content=\"Styling your apartment before selling - 6 simple tips\" \/>\n<meta property=\"og:description\" content=\"Styling your apartment before selling &#8211; 6 simple tips Find self-storage 1. think about the potential target group of the\" \/>\n<meta property=\"og:url\" content=\"https:\/\/pelican.se\/en\/styling-your-apartment-before-selling-6-simple-tips\/\" \/>\n<meta property=\"og:site_name\" content=\"Pelican Self Storage\" \/>\n<meta property=\"article:publisher\" content=\"https:\/\/www.facebook.com\/PelicanSelfStorageDenmark\" \/>\n<meta property=\"article:modified_time\" content=\"2025-05-09T07:09:05+00:00\" \/>\n<meta property=\"og:image\" content=\"https:\/\/pelican.se\/wp-content\/uploads\/2024\/10\/iStock-2156902199-scaled.jpg\" \/>\n<meta name=\"twitter:card\" content=\"summary_large_image\" \/>\n<meta name=\"twitter:label1\" content=\"Est. reading time\" \/>\n\t<meta name=\"twitter:data1\" content=\"4 minutes\" \/>\n<script type=\"application\/ld+json\" class=\"yoast-schema-graph\">{\"@context\":\"https:\/\/schema.org\",\"@graph\":[{\"@type\":\"WebPage\",\"@id\":\"https:\/\/pelican.se\/en\/styling-your-apartment-before-selling-6-simple-tips\/\",\"url\":\"https:\/\/pelican.se\/en\/styling-your-apartment-before-selling-6-simple-tips\/\",\"name\":\"Styling your apartment before selling - 6 simple tips | Pelican Self Storage\",\"isPartOf\":{\"@id\":\"https:\/\/pelican.se\/en\/#website\"},\"primaryImageOfPage\":{\"@id\":\"https:\/\/pelican.se\/en\/styling-your-apartment-before-selling-6-simple-tips\/#primaryimage\"},\"image\":{\"@id\":\"https:\/\/pelican.se\/en\/styling-your-apartment-before-selling-6-simple-tips\/#primaryimage\"},\"thumbnailUrl\":\"https:\/\/pelican.se\/wp-content\/uploads\/2024\/10\/iStock-2156902199-scaled.jpg\",\"datePublished\":\"2025-05-06T08:48:26+00:00\",\"dateModified\":\"2025-05-09T07:09:05+00:00\",\"breadcrumb\":{\"@id\":\"https:\/\/pelican.se\/en\/styling-your-apartment-before-selling-6-simple-tips\/#breadcrumb\"},\"inLanguage\":\"en-US\",\"potentialAction\":[{\"@type\":\"ReadAction\",\"target\":[\"https:\/\/pelican.se\/en\/styling-your-apartment-before-selling-6-simple-tips\/\"]}]},{\"@type\":\"ImageObject\",\"inLanguage\":\"en-US\",\"@id\":\"https:\/\/pelican.se\/en\/styling-your-apartment-before-selling-6-simple-tips\/#primaryimage\",\"url\":\"https:\/\/pelican.se\/wp-content\/uploads\/2024\/10\/iStock-2156902199-scaled.jpg\",\"contentUrl\":\"https:\/\/pelican.se\/wp-content\/uploads\/2024\/10\/iStock-2156902199-scaled.jpg\"},{\"@type\":\"BreadcrumbList\",\"@id\":\"https:\/\/pelican.se\/en\/styling-your-apartment-before-selling-6-simple-tips\/#breadcrumb\",\"itemListElement\":[{\"@type\":\"ListItem\",\"position\":1,\"name\":\"Home\",\"item\":\"https:\/\/pelican.se\/en\/\"},{\"@type\":\"ListItem\",\"position\":2,\"name\":\"Styling your apartment before selling &#8211; 6 simple tips\"}]},{\"@type\":\"WebSite\",\"@id\":\"https:\/\/pelican.se\/en\/#website\",\"url\":\"https:\/\/pelican.se\/en\/\",\"name\":\"Smarta f\u00f6rr\u00e5dsl\u00f6sningar f\u00f6r dig\",\"description\":\"Lej et opbevaringsrum hos Pelican Self Storage. Billige priser \u2714 Centre i hele K\u00f8benhavn \u2714 Lagerrum i mange st\u00f8rrelser \u2714 L\u00e5n en gratis trailer \u2714\",\"potentialAction\":[{\"@type\":\"SearchAction\",\"target\":{\"@type\":\"EntryPoint\",\"urlTemplate\":\"https:\/\/pelican.se\/en\/?s={search_term_string}\"},\"query-input\":{\"@type\":\"PropertyValueSpecification\",\"valueRequired\":true,\"valueName\":\"search_term_string\"}}],\"inLanguage\":\"en-US\"}]}<\/script>","yoast_head_json":{"title":"Styling your apartment before selling - 6 simple tips | Pelican Self Storage","robots":{"index":"index","follow":"follow","max-snippet":"max-snippet:-1","max-image-preview":"max-image-preview:large","max-video-preview":"max-video-preview:-1"},"canonical":"https:\/\/pelican.se\/en\/styling-your-apartment-before-selling-6-simple-tips\/","og_locale":"en_US","og_type":"article","og_title":"Styling your apartment before selling - 6 simple tips","og_description":"Styling your apartment before selling &#8211; 6 simple tips Find self-storage 1. think about the potential target group of the","og_url":"https:\/\/pelican.se\/en\/styling-your-apartment-before-selling-6-simple-tips\/","og_site_name":"Pelican Self Storage","article_publisher":"https:\/\/www.facebook.com\/PelicanSelfStorageDenmark","article_modified_time":"2025-05-09T07:09:05+00:00","og_image":[{"url":"https:\/\/pelican.se\/wp-content\/uploads\/2024\/10\/iStock-2156902199-scaled.jpg","type":"","width":"","height":""}],"twitter_card":"summary_large_image","twitter_misc":{"Est. reading time":"4 minutes"},"schema":{"@context":"https:\/\/schema.org","@graph":[{"@type":"WebPage","@id":"https:\/\/pelican.se\/en\/styling-your-apartment-before-selling-6-simple-tips\/","url":"https:\/\/pelican.se\/en\/styling-your-apartment-before-selling-6-simple-tips\/","name":"Styling your apartment before selling - 6 simple tips | Pelican Self Storage","isPartOf":{"@id":"https:\/\/pelican.se\/en\/#website"},"primaryImageOfPage":{"@id":"https:\/\/pelican.se\/en\/styling-your-apartment-before-selling-6-simple-tips\/#primaryimage"},"image":{"@id":"https:\/\/pelican.se\/en\/styling-your-apartment-before-selling-6-simple-tips\/#primaryimage"},"thumbnailUrl":"https:\/\/pelican.se\/wp-content\/uploads\/2024\/10\/iStock-2156902199-scaled.jpg","datePublished":"2025-05-06T08:48:26+00:00","dateModified":"2025-05-09T07:09:05+00:00","breadcrumb":{"@id":"https:\/\/pelican.se\/en\/styling-your-apartment-before-selling-6-simple-tips\/#breadcrumb"},"inLanguage":"en-US","potentialAction":[{"@type":"ReadAction","target":["https:\/\/pelican.se\/en\/styling-your-apartment-before-selling-6-simple-tips\/"]}]},{"@type":"ImageObject","inLanguage":"en-US","@id":"https:\/\/pelican.se\/en\/styling-your-apartment-before-selling-6-simple-tips\/#primaryimage","url":"https:\/\/pelican.se\/wp-content\/uploads\/2024\/10\/iStock-2156902199-scaled.jpg","contentUrl":"https:\/\/pelican.se\/wp-content\/uploads\/2024\/10\/iStock-2156902199-scaled.jpg"},{"@type":"BreadcrumbList","@id":"https:\/\/pelican.se\/en\/styling-your-apartment-before-selling-6-simple-tips\/#breadcrumb","itemListElement":[{"@type":"ListItem","position":1,"name":"Home","item":"https:\/\/pelican.se\/en\/"},{"@type":"ListItem","position":2,"name":"Styling your apartment before selling &#8211; 6 simple tips"}]},{"@type":"WebSite","@id":"https:\/\/pelican.se\/en\/#website","url":"https:\/\/pelican.se\/en\/","name":"Smarta f\u00f6rr\u00e5dsl\u00f6sningar f\u00f6r dig","description":"Lej et opbevaringsrum hos Pelican Self Storage. Billige priser \u2714 Centre i hele K\u00f8benhavn \u2714 Lagerrum i mange st\u00f8rrelser \u2714 L\u00e5n en gratis trailer \u2714","potentialAction":[{"@type":"SearchAction","target":{"@type":"EntryPoint","urlTemplate":"https:\/\/pelican.se\/en\/?s={search_term_string}"},"query-input":{"@type":"PropertyValueSpecification","valueRequired":true,"valueName":"search_term_string"}}],"inLanguage":"en-US"}]}},"_links":{"self":[{"href":"https:\/\/pelican.se\/en\/wp-json\/wp\/v2\/pages\/14118","targetHints":{"allow":["GET"]}}],"collection":[{"href":"https:\/\/pelican.se\/en\/wp-json\/wp\/v2\/pages"}],"about":[{"href":"https:\/\/pelican.se\/en\/wp-json\/wp\/v2\/types\/page"}],"author":[{"embeddable":true,"href":"https:\/\/pelican.se\/en\/wp-json\/wp\/v2\/users\/1"}],"replies":[{"embeddable":true,"href":"https:\/\/pelican.se\/en\/wp-json\/wp\/v2\/comments?post=14118"}],"version-history":[{"count":1,"href":"https:\/\/pelican.se\/en\/wp-json\/wp\/v2\/pages\/14118\/revisions"}],"predecessor-version":[{"id":14119,"href":"https:\/\/pelican.se\/en\/wp-json\/wp\/v2\/pages\/14118\/revisions\/14119"}],"wp:attachment":[{"href":"https:\/\/pelican.se\/en\/wp-json\/wp\/v2\/media?parent=14118"}],"curies":[{"name":"wp","href":"https:\/\/api.w.org\/{rel}","templated":true}]}}