{"id":14124,"date":"2025-05-06T10:48:28","date_gmt":"2025-05-06T08:48:28","guid":{"rendered":"https:\/\/pelican.se\/rent-a-storage-unit-when-you-move\/"},"modified":"2025-05-09T09:09:05","modified_gmt":"2025-05-09T07:09:05","slug":"rent-a-storage-unit-when-you-move","status":"publish","type":"page","link":"https:\/\/pelican.se\/en\/rent-a-storage-unit-when-you-move\/","title":{"rendered":"Rent a storage unit when you move."},"content":{"rendered":"\t\t<div data-elementor-type=\"wp-page\" data-elementor-id=\"14124\" class=\"elementor elementor-14124 elementor-11444\" data-elementor-post-type=\"page\">\n\t\t\t\t<div class=\"elementor-element elementor-element-d54e325 e-flex e-con-boxed e-con e-parent\" data-id=\"d54e325\" data-element_type=\"container\" data-e-type=\"container\">\n\t\t\t\t\t<div class=\"e-con-inner\">\n\t\t\t\t<div class=\"elementor-element elementor-element-c93aa3a elementor-widget elementor-widget-wd_text_block\" data-id=\"c93aa3a\" data-element_type=\"widget\" data-e-type=\"widget\" data-widget_type=\"wd_text_block.default\">\n\t\t\t\t<div class=\"elementor-widget-container\">\n\t\t\t\t\t\t\t<div class=\"wd-text-block reset-last-child text-left\">\n\t\t\t\n\t\t\t<p class=\"\" data-start=\"0\" data-end=\"332\">Moving requires preparation, planning and space! That's why at Pelican we offer a range of storage solutions that can make the moving process both easier and smoother. In addition to storage space rental in storage units and warehouses, we offer moving supplies and trailer rentals to transport your belongings.  <\/p><p class=\"\" data-start=\"334\" data-end=\"539\">Companies that are moving offices and need storage space or an external warehouse for a period of time can also benefit from a Pelican storage building. Find out how much storage space you need. <\/p><p class=\"\" data-start=\"541\" data-end=\"774\">Moving away from home? Read our ultimate moving guide! You can also read more about how to prepare your apartment for sale. You can find more information on this page, read the most frequently asked questions or call us on 020 - 340 340.   <\/p>\n\t\t\t\t\t<\/div>\n\t\t\t\t\t\t<\/div>\n\t\t\t\t<\/div>\n\t\t\t\t\t<\/div>\n\t\t\t\t<\/div>\n\t\t<div class=\"elementor-element elementor-element-20af1fa9 e-flex e-con-boxed e-con e-parent\" data-id=\"20af1fa9\" data-element_type=\"container\" data-e-type=\"container\">\n\t\t\t\t\t<div class=\"e-con-inner\">\n\t\t<div class=\"elementor-element elementor-element-3aaf92c0 e-con-full e-flex e-con e-child\" data-id=\"3aaf92c0\" data-element_type=\"container\" data-e-type=\"container\" data-settings=\"{&quot;background_background&quot;:&quot;classic&quot;}\">\n\t\t\t\t<div class=\"elementor-element elementor-element-739be318 elementor-widget elementor-widget-image\" data-id=\"739be318\" data-element_type=\"widget\" data-e-type=\"widget\" data-widget_type=\"image.default\">\n\t\t\t\t<div class=\"elementor-widget-container\">\n\t\t\t\t\t\t\t\t\t\t\t\t\t\t\t<img decoding=\"async\" src=\"https:\/\/pelican.se\/wp-content\/uploads\/2024\/08\/Rum-6220.png\" title=\"Rum 6220\" alt=\"Rum 6220\" loading=\"lazy\" \/>\t\t\t\t\t\t\t\t\t\t\t\t\t\t\t<\/div>\n\t\t\t\t<\/div>\n\t\t\t\t<\/div>\n\t\t<div class=\"elementor-element elementor-element-22f79ccf e-con-full e-flex e-con e-child\" data-id=\"22f79ccf\" data-element_type=\"container\" data-e-type=\"container\" data-settings=\"{&quot;background_background&quot;:&quot;classic&quot;}\">\n\t\t<div class=\"elementor-element elementor-element-1f9dc193 e-con-full e-flex e-con e-child\" data-id=\"1f9dc193\" data-element_type=\"container\" data-e-type=\"container\">\n\t\t\t\t<div class=\"elementor-element elementor-element-39531b3e wd-width-100 elementor-widget elementor-widget-wd_title\" data-id=\"39531b3e\" data-element_type=\"widget\" data-e-type=\"widget\" data-widget_type=\"wd_title.default\">\n\t\t\t\t<div class=\"elementor-widget-container\">\n\t\t\t\t\t\t\t<div class=\"title-wrapper wd-set-mb reset-last-child wd-title-color-default wd-title-style-default wd-title-size-default text-left\">\n\n\t\t\t\n\t\t\t<div class=\"liner-continer\">\n\t\t\t\t<h4 class=\"woodmart-title-container title wd-fontsize-l\">Rent a storage unit when you are between homes.<\/h4> \n\t\t\t\t\t\t\t<\/div>\n\n\t\t\t\t\t\t\t<div class=\"title-after_title reset-last-child wd-fontsize-xs\">\n\t\t\t\t\t<p>Renting a storage unit is a great relief during the moving process. When you move, there is often a transitional period when you need to temporarily store your belongings - a bed, sofa or desk. It could also be clothes, winter tires or furniture from your living room, like books or shelves. All of this can be stored away while you wait for your new home to be ready. Rent one or more of our storage units, from 0.5 m\u00b2 to 50 m\u00b2. The spaces are safe, clean, dry and warm, so your things won't get damaged.     <\/p>\t\t\t\t<\/div>\n\t\t\t\t\t<\/div>\n\t\t\t\t\t\t<\/div>\n\t\t\t\t<\/div>\n\t\t\t\t<div class=\"elementor-element elementor-element-776dc1bc elementor-widget elementor-widget-button\" data-id=\"776dc1bc\" data-element_type=\"widget\" data-e-type=\"widget\" data-widget_type=\"button.default\">\n\t\t\t\t<div class=\"elementor-widget-container\">\n\t\t\t\t\t\t\t\t\t<div class=\"elementor-button-wrapper\">\n\t\t\t\t\t<a class=\"elementor-button elementor-button-link elementor-size-sm\" href=\"https:\/\/pelican.se\/en\/our-locations\/\">\n\t\t\t\t\t\t<span class=\"elementor-button-content-wrapper\">\n\t\t\t\t\t\t\t\t\t<span class=\"elementor-button-text\">See our facilities<\/span>\n\t\t\t\t\t<\/span>\n\t\t\t\t\t<\/a>\n\t\t\t\t<\/div>\n\t\t\t\t\t\t\t\t<\/div>\n\t\t\t\t<\/div>\n\t\t\t\t<\/div>\n\t\t\t\t<\/div>\n\t\t\t\t\t<\/div>\n\t\t\t\t<\/div>\n\t\t<div class=\"elementor-element elementor-element-1407a79 e-con-full e-flex e-con e-parent\" data-id=\"1407a79\" data-element_type=\"container\" data-e-type=\"container\">\n\t\t<div class=\"elementor-element elementor-element-748f61b e-con-full e-flex e-con e-child\" data-id=\"748f61b\" data-element_type=\"container\" data-e-type=\"container\" data-settings=\"{&quot;background_background&quot;:&quot;classic&quot;}\">\n\t\t\t\t<\/div>\n\t\t<div class=\"elementor-element elementor-element-c9db032 e-con-full e-flex e-con e-child\" data-id=\"c9db032\" data-element_type=\"container\" data-e-type=\"container\" data-settings=\"{&quot;background_background&quot;:&quot;classic&quot;}\">\n\t\t<div class=\"elementor-element elementor-element-4074fb4 e-con-full e-flex e-con e-child\" data-id=\"4074fb4\" data-element_type=\"container\" data-e-type=\"container\">\n\t\t\t\t<div class=\"elementor-element elementor-element-b06ca6d elementor-widget elementor-widget-button\" data-id=\"b06ca6d\" data-element_type=\"widget\" data-e-type=\"widget\" data-widget_type=\"button.default\">\n\t\t\t\t<div class=\"elementor-widget-container\">\n\t\t\t\t\t\t\t\t\t<div class=\"elementor-button-wrapper\">\n\t\t\t\t\t<a class=\"elementor-button elementor-button-link elementor-size-sm\" href=\"https:\/\/pelican.se\/en\/safe-trailers\/\">\n\t\t\t\t\t\t<span class=\"elementor-button-content-wrapper\">\n\t\t\t\t\t\t\t\t\t<span class=\"elementor-button-text\">Read more about our trailers<\/span>\n\t\t\t\t\t<\/span>\n\t\t\t\t\t<\/a>\n\t\t\t\t<\/div>\n\t\t\t\t\t\t\t\t<\/div>\n\t\t\t\t<\/div>\n\t\t\t\t<div class=\"elementor-element elementor-element-9e5fcc2 wd-width-100 elementor-widget elementor-widget-wd_title\" data-id=\"9e5fcc2\" data-element_type=\"widget\" data-e-type=\"widget\" data-widget_type=\"wd_title.default\">\n\t\t\t\t<div class=\"elementor-widget-container\">\n\t\t\t\t\t\t\t<div class=\"title-wrapper wd-set-mb reset-last-child wd-title-color-default wd-title-style-default wd-title-size-default text-left\">\n\n\t\t\t\n\t\t\t<div class=\"liner-continer\">\n\t\t\t\t<h4 class=\"woodmart-title-container title wd-fontsize-l\">Borrow a trailer for free<\/h4> \n\t\t\t\t\t\t\t<\/div>\n\n\t\t\t\t\t\t\t<div class=\"title-after_title reset-last-child wd-fontsize-xs\">\n\t\t\t\t\t<p>Maybe the amount of furniture and boxes is manageable enough for you to move without a mover, but if so, we're happy to help a little anyway. You can borrow a trailer for free to transport your belongings. Download the \"Freetrailer\" app and you can even pre-book a trailer for a small fee so you know it's available when you need it.    <\/p>\t\t\t\t<\/div>\n\t\t\t\t\t<\/div>\n\t\t\t\t\t\t<\/div>\n\t\t\t\t<\/div>\n\t\t\t\t<\/div>\n\t\t\t\t<\/div>\n\t\t\t\t<div class=\"elementor-element elementor-element-2f1fe89 elementor-widget elementor-widget-image\" data-id=\"2f1fe89\" data-element_type=\"widget\" data-e-type=\"widget\" data-widget_type=\"image.default\">\n\t\t\t\t<div class=\"elementor-widget-container\">\n\t\t\t\t\t\t\t\t\t\t\t\t\t\t\t<img decoding=\"async\" src=\"https:\/\/pelican.se\/wp-content\/uploads\/2024\/08\/1-_pelican_1080x1080.jpg\" title=\"1-_pelican_1080x1080\" alt=\"1-_pelican_1080x1080\" loading=\"lazy\" \/>\t\t\t\t\t\t\t\t\t\t\t\t\t\t\t<\/div>\n\t\t\t\t<\/div>\n\t\t\t\t<\/div>\n\t\t<div class=\"elementor-element elementor-element-765ac60 e-flex e-con-boxed e-con e-parent\" data-id=\"765ac60\" data-element_type=\"container\" data-e-type=\"container\">\n\t\t\t\t\t<div class=\"e-con-inner\">\n\t\t\t\t<div class=\"elementor-element elementor-element-419bd44 elementor-widget__width-initial elementor-widget elementor-widget-image\" data-id=\"419bd44\" data-element_type=\"widget\" data-e-type=\"widget\" data-widget_type=\"image.default\">\n\t\t\t\t<div class=\"elementor-widget-container\">\n\t\t\t\t\t\t\t\t\t\t\t\t\t\t\t<img decoding=\"async\" src=\"https:\/\/pelican.se\/wp-content\/uploads\/2024\/09\/flyttekasse.jpg\" title=\"flyttekasse\" alt=\"flyttekasse\" loading=\"lazy\" \/>\t\t\t\t\t\t\t\t\t\t\t\t\t\t\t<\/div>\n\t\t\t\t<\/div>\n\t\t<div class=\"elementor-element elementor-element-e8c360b e-con-full e-flex e-con e-child\" data-id=\"e8c360b\" data-element_type=\"container\" data-e-type=\"container\" data-settings=\"{&quot;background_background&quot;:&quot;classic&quot;}\">\n\t\t<div class=\"elementor-element elementor-element-46cb11b e-con-full e-flex e-con e-child\" data-id=\"46cb11b\" data-element_type=\"container\" data-e-type=\"container\">\n\t\t\t\t<div class=\"elementor-element elementor-element-4d8e0fc wd-width-100 elementor-widget elementor-widget-wd_title\" data-id=\"4d8e0fc\" data-element_type=\"widget\" data-e-type=\"widget\" data-widget_type=\"wd_title.default\">\n\t\t\t\t<div class=\"elementor-widget-container\">\n\t\t\t\t\t\t\t<div class=\"title-wrapper wd-set-mb reset-last-child wd-title-color-default wd-title-style-default wd-title-size-default text-left\">\n\n\t\t\t\n\t\t\t<div class=\"liner-continer\">\n\t\t\t\t<h4 class=\"woodmart-title-container title wd-fontsize-l\">Out of moving boxes?<\/h4> \n\t\t\t\t\t\t\t<\/div>\n\n\t\t\t\t\t\t\t<div class=\"title-after_title reset-last-child wd-fontsize-xs\">\n\t\t\t\t\t<p>All Pelican locations have a shop where you can buy moving supplies - whether you're short of furniture-protecting blankets, bubble wrap, wide tape or you've run out of strong moving boxes at the eleventh hour. But before you start packing boxes, we recommend reading these 10 tips for a perfect move - from a professional perspective. <\/p>\t\t\t\t<\/div>\n\t\t\t\t\t<\/div>\n\t\t\t\t\t\t<\/div>\n\t\t\t\t<\/div>\n\t\t\t\t<div class=\"elementor-element elementor-element-0bc8fa0 elementor-widget elementor-widget-button\" data-id=\"0bc8fa0\" data-element_type=\"widget\" data-e-type=\"widget\" data-widget_type=\"button.default\">\n\t\t\t\t<div class=\"elementor-widget-container\">\n\t\t\t\t\t\t\t\t\t<div class=\"elementor-button-wrapper\">\n\t\t\t\t\t<a class=\"elementor-button elementor-button-link elementor-size-sm\" href=\"https:\/\/pelican.se\/en\/packing-material\/\">\n\t\t\t\t\t\t<span class=\"elementor-button-content-wrapper\">\n\t\t\t\t\t\t\t\t\t<span class=\"elementor-button-text\">See our removal materials<\/span>\n\t\t\t\t\t<\/span>\n\t\t\t\t\t<\/a>\n\t\t\t\t<\/div>\n\t\t\t\t\t\t\t\t<\/div>\n\t\t\t\t<\/div>\n\t\t\t\t<\/div>\n\t\t\t\t<\/div>\n\t\t\t\t\t<\/div>\n\t\t\t\t<\/div>\n\t\t<div class=\"elementor-element elementor-element-c91e353 e-flex e-con-boxed e-con e-parent\" data-id=\"c91e353\" data-element_type=\"container\" data-e-type=\"container\">\n\t\t\t\t\t<div class=\"e-con-inner\">\n\t\t<div class=\"elementor-element elementor-element-37b3d40 e-con-full e-flex e-con e-child\" data-id=\"37b3d40\" data-element_type=\"container\" data-e-type=\"container\" data-settings=\"{&quot;background_background&quot;:&quot;classic&quot;}\">\n\t\t\t\t<\/div>\n\t\t<div class=\"elementor-element elementor-element-1822a62 e-con-full e-flex e-con e-child\" data-id=\"1822a62\" data-element_type=\"container\" data-e-type=\"container\" data-settings=\"{&quot;background_background&quot;:&quot;classic&quot;}\">\n\t\t<div class=\"elementor-element elementor-element-db4b77f e-con-full e-flex e-con e-child\" data-id=\"db4b77f\" data-element_type=\"container\" data-e-type=\"container\">\n\t\t\t\t<div class=\"elementor-element elementor-element-f5fe3c6 elementor-widget elementor-widget-button\" data-id=\"f5fe3c6\" data-element_type=\"widget\" data-e-type=\"widget\" data-widget_type=\"button.default\">\n\t\t\t\t<div class=\"elementor-widget-container\">\n\t\t\t\t\t\t\t\t\t<div class=\"elementor-button-wrapper\">\n\t\t\t\t\t<a class=\"elementor-button elementor-button-link elementor-size-sm\" href=\"https:\/\/pelican.se\/en\/contact-pelican\/\">\n\t\t\t\t\t\t<span class=\"elementor-button-content-wrapper\">\n\t\t\t\t\t\t\t\t\t<span class=\"elementor-button-text\">Contact us for more information<\/span>\n\t\t\t\t\t<\/span>\n\t\t\t\t\t<\/a>\n\t\t\t\t<\/div>\n\t\t\t\t\t\t\t\t<\/div>\n\t\t\t\t<\/div>\n\t\t\t\t<div class=\"elementor-element elementor-element-294ade0 wd-width-100 elementor-widget elementor-widget-wd_title\" data-id=\"294ade0\" data-element_type=\"widget\" data-e-type=\"widget\" data-widget_type=\"wd_title.default\">\n\t\t\t\t<div class=\"elementor-widget-container\">\n\t\t\t\t\t\t\t<div class=\"title-wrapper wd-set-mb reset-last-child wd-title-color-default wd-title-style-default wd-title-size-default text-left\">\n\n\t\t\t\n\t\t\t<div class=\"liner-continer\">\n\t\t\t\t<h4 class=\"woodmart-title-container title wd-fontsize-l\">Let Pelican Self Storage be your helping hand.<\/h4> \n\t\t\t\t\t\t\t<\/div>\n\n\t\t\t\t\t\t\t<div class=\"title-after_title reset-last-child wd-fontsize-xs\">\n\t\t\t\t\t<p>A storage unit can be helpful in many situations - whether it is temporary or long-term storage. Maybe you are also thinking about how to move sustainably? Read our 6 tips for a sustainable move that protects the environment! Before and after the actual moving day, there are many practical things to consider, such as packing and unpacking your belongings. We have therefore gathered some of our best tips for before and after the move. We offer storage throughout Stockholm.     <\/p><p>If you need business storage, we can help you with that too.<\/p>\t\t\t\t<\/div>\n\t\t\t\t\t<\/div>\n\t\t\t\t\t\t<\/div>\n\t\t\t\t<\/div>\n\t\t\t\t<\/div>\n\t\t\t\t<\/div>\n\t\t\t\t<div class=\"elementor-element elementor-element-3922b78 elementor-widget elementor-widget-image\" data-id=\"3922b78\" data-element_type=\"widget\" data-e-type=\"widget\" data-widget_type=\"image.default\">\n\t\t\t\t<div class=\"elementor-widget-container\">\n\t\t\t\t\t\t\t\t\t\t\t\t\t\t\t<img decoding=\"async\" src=\"https:\/\/pelican.se\/wp-content\/uploads\/2024\/09\/Service1.jpg\" title=\"Service1\" alt=\"Service1\" loading=\"lazy\" \/>\t\t\t\t\t\t\t\t\t\t\t\t\t\t\t<\/div>\n\t\t\t\t<\/div>\n\t\t\t\t\t<\/div>\n\t\t\t\t<\/div>\n\t\t<div class=\"wd-negative-gap elementor-element elementor-element-ea8249d e-flex e-con-boxed e-con e-parent\" data-id=\"ea8249d\" data-element_type=\"container\" data-e-type=\"container\">\n\t\t\t\t\t<div class=\"e-con-inner\">\n\t\t\t\t\t<\/div>\n\t\t\t\t<\/div>\n\t\t\t\t<\/div>\n\t\t","protected":false},"excerpt":{"rendered":"<p>Moving requires preparation, planning and space! That&#8217;s why at Pelican we offer a range of storage solutions that can make<\/p>\n","protected":false},"author":3,"featured_media":0,"parent":0,"menu_order":0,"comment_status":"closed","ping_status":"closed","template":"elementor_header_footer","meta":{"_acf_changed":false,"inline_featured_image":false,"_lmt_disableupdate":"","_lmt_disable":"","footnotes":""},"class_list":["post-14124","page","type-page","status-publish","hentry"],"acf":[],"yoast_head":"<title>Rent a storage unit when you move. | Pelican Self Storage<\/title>\n<meta name=\"robots\" content=\"index, follow, max-snippet:-1, max-image-preview:large, max-video-preview:-1\" \/>\n<link rel=\"canonical\" href=\"https:\/\/pelican.se\/en\/rent-a-storage-unit-when-you-move\/\" \/>\n<meta property=\"og:locale\" content=\"en_US\" \/>\n<meta property=\"og:type\" content=\"article\" \/>\n<meta property=\"og:title\" content=\"Rent a storage unit when you move.\" \/>\n<meta property=\"og:description\" content=\"Moving requires preparation, planning and space! That&#8217;s why at Pelican we offer a range of storage solutions that can make\" \/>\n<meta property=\"og:url\" content=\"https:\/\/pelican.se\/en\/rent-a-storage-unit-when-you-move\/\" \/>\n<meta property=\"og:site_name\" content=\"Pelican Self Storage\" \/>\n<meta property=\"article:publisher\" content=\"https:\/\/www.facebook.com\/PelicanSelfStorageDenmark\" \/>\n<meta property=\"article:modified_time\" content=\"2025-05-09T07:09:05+00:00\" \/>\n<meta property=\"og:image\" content=\"https:\/\/pelican.se\/wp-content\/uploads\/2024\/08\/Rum-6220.png\" \/>\n<meta name=\"twitter:card\" content=\"summary_large_image\" \/>\n<meta name=\"twitter:label1\" content=\"Est. reading time\" \/>\n\t<meta name=\"twitter:data1\" content=\"2 minutes\" \/>\n<script type=\"application\/ld+json\" class=\"yoast-schema-graph\">{\"@context\":\"https:\/\/schema.org\",\"@graph\":[{\"@type\":\"WebPage\",\"@id\":\"https:\/\/pelican.se\/en\/rent-a-storage-unit-when-you-move\/\",\"url\":\"https:\/\/pelican.se\/en\/rent-a-storage-unit-when-you-move\/\",\"name\":\"Rent a storage unit when you move. | Pelican Self Storage\",\"isPartOf\":{\"@id\":\"https:\/\/pelican.se\/en\/#website\"},\"primaryImageOfPage\":{\"@id\":\"https:\/\/pelican.se\/en\/rent-a-storage-unit-when-you-move\/#primaryimage\"},\"image\":{\"@id\":\"https:\/\/pelican.se\/en\/rent-a-storage-unit-when-you-move\/#primaryimage\"},\"thumbnailUrl\":\"https:\/\/pelican.se\/wp-content\/uploads\/2024\/08\/Rum-6220.png\",\"datePublished\":\"2025-05-06T08:48:28+00:00\",\"dateModified\":\"2025-05-09T07:09:05+00:00\",\"breadcrumb\":{\"@id\":\"https:\/\/pelican.se\/en\/rent-a-storage-unit-when-you-move\/#breadcrumb\"},\"inLanguage\":\"en-US\",\"potentialAction\":[{\"@type\":\"ReadAction\",\"target\":[\"https:\/\/pelican.se\/en\/rent-a-storage-unit-when-you-move\/\"]}]},{\"@type\":\"ImageObject\",\"inLanguage\":\"en-US\",\"@id\":\"https:\/\/pelican.se\/en\/rent-a-storage-unit-when-you-move\/#primaryimage\",\"url\":\"https:\/\/pelican.se\/wp-content\/uploads\/2024\/08\/Rum-6220.png\",\"contentUrl\":\"https:\/\/pelican.se\/wp-content\/uploads\/2024\/08\/Rum-6220.png\"},{\"@type\":\"BreadcrumbList\",\"@id\":\"https:\/\/pelican.se\/en\/rent-a-storage-unit-when-you-move\/#breadcrumb\",\"itemListElement\":[{\"@type\":\"ListItem\",\"position\":1,\"name\":\"Home\",\"item\":\"https:\/\/pelican.se\/en\/\"},{\"@type\":\"ListItem\",\"position\":2,\"name\":\"Rent a storage unit when you move.\"}]},{\"@type\":\"WebSite\",\"@id\":\"https:\/\/pelican.se\/en\/#website\",\"url\":\"https:\/\/pelican.se\/en\/\",\"name\":\"Smarta f\u00f6rr\u00e5dsl\u00f6sningar f\u00f6r dig\",\"description\":\"Lej et opbevaringsrum hos Pelican Self Storage. Billige priser \u2714 Centre i hele K\u00f8benhavn \u2714 Lagerrum i mange st\u00f8rrelser \u2714 L\u00e5n en gratis trailer \u2714\",\"potentialAction\":[{\"@type\":\"SearchAction\",\"target\":{\"@type\":\"EntryPoint\",\"urlTemplate\":\"https:\/\/pelican.se\/en\/?s={search_term_string}\"},\"query-input\":{\"@type\":\"PropertyValueSpecification\",\"valueRequired\":true,\"valueName\":\"search_term_string\"}}],\"inLanguage\":\"en-US\"}]}<\/script>","yoast_head_json":{"title":"Rent a storage unit when you move. | Pelican Self Storage","robots":{"index":"index","follow":"follow","max-snippet":"max-snippet:-1","max-image-preview":"max-image-preview:large","max-video-preview":"max-video-preview:-1"},"canonical":"https:\/\/pelican.se\/en\/rent-a-storage-unit-when-you-move\/","og_locale":"en_US","og_type":"article","og_title":"Rent a storage unit when you move.","og_description":"Moving requires preparation, planning and space! That&#8217;s why at Pelican we offer a range of storage solutions that can make","og_url":"https:\/\/pelican.se\/en\/rent-a-storage-unit-when-you-move\/","og_site_name":"Pelican Self Storage","article_publisher":"https:\/\/www.facebook.com\/PelicanSelfStorageDenmark","article_modified_time":"2025-05-09T07:09:05+00:00","og_image":[{"url":"https:\/\/pelican.se\/wp-content\/uploads\/2024\/08\/Rum-6220.png","type":"","width":"","height":""}],"twitter_card":"summary_large_image","twitter_misc":{"Est. reading time":"2 minutes"},"schema":{"@context":"https:\/\/schema.org","@graph":[{"@type":"WebPage","@id":"https:\/\/pelican.se\/en\/rent-a-storage-unit-when-you-move\/","url":"https:\/\/pelican.se\/en\/rent-a-storage-unit-when-you-move\/","name":"Rent a storage unit when you move. | Pelican Self Storage","isPartOf":{"@id":"https:\/\/pelican.se\/en\/#website"},"primaryImageOfPage":{"@id":"https:\/\/pelican.se\/en\/rent-a-storage-unit-when-you-move\/#primaryimage"},"image":{"@id":"https:\/\/pelican.se\/en\/rent-a-storage-unit-when-you-move\/#primaryimage"},"thumbnailUrl":"https:\/\/pelican.se\/wp-content\/uploads\/2024\/08\/Rum-6220.png","datePublished":"2025-05-06T08:48:28+00:00","dateModified":"2025-05-09T07:09:05+00:00","breadcrumb":{"@id":"https:\/\/pelican.se\/en\/rent-a-storage-unit-when-you-move\/#breadcrumb"},"inLanguage":"en-US","potentialAction":[{"@type":"ReadAction","target":["https:\/\/pelican.se\/en\/rent-a-storage-unit-when-you-move\/"]}]},{"@type":"ImageObject","inLanguage":"en-US","@id":"https:\/\/pelican.se\/en\/rent-a-storage-unit-when-you-move\/#primaryimage","url":"https:\/\/pelican.se\/wp-content\/uploads\/2024\/08\/Rum-6220.png","contentUrl":"https:\/\/pelican.se\/wp-content\/uploads\/2024\/08\/Rum-6220.png"},{"@type":"BreadcrumbList","@id":"https:\/\/pelican.se\/en\/rent-a-storage-unit-when-you-move\/#breadcrumb","itemListElement":[{"@type":"ListItem","position":1,"name":"Home","item":"https:\/\/pelican.se\/en\/"},{"@type":"ListItem","position":2,"name":"Rent a storage unit when you move."}]},{"@type":"WebSite","@id":"https:\/\/pelican.se\/en\/#website","url":"https:\/\/pelican.se\/en\/","name":"Smarta f\u00f6rr\u00e5dsl\u00f6sningar f\u00f6r dig","description":"Lej et opbevaringsrum hos Pelican Self Storage. Billige priser \u2714 Centre i hele K\u00f8benhavn \u2714 Lagerrum i mange st\u00f8rrelser \u2714 L\u00e5n en gratis trailer \u2714","potentialAction":[{"@type":"SearchAction","target":{"@type":"EntryPoint","urlTemplate":"https:\/\/pelican.se\/en\/?s={search_term_string}"},"query-input":{"@type":"PropertyValueSpecification","valueRequired":true,"valueName":"search_term_string"}}],"inLanguage":"en-US"}]}},"_links":{"self":[{"href":"https:\/\/pelican.se\/en\/wp-json\/wp\/v2\/pages\/14124","targetHints":{"allow":["GET"]}}],"collection":[{"href":"https:\/\/pelican.se\/en\/wp-json\/wp\/v2\/pages"}],"about":[{"href":"https:\/\/pelican.se\/en\/wp-json\/wp\/v2\/types\/page"}],"author":[{"embeddable":true,"href":"https:\/\/pelican.se\/en\/wp-json\/wp\/v2\/users\/3"}],"replies":[{"embeddable":true,"href":"https:\/\/pelican.se\/en\/wp-json\/wp\/v2\/comments?post=14124"}],"version-history":[{"count":1,"href":"https:\/\/pelican.se\/en\/wp-json\/wp\/v2\/pages\/14124\/revisions"}],"predecessor-version":[{"id":14127,"href":"https:\/\/pelican.se\/en\/wp-json\/wp\/v2\/pages\/14124\/revisions\/14127"}],"wp:attachment":[{"href":"https:\/\/pelican.se\/en\/wp-json\/wp\/v2\/media?parent=14124"}],"curies":[{"name":"wp","href":"https:\/\/api.w.org\/{rel}","templated":true}]}}