{"id":14132,"date":"2025-05-06T10:48:48","date_gmt":"2025-05-06T08:48:48","guid":{"rendered":"https:\/\/pelican.se\/about-us\/"},"modified":"2026-01-19T14:47:18","modified_gmt":"2026-01-19T13:47:18","slug":"about-us","status":"publish","type":"page","link":"https:\/\/pelican.se\/en\/about-us\/","title":{"rendered":"About us"},"content":{"rendered":"\t\t<div data-elementor-type=\"wp-page\" data-elementor-id=\"14132\" class=\"elementor elementor-14132 elementor-11457\" data-elementor-post-type=\"page\">\n\t\t\t\t<div class=\"wd-negative-gap elementor-element elementor-element-5a29fe52 e-flex e-con-boxed e-con e-parent\" data-id=\"5a29fe52\" data-element_type=\"container\" data-e-type=\"container\" data-settings=\"{&quot;background_background&quot;:&quot;classic&quot;}\">\n\t\t\t\t\t<div class=\"e-con-inner\">\n\t\t<div class=\"elementor-element elementor-element-742aca4d e-con-full e-flex e-con e-child\" data-id=\"742aca4d\" data-element_type=\"container\" data-e-type=\"container\" data-settings=\"{&quot;background_background&quot;:&quot;classic&quot;}\">\n\t\t<div class=\"elementor-element elementor-element-72f88bc5 e-con-full e-flex e-con e-child\" data-id=\"72f88bc5\" data-element_type=\"container\" data-e-type=\"container\">\n\t\t\t\t<div class=\"elementor-element elementor-element-4f8ad71 color-scheme-inherit text-left elementor-widget elementor-widget-text-editor\" data-id=\"4f8ad71\" data-element_type=\"widget\" data-e-type=\"widget\" data-widget_type=\"text-editor.default\">\n\t\t\t\t<div class=\"elementor-widget-container\">\n\t\t\t\t\t\t\t\t\t<h2><span style=\"color: #008000;\">Pelican Self Storage &#8211; storage is for everyone<\/span><\/h2><p style=\"text-align: left;\">Pelican Self Storage is a leading Nordic brand in home and business storage. We have facilities in Sweden, Denmark and Finland that are centrally located and easy to access. <\/p><p style=\"text-align: left;\">We want to be a service partner when people move to and from the city, go to work abroad, move in together or move back home, get married and have children, or lack basement or attic storage. Just generally when life changes or space becomes too tight. <\/p>\t\t\t\t\t\t\t\t<\/div>\n\t\t\t\t<\/div>\n\t\t\t\t<\/div>\n\t\t\t\t<\/div>\n\t\t<div class=\"elementor-element elementor-element-f0f3fdd e-con-full e-flex e-con e-child\" data-id=\"f0f3fdd\" data-element_type=\"container\" data-e-type=\"container\" data-settings=\"{&quot;background_background&quot;:&quot;classic&quot;}\">\n\t\t\t\t<div class=\"elementor-element elementor-element-29b19fe5 elementor-widget elementor-widget-image\" data-id=\"29b19fe5\" data-element_type=\"widget\" data-e-type=\"widget\" data-widget_type=\"image.default\">\n\t\t\t\t<div class=\"elementor-widget-container\">\n\t\t\t\t\t\t\t\t\t\t\t\t\t\t\t<img loading=\"lazy\" decoding=\"async\" width=\"2500\" height=\"1455\" src=\"https:\/\/pelican.se\/wp-content\/uploads\/2024\/10\/mand1.jpg\" class=\"attachment-full size-full wp-image-4419\" alt=\"\" srcset=\"https:\/\/pelican.se\/wp-content\/uploads\/2024\/10\/mand1.jpg 2500w, https:\/\/pelican.se\/wp-content\/uploads\/2024\/10\/mand1-300x175.jpg 300w, https:\/\/pelican.se\/wp-content\/uploads\/2024\/10\/mand1-1024x596.jpg 1024w, https:\/\/pelican.se\/wp-content\/uploads\/2024\/10\/mand1-768x447.jpg 768w, https:\/\/pelican.se\/wp-content\/uploads\/2024\/10\/mand1-1536x894.jpg 1536w, https:\/\/pelican.se\/wp-content\/uploads\/2024\/10\/mand1-2048x1192.jpg 2048w, https:\/\/pelican.se\/wp-content\/uploads\/2024\/10\/mand1-1200x698.jpg 1200w, https:\/\/pelican.se\/wp-content\/uploads\/2024\/10\/mand1-150x87.jpg 150w\" sizes=\"auto, (max-width: 2500px) 100vw, 2500px\" \/>\t\t\t\t\t\t\t\t\t\t\t\t\t\t\t<\/div>\n\t\t\t\t<\/div>\n\t\t\t\t<\/div>\n\t\t\t\t\t<\/div>\n\t\t\t\t<\/div>\n\t\t<div class=\"wd-negative-gap elementor-element elementor-element-7a07874 e-flex e-con-boxed e-con e-parent\" data-id=\"7a07874\" data-element_type=\"container\" data-e-type=\"container\" data-settings=\"{&quot;background_background&quot;:&quot;classic&quot;}\">\n\t\t\t\t\t<div class=\"e-con-inner\">\n\t\t<div class=\"elementor-element elementor-element-dcdfa52 e-con-full e-flex e-con e-child\" data-id=\"dcdfa52\" data-element_type=\"container\" data-e-type=\"container\" data-settings=\"{&quot;background_background&quot;:&quot;classic&quot;}\">\n\t\t\t\t<div class=\"elementor-element elementor-element-740f5be elementor-widget elementor-widget-image\" data-id=\"740f5be\" data-element_type=\"widget\" data-e-type=\"widget\" data-widget_type=\"image.default\">\n\t\t\t\t<div class=\"elementor-widget-container\">\n\t\t\t\t\t\t\t\t\t\t\t\t\t\t\t<img loading=\"lazy\" decoding=\"async\" width=\"1356\" height=\"400\" src=\"https:\/\/pelican.se\/wp-content\/uploads\/2024\/09\/Bjarne.jpg\" class=\"attachment-full size-full wp-image-2295\" alt=\"\" srcset=\"https:\/\/pelican.se\/wp-content\/uploads\/2024\/09\/Bjarne.jpg 1356w, https:\/\/pelican.se\/wp-content\/uploads\/2024\/09\/Bjarne-300x88.jpg 300w, https:\/\/pelican.se\/wp-content\/uploads\/2024\/09\/Bjarne-1024x302.jpg 1024w, https:\/\/pelican.se\/wp-content\/uploads\/2024\/09\/Bjarne-768x227.jpg 768w, https:\/\/pelican.se\/wp-content\/uploads\/2024\/09\/Bjarne-1200x354.jpg 1200w, https:\/\/pelican.se\/wp-content\/uploads\/2024\/09\/Bjarne-150x44.jpg 150w\" sizes=\"auto, (max-width: 1356px) 100vw, 1356px\" \/>\t\t\t\t\t\t\t\t\t\t\t\t\t\t\t<\/div>\n\t\t\t\t<\/div>\n\t\t\t\t<\/div>\n\t\t<div class=\"elementor-element elementor-element-dfdde0e e-con-full e-flex e-con e-child\" data-id=\"dfdde0e\" data-element_type=\"container\" data-e-type=\"container\" data-settings=\"{&quot;background_background&quot;:&quot;classic&quot;}\">\n\t\t<div class=\"elementor-element elementor-element-54cc0c4 e-con-full e-flex e-con e-child\" data-id=\"54cc0c4\" data-element_type=\"container\" data-e-type=\"container\">\n\t\t\t\t<div class=\"elementor-element elementor-element-6d22a0d color-scheme-inherit text-left elementor-widget elementor-widget-text-editor\" data-id=\"6d22a0d\" data-element_type=\"widget\" data-e-type=\"widget\" data-widget_type=\"text-editor.default\">\n\t\t\t\t<div class=\"elementor-widget-container\">\n\t\t\t\t\t\t\t\t\t<h2 style=\"text-align: left;\"><span style=\"color: #008000;\">We take pride in good service<\/span><\/h2><p>Our primary mission is to provide the highest quality service so that our customers feel confident in choosing Pelican Self Storage. That&#8217;s why our service is second to none. Our staff work every day to make sure that our customers feel that we have that little extra.  <\/p><p>We distinguish ourselves by, among other things, always having service-oriented staff on site 6 days a week, warm and extra secure storage<\/p><p>Our goal is that you as a customer of Pelican Self Storage will experience good and personalized service and the highest quality of our services.<\/p>\t\t\t\t\t\t\t\t<\/div>\n\t\t\t\t<\/div>\n\t\t\t\t<\/div>\n\t\t\t\t<\/div>\n\t\t\t\t\t<\/div>\n\t\t\t\t<\/div>\n\t\t<div class=\"wd-negative-gap elementor-element elementor-element-7949343 e-flex e-con-boxed e-con e-parent\" data-id=\"7949343\" data-element_type=\"container\" data-e-type=\"container\" data-settings=\"{&quot;background_background&quot;:&quot;classic&quot;}\">\n\t\t\t\t\t<div class=\"e-con-inner\">\n\t\t<div class=\"elementor-element elementor-element-d151d24 e-con-full e-flex e-con e-child\" data-id=\"d151d24\" data-element_type=\"container\" data-e-type=\"container\" data-settings=\"{&quot;background_background&quot;:&quot;classic&quot;}\">\n\t\t<div class=\"elementor-element elementor-element-9dd810a e-con-full e-flex e-con e-child\" data-id=\"9dd810a\" data-element_type=\"container\" data-e-type=\"container\">\n\t\t\t\t<div class=\"elementor-element elementor-element-990972c color-scheme-inherit text-left elementor-widget elementor-widget-text-editor\" data-id=\"990972c\" data-element_type=\"widget\" data-e-type=\"widget\" data-widget_type=\"text-editor.default\">\n\t\t\t\t<div class=\"elementor-widget-container\">\n\t\t\t\t\t\t\t\t\t<h2 style=\"text-align: left;\"><span style=\"color: #008000;\">Our background<\/span><\/h2><p>Pelican Self Storage is an organization based in Luxembourg with subsidiaries in Denmark, Sweden and Finland, founded in 2009.<\/p><p>Pelican offers storage for a variety of purposes; moving, remodeling, basement\/attic conversions, seasonal storage, remote storage facilities and more. Most users are private customers storing household goods and\/or private possessions, and there are also a significant number of business users. Pelican is growing and is in an expansion phase with several construction projects ongoing in Sweden, Finland and Denmark. Currently, Pelican has 11 facilities in Sweden.   <\/p><h2 style=\"text-align: left;\"><span style=\"color: #008000;\">We continue to grow<\/span><\/h2><p style=\"text-align: left;\">With 40 locations in Sweden, Denmark and Finland and more on the way, Pelican Self Storage is growing fast. If you want to know more, please contact our head office. <\/p><h2 style=\"text-align: left;\"><span style=\"color: #008000;\">Our headquarters in Sweden<\/span><\/h2><p>Pelican Self Storage<br>c\/o office<br>Stockholmsv\u00e4gen 104<br>187 30 T\u00e4by, Sweden<\/p><p>020 &#8211; 340 340<br><a class=\"spamspan\" href=\"mailto:info@pelican.se\">info@pelican.se<\/a><\/p>\t\t\t\t\t\t\t\t<\/div>\n\t\t\t\t<\/div>\n\t\t\t\t<\/div>\n\t\t\t\t<\/div>\n\t\t<div class=\"elementor-element elementor-element-4897c87 e-con-full e-flex e-con e-child\" data-id=\"4897c87\" data-element_type=\"container\" data-e-type=\"container\" data-settings=\"{&quot;background_background&quot;:&quot;classic&quot;}\">\n\t\t\t\t<div class=\"elementor-element elementor-element-230bdef elementor-widget elementor-widget-image\" data-id=\"230bdef\" data-element_type=\"widget\" data-e-type=\"widget\" data-widget_type=\"image.default\">\n\t\t\t\t<div class=\"elementor-widget-container\">\n\t\t\t\t\t\t\t\t\t\t\t\t\t\t\t<img loading=\"lazy\" decoding=\"async\" width=\"2560\" height=\"1707\" src=\"https:\/\/pelican.se\/wp-content\/uploads\/2024\/09\/DSC08717_v01-scaled.jpg\" class=\"attachment-full size-full wp-image-2138\" alt=\"\" srcset=\"https:\/\/pelican.se\/wp-content\/uploads\/2024\/09\/DSC08717_v01-scaled.jpg 2560w, https:\/\/pelican.se\/wp-content\/uploads\/2024\/09\/DSC08717_v01-300x200.jpg 300w, https:\/\/pelican.se\/wp-content\/uploads\/2024\/09\/DSC08717_v01-1024x683.jpg 1024w, https:\/\/pelican.se\/wp-content\/uploads\/2024\/09\/DSC08717_v01-768x512.jpg 768w, https:\/\/pelican.se\/wp-content\/uploads\/2024\/09\/DSC08717_v01-1536x1024.jpg 1536w, https:\/\/pelican.se\/wp-content\/uploads\/2024\/09\/DSC08717_v01-2048x1365.jpg 2048w, https:\/\/pelican.se\/wp-content\/uploads\/2024\/09\/DSC08717_v01-1200x800.jpg 1200w, https:\/\/pelican.se\/wp-content\/uploads\/2024\/09\/DSC08717_v01-150x100.jpg 150w\" sizes=\"auto, (max-width: 2560px) 100vw, 2560px\" \/>\t\t\t\t\t\t\t\t\t\t\t\t\t\t\t<\/div>\n\t\t\t\t<\/div>\n\t\t\t\t<\/div>\n\t\t\t\t\t<\/div>\n\t\t\t\t<\/div>\n\t\t\t\t<\/div>\n\t\t","protected":false},"excerpt":{"rendered":"<p>Pelican Self Storage &#8211; storage is for everyone Pelican Self Storage is a leading Nordic brand in home and business<\/p>\n","protected":false},"author":1,"featured_media":0,"parent":0,"menu_order":0,"comment_status":"closed","ping_status":"closed","template":"elementor_header_footer","meta":{"_acf_changed":false,"inline_featured_image":false,"_lmt_disableupdate":"","_lmt_disable":"","footnotes":""},"class_list":["post-14132","page","type-page","status-publish","hentry"],"acf":[],"yoast_head":"<title>About us | Pelican Self Storage<\/title>\n<meta name=\"robots\" content=\"index, follow, max-snippet:-1, max-image-preview:large, max-video-preview:-1\" \/>\n<link rel=\"canonical\" href=\"https:\/\/pelican.se\/en\/about-us\/\" \/>\n<meta property=\"og:locale\" content=\"en_US\" \/>\n<meta property=\"og:type\" content=\"article\" \/>\n<meta property=\"og:title\" content=\"About us\" \/>\n<meta property=\"og:description\" content=\"Pelican Self Storage &#8211; storage is for everyone Pelican Self Storage is a leading Nordic brand in home and business\" \/>\n<meta property=\"og:url\" content=\"https:\/\/pelican.se\/en\/about-us\/\" \/>\n<meta property=\"og:site_name\" content=\"Pelican Self Storage\" \/>\n<meta property=\"article:publisher\" content=\"https:\/\/www.facebook.com\/PelicanSelfStorageDenmark\" \/>\n<meta property=\"article:modified_time\" content=\"2026-01-19T13:47:18+00:00\" \/>\n<meta property=\"og:image\" content=\"https:\/\/pelican.se\/wp-content\/uploads\/2024\/10\/mand1.jpg\" \/>\n\t<meta property=\"og:image:width\" content=\"2500\" \/>\n\t<meta property=\"og:image:height\" content=\"1455\" \/>\n\t<meta property=\"og:image:type\" content=\"image\/jpeg\" \/>\n<meta name=\"twitter:card\" content=\"summary_large_image\" \/>\n<meta name=\"twitter:label1\" content=\"Est. reading time\" \/>\n\t<meta name=\"twitter:data1\" content=\"2 minutes\" \/>\n<script type=\"application\/ld+json\" class=\"yoast-schema-graph\">{\"@context\":\"https:\/\/schema.org\",\"@graph\":[{\"@type\":\"WebPage\",\"@id\":\"https:\/\/pelican.se\/en\/about-us\/\",\"url\":\"https:\/\/pelican.se\/en\/about-us\/\",\"name\":\"About us | Pelican Self Storage\",\"isPartOf\":{\"@id\":\"https:\/\/pelican.se\/en\/#website\"},\"primaryImageOfPage\":{\"@id\":\"https:\/\/pelican.se\/en\/about-us\/#primaryimage\"},\"image\":{\"@id\":\"https:\/\/pelican.se\/en\/about-us\/#primaryimage\"},\"thumbnailUrl\":\"https:\/\/pelican.se\/wp-content\/uploads\/2024\/10\/mand1.jpg\",\"datePublished\":\"2025-05-06T08:48:48+00:00\",\"dateModified\":\"2026-01-19T13:47:18+00:00\",\"breadcrumb\":{\"@id\":\"https:\/\/pelican.se\/en\/about-us\/#breadcrumb\"},\"inLanguage\":\"en-US\",\"potentialAction\":[{\"@type\":\"ReadAction\",\"target\":[\"https:\/\/pelican.se\/en\/about-us\/\"]}]},{\"@type\":\"ImageObject\",\"inLanguage\":\"en-US\",\"@id\":\"https:\/\/pelican.se\/en\/about-us\/#primaryimage\",\"url\":\"https:\/\/pelican.se\/wp-content\/uploads\/2024\/10\/mand1.jpg\",\"contentUrl\":\"https:\/\/pelican.se\/wp-content\/uploads\/2024\/10\/mand1.jpg\"},{\"@type\":\"BreadcrumbList\",\"@id\":\"https:\/\/pelican.se\/en\/about-us\/#breadcrumb\",\"itemListElement\":[{\"@type\":\"ListItem\",\"position\":1,\"name\":\"Home\",\"item\":\"https:\/\/pelican.se\/en\/\"},{\"@type\":\"ListItem\",\"position\":2,\"name\":\"About us\"}]},{\"@type\":\"WebSite\",\"@id\":\"https:\/\/pelican.se\/en\/#website\",\"url\":\"https:\/\/pelican.se\/en\/\",\"name\":\"Smarta f\u00f6rr\u00e5dsl\u00f6sningar f\u00f6r dig\",\"description\":\"Lej et opbevaringsrum hos Pelican Self Storage. Billige priser \u2714 Centre i hele K\u00f8benhavn \u2714 Lagerrum i mange st\u00f8rrelser \u2714 L\u00e5n en gratis trailer \u2714\",\"potentialAction\":[{\"@type\":\"SearchAction\",\"target\":{\"@type\":\"EntryPoint\",\"urlTemplate\":\"https:\/\/pelican.se\/en\/?s={search_term_string}\"},\"query-input\":{\"@type\":\"PropertyValueSpecification\",\"valueRequired\":true,\"valueName\":\"search_term_string\"}}],\"inLanguage\":\"en-US\"}]}<\/script>","yoast_head_json":{"title":"About us | Pelican Self Storage","robots":{"index":"index","follow":"follow","max-snippet":"max-snippet:-1","max-image-preview":"max-image-preview:large","max-video-preview":"max-video-preview:-1"},"canonical":"https:\/\/pelican.se\/en\/about-us\/","og_locale":"en_US","og_type":"article","og_title":"About us","og_description":"Pelican Self Storage &#8211; storage is for everyone Pelican Self Storage is a leading Nordic brand in home and business","og_url":"https:\/\/pelican.se\/en\/about-us\/","og_site_name":"Pelican Self Storage","article_publisher":"https:\/\/www.facebook.com\/PelicanSelfStorageDenmark","article_modified_time":"2026-01-19T13:47:18+00:00","og_image":[{"width":2500,"height":1455,"url":"https:\/\/pelican.se\/wp-content\/uploads\/2024\/10\/mand1.jpg","type":"image\/jpeg"}],"twitter_card":"summary_large_image","twitter_misc":{"Est. reading time":"2 minutes"},"schema":{"@context":"https:\/\/schema.org","@graph":[{"@type":"WebPage","@id":"https:\/\/pelican.se\/en\/about-us\/","url":"https:\/\/pelican.se\/en\/about-us\/","name":"About us | Pelican Self Storage","isPartOf":{"@id":"https:\/\/pelican.se\/en\/#website"},"primaryImageOfPage":{"@id":"https:\/\/pelican.se\/en\/about-us\/#primaryimage"},"image":{"@id":"https:\/\/pelican.se\/en\/about-us\/#primaryimage"},"thumbnailUrl":"https:\/\/pelican.se\/wp-content\/uploads\/2024\/10\/mand1.jpg","datePublished":"2025-05-06T08:48:48+00:00","dateModified":"2026-01-19T13:47:18+00:00","breadcrumb":{"@id":"https:\/\/pelican.se\/en\/about-us\/#breadcrumb"},"inLanguage":"en-US","potentialAction":[{"@type":"ReadAction","target":["https:\/\/pelican.se\/en\/about-us\/"]}]},{"@type":"ImageObject","inLanguage":"en-US","@id":"https:\/\/pelican.se\/en\/about-us\/#primaryimage","url":"https:\/\/pelican.se\/wp-content\/uploads\/2024\/10\/mand1.jpg","contentUrl":"https:\/\/pelican.se\/wp-content\/uploads\/2024\/10\/mand1.jpg"},{"@type":"BreadcrumbList","@id":"https:\/\/pelican.se\/en\/about-us\/#breadcrumb","itemListElement":[{"@type":"ListItem","position":1,"name":"Home","item":"https:\/\/pelican.se\/en\/"},{"@type":"ListItem","position":2,"name":"About us"}]},{"@type":"WebSite","@id":"https:\/\/pelican.se\/en\/#website","url":"https:\/\/pelican.se\/en\/","name":"Smarta f\u00f6rr\u00e5dsl\u00f6sningar f\u00f6r dig","description":"Lej et opbevaringsrum hos Pelican Self Storage. Billige priser \u2714 Centre i hele K\u00f8benhavn \u2714 Lagerrum i mange st\u00f8rrelser \u2714 L\u00e5n en gratis trailer \u2714","potentialAction":[{"@type":"SearchAction","target":{"@type":"EntryPoint","urlTemplate":"https:\/\/pelican.se\/en\/?s={search_term_string}"},"query-input":{"@type":"PropertyValueSpecification","valueRequired":true,"valueName":"search_term_string"}}],"inLanguage":"en-US"}]}},"_links":{"self":[{"href":"https:\/\/pelican.se\/en\/wp-json\/wp\/v2\/pages\/14132","targetHints":{"allow":["GET"]}}],"collection":[{"href":"https:\/\/pelican.se\/en\/wp-json\/wp\/v2\/pages"}],"about":[{"href":"https:\/\/pelican.se\/en\/wp-json\/wp\/v2\/types\/page"}],"author":[{"embeddable":true,"href":"https:\/\/pelican.se\/en\/wp-json\/wp\/v2\/users\/1"}],"replies":[{"embeddable":true,"href":"https:\/\/pelican.se\/en\/wp-json\/wp\/v2\/comments?post=14132"}],"version-history":[{"count":4,"href":"https:\/\/pelican.se\/en\/wp-json\/wp\/v2\/pages\/14132\/revisions"}],"predecessor-version":[{"id":17643,"href":"https:\/\/pelican.se\/en\/wp-json\/wp\/v2\/pages\/14132\/revisions\/17643"}],"wp:attachment":[{"href":"https:\/\/pelican.se\/en\/wp-json\/wp\/v2\/media?parent=14132"}],"curies":[{"name":"wp","href":"https:\/\/api.w.org\/{rel}","templated":true}]}}