{"id":14135,"date":"2025-05-06T10:48:49","date_gmt":"2025-05-06T08:48:49","guid":{"rendered":"https:\/\/pelican.se\/working-with-us\/"},"modified":"2025-05-09T09:09:11","modified_gmt":"2025-05-09T07:09:11","slug":"working-with-us","status":"publish","type":"page","link":"https:\/\/pelican.se\/en\/working-with-us\/","title":{"rendered":"Working with us"},"content":{"rendered":"\t\t<div data-elementor-type=\"wp-page\" data-elementor-id=\"14135\" class=\"elementor elementor-14135 elementor-11398\" data-elementor-post-type=\"page\">\n\t\t\t\t<div class=\"elementor-element elementor-element-6fb7637 e-flex e-con-boxed e-con e-parent\" data-id=\"6fb7637\" data-element_type=\"container\" data-e-type=\"container\">\n\t\t\t\t\t<div class=\"e-con-inner\">\n\t\t<div class=\"elementor-element elementor-element-626a439 e-con-full e-flex e-con e-child\" data-id=\"626a439\" data-element_type=\"container\" data-e-type=\"container\" data-settings=\"{&quot;background_background&quot;:&quot;classic&quot;}\">\n\t\t<div class=\"elementor-element elementor-element-322c267 e-con-full e-flex e-con e-child\" data-id=\"322c267\" data-element_type=\"container\" data-e-type=\"container\">\n\t\t\t\t<div class=\"elementor-element elementor-element-abbd4df wd-width-100 elementor-widget elementor-widget-wd_title\" data-id=\"abbd4df\" data-element_type=\"widget\" data-e-type=\"widget\" data-widget_type=\"wd_title.default\">\n\t\t\t\t<div class=\"elementor-widget-container\">\n\t\t\t\t\t\t\t<div class=\"title-wrapper wd-set-mb reset-last-child wd-title-color-default wd-title-style-default wd-title-size-medium text-left\">\n\n\t\t\t\n\t\t\t<div class=\"liner-continer\">\n\t\t\t\t<h4 class=\"woodmart-title-container title wd-fontsize-xl\">Working at Pelican Self Storage<\/h4> \n\t\t\t\t\t\t\t<\/div>\n\n\t\t\t\t\t\t\t<div class=\"title-after_title reset-last-child wd-fontsize-s\">\n\t\t\t\t\t<p>We know that skilled people who know their stuff and want to contribute to a better business are the key to success. We put a lot of effort into looking for the right people when we recruit, and creating the conditions for them to develop with us. <\/p><p>We value common sense and freedom with responsibility above all. Our staff are adults and we trust them to use their good judgment. When necessary, we provide constructive criticism, and good performance is rewarded. We care about the well-being of our people, which is why we have created a work environment with high ceilings and good career opportunities.   <\/p><p>Send your application<\/p><p>We are always looking for driven and ambitious people to join our team.<\/p><p> <\/p>\t\t\t\t<\/div>\n\t\t\t\t\t<\/div>\n\t\t\t\t\t\t<\/div>\n\t\t\t\t<\/div>\n\t\t\t\t<div class=\"elementor-element elementor-element-97afd41 elementor-button-success elementor-align-justify elementor-widget__width-initial elementor-widget elementor-widget-button\" data-id=\"97afd41\" data-element_type=\"widget\" data-e-type=\"widget\" data-widget_type=\"button.default\">\n\t\t\t\t<div class=\"elementor-widget-container\">\n\t\t\t\t\t\t\t\t\t<div class=\"elementor-button-wrapper\">\n\t\t\t\t\t<a class=\"elementor-button elementor-button-link elementor-size-sm\" href=\"https:\/\/pelicanselfstorage.teamtailor.com\/\" target=\"_blank\">\n\t\t\t\t\t\t<span class=\"elementor-button-content-wrapper\">\n\t\t\t\t\t\t<span class=\"elementor-button-icon\">\n\t\t\t\t<svg aria-hidden=\"true\" class=\"e-font-icon-svg e-far-handshake\" viewBox=\"0 0 640 512\" xmlns=\"http:\/\/www.w3.org\/2000\/svg\"><path d=\"M519.2 127.9l-47.6-47.6A56.252 56.252 0 0 0 432 64H205.2c-14.8 0-29.1 5.9-39.6 16.3L118 127.9H0v255.7h64c17.6 0 31.8-14.2 31.9-31.7h9.1l84.6 76.4c30.9 25.1 73.8 25.7 105.6 3.8 12.5 10.8 26 15.9 41.1 15.9 18.2 0 35.3-7.4 48.8-24 22.1 8.7 48.2 2.6 64-16.8l26.2-32.3c5.6-6.9 9.1-14.8 10.9-23h57.9c.1 17.5 14.4 31.7 31.9 31.7h64V127.9H519.2zM48 351.6c-8.8 0-16-7.2-16-16s7.2-16 16-16 16 7.2 16 16c0 8.9-7.2 16-16 16zm390-6.9l-26.1 32.2c-2.8 3.4-7.8 4-11.3 1.2l-23.9-19.4-30 36.5c-6 7.3-15 4.8-18 2.4l-36.8-31.5-15.6 19.2c-13.9 17.1-39.2 19.7-55.3 6.6l-97.3-88H96V175.8h41.9l61.7-61.6c2-.8 3.7-1.5 5.7-2.3H262l-38.7 35.5c-29.4 26.9-31.1 72.3-4.4 101.3 14.8 16.2 61.2 41.2 101.5 4.4l8.2-7.5 108.2 87.8c3.4 2.8 3.9 7.9 1.2 11.3zm106-40.8h-69.2c-2.3-2.8-4.9-5.4-7.7-7.7l-102.7-83.4 12.5-11.4c6.5-6 7-16.1 1-22.6L367 167.1c-6-6.5-16.1-6.9-22.6-1l-55.2 50.6c-9.5 8.7-25.7 9.4-34.6 0-9.3-9.9-8.5-25.1 1.2-33.9l65.6-60.1c7.4-6.8 17-10.5 27-10.5l83.7-.2c2.1 0 4.1.8 5.5 2.3l61.7 61.6H544v128zm48 47.7c-8.8 0-16-7.2-16-16s7.2-16 16-16 16 7.2 16 16c0 8.9-7.2 16-16 16z\"><\/path><\/svg>\t\t\t<\/span>\n\t\t\t\t\t\t\t\t\t<span class=\"elementor-button-text\">Connect with us and see job openings<\/span>\n\t\t\t\t\t<\/span>\n\t\t\t\t\t<\/a>\n\t\t\t\t<\/div>\n\t\t\t\t\t\t\t\t<\/div>\n\t\t\t\t<\/div>\n\t\t\t\t<\/div>\n\t\t\t\t<\/div>\n\t\t<div class=\"elementor-element elementor-element-dff93fc e-con-full e-flex e-con e-child\" data-id=\"dff93fc\" data-element_type=\"container\" data-e-type=\"container\" data-settings=\"{&quot;background_background&quot;:&quot;classic&quot;}\">\n\t\t\t\t<div class=\"elementor-element elementor-element-0aa5928 elementor-widget elementor-widget-image\" data-id=\"0aa5928\" data-element_type=\"widget\" data-e-type=\"widget\" data-widget_type=\"image.default\">\n\t\t\t\t<div class=\"elementor-widget-container\">\n\t\t\t\t\t\t\t\t\t\t\t\t\t\t\t<img decoding=\"async\" src=\"https:\/\/pelican.se\/wp-content\/uploads\/2025\/04\/EZ_10-03-22_Pelican-Stockholm_15495-2-scaled.jpg\" title=\"EZ_10-03-22_Pelican Stockholm_15495 2\" alt=\"EZ_10-03-22_Pelican Stockholm_15495 2\" loading=\"lazy\" \/>\t\t\t\t\t\t\t\t\t\t\t\t\t\t\t<\/div>\n\t\t\t\t<\/div>\n\t\t\t\t<\/div>\n\t\t\t\t\t<\/div>\n\t\t\t\t<\/div>\n\t\t<div class=\"wd-negative-gap elementor-element elementor-element-9506621 e-flex e-con-boxed e-con e-parent\" data-id=\"9506621\" data-element_type=\"container\" data-e-type=\"container\">\n\t\t\t\t\t<div class=\"e-con-inner\">\n\t\t\t\t\t<\/div>\n\t\t\t\t<\/div>\n\t\t\t\t<\/div>\n\t\t","protected":false},"excerpt":{"rendered":"<p>Working at Pelican Self Storage We know that skilled people who know their stuff and want to contribute to a<\/p>\n","protected":false},"author":1,"featured_media":0,"parent":0,"menu_order":0,"comment_status":"closed","ping_status":"closed","template":"elementor_header_footer","meta":{"_acf_changed":false,"inline_featured_image":false,"_lmt_disableupdate":"","_lmt_disable":"","footnotes":""},"class_list":["post-14135","page","type-page","status-publish","hentry"],"acf":[],"yoast_head":"<title>Working with us | Pelican Self Storage<\/title>\n<meta name=\"robots\" content=\"index, follow, max-snippet:-1, max-image-preview:large, max-video-preview:-1\" \/>\n<link rel=\"canonical\" href=\"https:\/\/pelican.se\/en\/working-with-us\/\" \/>\n<meta property=\"og:locale\" content=\"en_US\" \/>\n<meta property=\"og:type\" content=\"article\" \/>\n<meta property=\"og:title\" content=\"Working with us\" \/>\n<meta property=\"og:description\" content=\"Working at Pelican Self Storage We know that skilled people who know their stuff and want to contribute to a\" \/>\n<meta property=\"og:url\" content=\"https:\/\/pelican.se\/en\/working-with-us\/\" \/>\n<meta property=\"og:site_name\" content=\"Pelican Self Storage\" \/>\n<meta property=\"article:publisher\" content=\"https:\/\/www.facebook.com\/PelicanSelfStorageDenmark\" \/>\n<meta property=\"article:modified_time\" content=\"2025-05-09T07:09:11+00:00\" \/>\n<meta property=\"og:image\" content=\"https:\/\/pelican.se\/wp-content\/uploads\/2025\/04\/EZ_10-03-22_Pelican-Stockholm_15495-2-scaled.jpg\" \/>\n<meta name=\"twitter:card\" content=\"summary_large_image\" \/>\n<meta name=\"twitter:label1\" content=\"Est. reading time\" \/>\n\t<meta name=\"twitter:data1\" content=\"1 minute\" \/>\n<script type=\"application\/ld+json\" class=\"yoast-schema-graph\">{\"@context\":\"https:\/\/schema.org\",\"@graph\":[{\"@type\":\"WebPage\",\"@id\":\"https:\/\/pelican.se\/en\/working-with-us\/\",\"url\":\"https:\/\/pelican.se\/en\/working-with-us\/\",\"name\":\"Working with us | Pelican Self Storage\",\"isPartOf\":{\"@id\":\"https:\/\/pelican.se\/en\/#website\"},\"primaryImageOfPage\":{\"@id\":\"https:\/\/pelican.se\/en\/working-with-us\/#primaryimage\"},\"image\":{\"@id\":\"https:\/\/pelican.se\/en\/working-with-us\/#primaryimage\"},\"thumbnailUrl\":\"https:\/\/pelican.se\/wp-content\/uploads\/2025\/04\/EZ_10-03-22_Pelican-Stockholm_15495-2-scaled.jpg\",\"datePublished\":\"2025-05-06T08:48:49+00:00\",\"dateModified\":\"2025-05-09T07:09:11+00:00\",\"breadcrumb\":{\"@id\":\"https:\/\/pelican.se\/en\/working-with-us\/#breadcrumb\"},\"inLanguage\":\"en-US\",\"potentialAction\":[{\"@type\":\"ReadAction\",\"target\":[\"https:\/\/pelican.se\/en\/working-with-us\/\"]}]},{\"@type\":\"ImageObject\",\"inLanguage\":\"en-US\",\"@id\":\"https:\/\/pelican.se\/en\/working-with-us\/#primaryimage\",\"url\":\"https:\/\/pelican.se\/wp-content\/uploads\/2025\/04\/EZ_10-03-22_Pelican-Stockholm_15495-2-scaled.jpg\",\"contentUrl\":\"https:\/\/pelican.se\/wp-content\/uploads\/2025\/04\/EZ_10-03-22_Pelican-Stockholm_15495-2-scaled.jpg\"},{\"@type\":\"BreadcrumbList\",\"@id\":\"https:\/\/pelican.se\/en\/working-with-us\/#breadcrumb\",\"itemListElement\":[{\"@type\":\"ListItem\",\"position\":1,\"name\":\"Home\",\"item\":\"https:\/\/pelican.se\/en\/\"},{\"@type\":\"ListItem\",\"position\":2,\"name\":\"Working with us\"}]},{\"@type\":\"WebSite\",\"@id\":\"https:\/\/pelican.se\/en\/#website\",\"url\":\"https:\/\/pelican.se\/en\/\",\"name\":\"Smarta f\u00f6rr\u00e5dsl\u00f6sningar f\u00f6r dig\",\"description\":\"Lej et opbevaringsrum hos Pelican Self Storage. Billige priser \u2714 Centre i hele K\u00f8benhavn \u2714 Lagerrum i mange st\u00f8rrelser \u2714 L\u00e5n en gratis trailer \u2714\",\"potentialAction\":[{\"@type\":\"SearchAction\",\"target\":{\"@type\":\"EntryPoint\",\"urlTemplate\":\"https:\/\/pelican.se\/en\/?s={search_term_string}\"},\"query-input\":{\"@type\":\"PropertyValueSpecification\",\"valueRequired\":true,\"valueName\":\"search_term_string\"}}],\"inLanguage\":\"en-US\"}]}<\/script>","yoast_head_json":{"title":"Working with us | Pelican Self Storage","robots":{"index":"index","follow":"follow","max-snippet":"max-snippet:-1","max-image-preview":"max-image-preview:large","max-video-preview":"max-video-preview:-1"},"canonical":"https:\/\/pelican.se\/en\/working-with-us\/","og_locale":"en_US","og_type":"article","og_title":"Working with us","og_description":"Working at Pelican Self Storage We know that skilled people who know their stuff and want to contribute to a","og_url":"https:\/\/pelican.se\/en\/working-with-us\/","og_site_name":"Pelican Self Storage","article_publisher":"https:\/\/www.facebook.com\/PelicanSelfStorageDenmark","article_modified_time":"2025-05-09T07:09:11+00:00","og_image":[{"url":"https:\/\/pelican.se\/wp-content\/uploads\/2025\/04\/EZ_10-03-22_Pelican-Stockholm_15495-2-scaled.jpg","type":"","width":"","height":""}],"twitter_card":"summary_large_image","twitter_misc":{"Est. reading time":"1 minute"},"schema":{"@context":"https:\/\/schema.org","@graph":[{"@type":"WebPage","@id":"https:\/\/pelican.se\/en\/working-with-us\/","url":"https:\/\/pelican.se\/en\/working-with-us\/","name":"Working with us | Pelican Self Storage","isPartOf":{"@id":"https:\/\/pelican.se\/en\/#website"},"primaryImageOfPage":{"@id":"https:\/\/pelican.se\/en\/working-with-us\/#primaryimage"},"image":{"@id":"https:\/\/pelican.se\/en\/working-with-us\/#primaryimage"},"thumbnailUrl":"https:\/\/pelican.se\/wp-content\/uploads\/2025\/04\/EZ_10-03-22_Pelican-Stockholm_15495-2-scaled.jpg","datePublished":"2025-05-06T08:48:49+00:00","dateModified":"2025-05-09T07:09:11+00:00","breadcrumb":{"@id":"https:\/\/pelican.se\/en\/working-with-us\/#breadcrumb"},"inLanguage":"en-US","potentialAction":[{"@type":"ReadAction","target":["https:\/\/pelican.se\/en\/working-with-us\/"]}]},{"@type":"ImageObject","inLanguage":"en-US","@id":"https:\/\/pelican.se\/en\/working-with-us\/#primaryimage","url":"https:\/\/pelican.se\/wp-content\/uploads\/2025\/04\/EZ_10-03-22_Pelican-Stockholm_15495-2-scaled.jpg","contentUrl":"https:\/\/pelican.se\/wp-content\/uploads\/2025\/04\/EZ_10-03-22_Pelican-Stockholm_15495-2-scaled.jpg"},{"@type":"BreadcrumbList","@id":"https:\/\/pelican.se\/en\/working-with-us\/#breadcrumb","itemListElement":[{"@type":"ListItem","position":1,"name":"Home","item":"https:\/\/pelican.se\/en\/"},{"@type":"ListItem","position":2,"name":"Working with us"}]},{"@type":"WebSite","@id":"https:\/\/pelican.se\/en\/#website","url":"https:\/\/pelican.se\/en\/","name":"Smarta f\u00f6rr\u00e5dsl\u00f6sningar f\u00f6r dig","description":"Lej et opbevaringsrum hos Pelican Self Storage. Billige priser \u2714 Centre i hele K\u00f8benhavn \u2714 Lagerrum i mange st\u00f8rrelser \u2714 L\u00e5n en gratis trailer \u2714","potentialAction":[{"@type":"SearchAction","target":{"@type":"EntryPoint","urlTemplate":"https:\/\/pelican.se\/en\/?s={search_term_string}"},"query-input":{"@type":"PropertyValueSpecification","valueRequired":true,"valueName":"search_term_string"}}],"inLanguage":"en-US"}]}},"_links":{"self":[{"href":"https:\/\/pelican.se\/en\/wp-json\/wp\/v2\/pages\/14135","targetHints":{"allow":["GET"]}}],"collection":[{"href":"https:\/\/pelican.se\/en\/wp-json\/wp\/v2\/pages"}],"about":[{"href":"https:\/\/pelican.se\/en\/wp-json\/wp\/v2\/types\/page"}],"author":[{"embeddable":true,"href":"https:\/\/pelican.se\/en\/wp-json\/wp\/v2\/users\/1"}],"replies":[{"embeddable":true,"href":"https:\/\/pelican.se\/en\/wp-json\/wp\/v2\/comments?post=14135"}],"version-history":[{"count":1,"href":"https:\/\/pelican.se\/en\/wp-json\/wp\/v2\/pages\/14135\/revisions"}],"predecessor-version":[{"id":14138,"href":"https:\/\/pelican.se\/en\/wp-json\/wp\/v2\/pages\/14135\/revisions\/14138"}],"wp:attachment":[{"href":"https:\/\/pelican.se\/en\/wp-json\/wp\/v2\/media?parent=14135"}],"curies":[{"name":"wp","href":"https:\/\/api.w.org\/{rel}","templated":true}]}}