{"id":14152,"date":"2025-05-06T10:48:54","date_gmt":"2025-05-06T08:48:54","guid":{"rendered":"https:\/\/pelican.se\/safe-trailers\/"},"modified":"2025-05-11T23:59:44","modified_gmt":"2025-05-11T21:59:44","slug":"safe-trailers","status":"publish","type":"page","link":"https:\/\/pelican.se\/en\/safe-trailers\/","title":{"rendered":"Safe trailers"},"content":{"rendered":"\t\t<div data-elementor-type=\"wp-page\" data-elementor-id=\"14152\" class=\"elementor elementor-14152 elementor-11408\" data-elementor-post-type=\"page\">\n\t\t\t\t<div class=\"elementor-element elementor-element-652c525a e-flex e-con-boxed e-con e-parent\" data-id=\"652c525a\" data-element_type=\"container\" data-e-type=\"container\">\n\t\t\t\t\t<div class=\"e-con-inner\">\n\t\t<div class=\"elementor-element elementor-element-3972aabd e-con-full e-flex e-con e-child\" data-id=\"3972aabd\" data-element_type=\"container\" data-e-type=\"container\" data-settings=\"{&quot;background_background&quot;:&quot;classic&quot;}\">\n\t\t\t\t<div class=\"elementor-element elementor-element-58e6d1a5 elementor-widget elementor-widget-image\" data-id=\"58e6d1a5\" data-element_type=\"widget\" data-e-type=\"widget\" data-widget_type=\"image.default\">\n\t\t\t\t<div class=\"elementor-widget-container\">\n\t\t\t\t\t\t\t\t\t\t\t\t\t\t\t<img loading=\"lazy\" decoding=\"async\" width=\"1024\" height=\"776\" src=\"https:\/\/pelican.se\/wp-content\/uploads\/2025\/04\/l3a2982_0-1024x776.jpg\" class=\"attachment-large size-large wp-image-14019\" alt=\"\" srcset=\"https:\/\/pelican.se\/wp-content\/uploads\/2025\/04\/l3a2982_0-1024x776.jpg 1024w, https:\/\/pelican.se\/wp-content\/uploads\/2025\/04\/l3a2982_0-300x227.jpg 300w, https:\/\/pelican.se\/wp-content\/uploads\/2025\/04\/l3a2982_0-768x582.jpg 768w, https:\/\/pelican.se\/wp-content\/uploads\/2025\/04\/l3a2982_0-150x114.jpg 150w, https:\/\/pelican.se\/wp-content\/uploads\/2025\/04\/l3a2982_0.jpg 1200w\" sizes=\"auto, (max-width: 1024px) 100vw, 1024px\" \/>\t\t\t\t\t\t\t\t\t\t\t\t\t\t\t<\/div>\n\t\t\t\t<\/div>\n\t\t\t\t<\/div>\n\t\t<div class=\"elementor-element elementor-element-41c31391 e-con-full e-flex e-con e-child\" data-id=\"41c31391\" data-element_type=\"container\" data-e-type=\"container\" data-settings=\"{&quot;background_background&quot;:&quot;classic&quot;}\">\n\t\t<div class=\"elementor-element elementor-element-25a59b96 e-con-full e-flex e-con e-child\" data-id=\"25a59b96\" data-element_type=\"container\" data-e-type=\"container\">\n\t\t\t\t<div class=\"elementor-element elementor-element-fe29fba wd-width-100 elementor-widget elementor-widget-wd_title\" data-id=\"fe29fba\" data-element_type=\"widget\" data-e-type=\"widget\" data-widget_type=\"wd_title.default\">\n\t\t\t\t<div class=\"elementor-widget-container\">\n\t\t\t\t\t\t\t<div class=\"title-wrapper wd-set-mb reset-last-child wd-title-color-default wd-title-style-default wd-title-size-default text-left\">\n\n\t\t\t\n\t\t\t<div class=\"liner-continer\">\n\t\t\t\t<h4 class=\"woodmart-title-container title wd-fontsize-l\">Safe trailers, perfect for moving<\/h4> \n\t\t\t\t\t\t\t<\/div>\n\n\t\t\t\t\t\t\t<div class=\"title-after_title reset-last-child wd-fontsize-xs\">\n\t\t\t\t\t<p>If you're cleaning out clothes, cushions, children's toys or simply have more stuff than you can fit in your car, you can borrow a covered trailer for free from Pelican Self Storage. A perfect and easy solution for all those projects that don't require the help of an entire moving company. <\/p><h4><span style=\"color: #008000\">We lend all our trailers for free for 4 hours<\/span><\/h4><p>You can easily pre-book a trailer on your mobile for a small fee if you want to make sure one is available. Reserving, activating and returning the trailer is easy, secure and smart - all using your mobile phone. <\/p>\t\t\t\t<\/div>\n\t\t\t\t\t<\/div>\n\t\t\t\t\t\t<\/div>\n\t\t\t\t<\/div>\n\t\t\t\t<div class=\"elementor-element elementor-element-2ebdde9 elementor-widget elementor-widget-button\" data-id=\"2ebdde9\" data-element_type=\"widget\" data-e-type=\"widget\" data-widget_type=\"button.default\">\n\t\t\t\t<div class=\"elementor-widget-container\">\n\t\t\t\t\t\t\t\t\t<div class=\"elementor-button-wrapper\">\n\t\t\t\t\t<a class=\"elementor-button elementor-button-link elementor-size-sm\" href=\"https:\/\/freetrailer.com\/se\/samarbetspartners\/pelican\/\" target=\"_blank\">\n\t\t\t\t\t\t<span class=\"elementor-button-content-wrapper\">\n\t\t\t\t\t\t\t\t\t<span class=\"elementor-button-text\">Book a trailer<\/span>\n\t\t\t\t\t<\/span>\n\t\t\t\t\t<\/a>\n\t\t\t\t<\/div>\n\t\t\t\t\t\t\t\t<\/div>\n\t\t\t\t<\/div>\n\t\t\t\t<\/div>\n\t\t\t\t<\/div>\n\t\t\t\t\t<\/div>\n\t\t\t\t<\/div>\n\t\t<div class=\"elementor-element elementor-element-246c6fdc e-flex e-con-boxed e-con e-parent\" data-id=\"246c6fdc\" data-element_type=\"container\" data-e-type=\"container\" data-settings=\"{&quot;background_background&quot;:&quot;classic&quot;}\">\n\t\t\t\t\t<div class=\"e-con-inner\">\n\t\t\t\t<div class=\"elementor-element elementor-element-70b4056f wd-width-100 elementor-widget elementor-widget-wd_title\" data-id=\"70b4056f\" data-element_type=\"widget\" data-e-type=\"widget\" data-widget_type=\"wd_title.default\">\n\t\t\t\t<div class=\"elementor-widget-container\">\n\t\t\t\t\t\t\t<div class=\"title-wrapper wd-set-mb reset-last-child wd-title-color-default wd-title-style-default wd-title-size-default text-left\">\n\n\t\t\t\n\t\t\t<div class=\"liner-continer\">\n\t\t\t\t<h4 class=\"woodmart-title-container title wd-fontsize-l\">Pelican Self Storage offers smart, simple and cheap solutions.<\/h4> \n\t\t\t\t\t\t\t<\/div>\n\n\t\t\t\t\t\t\t<div class=\"title-after_title reset-last-child wd-fontsize-xs\">\n\t\t\t\t\t<p>Whether you've moved to a new home or are just finally getting around to that purge, we at Pelican Self Storage can help you with a trailer so you can easily transport your things from A to B. Once you're moving your things, Pelican Self Storage offers a wide range of <a href=\"https:\/\/pelican.se\/en\/facilities\/\">storage solutions in Stockholm<\/a> as well as stores with moving boxes, moving blankets, bubble wrap and much more.<\/p><p>You can find all the info about our trailer rentals on our website, or come into any of our locations where we are always ready to help you with everything from trailers to moving materials.<\/p><p>Always personal, easy and safe at Pelican Self Storage.<\/p>\t\t\t\t<\/div>\n\t\t\t\t\t<\/div>\n\t\t\t\t\t\t<\/div>\n\t\t\t\t<\/div>\n\t\t\t\t\t<\/div>\n\t\t\t\t<\/div>\n\t\t\t\t<\/div>\n\t\t","protected":false},"excerpt":{"rendered":"<p>Safe trailers, perfect for moving If you&#8217;re cleaning out clothes, cushions, children&#8217;s toys or simply have more stuff than you<\/p>\n","protected":false},"author":1,"featured_media":0,"parent":0,"menu_order":0,"comment_status":"closed","ping_status":"closed","template":"elementor_header_footer","meta":{"_acf_changed":false,"inline_featured_image":false,"_lmt_disableupdate":"","_lmt_disable":"","footnotes":""},"class_list":["post-14152","page","type-page","status-publish","hentry"],"acf":[],"yoast_head":"<title>Safe trailers | Pelican Self Storage<\/title>\n<meta name=\"robots\" content=\"index, follow, max-snippet:-1, max-image-preview:large, max-video-preview:-1\" \/>\n<link rel=\"canonical\" href=\"https:\/\/pelican.se\/en\/safe-trailers\/\" \/>\n<meta property=\"og:locale\" content=\"en_US\" \/>\n<meta property=\"og:type\" content=\"article\" \/>\n<meta property=\"og:title\" content=\"Safe trailers\" \/>\n<meta property=\"og:description\" content=\"Safe trailers, perfect for moving If you&#8217;re cleaning out clothes, cushions, children&#8217;s toys or simply have more stuff than you\" \/>\n<meta property=\"og:url\" content=\"https:\/\/pelican.se\/en\/safe-trailers\/\" \/>\n<meta property=\"og:site_name\" content=\"Pelican Self Storage\" \/>\n<meta property=\"article:publisher\" content=\"https:\/\/www.facebook.com\/PelicanSelfStorageDenmark\" \/>\n<meta property=\"article:modified_time\" content=\"2025-05-11T21:59:44+00:00\" \/>\n<meta property=\"og:image\" content=\"https:\/\/pelican.se\/wp-content\/uploads\/2025\/04\/l3a2982_0.jpg\" \/>\n\t<meta property=\"og:image:width\" content=\"1200\" \/>\n\t<meta property=\"og:image:height\" content=\"909\" \/>\n\t<meta property=\"og:image:type\" content=\"image\/jpeg\" \/>\n<meta name=\"twitter:card\" content=\"summary_large_image\" \/>\n<meta name=\"twitter:label1\" content=\"Est. reading time\" \/>\n\t<meta name=\"twitter:data1\" content=\"1 minute\" \/>\n<script type=\"application\/ld+json\" class=\"yoast-schema-graph\">{\"@context\":\"https:\/\/schema.org\",\"@graph\":[{\"@type\":\"WebPage\",\"@id\":\"https:\/\/pelican.se\/en\/safe-trailers\/\",\"url\":\"https:\/\/pelican.se\/en\/safe-trailers\/\",\"name\":\"Safe trailers | Pelican Self Storage\",\"isPartOf\":{\"@id\":\"https:\/\/pelican.se\/en\/#website\"},\"primaryImageOfPage\":{\"@id\":\"https:\/\/pelican.se\/en\/safe-trailers\/#primaryimage\"},\"image\":{\"@id\":\"https:\/\/pelican.se\/en\/safe-trailers\/#primaryimage\"},\"thumbnailUrl\":\"https:\/\/pelican.se\/wp-content\/uploads\/2025\/04\/l3a2982_0-1024x776.jpg\",\"datePublished\":\"2025-05-06T08:48:54+00:00\",\"dateModified\":\"2025-05-11T21:59:44+00:00\",\"breadcrumb\":{\"@id\":\"https:\/\/pelican.se\/en\/safe-trailers\/#breadcrumb\"},\"inLanguage\":\"en-US\",\"potentialAction\":[{\"@type\":\"ReadAction\",\"target\":[\"https:\/\/pelican.se\/en\/safe-trailers\/\"]}]},{\"@type\":\"ImageObject\",\"inLanguage\":\"en-US\",\"@id\":\"https:\/\/pelican.se\/en\/safe-trailers\/#primaryimage\",\"url\":\"https:\/\/pelican.se\/wp-content\/uploads\/2025\/04\/l3a2982_0-1024x776.jpg\",\"contentUrl\":\"https:\/\/pelican.se\/wp-content\/uploads\/2025\/04\/l3a2982_0-1024x776.jpg\"},{\"@type\":\"BreadcrumbList\",\"@id\":\"https:\/\/pelican.se\/en\/safe-trailers\/#breadcrumb\",\"itemListElement\":[{\"@type\":\"ListItem\",\"position\":1,\"name\":\"Home\",\"item\":\"https:\/\/pelican.se\/en\/\"},{\"@type\":\"ListItem\",\"position\":2,\"name\":\"Safe trailers\"}]},{\"@type\":\"WebSite\",\"@id\":\"https:\/\/pelican.se\/en\/#website\",\"url\":\"https:\/\/pelican.se\/en\/\",\"name\":\"Smarta f\u00f6rr\u00e5dsl\u00f6sningar f\u00f6r dig\",\"description\":\"Lej et opbevaringsrum hos Pelican Self Storage. Billige priser \u2714 Centre i hele K\u00f8benhavn \u2714 Lagerrum i mange st\u00f8rrelser \u2714 L\u00e5n en gratis trailer \u2714\",\"potentialAction\":[{\"@type\":\"SearchAction\",\"target\":{\"@type\":\"EntryPoint\",\"urlTemplate\":\"https:\/\/pelican.se\/en\/?s={search_term_string}\"},\"query-input\":{\"@type\":\"PropertyValueSpecification\",\"valueRequired\":true,\"valueName\":\"search_term_string\"}}],\"inLanguage\":\"en-US\"}]}<\/script>","yoast_head_json":{"title":"Safe trailers | Pelican Self Storage","robots":{"index":"index","follow":"follow","max-snippet":"max-snippet:-1","max-image-preview":"max-image-preview:large","max-video-preview":"max-video-preview:-1"},"canonical":"https:\/\/pelican.se\/en\/safe-trailers\/","og_locale":"en_US","og_type":"article","og_title":"Safe trailers","og_description":"Safe trailers, perfect for moving If you&#8217;re cleaning out clothes, cushions, children&#8217;s toys or simply have more stuff than you","og_url":"https:\/\/pelican.se\/en\/safe-trailers\/","og_site_name":"Pelican Self Storage","article_publisher":"https:\/\/www.facebook.com\/PelicanSelfStorageDenmark","article_modified_time":"2025-05-11T21:59:44+00:00","og_image":[{"width":1200,"height":909,"url":"https:\/\/pelican.se\/wp-content\/uploads\/2025\/04\/l3a2982_0.jpg","type":"image\/jpeg"}],"twitter_card":"summary_large_image","twitter_misc":{"Est. reading time":"1 minute"},"schema":{"@context":"https:\/\/schema.org","@graph":[{"@type":"WebPage","@id":"https:\/\/pelican.se\/en\/safe-trailers\/","url":"https:\/\/pelican.se\/en\/safe-trailers\/","name":"Safe trailers | Pelican Self Storage","isPartOf":{"@id":"https:\/\/pelican.se\/en\/#website"},"primaryImageOfPage":{"@id":"https:\/\/pelican.se\/en\/safe-trailers\/#primaryimage"},"image":{"@id":"https:\/\/pelican.se\/en\/safe-trailers\/#primaryimage"},"thumbnailUrl":"https:\/\/pelican.se\/wp-content\/uploads\/2025\/04\/l3a2982_0-1024x776.jpg","datePublished":"2025-05-06T08:48:54+00:00","dateModified":"2025-05-11T21:59:44+00:00","breadcrumb":{"@id":"https:\/\/pelican.se\/en\/safe-trailers\/#breadcrumb"},"inLanguage":"en-US","potentialAction":[{"@type":"ReadAction","target":["https:\/\/pelican.se\/en\/safe-trailers\/"]}]},{"@type":"ImageObject","inLanguage":"en-US","@id":"https:\/\/pelican.se\/en\/safe-trailers\/#primaryimage","url":"https:\/\/pelican.se\/wp-content\/uploads\/2025\/04\/l3a2982_0-1024x776.jpg","contentUrl":"https:\/\/pelican.se\/wp-content\/uploads\/2025\/04\/l3a2982_0-1024x776.jpg"},{"@type":"BreadcrumbList","@id":"https:\/\/pelican.se\/en\/safe-trailers\/#breadcrumb","itemListElement":[{"@type":"ListItem","position":1,"name":"Home","item":"https:\/\/pelican.se\/en\/"},{"@type":"ListItem","position":2,"name":"Safe trailers"}]},{"@type":"WebSite","@id":"https:\/\/pelican.se\/en\/#website","url":"https:\/\/pelican.se\/en\/","name":"Smarta f\u00f6rr\u00e5dsl\u00f6sningar f\u00f6r dig","description":"Lej et opbevaringsrum hos Pelican Self Storage. Billige priser \u2714 Centre i hele K\u00f8benhavn \u2714 Lagerrum i mange st\u00f8rrelser \u2714 L\u00e5n en gratis trailer \u2714","potentialAction":[{"@type":"SearchAction","target":{"@type":"EntryPoint","urlTemplate":"https:\/\/pelican.se\/en\/?s={search_term_string}"},"query-input":{"@type":"PropertyValueSpecification","valueRequired":true,"valueName":"search_term_string"}}],"inLanguage":"en-US"}]}},"_links":{"self":[{"href":"https:\/\/pelican.se\/en\/wp-json\/wp\/v2\/pages\/14152","targetHints":{"allow":["GET"]}}],"collection":[{"href":"https:\/\/pelican.se\/en\/wp-json\/wp\/v2\/pages"}],"about":[{"href":"https:\/\/pelican.se\/en\/wp-json\/wp\/v2\/types\/page"}],"author":[{"embeddable":true,"href":"https:\/\/pelican.se\/en\/wp-json\/wp\/v2\/users\/1"}],"replies":[{"embeddable":true,"href":"https:\/\/pelican.se\/en\/wp-json\/wp\/v2\/comments?post=14152"}],"version-history":[{"count":3,"href":"https:\/\/pelican.se\/en\/wp-json\/wp\/v2\/pages\/14152\/revisions"}],"predecessor-version":[{"id":14435,"href":"https:\/\/pelican.se\/en\/wp-json\/wp\/v2\/pages\/14152\/revisions\/14435"}],"wp:attachment":[{"href":"https:\/\/pelican.se\/en\/wp-json\/wp\/v2\/media?parent=14152"}],"curies":[{"name":"wp","href":"https:\/\/api.w.org\/{rel}","templated":true}]}}