{"id":14177,"date":"2025-05-06T10:48:51","date_gmt":"2025-05-06T08:48:51","guid":{"rendered":"https:\/\/pelican.se\/tips-for-large-gatherings\/"},"modified":"2025-05-09T09:09:25","modified_gmt":"2025-05-09T07:09:25","slug":"tips-for-large-gatherings","status":"publish","type":"page","link":"https:\/\/pelican.se\/en\/tips-for-large-gatherings\/","title":{"rendered":"Tips for large gatherings"},"content":{"rendered":"\t\t<div data-elementor-type=\"wp-page\" data-elementor-id=\"14177\" class=\"elementor elementor-14177 elementor-11506\" data-elementor-post-type=\"page\">\n\t\t\t\t<div class=\"wd-negative-gap elementor-element elementor-element-1f7bf30 e-flex e-con-boxed e-con e-parent\" data-id=\"1f7bf30\" data-element_type=\"container\" data-e-type=\"container\">\n\t\t\t\t\t<div class=\"e-con-inner\">\n\t\t<div class=\"elementor-element elementor-element-39c84e2 e-con-full e-flex e-con e-child\" data-id=\"39c84e2\" data-element_type=\"container\" data-e-type=\"container\">\n\t\t\t\t<div class=\"elementor-element elementor-element-2793260 elementor-widget elementor-widget-image\" data-id=\"2793260\" data-element_type=\"widget\" data-e-type=\"widget\" data-widget_type=\"image.default\">\n\t\t\t\t<div class=\"elementor-widget-container\">\n\t\t\t\t\t\t\t\t\t\t\t\t\t\t\t<img decoding=\"async\" src=\"https:\/\/pelican.se\/wp-content\/uploads\/2025\/04\/iStock-1352951149-scaled-1.jpg\" title=\"iStock-1352951149-scaled.jpg\" alt=\"iStock-1352951149-scaled.jpg\" loading=\"lazy\" \/>\t\t\t\t\t\t\t\t\t\t\t\t\t\t\t<\/div>\n\t\t\t\t<\/div>\n\t\t\t\t<\/div>\n\t\t<div class=\"elementor-element elementor-element-0148cc3 e-con-full e-flex e-con e-child\" data-id=\"0148cc3\" data-element_type=\"container\" data-e-type=\"container\" data-settings=\"{&quot;background_background&quot;:&quot;classic&quot;}\">\n\t\t<div class=\"elementor-element elementor-element-d57817e e-con-full e-flex e-con e-child\" data-id=\"d57817e\" data-element_type=\"container\" data-e-type=\"container\">\n\t\t\t\t<div class=\"elementor-element elementor-element-19d78b9 wd-width-100 elementor-widget elementor-widget-wd_title\" data-id=\"19d78b9\" data-element_type=\"widget\" data-e-type=\"widget\" data-widget_type=\"wd_title.default\">\n\t\t\t\t<div class=\"elementor-widget-container\">\n\t\t\t\t\t\t\t<div class=\"title-wrapper wd-set-mb reset-last-child wd-title-color-default wd-title-style-default wd-title-size-default text-left\">\n\n\t\t\t\n\t\t\t<div class=\"liner-continer\">\n\t\t\t\t<h4 class=\"woodmart-title-container title wd-fontsize-l\">13 tips on how to celebrate traditional family holidays in your own home<\/h4> \n\t\t\t\t\t\t\t<\/div>\n\n\t\t\t\t\t<\/div>\n\t\t\t\t\t\t<\/div>\n\t\t\t\t<\/div>\n\t\t\t\t<div class=\"elementor-element elementor-element-af2b94c elementor-widget elementor-widget-button\" data-id=\"af2b94c\" data-element_type=\"widget\" data-e-type=\"widget\" data-widget_type=\"button.default\">\n\t\t\t\t<div class=\"elementor-widget-container\">\n\t\t\t\t\t\t\t\t\t<div class=\"elementor-button-wrapper\">\n\t\t\t\t\t<a class=\"elementor-button elementor-button-link elementor-size-sm\" href=\"https:\/\/pelicanse.kinsta.cloud\/da\/lokationer\/\">\n\t\t\t\t\t\t<span class=\"elementor-button-content-wrapper\">\n\t\t\t\t\t\t\t\t\t<span class=\"elementor-button-text\">Find a storage unit<\/span>\n\t\t\t\t\t<\/span>\n\t\t\t\t\t<\/a>\n\t\t\t\t<\/div>\n\t\t\t\t\t\t\t\t<\/div>\n\t\t\t\t<\/div>\n\t\t\t\t<\/div>\n\t\t\t\t<\/div>\n\t\t\t\t\t<\/div>\n\t\t\t\t<\/div>\n\t\t<div class=\"wd-negative-gap elementor-element elementor-element-f4e34b8 e-flex e-con-boxed e-con e-parent\" data-id=\"f4e34b8\" data-element_type=\"container\" data-e-type=\"container\">\n\t\t\t\t\t<div class=\"e-con-inner\">\n\t\t\t\t<div class=\"elementor-element elementor-element-9d3eb1e elementor-widget elementor-widget-wd_text_block\" data-id=\"9d3eb1e\" data-element_type=\"widget\" data-e-type=\"widget\" data-widget_type=\"wd_text_block.default\">\n\t\t\t\t<div class=\"elementor-widget-container\">\n\t\t\t\t\t\t\t<div class=\"wd-text-block reset-last-child text-left\">\n\t\t\t\n\t\t\t<p>Family celebrations such as baptisms, confirmations, graduations and birthdays are often celebrated at home.<br>By celebrating at home, you save money on venue rental and you can start planning well in advance.<br>With our tips, you can create a cozy and practical party room in your own home - and with self storage, you can also make room for guests!<\/p><p><strong>1. plan the arrival of guests<\/strong> <br>Think about whether guests should arrive at the same time or if they should arrive in batches to create more space.<br>If you choose staggered arrival, make sure there is enough time to clean up between guests.<\/p><p><strong>2. Make use of the outdoor space<\/strong> <br>If the weather permits, extend the party outdoors with tents or pavilions.<br>This creates extra space and makes it easier to keep your distance if needed.<br>With heaters and blankets, you can make sure your guests are comfortable even on chilly evenings.<\/p><p><strong>3. remove unnecessary furniture<\/strong> <br>To create extra space, you can move large pieces of furniture into a storage unit.<br>Self-storage allows you to quickly clear your home of valuable or fragile items, leaving more room for your guests and less worry about potential damage.<\/p><p><strong>4. Choose a festive theme<\/strong> <br>A theme creates a cohesive atmosphere.<br>Think simple but elegant decoration - beautiful napkins and flowers can make a big difference without over-decorating.<\/p><p><strong>5. Get your home ready for guests<\/strong> <br>Tidy up and make sure everything is clean and well organized.<br>A dedicated place for gifts and flowers will also make it easier to keep track of the party.<\/p><p><strong>6. Optimize closet space<\/strong> <br>Remove all unnecessary outerwear from the entryway to make room for guests' jackets and bags.<br>If you lack storage space, a storage unit can be a practical solution to keep your home neat and organized.<\/p><p><strong>7. regulate the temperature<\/strong> <br>When many people are gathered, the temperature can rise quickly.<br>Make sure to lower the heat or open windows during the party to keep the room comfortable.<\/p><p><strong>8. crockery for everyone <br><\/strong>Make sure you have enough plates, glasses and cutlery for all your guests.<br>It doesn't have to match perfectly - it can actually contribute to a cozy atmosphere.<br>If you're short on crockery, you can always rent what you need.<\/p><p><strong>9. Optimize kitchen space<\/strong> <br>Declutter the kitchen and create extra space in the fridge.<br>Consider borrowing or renting a cooler if needed.<br>Also make sure you have enough garbage bags, kitchen towels and ice cubes ready for the day.<\/p><p><strong>10. Have a first aid kit ready<\/strong> <br>It's always a good idea to be prepared for small accidents - keep a first aid kit within reach.<\/p><p><strong>11. prepare the bathroom<\/strong> <br>Make sure there is plenty of toilet paper and towels and remove personal items from the bathroom to make room for guests.<\/p><p><strong>12. activities for the children<\/strong> <br>Make the party child-friendly by having games and toys ready.<br>Consider asking an older guest to take care of the entertainment for the children so that both they and their parents can enjoy the party.<\/p><p><strong>13. stain remover for accidents<br><\/strong>Have a stain remover ready for both clothes and furniture.<br>Quick action can save both guests' clothes and your furniture from permanent stains.<\/p>\n\t\t\t\t\t<\/div>\n\t\t\t\t\t\t<\/div>\n\t\t\t\t<\/div>\n\t\t\t\t\t<\/div>\n\t\t\t\t<\/div>\n\t\t\t\t<\/div>\n\t\t","protected":false},"excerpt":{"rendered":"<p>13 tips on how to celebrate traditional family holidays in your own home Find a storage unit Family celebrations such<\/p>\n","protected":false},"author":1,"featured_media":0,"parent":0,"menu_order":0,"comment_status":"closed","ping_status":"closed","template":"elementor_header_footer","meta":{"_acf_changed":false,"inline_featured_image":false,"_lmt_disableupdate":"","_lmt_disable":"","footnotes":""},"class_list":["post-14177","page","type-page","status-publish","hentry"],"acf":[],"yoast_head":"<title>Tips for large gatherings | Pelican Self Storage<\/title>\n<meta name=\"robots\" content=\"index, follow, max-snippet:-1, max-image-preview:large, max-video-preview:-1\" \/>\n<link rel=\"canonical\" href=\"https:\/\/pelican.se\/en\/tips-for-large-gatherings\/\" \/>\n<meta property=\"og:locale\" content=\"en_US\" \/>\n<meta property=\"og:type\" content=\"article\" \/>\n<meta property=\"og:title\" content=\"Tips for large gatherings\" \/>\n<meta property=\"og:description\" content=\"13 tips on how to celebrate traditional family holidays in your own home Find a storage unit Family celebrations such\" \/>\n<meta property=\"og:url\" content=\"https:\/\/pelican.se\/en\/tips-for-large-gatherings\/\" \/>\n<meta property=\"og:site_name\" content=\"Pelican Self Storage\" \/>\n<meta property=\"article:publisher\" content=\"https:\/\/www.facebook.com\/PelicanSelfStorageDenmark\" \/>\n<meta property=\"article:modified_time\" content=\"2025-05-09T07:09:25+00:00\" \/>\n<meta property=\"og:image\" content=\"https:\/\/pelican.se\/wp-content\/uploads\/2025\/04\/iStock-1352951149-scaled-1.jpg\" \/>\n<meta name=\"twitter:card\" content=\"summary_large_image\" \/>\n<meta name=\"twitter:label1\" content=\"Est. reading time\" \/>\n\t<meta name=\"twitter:data1\" content=\"3 minutes\" \/>\n<script type=\"application\/ld+json\" class=\"yoast-schema-graph\">{\"@context\":\"https:\/\/schema.org\",\"@graph\":[{\"@type\":\"WebPage\",\"@id\":\"https:\/\/pelican.se\/en\/tips-for-large-gatherings\/\",\"url\":\"https:\/\/pelican.se\/en\/tips-for-large-gatherings\/\",\"name\":\"Tips for large gatherings | Pelican Self Storage\",\"isPartOf\":{\"@id\":\"https:\/\/pelican.se\/en\/#website\"},\"primaryImageOfPage\":{\"@id\":\"https:\/\/pelican.se\/en\/tips-for-large-gatherings\/#primaryimage\"},\"image\":{\"@id\":\"https:\/\/pelican.se\/en\/tips-for-large-gatherings\/#primaryimage\"},\"thumbnailUrl\":\"https:\/\/pelican.se\/wp-content\/uploads\/2025\/04\/iStock-1352951149-scaled-1.jpg\",\"datePublished\":\"2025-05-06T08:48:51+00:00\",\"dateModified\":\"2025-05-09T07:09:25+00:00\",\"breadcrumb\":{\"@id\":\"https:\/\/pelican.se\/en\/tips-for-large-gatherings\/#breadcrumb\"},\"inLanguage\":\"en-US\",\"potentialAction\":[{\"@type\":\"ReadAction\",\"target\":[\"https:\/\/pelican.se\/en\/tips-for-large-gatherings\/\"]}]},{\"@type\":\"ImageObject\",\"inLanguage\":\"en-US\",\"@id\":\"https:\/\/pelican.se\/en\/tips-for-large-gatherings\/#primaryimage\",\"url\":\"https:\/\/pelican.se\/wp-content\/uploads\/2025\/04\/iStock-1352951149-scaled-1.jpg\",\"contentUrl\":\"https:\/\/pelican.se\/wp-content\/uploads\/2025\/04\/iStock-1352951149-scaled-1.jpg\"},{\"@type\":\"BreadcrumbList\",\"@id\":\"https:\/\/pelican.se\/en\/tips-for-large-gatherings\/#breadcrumb\",\"itemListElement\":[{\"@type\":\"ListItem\",\"position\":1,\"name\":\"Home\",\"item\":\"https:\/\/pelican.se\/en\/\"},{\"@type\":\"ListItem\",\"position\":2,\"name\":\"Tips for large gatherings\"}]},{\"@type\":\"WebSite\",\"@id\":\"https:\/\/pelican.se\/en\/#website\",\"url\":\"https:\/\/pelican.se\/en\/\",\"name\":\"Smarta f\u00f6rr\u00e5dsl\u00f6sningar f\u00f6r dig\",\"description\":\"Lej et opbevaringsrum hos Pelican Self Storage. Billige priser \u2714 Centre i hele K\u00f8benhavn \u2714 Lagerrum i mange st\u00f8rrelser \u2714 L\u00e5n en gratis trailer \u2714\",\"potentialAction\":[{\"@type\":\"SearchAction\",\"target\":{\"@type\":\"EntryPoint\",\"urlTemplate\":\"https:\/\/pelican.se\/en\/?s={search_term_string}\"},\"query-input\":{\"@type\":\"PropertyValueSpecification\",\"valueRequired\":true,\"valueName\":\"search_term_string\"}}],\"inLanguage\":\"en-US\"}]}<\/script>","yoast_head_json":{"title":"Tips for large gatherings | Pelican Self Storage","robots":{"index":"index","follow":"follow","max-snippet":"max-snippet:-1","max-image-preview":"max-image-preview:large","max-video-preview":"max-video-preview:-1"},"canonical":"https:\/\/pelican.se\/en\/tips-for-large-gatherings\/","og_locale":"en_US","og_type":"article","og_title":"Tips for large gatherings","og_description":"13 tips on how to celebrate traditional family holidays in your own home Find a storage unit Family celebrations such","og_url":"https:\/\/pelican.se\/en\/tips-for-large-gatherings\/","og_site_name":"Pelican Self Storage","article_publisher":"https:\/\/www.facebook.com\/PelicanSelfStorageDenmark","article_modified_time":"2025-05-09T07:09:25+00:00","og_image":[{"url":"https:\/\/pelican.se\/wp-content\/uploads\/2025\/04\/iStock-1352951149-scaled-1.jpg","type":"","width":"","height":""}],"twitter_card":"summary_large_image","twitter_misc":{"Est. reading time":"3 minutes"},"schema":{"@context":"https:\/\/schema.org","@graph":[{"@type":"WebPage","@id":"https:\/\/pelican.se\/en\/tips-for-large-gatherings\/","url":"https:\/\/pelican.se\/en\/tips-for-large-gatherings\/","name":"Tips for large gatherings | Pelican Self Storage","isPartOf":{"@id":"https:\/\/pelican.se\/en\/#website"},"primaryImageOfPage":{"@id":"https:\/\/pelican.se\/en\/tips-for-large-gatherings\/#primaryimage"},"image":{"@id":"https:\/\/pelican.se\/en\/tips-for-large-gatherings\/#primaryimage"},"thumbnailUrl":"https:\/\/pelican.se\/wp-content\/uploads\/2025\/04\/iStock-1352951149-scaled-1.jpg","datePublished":"2025-05-06T08:48:51+00:00","dateModified":"2025-05-09T07:09:25+00:00","breadcrumb":{"@id":"https:\/\/pelican.se\/en\/tips-for-large-gatherings\/#breadcrumb"},"inLanguage":"en-US","potentialAction":[{"@type":"ReadAction","target":["https:\/\/pelican.se\/en\/tips-for-large-gatherings\/"]}]},{"@type":"ImageObject","inLanguage":"en-US","@id":"https:\/\/pelican.se\/en\/tips-for-large-gatherings\/#primaryimage","url":"https:\/\/pelican.se\/wp-content\/uploads\/2025\/04\/iStock-1352951149-scaled-1.jpg","contentUrl":"https:\/\/pelican.se\/wp-content\/uploads\/2025\/04\/iStock-1352951149-scaled-1.jpg"},{"@type":"BreadcrumbList","@id":"https:\/\/pelican.se\/en\/tips-for-large-gatherings\/#breadcrumb","itemListElement":[{"@type":"ListItem","position":1,"name":"Home","item":"https:\/\/pelican.se\/en\/"},{"@type":"ListItem","position":2,"name":"Tips for large gatherings"}]},{"@type":"WebSite","@id":"https:\/\/pelican.se\/en\/#website","url":"https:\/\/pelican.se\/en\/","name":"Smarta f\u00f6rr\u00e5dsl\u00f6sningar f\u00f6r dig","description":"Lej et opbevaringsrum hos Pelican Self Storage. Billige priser \u2714 Centre i hele K\u00f8benhavn \u2714 Lagerrum i mange st\u00f8rrelser \u2714 L\u00e5n en gratis trailer \u2714","potentialAction":[{"@type":"SearchAction","target":{"@type":"EntryPoint","urlTemplate":"https:\/\/pelican.se\/en\/?s={search_term_string}"},"query-input":{"@type":"PropertyValueSpecification","valueRequired":true,"valueName":"search_term_string"}}],"inLanguage":"en-US"}]}},"_links":{"self":[{"href":"https:\/\/pelican.se\/en\/wp-json\/wp\/v2\/pages\/14177","targetHints":{"allow":["GET"]}}],"collection":[{"href":"https:\/\/pelican.se\/en\/wp-json\/wp\/v2\/pages"}],"about":[{"href":"https:\/\/pelican.se\/en\/wp-json\/wp\/v2\/types\/page"}],"author":[{"embeddable":true,"href":"https:\/\/pelican.se\/en\/wp-json\/wp\/v2\/users\/1"}],"replies":[{"embeddable":true,"href":"https:\/\/pelican.se\/en\/wp-json\/wp\/v2\/comments?post=14177"}],"version-history":[{"count":1,"href":"https:\/\/pelican.se\/en\/wp-json\/wp\/v2\/pages\/14177\/revisions"}],"predecessor-version":[{"id":14180,"href":"https:\/\/pelican.se\/en\/wp-json\/wp\/v2\/pages\/14177\/revisions\/14180"}],"wp:attachment":[{"href":"https:\/\/pelican.se\/en\/wp-json\/wp\/v2\/media?parent=14177"}],"curies":[{"name":"wp","href":"https:\/\/api.w.org\/{rel}","templated":true}]}}