{"id":14236,"date":"2025-05-06T10:49:14","date_gmt":"2025-05-06T08:49:14","guid":{"rendered":"https:\/\/pelican.se\/store-your-things-in-a-storage-room\/"},"modified":"2025-05-12T00:01:52","modified_gmt":"2025-05-11T22:01:52","slug":"store-your-things-in-a-storage-room","status":"publish","type":"page","link":"https:\/\/pelican.se\/en\/store-your-things-in-a-storage-room\/","title":{"rendered":"Store your things in a storage room"},"content":{"rendered":"\t\t<div data-elementor-type=\"wp-page\" data-elementor-id=\"14236\" class=\"elementor elementor-14236 elementor-11467\" data-elementor-post-type=\"page\">\n\t\t\t\t<div class=\"wd-negative-gap elementor-element elementor-element-6d8ff4a e-flex e-con-boxed e-con e-parent\" data-id=\"6d8ff4a\" data-element_type=\"container\" data-e-type=\"container\" data-settings=\"{&quot;background_background&quot;:&quot;classic&quot;}\">\n\t\t\t\t\t<div class=\"e-con-inner\">\n\t\t<div class=\"elementor-element elementor-element-13fdc55 e-con-full e-flex e-con e-child\" data-id=\"13fdc55\" data-element_type=\"container\" data-e-type=\"container\">\n\t\t\t\t<div class=\"elementor-element elementor-element-958c69d elementor-widget elementor-widget-image\" data-id=\"958c69d\" data-element_type=\"widget\" data-e-type=\"widget\" data-widget_type=\"image.default\">\n\t\t\t\t<div class=\"elementor-widget-container\">\n\t\t\t\t\t\t\t\t\t\t\t\t\t\t\t<img loading=\"lazy\" decoding=\"async\" width=\"2160\" height=\"1410\" src=\"https:\/\/pelican.se\/wp-content\/uploads\/2025\/04\/Rum-6220.png\" class=\"attachment-full size-full wp-image-12385\" alt=\"\" srcset=\"https:\/\/pelican.se\/wp-content\/uploads\/2025\/04\/Rum-6220.png 2160w, https:\/\/pelican.se\/wp-content\/uploads\/2025\/04\/Rum-6220-300x196.png 300w, https:\/\/pelican.se\/wp-content\/uploads\/2025\/04\/Rum-6220-1024x668.png 1024w, https:\/\/pelican.se\/wp-content\/uploads\/2025\/04\/Rum-6220-768x501.png 768w, https:\/\/pelican.se\/wp-content\/uploads\/2025\/04\/Rum-6220-1536x1003.png 1536w, https:\/\/pelican.se\/wp-content\/uploads\/2025\/04\/Rum-6220-2048x1337.png 2048w, https:\/\/pelican.se\/wp-content\/uploads\/2025\/04\/Rum-6220-1200x783.png 1200w, https:\/\/pelican.se\/wp-content\/uploads\/2025\/04\/Rum-6220-150x98.png 150w\" sizes=\"auto, (max-width: 2160px) 100vw, 2160px\" \/>\t\t\t\t\t\t\t\t\t\t\t\t\t\t\t<\/div>\n\t\t\t\t<\/div>\n\t\t\t\t<\/div>\n\t\t<div class=\"elementor-element elementor-element-e61adec e-con-full e-flex e-con e-child\" data-id=\"e61adec\" data-element_type=\"container\" data-e-type=\"container\">\n\t\t<div class=\"elementor-element elementor-element-76f23a0 e-con-full e-flex e-con e-child\" data-id=\"76f23a0\" data-element_type=\"container\" data-e-type=\"container\">\n\t\t\t\t<div class=\"elementor-element elementor-element-c72686a wd-width-100 elementor-widget elementor-widget-wd_title\" data-id=\"c72686a\" data-element_type=\"widget\" data-e-type=\"widget\" data-widget_type=\"wd_title.default\">\n\t\t\t\t<div class=\"elementor-widget-container\">\n\t\t\t\t\t\t\t<div class=\"title-wrapper wd-set-mb reset-last-child wd-title-color-default wd-title-style-default wd-title-size-default text-left\">\n\n\t\t\t\n\t\t\t<div class=\"liner-continer\">\n\t\t\t\t<h4 class=\"woodmart-title-container title wd-fontsize-l\">Experience the highest quality in storage<\/h4> \n\t\t\t\t\t\t\t<\/div>\n\n\t\t\t\t\t\t\t<div class=\"title-after_title reset-last-child wd-fontsize-xs\">\n\t\t\t\t\t<p>There are many reasons why you might be short of space in your home, but one thing is certain: too little space is a real nuisance. That's why storage is the perfect solution. Summer is the perfect time to give your home a <a href=\"https:\/\/pelican.se\/en\/give-your-home-a-thorough-summer-clean-without-stress\/\">thorough cleaning<\/a> and possibly reorganize excess items in your home. Whatever it is that is taking up too much space on your square meters, we can store it for you. Here are some ideas on how you can do it.    <\/p>\t\t\t\t<\/div>\n\t\t\t\t\t<\/div>\n\t\t\t\t\t\t<\/div>\n\t\t\t\t<\/div>\n\t\t\t\t<div class=\"elementor-element elementor-element-482bf5f elementor-widget elementor-widget-button\" data-id=\"482bf5f\" data-element_type=\"widget\" data-e-type=\"widget\" data-widget_type=\"button.default\">\n\t\t\t\t<div class=\"elementor-widget-container\">\n\t\t\t\t\t\t\t\t\t<div class=\"elementor-button-wrapper\">\n\t\t\t\t\t<a class=\"elementor-button elementor-button-link elementor-size-sm\" href=\"https:\/\/pelican.se\/en\/our-locations\/\">\n\t\t\t\t\t\t<span class=\"elementor-button-content-wrapper\">\n\t\t\t\t\t\t\t\t\t<span class=\"elementor-button-text\">Find locations<\/span>\n\t\t\t\t\t<\/span>\n\t\t\t\t\t<\/a>\n\t\t\t\t<\/div>\n\t\t\t\t\t\t\t\t<\/div>\n\t\t\t\t<\/div>\n\t\t\t\t<\/div>\n\t\t\t\t<\/div>\n\t\t\t\t\t<\/div>\n\t\t\t\t<\/div>\n\t\t<div class=\"wd-negative-gap elementor-element elementor-element-b93ec13 e-flex e-con-boxed e-con e-parent\" data-id=\"b93ec13\" data-element_type=\"container\" data-e-type=\"container\" data-settings=\"{&quot;background_background&quot;:&quot;classic&quot;}\">\n\t\t\t\t\t<div class=\"e-con-inner\">\n\t\t<div class=\"elementor-element elementor-element-eea0647 e-con-full e-flex e-con e-child\" data-id=\"eea0647\" data-element_type=\"container\" data-e-type=\"container\" data-settings=\"{&quot;background_background&quot;:&quot;classic&quot;}\">\n\t\t\t\t<div class=\"elementor-element elementor-element-19c87a3 wd-width-100 elementor-widget elementor-widget-wd_title\" data-id=\"19c87a3\" data-element_type=\"widget\" data-e-type=\"widget\" data-widget_type=\"wd_title.default\">\n\t\t\t\t<div class=\"elementor-widget-container\">\n\t\t\t\t\t\t\t<div class=\"title-wrapper wd-set-mb reset-last-child wd-title-color-default wd-title-style-default wd-title-size-default text-left\">\n\n\t\t\t\n\t\t\t<div class=\"liner-continer\">\n\t\t\t\t<h4 class=\"woodmart-title-container title wd-fontsize-l\">Get a heated walk-in closet - store your clothes<\/h4> \n\t\t\t\t\t\t\t<\/div>\n\n\t\t\t\t\t\t\t<div class=\"title-after_title reset-last-child wd-fontsize-xs\">\n\t\t\t\t\t<p>Winter clothes take up space. Down jackets, flight suits, furs, ski gear and everything else takes up an inordinate amount of closet space during the summer months. At Pelican, we've come up with an alternative: small, heated storage units that are perfect for our <a href=\"https:\/\/pelican.se\/en\/removals\/\">moving wardrobes<\/a>, which also serve as an extra wardrobe at home.  <\/p>\t\t\t\t<\/div>\n\t\t\t\t\t<\/div>\n\t\t\t\t\t\t<\/div>\n\t\t\t\t<\/div>\n\t\t<div class=\"elementor-element elementor-element-e83c057 e-con-full e-flex e-con e-child\" data-id=\"e83c057\" data-element_type=\"container\" data-e-type=\"container\">\n\t\t\t\t<div class=\"elementor-element elementor-element-fbcf741 elementor-widget elementor-widget-button\" data-id=\"fbcf741\" data-element_type=\"widget\" data-e-type=\"widget\" data-widget_type=\"button.default\">\n\t\t\t\t<div class=\"elementor-widget-container\">\n\t\t\t\t\t\t\t\t\t<div class=\"elementor-button-wrapper\">\n\t\t\t\t\t<a class=\"elementor-button elementor-button-link elementor-size-sm\" href=\"https:\/\/pelican.se\/en\/our-locations\/\">\n\t\t\t\t\t\t<span class=\"elementor-button-content-wrapper\">\n\t\t\t\t\t\t\t\t\t<span class=\"elementor-button-text\">See available storage units<\/span>\n\t\t\t\t\t<\/span>\n\t\t\t\t\t<\/a>\n\t\t\t\t<\/div>\n\t\t\t\t\t\t\t\t<\/div>\n\t\t\t\t<\/div>\n\t\t\t\t<\/div>\n\t\t\t\t<\/div>\n\t\t<div class=\"elementor-element elementor-element-29f1ff9 e-con-full e-flex e-con e-child\" data-id=\"29f1ff9\" data-element_type=\"container\" data-e-type=\"container\">\n\t\t\t\t<div class=\"elementor-element elementor-element-261bcbe elementor-widget elementor-widget-image\" data-id=\"261bcbe\" data-element_type=\"widget\" data-e-type=\"widget\" data-widget_type=\"image.default\">\n\t\t\t\t<div class=\"elementor-widget-container\">\n\t\t\t\t\t\t\t\t\t\t\t\t\t\t\t<img loading=\"lazy\" decoding=\"async\" width=\"1200\" height=\"643\" src=\"https:\/\/pelican.se\/wp-content\/uploads\/2025\/04\/010.jpg\" class=\"attachment-full size-full wp-image-12564\" alt=\"\" srcset=\"https:\/\/pelican.se\/wp-content\/uploads\/2025\/04\/010.jpg 1200w, https:\/\/pelican.se\/wp-content\/uploads\/2025\/04\/010-300x161.jpg 300w, https:\/\/pelican.se\/wp-content\/uploads\/2025\/04\/010-1024x549.jpg 1024w, https:\/\/pelican.se\/wp-content\/uploads\/2025\/04\/010-768x412.jpg 768w, https:\/\/pelican.se\/wp-content\/uploads\/2025\/04\/010-150x80.jpg 150w\" sizes=\"auto, (max-width: 1200px) 100vw, 1200px\" \/>\t\t\t\t\t\t\t\t\t\t\t\t\t\t\t<\/div>\n\t\t\t\t<\/div>\n\t\t\t\t<\/div>\n\t\t\t\t\t<\/div>\n\t\t\t\t<\/div>\n\t\t<div class=\"wd-negative-gap elementor-element elementor-element-1f3f47a e-flex e-con-boxed e-con e-parent\" data-id=\"1f3f47a\" data-element_type=\"container\" data-e-type=\"container\" data-settings=\"{&quot;background_background&quot;:&quot;classic&quot;}\">\n\t\t\t\t\t<div class=\"e-con-inner\">\n\t\t<div class=\"elementor-element elementor-element-413d676 e-con-full e-flex e-con e-child\" data-id=\"413d676\" data-element_type=\"container\" data-e-type=\"container\">\n\t\t\t\t<div class=\"elementor-element elementor-element-32b1e4d elementor-widget elementor-widget-image\" data-id=\"32b1e4d\" data-element_type=\"widget\" data-e-type=\"widget\" data-widget_type=\"image.default\">\n\t\t\t\t<div class=\"elementor-widget-container\">\n\t\t\t\t\t\t\t\t\t\t\t\t\t\t\t<img decoding=\"async\" src=\"https:\/\/pelican.se\/wp-content\/uploads\/2025\/04\/mansku-0125.jpg\" title=\"mansku-0125.jpg\" alt=\"mansku-0125.jpg\" loading=\"lazy\" \/>\t\t\t\t\t\t\t\t\t\t\t\t\t\t\t<\/div>\n\t\t\t\t<\/div>\n\t\t\t\t<\/div>\n\t\t<div class=\"elementor-element elementor-element-3c426a9 e-con-full e-flex e-con e-child\" data-id=\"3c426a9\" data-element_type=\"container\" data-e-type=\"container\" data-settings=\"{&quot;background_background&quot;:&quot;classic&quot;}\">\n\t\t<div class=\"elementor-element elementor-element-c94a338 e-con-full e-flex e-con e-child\" data-id=\"c94a338\" data-element_type=\"container\" data-e-type=\"container\">\n\t\t\t\t<div class=\"elementor-element elementor-element-e41ee62 wd-width-100 elementor-widget elementor-widget-wd_title\" data-id=\"e41ee62\" data-element_type=\"widget\" data-e-type=\"widget\" data-widget_type=\"wd_title.default\">\n\t\t\t\t<div class=\"elementor-widget-container\">\n\t\t\t\t\t\t\t<div class=\"title-wrapper wd-set-mb reset-last-child wd-title-color-default wd-title-style-default wd-title-size-default text-left\">\n\n\t\t\t\n\t\t\t<div class=\"liner-continer\">\n\t\t\t\t<h4 class=\"woodmart-title-container title wd-fontsize-l\">Keep your memories in a safe place<\/h4> \n\t\t\t\t\t\t\t<\/div>\n\n\t\t\t\t\t\t\t<div class=\"title-after_title reset-last-child wd-fontsize-xs\">\n\t\t\t\t\t<p>Some of the most valuable possessions are those that have sentimental value. But even if you would never dream of throwing out your heirlooms, they can pose some space challenges, because where can they go? They can stay with us. Every Pelican storage unit is safe, clean and dry. Whether it's for a short time or a longer period, we make sure to store your memories in a way that makes them feel like the yolk of an egg. Learn more about how even <a href=\"https:\/\/pelican.se\/en\/rent-a-small-storage-unit-and-get-big-benefits\/\">small storage spaces can bring big benefits.<\/a>     <\/p>\t\t\t\t<\/div>\n\t\t\t\t\t<\/div>\n\t\t\t\t\t\t<\/div>\n\t\t\t\t<\/div>\n\t\t\t\t<\/div>\n\t\t\t\t<\/div>\n\t\t\t\t\t<\/div>\n\t\t\t\t<\/div>\n\t\t<div class=\"wd-negative-gap elementor-element elementor-element-974b69f e-flex e-con-boxed e-con e-parent\" data-id=\"974b69f\" data-element_type=\"container\" data-e-type=\"container\" data-settings=\"{&quot;background_background&quot;:&quot;classic&quot;}\">\n\t\t\t\t\t<div class=\"e-con-inner\">\n\t\t<div class=\"elementor-element elementor-element-0f79c22 e-con-full e-flex e-con e-child\" data-id=\"0f79c22\" data-element_type=\"container\" data-e-type=\"container\" data-settings=\"{&quot;background_background&quot;:&quot;classic&quot;}\">\n\t\t<div class=\"elementor-element elementor-element-054fb13 e-con-full e-flex e-con e-child\" data-id=\"054fb13\" data-element_type=\"container\" data-e-type=\"container\">\n\t\t\t\t<div class=\"elementor-element elementor-element-f24c9df wd-width-100 elementor-widget elementor-widget-wd_title\" data-id=\"f24c9df\" data-element_type=\"widget\" data-e-type=\"widget\" data-widget_type=\"wd_title.default\">\n\t\t\t\t<div class=\"elementor-widget-container\">\n\t\t\t\t\t\t\t<div class=\"title-wrapper wd-set-mb reset-last-child wd-title-color-default wd-title-style-default wd-title-size-default text-left\">\n\n\t\t\t\n\t\t\t<div class=\"liner-continer\">\n\t\t\t\t<h4 class=\"woodmart-title-container title wd-fontsize-l\">Expanding the space in your basement<\/h4> \n\t\t\t\t\t\t\t<\/div>\n\n\t\t\t\t\t\t\t<div class=\"title-after_title reset-last-child wd-fontsize-xs\">\n\t\t\t\t\t<p>Do you also have a recurring challenge of cleaning out your basement or garage to make room for all that stuff you want to store but can't get out? Let us store your baby equipment, toys and anything else that can be saved for another good time so you don't trip over it in the aisle. You have access to your personal storage unit at Pelican almost 24 hours a day, so you can always drop off more stuff - or pick it up again.  <\/p>\t\t\t\t<\/div>\n\t\t\t\t\t<\/div>\n\t\t\t\t\t\t<\/div>\n\t\t\t\t<\/div>\n\t\t\t\t<\/div>\n\t\t\t\t<\/div>\n\t\t<div class=\"elementor-element elementor-element-f4b9240 e-con-full e-flex e-con e-child\" data-id=\"f4b9240\" data-element_type=\"container\" data-e-type=\"container\">\n\t\t\t\t<div class=\"elementor-element elementor-element-5240eaa elementor-widget elementor-widget-image\" data-id=\"5240eaa\" data-element_type=\"widget\" data-e-type=\"widget\" data-widget_type=\"image.default\">\n\t\t\t\t<div class=\"elementor-widget-container\">\n\t\t\t\t\t\t\t\t\t\t\t\t\t\t\t<img loading=\"lazy\" decoding=\"async\" width=\"1200\" height=\"1086\" src=\"https:\/\/pelican.se\/wp-content\/uploads\/2025\/04\/unit_with_bike_1.jpg\" class=\"attachment-full size-full wp-image-12570\" alt=\"\" srcset=\"https:\/\/pelican.se\/wp-content\/uploads\/2025\/04\/unit_with_bike_1.jpg 1200w, https:\/\/pelican.se\/wp-content\/uploads\/2025\/04\/unit_with_bike_1-300x272.jpg 300w, https:\/\/pelican.se\/wp-content\/uploads\/2025\/04\/unit_with_bike_1-1024x927.jpg 1024w, https:\/\/pelican.se\/wp-content\/uploads\/2025\/04\/unit_with_bike_1-768x695.jpg 768w, https:\/\/pelican.se\/wp-content\/uploads\/2025\/04\/unit_with_bike_1-150x136.jpg 150w\" sizes=\"auto, (max-width: 1200px) 100vw, 1200px\" \/>\t\t\t\t\t\t\t\t\t\t\t\t\t\t\t<\/div>\n\t\t\t\t<\/div>\n\t\t\t\t<\/div>\n\t\t\t\t\t<\/div>\n\t\t\t\t<\/div>\n\t\t<div class=\"wd-negative-gap elementor-element elementor-element-16c3ff4 e-flex e-con-boxed e-con e-parent\" data-id=\"16c3ff4\" data-element_type=\"container\" data-e-type=\"container\" data-settings=\"{&quot;background_background&quot;:&quot;classic&quot;}\">\n\t\t\t\t\t<div class=\"e-con-inner\">\n\t\t\t\t<div class=\"elementor-element elementor-element-d4becd1 elementor-widget elementor-widget-wd_text_block\" data-id=\"d4becd1\" data-element_type=\"widget\" data-e-type=\"widget\" data-widget_type=\"wd_text_block.default\">\n\t\t\t\t<div class=\"elementor-widget-container\">\n\t\t\t\t\t\t\t<div class=\"wd-text-block reset-last-child text-left\">\n\t\t\t\n\t\t\t<h3><strong><span style=\"color: #008000;\">Get more space with a storage unit<\/span><\/strong><\/h3><p>At Pelican Self Storage, we help you get your home organized.<br>We give you the extra space you need, so you don't have to stress about overstuffed cabinets, bags in the corners, and a basement that's about to burst. Our storage units act as an extension of your home, allowing you to store your belongings so you can have a home that's organized and tidy. We've even created a simple guide on how to <a href=\"https:\/\/pelican.se\/en\/organize-your-home-in-just-30-days\/\">organize your home<\/a> in just 30 days, if you're up for the challenge.  <\/p><p><span style=\"color: #008000;\"><strong>And don't worry, we'll take good care of your belongings.<\/strong><\/span><\/p><p>We see it as our most important task to ensure that you feel safe when you leave your things with us. When you choose to store your belongings, it creates peace and quiet at home - just as it should be within the four walls of your home.<br>On the other hand, a home where things are constantly lying around with no fixed place is a stress factor that hangs over your head like a heavy black cloud.<br>This is exactly where a Pelican storage unit comes into play.<br>It can help you get your energy back and a tidy home. <\/p><p><span style=\"color: #008000;\"><b>Store almost anything you want<\/b><\/span><\/p><p>There are almost no limits to what you can choose to store with us. Maybe you have a large wardrobe where it would make sense to store summer clothes, but winter is coming. Maybe you need to store the kids' clothes for a while, or the garden furniture? We have space for everything. We have storage units from 1 square meter up to 100 square meters, which means we can accommodate your needs. If you're not sure what you need, come and see us and we'll be happy to advise you so you get exactly what you need.       <\/p><p><span style=\"color: #008000;\"><b>Storage facilities throughout Stockholm<\/b><\/span><\/p><p>With ten locations, we can offer you storage throughout Stokcholm.<br>This means that we always have a storage facility close to <a href=\"https:\/\/pelican.se\/en\/facilities\/\">you<\/a>, making it easy for you to get to and from us when you need to drop off your items for storage. Our locations are just one of our many benefits, if you choose to use Pelican Self Storage you are also guaranteed: <\/p><p>- Personalized service six days a week<br>- Possibility to borrow a trailer for free <br>- High security with video surveillance and secure access systems<br>- Free access to your space seven days a week from 05:30-22:00 <br>- Get help if you are a <a href=\"https:\/\/pelican.se\/en\/companies\/\">business<\/a><\/p>\n\t\t\t\t\t<\/div>\n\t\t\t\t\t\t<\/div>\n\t\t\t\t<\/div>\n\t\t\t\t\t<\/div>\n\t\t\t\t<\/div>\n\t\t\t\t<\/div>\n\t\t","protected":false},"excerpt":{"rendered":"<p>Experience the highest quality in storage There are many reasons why you might be short of space in your home,<\/p>\n","protected":false},"author":1,"featured_media":0,"parent":0,"menu_order":0,"comment_status":"closed","ping_status":"closed","template":"elementor_header_footer","meta":{"_acf_changed":false,"inline_featured_image":false,"_lmt_disableupdate":"","_lmt_disable":"","footnotes":""},"class_list":["post-14236","page","type-page","status-publish","hentry"],"acf":[],"yoast_head":"<title>Store your things in a storage room | Pelican Self Storage<\/title>\n<meta name=\"robots\" content=\"index, follow, max-snippet:-1, max-image-preview:large, max-video-preview:-1\" \/>\n<link rel=\"canonical\" href=\"https:\/\/pelican.se\/en\/store-your-things-in-a-storage-room\/\" \/>\n<meta property=\"og:locale\" content=\"en_US\" \/>\n<meta property=\"og:type\" content=\"article\" \/>\n<meta property=\"og:title\" content=\"Store your things in a storage room\" \/>\n<meta property=\"og:description\" content=\"Experience the highest quality in storage There are many reasons why you might be short of space in your home,\" \/>\n<meta property=\"og:url\" content=\"https:\/\/pelican.se\/en\/store-your-things-in-a-storage-room\/\" \/>\n<meta property=\"og:site_name\" content=\"Pelican Self Storage\" \/>\n<meta property=\"article:publisher\" content=\"https:\/\/www.facebook.com\/PelicanSelfStorageDenmark\" \/>\n<meta property=\"article:modified_time\" content=\"2025-05-11T22:01:52+00:00\" \/>\n<meta property=\"og:image\" content=\"https:\/\/pelican.se\/wp-content\/uploads\/2025\/04\/Rum-6220-1024x668.png\" \/>\n\t<meta property=\"og:image:width\" content=\"1024\" \/>\n\t<meta property=\"og:image:height\" content=\"668\" \/>\n\t<meta property=\"og:image:type\" content=\"image\/png\" \/>\n<meta name=\"twitter:card\" content=\"summary_large_image\" \/>\n<meta name=\"twitter:label1\" content=\"Est. reading time\" \/>\n\t<meta name=\"twitter:data1\" content=\"4 minutes\" \/>\n<script type=\"application\/ld+json\" class=\"yoast-schema-graph\">{\"@context\":\"https:\/\/schema.org\",\"@graph\":[{\"@type\":\"WebPage\",\"@id\":\"https:\/\/pelican.se\/en\/store-your-things-in-a-storage-room\/\",\"url\":\"https:\/\/pelican.se\/en\/store-your-things-in-a-storage-room\/\",\"name\":\"Store your things in a storage room | Pelican Self Storage\",\"isPartOf\":{\"@id\":\"https:\/\/pelican.se\/en\/#website\"},\"primaryImageOfPage\":{\"@id\":\"https:\/\/pelican.se\/en\/store-your-things-in-a-storage-room\/#primaryimage\"},\"image\":{\"@id\":\"https:\/\/pelican.se\/en\/store-your-things-in-a-storage-room\/#primaryimage\"},\"thumbnailUrl\":\"https:\/\/pelican.se\/wp-content\/uploads\/2025\/04\/Rum-6220.png\",\"datePublished\":\"2025-05-06T08:49:14+00:00\",\"dateModified\":\"2025-05-11T22:01:52+00:00\",\"breadcrumb\":{\"@id\":\"https:\/\/pelican.se\/en\/store-your-things-in-a-storage-room\/#breadcrumb\"},\"inLanguage\":\"en-US\",\"potentialAction\":[{\"@type\":\"ReadAction\",\"target\":[\"https:\/\/pelican.se\/en\/store-your-things-in-a-storage-room\/\"]}]},{\"@type\":\"ImageObject\",\"inLanguage\":\"en-US\",\"@id\":\"https:\/\/pelican.se\/en\/store-your-things-in-a-storage-room\/#primaryimage\",\"url\":\"https:\/\/pelican.se\/wp-content\/uploads\/2025\/04\/Rum-6220.png\",\"contentUrl\":\"https:\/\/pelican.se\/wp-content\/uploads\/2025\/04\/Rum-6220.png\"},{\"@type\":\"BreadcrumbList\",\"@id\":\"https:\/\/pelican.se\/en\/store-your-things-in-a-storage-room\/#breadcrumb\",\"itemListElement\":[{\"@type\":\"ListItem\",\"position\":1,\"name\":\"Home\",\"item\":\"https:\/\/pelican.se\/en\/\"},{\"@type\":\"ListItem\",\"position\":2,\"name\":\"Store your things in a storage room\"}]},{\"@type\":\"WebSite\",\"@id\":\"https:\/\/pelican.se\/en\/#website\",\"url\":\"https:\/\/pelican.se\/en\/\",\"name\":\"Smarta f\u00f6rr\u00e5dsl\u00f6sningar f\u00f6r dig\",\"description\":\"Lej et opbevaringsrum hos Pelican Self Storage. Billige priser \u2714 Centre i hele K\u00f8benhavn \u2714 Lagerrum i mange st\u00f8rrelser \u2714 L\u00e5n en gratis trailer \u2714\",\"potentialAction\":[{\"@type\":\"SearchAction\",\"target\":{\"@type\":\"EntryPoint\",\"urlTemplate\":\"https:\/\/pelican.se\/en\/?s={search_term_string}\"},\"query-input\":{\"@type\":\"PropertyValueSpecification\",\"valueRequired\":true,\"valueName\":\"search_term_string\"}}],\"inLanguage\":\"en-US\"}]}<\/script>","yoast_head_json":{"title":"Store your things in a storage room | Pelican Self Storage","robots":{"index":"index","follow":"follow","max-snippet":"max-snippet:-1","max-image-preview":"max-image-preview:large","max-video-preview":"max-video-preview:-1"},"canonical":"https:\/\/pelican.se\/en\/store-your-things-in-a-storage-room\/","og_locale":"en_US","og_type":"article","og_title":"Store your things in a storage room","og_description":"Experience the highest quality in storage There are many reasons why you might be short of space in your home,","og_url":"https:\/\/pelican.se\/en\/store-your-things-in-a-storage-room\/","og_site_name":"Pelican Self Storage","article_publisher":"https:\/\/www.facebook.com\/PelicanSelfStorageDenmark","article_modified_time":"2025-05-11T22:01:52+00:00","og_image":[{"width":1024,"height":668,"url":"https:\/\/pelican.se\/wp-content\/uploads\/2025\/04\/Rum-6220-1024x668.png","type":"image\/png"}],"twitter_card":"summary_large_image","twitter_misc":{"Est. reading time":"4 minutes"},"schema":{"@context":"https:\/\/schema.org","@graph":[{"@type":"WebPage","@id":"https:\/\/pelican.se\/en\/store-your-things-in-a-storage-room\/","url":"https:\/\/pelican.se\/en\/store-your-things-in-a-storage-room\/","name":"Store your things in a storage room | Pelican Self Storage","isPartOf":{"@id":"https:\/\/pelican.se\/en\/#website"},"primaryImageOfPage":{"@id":"https:\/\/pelican.se\/en\/store-your-things-in-a-storage-room\/#primaryimage"},"image":{"@id":"https:\/\/pelican.se\/en\/store-your-things-in-a-storage-room\/#primaryimage"},"thumbnailUrl":"https:\/\/pelican.se\/wp-content\/uploads\/2025\/04\/Rum-6220.png","datePublished":"2025-05-06T08:49:14+00:00","dateModified":"2025-05-11T22:01:52+00:00","breadcrumb":{"@id":"https:\/\/pelican.se\/en\/store-your-things-in-a-storage-room\/#breadcrumb"},"inLanguage":"en-US","potentialAction":[{"@type":"ReadAction","target":["https:\/\/pelican.se\/en\/store-your-things-in-a-storage-room\/"]}]},{"@type":"ImageObject","inLanguage":"en-US","@id":"https:\/\/pelican.se\/en\/store-your-things-in-a-storage-room\/#primaryimage","url":"https:\/\/pelican.se\/wp-content\/uploads\/2025\/04\/Rum-6220.png","contentUrl":"https:\/\/pelican.se\/wp-content\/uploads\/2025\/04\/Rum-6220.png"},{"@type":"BreadcrumbList","@id":"https:\/\/pelican.se\/en\/store-your-things-in-a-storage-room\/#breadcrumb","itemListElement":[{"@type":"ListItem","position":1,"name":"Home","item":"https:\/\/pelican.se\/en\/"},{"@type":"ListItem","position":2,"name":"Store your things in a storage room"}]},{"@type":"WebSite","@id":"https:\/\/pelican.se\/en\/#website","url":"https:\/\/pelican.se\/en\/","name":"Smarta f\u00f6rr\u00e5dsl\u00f6sningar f\u00f6r dig","description":"Lej et opbevaringsrum hos Pelican Self Storage. Billige priser \u2714 Centre i hele K\u00f8benhavn \u2714 Lagerrum i mange st\u00f8rrelser \u2714 L\u00e5n en gratis trailer \u2714","potentialAction":[{"@type":"SearchAction","target":{"@type":"EntryPoint","urlTemplate":"https:\/\/pelican.se\/en\/?s={search_term_string}"},"query-input":{"@type":"PropertyValueSpecification","valueRequired":true,"valueName":"search_term_string"}}],"inLanguage":"en-US"}]}},"_links":{"self":[{"href":"https:\/\/pelican.se\/en\/wp-json\/wp\/v2\/pages\/14236","targetHints":{"allow":["GET"]}}],"collection":[{"href":"https:\/\/pelican.se\/en\/wp-json\/wp\/v2\/pages"}],"about":[{"href":"https:\/\/pelican.se\/en\/wp-json\/wp\/v2\/types\/page"}],"author":[{"embeddable":true,"href":"https:\/\/pelican.se\/en\/wp-json\/wp\/v2\/users\/1"}],"replies":[{"embeddable":true,"href":"https:\/\/pelican.se\/en\/wp-json\/wp\/v2\/comments?post=14236"}],"version-history":[{"count":6,"href":"https:\/\/pelican.se\/en\/wp-json\/wp\/v2\/pages\/14236\/revisions"}],"predecessor-version":[{"id":14445,"href":"https:\/\/pelican.se\/en\/wp-json\/wp\/v2\/pages\/14236\/revisions\/14445"}],"wp:attachment":[{"href":"https:\/\/pelican.se\/en\/wp-json\/wp\/v2\/media?parent=14236"}],"curies":[{"name":"wp","href":"https:\/\/api.w.org\/{rel}","templated":true}]}}