{"id":14242,"date":"2025-05-06T10:48:22","date_gmt":"2025-05-06T08:48:22","guid":{"rendered":"https:\/\/pelican.se\/pelican-app\/"},"modified":"2026-01-08T09:21:40","modified_gmt":"2026-01-08T08:21:40","slug":"pelican-app","status":"publish","type":"page","link":"https:\/\/pelican.se\/en\/pelican-app\/","title":{"rendered":"Pelican App"},"content":{"rendered":"\t\t<div data-elementor-type=\"wp-page\" data-elementor-id=\"14242\" class=\"elementor elementor-14242 elementor-13595\" data-elementor-post-type=\"page\">\n\t\t\t\t<div class=\"wd-negative-gap elementor-element elementor-element-97367c0 e-flex e-con-boxed e-con e-parent\" data-id=\"97367c0\" data-element_type=\"container\" data-e-type=\"container\">\n\t\t\t\t\t<div class=\"e-con-inner\">\n\t\t\t\t<div class=\"elementor-element elementor-element-59fb3fc elementor-widget elementor-widget-wd_text_block\" data-id=\"59fb3fc\" data-element_type=\"widget\" data-e-type=\"widget\" data-widget_type=\"wd_text_block.default\">\n\t\t\t\t<div class=\"elementor-widget-container\">\n\t\t\t\t\t\t\t<div class=\"wd-text-block reset-last-child text-center\">\n\t\t\t\n\t\t\t<h1>How to open gates, doors and elevators at Pelican Self Storage<\/h1><p>Download the \"Pelican Smart Access\" app to your mobile.<\/p>\n\t\t\t\t\t<\/div>\n\t\t\t\t\t\t<\/div>\n\t\t\t\t<\/div>\n\t\t\t\t\t<\/div>\n\t\t\t\t<\/div>\n\t\t<div class=\"wd-negative-gap elementor-element elementor-element-272213f e-flex e-con-boxed e-con e-parent\" data-id=\"272213f\" data-element_type=\"container\" data-e-type=\"container\">\n\t\t\t\t\t<div class=\"e-con-inner\">\n\t\t\t\t<div class=\"elementor-element elementor-element-2cf6706 elementor-widget elementor-widget-image\" data-id=\"2cf6706\" data-element_type=\"widget\" data-e-type=\"widget\" data-widget_type=\"image.default\">\n\t\t\t\t<div class=\"elementor-widget-container\">\n\t\t\t\t\t\t\t\t\t\t\t\t\t\t\t\t<a href=\"https:\/\/apps.apple.com\/se\/app\/pelican-smart-access\/id6749147727\">\n\t\t\t\t\t\t\t<img decoding=\"async\" src=\"https:\/\/pelican.se\/wp-content\/uploads\/elementor\/thumbs\/app-store-badge-sv-r5cue40d6tkdawekd779tphl9om1ns23b27ylukjuc.png\" title=\"app-store-badge-sv\" alt=\"app-store-badge-sv\" loading=\"lazy\" \/>\t\t\t\t\t\t\t\t<\/a>\n\t\t\t\t\t\t\t\t\t\t\t\t\t\t\t<\/div>\n\t\t\t\t<\/div>\n\t\t\t\t<div class=\"elementor-element elementor-element-9e5ece3 elementor-widget elementor-widget-image\" data-id=\"9e5ece3\" data-element_type=\"widget\" data-e-type=\"widget\" data-widget_type=\"image.default\">\n\t\t\t\t<div class=\"elementor-widget-container\">\n\t\t\t\t\t\t\t\t\t\t\t\t\t\t\t\t<a href=\"https:\/\/play.google.com\/store\/apps\/details?id=dk.pelican.pelicansmartaccess\">\n\t\t\t\t\t\t\t<img decoding=\"async\" src=\"https:\/\/pelican.se\/wp-content\/uploads\/elementor\/thumbs\/google-play-badge-sv-r5cud9xj44f6zdm98u77lx2u9cqatgqoixcf8zt5bs.png\" title=\"google-play-badge-sv\" alt=\"google-play-badge-sv\" loading=\"lazy\" \/>\t\t\t\t\t\t\t\t<\/a>\n\t\t\t\t\t\t\t\t\t\t\t\t\t\t\t<\/div>\n\t\t\t\t<\/div>\n\t\t\t\t\t<\/div>\n\t\t\t\t<\/div>\n\t\t<div class=\"elementor-element elementor-element-620484b e-flex e-con-boxed e-con e-parent\" data-id=\"620484b\" data-element_type=\"container\" data-e-type=\"container\">\n\t\t\t\t\t<div class=\"e-con-inner\">\n\t\t<div class=\"elementor-element elementor-element-8e8460c e-con-full e-flex e-con e-child\" data-id=\"8e8460c\" data-element_type=\"container\" data-e-type=\"container\">\n\t\t\t\t<div class=\"elementor-element elementor-element-432f6b0 elementor-widget elementor-widget-wd_text_block\" data-id=\"432f6b0\" data-element_type=\"widget\" data-e-type=\"widget\" data-widget_type=\"wd_text_block.default\">\n\t\t\t\t<div class=\"elementor-widget-container\">\n\t\t\t\t\t\t\t<div class=\"wd-text-block reset-last-child text-left\">\n\t\t\t\n\t\t\t<p>1: Download the \"Pelican Smart Access\" app to your mobile.<\/p>\n\t\t\t\t\t<\/div>\n\t\t\t\t\t\t<\/div>\n\t\t\t\t<\/div>\n\t\t\t\t<\/div>\n\t\t<div class=\"elementor-element elementor-element-e3090e1 e-con-full e-flex e-con e-child\" data-id=\"e3090e1\" data-element_type=\"container\" data-e-type=\"container\">\n\t\t\t\t<div class=\"elementor-element elementor-element-5595b93 elementor-widget elementor-widget-image\" data-id=\"5595b93\" data-element_type=\"widget\" data-e-type=\"widget\" data-widget_type=\"image.default\">\n\t\t\t\t<div class=\"elementor-widget-container\">\n\t\t\t\t\t\t\t\t\t\t\t\t\t\t\t<img loading=\"lazy\" decoding=\"async\" width=\"512\" height=\"512\" src=\"https:\/\/pelican.se\/wp-content\/uploads\/2025\/05\/groen-pelican.png\" class=\"attachment-large size-large wp-image-13382\" alt=\"\" srcset=\"https:\/\/pelican.se\/wp-content\/uploads\/2025\/05\/groen-pelican.png 512w, https:\/\/pelican.se\/wp-content\/uploads\/2025\/05\/elementor\/thumbs\/groen-pelican-r56umti5itjiv100t9px4zuj4ehq1emm6k547fhav8.png 250w\" sizes=\"auto, (max-width: 512px) 100vw, 512px\" \/>\t\t\t\t\t\t\t\t\t\t\t\t\t\t\t<\/div>\n\t\t\t\t<\/div>\n\t\t\t\t<\/div>\n\t\t\t\t\t<\/div>\n\t\t\t\t<\/div>\n\t\t<div class=\"elementor-element elementor-element-20af1fa9 e-flex e-con-boxed e-con e-parent\" data-id=\"20af1fa9\" data-element_type=\"container\" data-e-type=\"container\">\n\t\t\t\t\t<div class=\"e-con-inner\">\n\t\t<div class=\"elementor-element elementor-element-22f79ccf e-con-full e-flex e-con e-child\" data-id=\"22f79ccf\" data-element_type=\"container\" data-e-type=\"container\">\n\t\t\t\t<div class=\"elementor-element elementor-element-c4dc231 elementor-widget elementor-widget-wd_text_block\" data-id=\"c4dc231\" data-element_type=\"widget\" data-e-type=\"widget\" data-widget_type=\"wd_text_block.default\">\n\t\t\t\t<div class=\"elementor-widget-container\">\n\t\t\t\t\t\t\t<div class=\"wd-text-block reset-last-child text-left\">\n\t\t\t\n\t\t\t<p><b>2:<\/b> Enter your personal one-time code that you received by SMS\/email.<\/p><p>NB: <b>This code can only be used once. If you need to give permanent access to another person, family member, employee or similar, contact the store and we will help you. <br><br>You can give temporary access to e.g. movers, delivery companies, etc. directly in the app.  <\/b><\/p>\n\t\t\t\t\t<\/div>\n\t\t\t\t\t\t<\/div>\n\t\t\t\t<\/div>\n\t\t\t\t<\/div>\n\t\t<div class=\"elementor-element elementor-element-3aaf92c0 e-con-full e-flex e-con e-child\" data-id=\"3aaf92c0\" data-element_type=\"container\" data-e-type=\"container\">\n\t\t\t\t<div class=\"elementor-element elementor-element-739be318 elementor-widget elementor-widget-image\" data-id=\"739be318\" data-element_type=\"widget\" data-e-type=\"widget\" data-widget_type=\"image.default\">\n\t\t\t\t<div class=\"elementor-widget-container\">\n\t\t\t\t\t\t\t\t\t\t\t\t\t\t\t<img loading=\"lazy\" decoding=\"async\" width=\"1181\" height=\"2560\" src=\"https:\/\/pelican.se\/wp-content\/uploads\/2025\/08\/Code-scaled.jpg\" class=\"attachment-full size-full wp-image-15894\" alt=\"\" srcset=\"https:\/\/pelican.se\/wp-content\/uploads\/2025\/08\/Code-scaled.jpg 1181w, https:\/\/pelican.se\/wp-content\/uploads\/2025\/08\/Code-138x300.jpg 138w, https:\/\/pelican.se\/wp-content\/uploads\/2025\/08\/Code-472x1024.jpg 472w, https:\/\/pelican.se\/wp-content\/uploads\/2025\/08\/Code-768x1665.jpg 768w, https:\/\/pelican.se\/wp-content\/uploads\/2025\/08\/Code-709x1536.jpg 709w, https:\/\/pelican.se\/wp-content\/uploads\/2025\/08\/Code-945x2048.jpg 945w, https:\/\/pelican.se\/wp-content\/uploads\/2025\/08\/Code-1200x2601.jpg 1200w, https:\/\/pelican.se\/wp-content\/uploads\/2025\/08\/Code-150x325.jpg 150w\" sizes=\"auto, (max-width: 1181px) 100vw, 1181px\" \/>\t\t\t\t\t\t\t\t\t\t\t\t\t\t\t<\/div>\n\t\t\t\t<\/div>\n\t\t\t\t<\/div>\n\t\t\t\t\t<\/div>\n\t\t\t\t<\/div>\n\t\t<div class=\"elementor-element elementor-element-5a29fe52 e-flex e-con-boxed e-con e-parent\" data-id=\"5a29fe52\" data-element_type=\"container\" data-e-type=\"container\">\n\t\t\t\t\t<div class=\"e-con-inner\">\n\t\t<div class=\"elementor-element elementor-element-742aca4d e-con-full e-flex e-con e-child\" data-id=\"742aca4d\" data-element_type=\"container\" data-e-type=\"container\">\n\t\t\t\t<div class=\"elementor-element elementor-element-1727478 elementor-widget elementor-widget-wd_text_block\" data-id=\"1727478\" data-element_type=\"widget\" data-e-type=\"widget\" data-widget_type=\"wd_text_block.default\">\n\t\t\t\t<div class=\"elementor-widget-container\">\n\t\t\t\t\t\t\t<div class=\"wd-text-block reset-last-child text-left\">\n\t\t\t\n\t\t\t<p><b>3:<\/b> When you are in the facility, you can open the gate, entrance door and activate the elevators by <b>Swiping\/dragging to the right<\/b><\/p>\n\t\t\t\t\t<\/div>\n\t\t\t\t\t\t<\/div>\n\t\t\t\t<\/div>\n\t\t\t\t<\/div>\n\t\t<div class=\"elementor-element elementor-element-f0f3fdd e-con-full e-flex e-con e-child\" data-id=\"f0f3fdd\" data-element_type=\"container\" data-e-type=\"container\">\n\t\t\t\t<div class=\"elementor-element elementor-element-29b19fe5 elementor-widget elementor-widget-image\" data-id=\"29b19fe5\" data-element_type=\"widget\" data-e-type=\"widget\" data-widget_type=\"image.default\">\n\t\t\t\t<div class=\"elementor-widget-container\">\n\t\t\t\t\t\t\t\t\t\t\t\t\t\t\t<img loading=\"lazy\" decoding=\"async\" width=\"554\" height=\"1200\" src=\"https:\/\/pelican.se\/wp-content\/uploads\/2025\/05\/smartaccesstenantswipe.png\" class=\"attachment-full size-full wp-image-14243\" alt=\"\" srcset=\"https:\/\/pelican.se\/wp-content\/uploads\/2025\/05\/smartaccesstenantswipe.png 554w, https:\/\/pelican.se\/wp-content\/uploads\/2025\/05\/smartaccesstenantswipe-139x300.png 139w, https:\/\/pelican.se\/wp-content\/uploads\/2025\/05\/smartaccesstenantswipe-473x1024.png 473w, https:\/\/pelican.se\/wp-content\/uploads\/2025\/05\/smartaccesstenantswipe-150x325.png 150w\" sizes=\"auto, (max-width: 554px) 100vw, 554px\" \/>\t\t\t\t\t\t\t\t\t\t\t\t\t\t\t<\/div>\n\t\t\t\t<\/div>\n\t\t\t\t<\/div>\n\t\t\t\t\t<\/div>\n\t\t\t\t<\/div>\n\t\t\t\t<\/div>\n\t\t","protected":false},"excerpt":{"rendered":"<p>How to open gates, doors and elevators at Pelican Self Storage Download the &#8220;Pelican Smart Access&#8221; app to your mobile.<\/p>\n","protected":false},"author":1,"featured_media":0,"parent":0,"menu_order":0,"comment_status":"closed","ping_status":"closed","template":"elementor_header_footer","meta":{"_acf_changed":false,"inline_featured_image":false,"_lmt_disableupdate":"","_lmt_disable":"","footnotes":""},"class_list":["post-14242","page","type-page","status-publish","hentry"],"acf":[],"yoast_head":"<title>Pelican App | Pelican Self Storage<\/title>\n<meta name=\"robots\" content=\"index, follow, max-snippet:-1, max-image-preview:large, max-video-preview:-1\" \/>\n<link rel=\"canonical\" href=\"https:\/\/pelican.se\/en\/pelican-app\/\" \/>\n<meta property=\"og:locale\" content=\"en_US\" \/>\n<meta property=\"og:type\" content=\"article\" \/>\n<meta property=\"og:title\" content=\"Pelican App\" \/>\n<meta property=\"og:description\" content=\"How to open gates, doors and elevators at Pelican Self Storage Download the &#8220;Pelican Smart Access&#8221; app to your mobile.\" \/>\n<meta property=\"og:url\" content=\"https:\/\/pelican.se\/en\/pelican-app\/\" \/>\n<meta property=\"og:site_name\" content=\"Pelican Self Storage\" \/>\n<meta property=\"article:publisher\" content=\"https:\/\/www.facebook.com\/PelicanSelfStorageDenmark\" \/>\n<meta property=\"article:modified_time\" content=\"2026-01-08T08:21:40+00:00\" \/>\n<meta property=\"og:image\" content=\"https:\/\/pelican.se\/wp-content\/uploads\/elementor\/thumbs\/app-store-badge-sv-r5cue40d6tkdawekd779tphl9om1ns23b27ylukjuc.png\" \/>\n<meta name=\"twitter:card\" content=\"summary_large_image\" \/>\n<meta name=\"twitter:label1\" content=\"Est. reading time\" \/>\n\t<meta name=\"twitter:data1\" content=\"1 minute\" \/>\n<script type=\"application\/ld+json\" class=\"yoast-schema-graph\">{\"@context\":\"https:\/\/schema.org\",\"@graph\":[{\"@type\":\"WebPage\",\"@id\":\"https:\/\/pelican.se\/en\/pelican-app\/\",\"url\":\"https:\/\/pelican.se\/en\/pelican-app\/\",\"name\":\"Pelican App | Pelican Self Storage\",\"isPartOf\":{\"@id\":\"https:\/\/pelican.se\/en\/#website\"},\"primaryImageOfPage\":{\"@id\":\"https:\/\/pelican.se\/en\/pelican-app\/#primaryimage\"},\"image\":{\"@id\":\"https:\/\/pelican.se\/en\/pelican-app\/#primaryimage\"},\"thumbnailUrl\":\"https:\/\/pelican.se\/wp-content\/uploads\/elementor\/thumbs\/app-store-badge-sv-r5cue40d6tkdawekd779tphl9om1ns23b27ylukjuc.png\",\"datePublished\":\"2025-05-06T08:48:22+00:00\",\"dateModified\":\"2026-01-08T08:21:40+00:00\",\"breadcrumb\":{\"@id\":\"https:\/\/pelican.se\/en\/pelican-app\/#breadcrumb\"},\"inLanguage\":\"en-US\",\"potentialAction\":[{\"@type\":\"ReadAction\",\"target\":[\"https:\/\/pelican.se\/en\/pelican-app\/\"]}]},{\"@type\":\"ImageObject\",\"inLanguage\":\"en-US\",\"@id\":\"https:\/\/pelican.se\/en\/pelican-app\/#primaryimage\",\"url\":\"https:\/\/pelican.se\/wp-content\/uploads\/elementor\/thumbs\/app-store-badge-sv-r5cue40d6tkdawekd779tphl9om1ns23b27ylukjuc.png\",\"contentUrl\":\"https:\/\/pelican.se\/wp-content\/uploads\/elementor\/thumbs\/app-store-badge-sv-r5cue40d6tkdawekd779tphl9om1ns23b27ylukjuc.png\"},{\"@type\":\"BreadcrumbList\",\"@id\":\"https:\/\/pelican.se\/en\/pelican-app\/#breadcrumb\",\"itemListElement\":[{\"@type\":\"ListItem\",\"position\":1,\"name\":\"Home\",\"item\":\"https:\/\/pelican.se\/en\/\"},{\"@type\":\"ListItem\",\"position\":2,\"name\":\"Pelican App\"}]},{\"@type\":\"WebSite\",\"@id\":\"https:\/\/pelican.se\/en\/#website\",\"url\":\"https:\/\/pelican.se\/en\/\",\"name\":\"Smarta f\u00f6rr\u00e5dsl\u00f6sningar f\u00f6r dig\",\"description\":\"Lej et opbevaringsrum hos Pelican Self Storage. Billige priser \u2714 Centre i hele K\u00f8benhavn \u2714 Lagerrum i mange st\u00f8rrelser \u2714 L\u00e5n en gratis trailer \u2714\",\"potentialAction\":[{\"@type\":\"SearchAction\",\"target\":{\"@type\":\"EntryPoint\",\"urlTemplate\":\"https:\/\/pelican.se\/en\/?s={search_term_string}\"},\"query-input\":{\"@type\":\"PropertyValueSpecification\",\"valueRequired\":true,\"valueName\":\"search_term_string\"}}],\"inLanguage\":\"en-US\"}]}<\/script>","yoast_head_json":{"title":"Pelican App | Pelican Self Storage","robots":{"index":"index","follow":"follow","max-snippet":"max-snippet:-1","max-image-preview":"max-image-preview:large","max-video-preview":"max-video-preview:-1"},"canonical":"https:\/\/pelican.se\/en\/pelican-app\/","og_locale":"en_US","og_type":"article","og_title":"Pelican App","og_description":"How to open gates, doors and elevators at Pelican Self Storage Download the &#8220;Pelican Smart Access&#8221; app to your mobile.","og_url":"https:\/\/pelican.se\/en\/pelican-app\/","og_site_name":"Pelican Self Storage","article_publisher":"https:\/\/www.facebook.com\/PelicanSelfStorageDenmark","article_modified_time":"2026-01-08T08:21:40+00:00","og_image":[{"url":"https:\/\/pelican.se\/wp-content\/uploads\/elementor\/thumbs\/app-store-badge-sv-r5cue40d6tkdawekd779tphl9om1ns23b27ylukjuc.png","type":"","width":"","height":""}],"twitter_card":"summary_large_image","twitter_misc":{"Est. reading time":"1 minute"},"schema":{"@context":"https:\/\/schema.org","@graph":[{"@type":"WebPage","@id":"https:\/\/pelican.se\/en\/pelican-app\/","url":"https:\/\/pelican.se\/en\/pelican-app\/","name":"Pelican App | Pelican Self Storage","isPartOf":{"@id":"https:\/\/pelican.se\/en\/#website"},"primaryImageOfPage":{"@id":"https:\/\/pelican.se\/en\/pelican-app\/#primaryimage"},"image":{"@id":"https:\/\/pelican.se\/en\/pelican-app\/#primaryimage"},"thumbnailUrl":"https:\/\/pelican.se\/wp-content\/uploads\/elementor\/thumbs\/app-store-badge-sv-r5cue40d6tkdawekd779tphl9om1ns23b27ylukjuc.png","datePublished":"2025-05-06T08:48:22+00:00","dateModified":"2026-01-08T08:21:40+00:00","breadcrumb":{"@id":"https:\/\/pelican.se\/en\/pelican-app\/#breadcrumb"},"inLanguage":"en-US","potentialAction":[{"@type":"ReadAction","target":["https:\/\/pelican.se\/en\/pelican-app\/"]}]},{"@type":"ImageObject","inLanguage":"en-US","@id":"https:\/\/pelican.se\/en\/pelican-app\/#primaryimage","url":"https:\/\/pelican.se\/wp-content\/uploads\/elementor\/thumbs\/app-store-badge-sv-r5cue40d6tkdawekd779tphl9om1ns23b27ylukjuc.png","contentUrl":"https:\/\/pelican.se\/wp-content\/uploads\/elementor\/thumbs\/app-store-badge-sv-r5cue40d6tkdawekd779tphl9om1ns23b27ylukjuc.png"},{"@type":"BreadcrumbList","@id":"https:\/\/pelican.se\/en\/pelican-app\/#breadcrumb","itemListElement":[{"@type":"ListItem","position":1,"name":"Home","item":"https:\/\/pelican.se\/en\/"},{"@type":"ListItem","position":2,"name":"Pelican App"}]},{"@type":"WebSite","@id":"https:\/\/pelican.se\/en\/#website","url":"https:\/\/pelican.se\/en\/","name":"Smarta f\u00f6rr\u00e5dsl\u00f6sningar f\u00f6r dig","description":"Lej et opbevaringsrum hos Pelican Self Storage. Billige priser \u2714 Centre i hele K\u00f8benhavn \u2714 Lagerrum i mange st\u00f8rrelser \u2714 L\u00e5n en gratis trailer \u2714","potentialAction":[{"@type":"SearchAction","target":{"@type":"EntryPoint","urlTemplate":"https:\/\/pelican.se\/en\/?s={search_term_string}"},"query-input":{"@type":"PropertyValueSpecification","valueRequired":true,"valueName":"search_term_string"}}],"inLanguage":"en-US"}]}},"_links":{"self":[{"href":"https:\/\/pelican.se\/en\/wp-json\/wp\/v2\/pages\/14242","targetHints":{"allow":["GET"]}}],"collection":[{"href":"https:\/\/pelican.se\/en\/wp-json\/wp\/v2\/pages"}],"about":[{"href":"https:\/\/pelican.se\/en\/wp-json\/wp\/v2\/types\/page"}],"author":[{"embeddable":true,"href":"https:\/\/pelican.se\/en\/wp-json\/wp\/v2\/users\/1"}],"replies":[{"embeddable":true,"href":"https:\/\/pelican.se\/en\/wp-json\/wp\/v2\/comments?post=14242"}],"version-history":[{"count":3,"href":"https:\/\/pelican.se\/en\/wp-json\/wp\/v2\/pages\/14242\/revisions"}],"predecessor-version":[{"id":17533,"href":"https:\/\/pelican.se\/en\/wp-json\/wp\/v2\/pages\/14242\/revisions\/17533"}],"wp:attachment":[{"href":"https:\/\/pelican.se\/en\/wp-json\/wp\/v2\/media?parent=14242"}],"curies":[{"name":"wp","href":"https:\/\/api.w.org\/{rel}","templated":true}]}}