{"id":14261,"date":"2025-05-06T10:48:01","date_gmt":"2025-05-06T08:48:01","guid":{"rendered":"https:\/\/pelican.se\/organize-your-home-in-just-30-days\/"},"modified":"2025-05-12T00:01:18","modified_gmt":"2025-05-11T22:01:18","slug":"organize-your-home-in-just-30-days","status":"publish","type":"page","link":"https:\/\/pelican.se\/en\/organize-your-home-in-just-30-days\/","title":{"rendered":"Organize your home in just 30 days"},"content":{"rendered":"\t\t<div data-elementor-type=\"wp-page\" data-elementor-id=\"14261\" class=\"elementor elementor-14261 elementor-11470\" data-elementor-post-type=\"page\">\n\t\t\t\t<div class=\"wd-negative-gap elementor-element elementor-element-c23d7f3 e-flex e-con-boxed e-con e-parent\" data-id=\"c23d7f3\" data-element_type=\"container\" data-e-type=\"container\">\n\t\t\t\t\t<div class=\"e-con-inner\">\n\t\t<div class=\"elementor-element elementor-element-18a88b1 e-con-full e-flex e-con e-child\" data-id=\"18a88b1\" data-element_type=\"container\" data-e-type=\"container\">\n\t\t\t\t<div class=\"elementor-element elementor-element-7baffd4 elementor-widget elementor-widget-image\" data-id=\"7baffd4\" data-element_type=\"widget\" data-e-type=\"widget\" data-widget_type=\"image.default\">\n\t\t\t\t<div class=\"elementor-widget-container\">\n\t\t\t\t\t\t\t\t\t\t\t\t\t\t\t<img decoding=\"async\" src=\"https:\/\/pelican.se\/wp-content\/uploads\/2025\/04\/iStock-928287818-scaled-1.jpg\" title=\"iStock-928287818-scaled.jpg\" alt=\"iStock-928287818-scaled.jpg\" loading=\"lazy\" \/>\t\t\t\t\t\t\t\t\t\t\t\t\t\t\t<\/div>\n\t\t\t\t<\/div>\n\t\t\t\t<\/div>\n\t\t<div class=\"elementor-element elementor-element-acdb379 e-con-full e-flex e-con e-child\" data-id=\"acdb379\" data-element_type=\"container\" data-e-type=\"container\" data-settings=\"{&quot;background_background&quot;:&quot;classic&quot;}\">\n\t\t<div class=\"elementor-element elementor-element-a0ac80e e-con-full e-flex e-con e-child\" data-id=\"a0ac80e\" data-element_type=\"container\" data-e-type=\"container\">\n\t\t\t\t<div class=\"elementor-element elementor-element-324c687 wd-width-100 elementor-widget elementor-widget-wd_title\" data-id=\"324c687\" data-element_type=\"widget\" data-e-type=\"widget\" data-widget_type=\"wd_title.default\">\n\t\t\t\t<div class=\"elementor-widget-container\">\n\t\t\t\t\t\t\t<div class=\"title-wrapper wd-set-mb reset-last-child wd-title-color-default wd-title-style-default wd-title-size-default text-left\">\n\n\t\t\t\n\t\t\t<div class=\"liner-continer\">\n\t\t\t\t<h4 class=\"woodmart-title-container title wd-fontsize-l\">Organize your home in just 30 days - are you up for the challenge?<\/h4> \n\t\t\t\t\t\t\t<\/div>\n\n\t\t\t\t\t\t\t<div class=\"title-after_title reset-last-child wd-fontsize-xs\">\n\t\t\t\t\t<p>Organizing your entire home at once can seem like a daunting project. But you can relax.<br>With the help of American professional organizer Ellen Delap, we've tailored a month-long daily to-do list that will make it easier for you to organize your home and make everyday life work better than before.   <\/p>\t\t\t\t<\/div>\n\t\t\t\t\t<\/div>\n\t\t\t\t\t\t<\/div>\n\t\t\t\t<\/div>\n\t\t\t\t<\/div>\n\t\t\t\t<\/div>\n\t\t\t\t\t<\/div>\n\t\t\t\t<\/div>\n\t\t<div class=\"wd-negative-gap elementor-element elementor-element-8bac3bc e-flex e-con-boxed e-con e-parent\" data-id=\"8bac3bc\" data-element_type=\"container\" data-e-type=\"container\">\n\t\t\t\t\t<div class=\"e-con-inner\">\n\t\t\t\t<div class=\"elementor-element elementor-element-841698a elementor-widget elementor-widget-wd_text_block\" data-id=\"841698a\" data-element_type=\"widget\" data-e-type=\"widget\" data-widget_type=\"wd_text_block.default\">\n\t\t\t\t<div class=\"elementor-widget-container\">\n\t\t\t\t\t\t\t<div class=\"wd-text-block reset-last-child text-left\">\n\t\t\t\n\t\t\t<p>Remember that instead of selling, donating, recycling or throwing away your things, you can choose to store the most important things that seem useless at the moment.<br>A smaller organized <a href=\"https:\/\/pelican.se\/hyra-forrad\/\">storage unit<\/a> works well as an extended part of the home.<\/p><p><strong>Day 1: Set Goals<\/strong> <br>Think about your goals and what you want to achieve once your home is organized.<br>Write down your goals and note the daily tasks in your calendar so you remember what you need to do each day.<br>This way you will easily and steadily move towards your goals.<\/p><p><strong>Day 2: Surfaces filled with random objects<\/strong> <br>Spend a day going through the different surfaces in your apartment, such as kitchen tables, coffee tables, and bookshelves.<br>They magnetize a variety of objects that either have their own place or belong in the trash or recycling.<\/p><p><b>Kitchen<\/b><br>Day 3: Food<br>Day 4: Refrigerator<br>Day 5: Freezer<br>Day 6: Glasses, cups, plates, cutlery<br>Day 7: Kitchen utensils, serving and storage of kitchen utensils<br>Day 8: Small food items (bottle and can openers) and small appliances<br>Day 9: Drawers and cabinets for 'random' items<br>Day 10: Sink with base cabinet<\/p><p><b>Wardrobe<\/b><br>Day 11: Clothes<br>Day 12: Outerwear and accessories<br>Day 13: Hangers<br>Day 14: Shoes<br>Day 15: Bags, backpacks and suitcases<br>Day 16: Accessories such as belts, scarves, ties, hats and jewelry<br>Day 17: Bed linen, towels and decorative items<\/p><p><b>General<\/b><br>Day 18: Mirror cabinet in the bathroom<br>Day 19: Cosmetics, skincare and hygiene products<br>Day 20: Washing machine, dryer and laundry room<br>Day 21: Medicine cabinet<\/p><p><b>Random<\/b><br>Day 22: Papers, tickets and notes<br>Day 23: Cleaning cupboards<br>Day 24: Cupboards and drawers in the hall<br>Day 25: Books and bookshelves<br>Day 26: Old electronic devices<br>Day 27: Children's clothes Day 28: Toys and other items<br>Day 29: Drawers in the bedroom<br>Day 30: Cupboards and drawers in the living room and dining room<\/p><p>Use Pelican for <a href=\"https:\/\/pelican.se\/en\/private-storage\/\">storage<\/a>. Are you interested in knowing more about our storage solutions?   <a href=\"https:\/\/pelican.se\/en\/contact-us-for-more-information\/\">Then contact us!<\/a><\/p>\n\t\t\t\t\t<\/div>\n\t\t\t\t\t\t<\/div>\n\t\t\t\t<\/div>\n\t\t\t\t\t<\/div>\n\t\t\t\t<\/div>\n\t\t\t\t<\/div>\n\t\t","protected":false},"excerpt":{"rendered":"<p>Organize your home in just 30 days &#8211; are you up for the challenge? Organizing your entire home at once<\/p>\n","protected":false},"author":1,"featured_media":0,"parent":0,"menu_order":0,"comment_status":"closed","ping_status":"closed","template":"elementor_header_footer","meta":{"_acf_changed":false,"inline_featured_image":false,"_lmt_disableupdate":"","_lmt_disable":"","footnotes":""},"class_list":["post-14261","page","type-page","status-publish","hentry"],"acf":[],"yoast_head":"<title>Organize your home in just 30 days | Pelican Self Storage<\/title>\n<meta name=\"robots\" content=\"index, follow, max-snippet:-1, max-image-preview:large, max-video-preview:-1\" \/>\n<link rel=\"canonical\" href=\"https:\/\/pelican.se\/en\/organize-your-home-in-just-30-days\/\" \/>\n<meta property=\"og:locale\" content=\"en_US\" \/>\n<meta property=\"og:type\" content=\"article\" \/>\n<meta property=\"og:title\" content=\"Organize your home in just 30 days\" \/>\n<meta property=\"og:description\" content=\"Organize your home in just 30 days &#8211; are you up for the challenge? Organizing your entire home at once\" \/>\n<meta property=\"og:url\" content=\"https:\/\/pelican.se\/en\/organize-your-home-in-just-30-days\/\" \/>\n<meta property=\"og:site_name\" content=\"Pelican Self Storage\" \/>\n<meta property=\"article:publisher\" content=\"https:\/\/www.facebook.com\/PelicanSelfStorageDenmark\" \/>\n<meta property=\"article:modified_time\" content=\"2025-05-11T22:01:18+00:00\" \/>\n<meta property=\"og:image\" content=\"https:\/\/pelican.se\/wp-content\/uploads\/2025\/04\/iStock-928287818-scaled-1.jpg\" \/>\n<meta name=\"twitter:card\" content=\"summary_large_image\" \/>\n<meta name=\"twitter:label1\" content=\"Est. reading time\" \/>\n\t<meta name=\"twitter:data1\" content=\"2 minutes\" \/>\n<script type=\"application\/ld+json\" class=\"yoast-schema-graph\">{\"@context\":\"https:\/\/schema.org\",\"@graph\":[{\"@type\":\"WebPage\",\"@id\":\"https:\/\/pelican.se\/en\/organize-your-home-in-just-30-days\/\",\"url\":\"https:\/\/pelican.se\/en\/organize-your-home-in-just-30-days\/\",\"name\":\"Organize your home in just 30 days | Pelican Self Storage\",\"isPartOf\":{\"@id\":\"https:\/\/pelican.se\/en\/#website\"},\"primaryImageOfPage\":{\"@id\":\"https:\/\/pelican.se\/en\/organize-your-home-in-just-30-days\/#primaryimage\"},\"image\":{\"@id\":\"https:\/\/pelican.se\/en\/organize-your-home-in-just-30-days\/#primaryimage\"},\"thumbnailUrl\":\"https:\/\/pelican.se\/wp-content\/uploads\/2025\/04\/iStock-928287818-scaled-1.jpg\",\"datePublished\":\"2025-05-06T08:48:01+00:00\",\"dateModified\":\"2025-05-11T22:01:18+00:00\",\"breadcrumb\":{\"@id\":\"https:\/\/pelican.se\/en\/organize-your-home-in-just-30-days\/#breadcrumb\"},\"inLanguage\":\"en-US\",\"potentialAction\":[{\"@type\":\"ReadAction\",\"target\":[\"https:\/\/pelican.se\/en\/organize-your-home-in-just-30-days\/\"]}]},{\"@type\":\"ImageObject\",\"inLanguage\":\"en-US\",\"@id\":\"https:\/\/pelican.se\/en\/organize-your-home-in-just-30-days\/#primaryimage\",\"url\":\"https:\/\/pelican.se\/wp-content\/uploads\/2025\/04\/iStock-928287818-scaled-1.jpg\",\"contentUrl\":\"https:\/\/pelican.se\/wp-content\/uploads\/2025\/04\/iStock-928287818-scaled-1.jpg\"},{\"@type\":\"BreadcrumbList\",\"@id\":\"https:\/\/pelican.se\/en\/organize-your-home-in-just-30-days\/#breadcrumb\",\"itemListElement\":[{\"@type\":\"ListItem\",\"position\":1,\"name\":\"Home\",\"item\":\"https:\/\/pelican.se\/en\/\"},{\"@type\":\"ListItem\",\"position\":2,\"name\":\"Organize your home in just 30 days\"}]},{\"@type\":\"WebSite\",\"@id\":\"https:\/\/pelican.se\/en\/#website\",\"url\":\"https:\/\/pelican.se\/en\/\",\"name\":\"Smarta f\u00f6rr\u00e5dsl\u00f6sningar f\u00f6r dig\",\"description\":\"Lej et opbevaringsrum hos Pelican Self Storage. Billige priser \u2714 Centre i hele K\u00f8benhavn \u2714 Lagerrum i mange st\u00f8rrelser \u2714 L\u00e5n en gratis trailer \u2714\",\"potentialAction\":[{\"@type\":\"SearchAction\",\"target\":{\"@type\":\"EntryPoint\",\"urlTemplate\":\"https:\/\/pelican.se\/en\/?s={search_term_string}\"},\"query-input\":{\"@type\":\"PropertyValueSpecification\",\"valueRequired\":true,\"valueName\":\"search_term_string\"}}],\"inLanguage\":\"en-US\"}]}<\/script>","yoast_head_json":{"title":"Organize your home in just 30 days | Pelican Self Storage","robots":{"index":"index","follow":"follow","max-snippet":"max-snippet:-1","max-image-preview":"max-image-preview:large","max-video-preview":"max-video-preview:-1"},"canonical":"https:\/\/pelican.se\/en\/organize-your-home-in-just-30-days\/","og_locale":"en_US","og_type":"article","og_title":"Organize your home in just 30 days","og_description":"Organize your home in just 30 days &#8211; are you up for the challenge? Organizing your entire home at once","og_url":"https:\/\/pelican.se\/en\/organize-your-home-in-just-30-days\/","og_site_name":"Pelican Self Storage","article_publisher":"https:\/\/www.facebook.com\/PelicanSelfStorageDenmark","article_modified_time":"2025-05-11T22:01:18+00:00","og_image":[{"url":"https:\/\/pelican.se\/wp-content\/uploads\/2025\/04\/iStock-928287818-scaled-1.jpg","type":"","width":"","height":""}],"twitter_card":"summary_large_image","twitter_misc":{"Est. reading time":"2 minutes"},"schema":{"@context":"https:\/\/schema.org","@graph":[{"@type":"WebPage","@id":"https:\/\/pelican.se\/en\/organize-your-home-in-just-30-days\/","url":"https:\/\/pelican.se\/en\/organize-your-home-in-just-30-days\/","name":"Organize your home in just 30 days | Pelican Self Storage","isPartOf":{"@id":"https:\/\/pelican.se\/en\/#website"},"primaryImageOfPage":{"@id":"https:\/\/pelican.se\/en\/organize-your-home-in-just-30-days\/#primaryimage"},"image":{"@id":"https:\/\/pelican.se\/en\/organize-your-home-in-just-30-days\/#primaryimage"},"thumbnailUrl":"https:\/\/pelican.se\/wp-content\/uploads\/2025\/04\/iStock-928287818-scaled-1.jpg","datePublished":"2025-05-06T08:48:01+00:00","dateModified":"2025-05-11T22:01:18+00:00","breadcrumb":{"@id":"https:\/\/pelican.se\/en\/organize-your-home-in-just-30-days\/#breadcrumb"},"inLanguage":"en-US","potentialAction":[{"@type":"ReadAction","target":["https:\/\/pelican.se\/en\/organize-your-home-in-just-30-days\/"]}]},{"@type":"ImageObject","inLanguage":"en-US","@id":"https:\/\/pelican.se\/en\/organize-your-home-in-just-30-days\/#primaryimage","url":"https:\/\/pelican.se\/wp-content\/uploads\/2025\/04\/iStock-928287818-scaled-1.jpg","contentUrl":"https:\/\/pelican.se\/wp-content\/uploads\/2025\/04\/iStock-928287818-scaled-1.jpg"},{"@type":"BreadcrumbList","@id":"https:\/\/pelican.se\/en\/organize-your-home-in-just-30-days\/#breadcrumb","itemListElement":[{"@type":"ListItem","position":1,"name":"Home","item":"https:\/\/pelican.se\/en\/"},{"@type":"ListItem","position":2,"name":"Organize your home in just 30 days"}]},{"@type":"WebSite","@id":"https:\/\/pelican.se\/en\/#website","url":"https:\/\/pelican.se\/en\/","name":"Smarta f\u00f6rr\u00e5dsl\u00f6sningar f\u00f6r dig","description":"Lej et opbevaringsrum hos Pelican Self Storage. Billige priser \u2714 Centre i hele K\u00f8benhavn \u2714 Lagerrum i mange st\u00f8rrelser \u2714 L\u00e5n en gratis trailer \u2714","potentialAction":[{"@type":"SearchAction","target":{"@type":"EntryPoint","urlTemplate":"https:\/\/pelican.se\/en\/?s={search_term_string}"},"query-input":{"@type":"PropertyValueSpecification","valueRequired":true,"valueName":"search_term_string"}}],"inLanguage":"en-US"}]}},"_links":{"self":[{"href":"https:\/\/pelican.se\/en\/wp-json\/wp\/v2\/pages\/14261","targetHints":{"allow":["GET"]}}],"collection":[{"href":"https:\/\/pelican.se\/en\/wp-json\/wp\/v2\/pages"}],"about":[{"href":"https:\/\/pelican.se\/en\/wp-json\/wp\/v2\/types\/page"}],"author":[{"embeddable":true,"href":"https:\/\/pelican.se\/en\/wp-json\/wp\/v2\/users\/1"}],"replies":[{"embeddable":true,"href":"https:\/\/pelican.se\/en\/wp-json\/wp\/v2\/comments?post=14261"}],"version-history":[{"count":2,"href":"https:\/\/pelican.se\/en\/wp-json\/wp\/v2\/pages\/14261\/revisions"}],"predecessor-version":[{"id":14331,"href":"https:\/\/pelican.se\/en\/wp-json\/wp\/v2\/pages\/14261\/revisions\/14331"}],"wp:attachment":[{"href":"https:\/\/pelican.se\/en\/wp-json\/wp\/v2\/media?parent=14261"}],"curies":[{"name":"wp","href":"https:\/\/api.w.org\/{rel}","templated":true}]}}