{"id":14263,"date":"2025-05-06T10:48:16","date_gmt":"2025-05-06T08:48:16","guid":{"rendered":"https:\/\/pelican.se\/how-to-use-cookn-bloom-pelican\/"},"modified":"2025-05-09T09:10:23","modified_gmt":"2025-05-09T07:10:23","slug":"how-to-use-cookn-bloom-pelican","status":"publish","type":"page","link":"https:\/\/pelican.se\/en\/how-to-use-cookn-bloom-pelican\/","title":{"rendered":"How to use Cook&#8217;n Bloom Pelican"},"content":{"rendered":"\t\t<div data-elementor-type=\"wp-page\" data-elementor-id=\"14263\" class=\"elementor elementor-14263 elementor-11481\" data-elementor-post-type=\"page\">\n\t\t\t\t<div class=\"wd-negative-gap elementor-element elementor-element-d54e325 e-flex e-con-boxed e-con e-parent\" data-id=\"d54e325\" data-element_type=\"container\" data-e-type=\"container\">\n\t\t\t\t\t<div class=\"e-con-inner\">\n\t\t\t\t<div class=\"elementor-element elementor-element-c93aa3a elementor-widget elementor-widget-wd_text_block\" data-id=\"c93aa3a\" data-element_type=\"widget\" data-e-type=\"widget\" data-widget_type=\"wd_text_block.default\">\n\t\t\t\t<div class=\"elementor-widget-container\">\n\t\t\t\t\t\t\t<div class=\"wd-text-block reset-last-child text-left\">\n\t\t\t\n\t\t\t<h1><span style=\"color: #008000;\"><strong>Here we have been able to grow gradually<\/strong><\/span><\/h1><p>Flexibility, service and location were key when \u00c5sa and Anne-Lie at Cook'n Bloom needed a storage facility for their start-up business. For them, Pelican Self Storage on Kungsholmen was the best option. <\/p><p>\u00c5sa and Anne-Lie founded Cook'n Bloom in 2013. They import and market a range of products for use in indoor and outdoor kitchens. The range includes professional kitchen utensils, high-quality serving trays, kitchen knives and fantastic BBQ grills designed to take cooking to the next level - for anyone who loves to cook.  <\/p>\n\t\t\t\t\t<\/div>\n\t\t\t\t\t\t<\/div>\n\t\t\t\t<\/div>\n\t\t\t\t\t<\/div>\n\t\t\t\t<\/div>\n\t\t<div class=\"wd-negative-gap elementor-element elementor-element-20af1fa9 e-flex e-con-boxed e-con e-parent\" data-id=\"20af1fa9\" data-element_type=\"container\" data-e-type=\"container\">\n\t\t\t\t\t<div class=\"e-con-inner\">\n\t\t<div class=\"elementor-element elementor-element-3aaf92c0 e-con-full e-flex e-con e-child\" data-id=\"3aaf92c0\" data-element_type=\"container\" data-e-type=\"container\">\n\t\t\t\t<div class=\"elementor-element elementor-element-739be318 elementor-widget elementor-widget-image\" data-id=\"739be318\" data-element_type=\"widget\" data-e-type=\"widget\" data-widget_type=\"image.default\">\n\t\t\t\t<div class=\"elementor-widget-container\">\n\t\t\t\t\t\t\t\t\t\t\t\t\t\t\t<img decoding=\"async\" src=\"https:\/\/pelican.se\/wp-content\/uploads\/2024\/10\/se22.jpg\" title=\"se22\" alt=\"se22\" loading=\"lazy\" \/>\t\t\t\t\t\t\t\t\t\t\t\t\t\t\t<\/div>\n\t\t\t\t<\/div>\n\t\t\t\t<\/div>\n\t\t<div class=\"elementor-element elementor-element-22f79ccf e-con-full e-flex e-con e-child\" data-id=\"22f79ccf\" data-element_type=\"container\" data-e-type=\"container\">\n\t\t<div class=\"elementor-element elementor-element-1f9dc193 e-con-full e-flex e-con e-child\" data-id=\"1f9dc193\" data-element_type=\"container\" data-e-type=\"container\">\n\t\t\t\t<div class=\"elementor-element elementor-element-39531b3e wd-width-100 elementor-widget elementor-widget-wd_title\" data-id=\"39531b3e\" data-element_type=\"widget\" data-e-type=\"widget\" data-widget_type=\"wd_title.default\">\n\t\t\t\t<div class=\"elementor-widget-container\">\n\t\t\t\t\t\t\t<div class=\"title-wrapper wd-set-mb reset-last-child wd-title-color-default wd-title-style-default wd-title-size-default text-left\">\n\n\t\t\t\n\t\t\t<div class=\"liner-continer\">\n\t\t\t\t<h4 class=\"woodmart-title-container title wd-fontsize-l\"><\/h4> \n\t\t\t\t\t\t\t<\/div>\n\n\t\t\t\t\t\t\t<div class=\"title-after_title reset-last-child wd-fontsize-xs\">\n\t\t\t\t\t<p><em>\"We simply seek to make food lovers flourish in the kitchen<\/em>\" says \u00c5sa. \u00c5sa and Anne-Lie dreamed of working with food for years. Their passion for food was a fact long before they took the bull by the horns and decided to sell professional kitchen design.  <\/p><p>\"<em>We seized the opportunity and exhibited at Formex (Nordic interior design fair). A success that was crucial for us to take our next step, <\/em>\" remembers Anne-Lie. They did well. When they were working at H\u00e4gersten, they realized they would need storage space.  <\/p><p>\"<em>I checked out all the players and spoke to several storage centers. Pelican Self Storage in Kungsholmen was the ideal place for us. <\/em>\"<\/p>\t\t\t\t<\/div>\n\t\t\t\t\t<\/div>\n\t\t\t\t\t\t<\/div>\n\t\t\t\t<\/div>\n\t\t\t\t<\/div>\n\t\t\t\t<\/div>\n\t\t\t\t\t<\/div>\n\t\t\t\t<\/div>\n\t\t<div class=\"wd-negative-gap elementor-element elementor-element-5a29fe52 e-flex e-con-boxed e-con e-parent\" data-id=\"5a29fe52\" data-element_type=\"container\" data-e-type=\"container\">\n\t\t\t\t\t<div class=\"e-con-inner\">\n\t\t<div class=\"elementor-element elementor-element-742aca4d e-con-full e-flex e-con e-child\" data-id=\"742aca4d\" data-element_type=\"container\" data-e-type=\"container\" data-settings=\"{&quot;background_background&quot;:&quot;classic&quot;}\">\n\t\t<div class=\"elementor-element elementor-element-72f88bc5 e-con-full e-flex e-con e-child\" data-id=\"72f88bc5\" data-element_type=\"container\" data-e-type=\"container\">\n\t\t\t\t<div class=\"elementor-element elementor-element-31637e12 wd-width-100 elementor-widget elementor-widget-wd_title\" data-id=\"31637e12\" data-element_type=\"widget\" data-e-type=\"widget\" data-widget_type=\"wd_title.default\">\n\t\t\t\t<div class=\"elementor-widget-container\">\n\t\t\t\t\t\t\t<div class=\"title-wrapper wd-set-mb reset-last-child wd-title-color-default wd-title-style-default wd-title-size-default text-left\">\n\n\t\t\t\n\t\t\t<div class=\"liner-continer\">\n\t\t\t\t<h4 class=\"woodmart-title-container title wd-fontsize-l\"><\/h4> \n\t\t\t\t\t\t\t<\/div>\n\n\t\t\t\t\t\t\t<div class=\"title-after_title reset-last-child wd-fontsize-xs\">\n\t\t\t\t\t<p>\"<em>Initially, we rented 9 m2. We now have 55 m2 of storage space divided into five units. Two of the units serve as picking storage. We also have two units containing all our garden barbecues and one with all our trade fair displays.   <\/em><\/p><p><em>In the early years, we grew and instead of committing to a large warehouse, we gradually added extra storage space. This is a huge advantage for our business. We are flexible and can expand or shrink storage capacity to meet our actual requirements.  <\/em><\/p><p><em>The services Pelican offers are also an important parameter. The reception is staffed from 10 a.m. to 6 p.m. For us, a reception service is important. We need someone to receive incoming goods and handle deliveries. Freight companies are never able to give precise pick-up times. We do the packing and labeling, while Pelican's reception staff receives incoming goods and dispatches deliveries.\"     <\/em><\/p>\t\t\t\t<\/div>\n\t\t\t\t\t<\/div>\n\t\t\t\t\t\t<\/div>\n\t\t\t\t<\/div>\n\t\t\t\t<\/div>\n\t\t\t\t<\/div>\n\t\t<div class=\"elementor-element elementor-element-f0f3fdd e-con-full e-flex e-con e-child\" data-id=\"f0f3fdd\" data-element_type=\"container\" data-e-type=\"container\">\n\t\t\t\t<div class=\"elementor-element elementor-element-29b19fe5 elementor-widget elementor-widget-image\" data-id=\"29b19fe5\" data-element_type=\"widget\" data-e-type=\"widget\" data-widget_type=\"image.default\">\n\t\t\t\t<div class=\"elementor-widget-container\">\n\t\t\t\t\t\t\t\t\t\t\t\t\t\t\t<img decoding=\"async\" src=\"https:\/\/pelican.se\/wp-content\/uploads\/2024\/10\/se3.jpg\" title=\"se3\" alt=\"se3\" loading=\"lazy\" \/>\t\t\t\t\t\t\t\t\t\t\t\t\t\t\t<\/div>\n\t\t\t\t<\/div>\n\t\t\t\t<\/div>\n\t\t\t\t\t<\/div>\n\t\t\t\t<\/div>\n\t\t<div class=\"wd-negative-gap elementor-element elementor-element-1407a79 e-flex e-con-boxed e-con e-parent\" data-id=\"1407a79\" data-element_type=\"container\" data-e-type=\"container\">\n\t\t\t\t\t<div class=\"e-con-inner\">\n\t\t<div class=\"elementor-element elementor-element-748f61b e-con-full e-flex e-con e-child\" data-id=\"748f61b\" data-element_type=\"container\" data-e-type=\"container\">\n\t\t\t\t<div class=\"elementor-element elementor-element-2f1fe89 elementor-widget elementor-widget-image\" data-id=\"2f1fe89\" data-element_type=\"widget\" data-e-type=\"widget\" data-widget_type=\"image.default\">\n\t\t\t\t<div class=\"elementor-widget-container\">\n\t\t\t\t\t\t\t\t\t\t\t\t\t\t\t<img decoding=\"async\" src=\"https:\/\/pelican.se\/wp-content\/uploads\/2024\/10\/se1_0.jpg\" title=\"se1_0\" alt=\"se1_0\" loading=\"lazy\" \/>\t\t\t\t\t\t\t\t\t\t\t\t\t\t\t<\/div>\n\t\t\t\t<\/div>\n\t\t\t\t<\/div>\n\t\t<div class=\"elementor-element elementor-element-c9db032 e-con-full e-flex e-con e-child\" data-id=\"c9db032\" data-element_type=\"container\" data-e-type=\"container\">\n\t\t<div class=\"elementor-element elementor-element-4074fb4 e-con-full e-flex e-con e-child\" data-id=\"4074fb4\" data-element_type=\"container\" data-e-type=\"container\">\n\t\t\t\t<div class=\"elementor-element elementor-element-9e5fcc2 wd-width-100 elementor-widget elementor-widget-wd_title\" data-id=\"9e5fcc2\" data-element_type=\"widget\" data-e-type=\"widget\" data-widget_type=\"wd_title.default\">\n\t\t\t\t<div class=\"elementor-widget-container\">\n\t\t\t\t\t\t\t<div class=\"title-wrapper wd-set-mb reset-last-child wd-title-color-default wd-title-style-default wd-title-size-default text-left\">\n\n\t\t\t\n\t\t\t<div class=\"liner-continer\">\n\t\t\t\t<h4 class=\"woodmart-title-container title wd-fontsize-l\"><\/h4> \n\t\t\t\t\t\t\t<\/div>\n\n\t\t\t\t\t\t\t<div class=\"title-after_title reset-last-child wd-fontsize-xs\">\n\t\t\t\t\t<p><em>\"Of course, there are warehouse management companies out there, but because we do our own order management, Pelican is an excellent solution for us.<\/em>\"<\/p><p>\u00c5sa and Anne-Lie also find the opportunity to make use of the lounge area and conference room at Pelican Self Storage hugely beneficial.<\/p><p>\"<em>We have held many meetings with customers here. We even invited journalists here to introduce them to our products. <\/em>\"<\/p>\t\t\t\t<\/div>\n\t\t\t\t\t<\/div>\n\t\t\t\t\t\t<\/div>\n\t\t\t\t<\/div>\n\t\t\t\t<div class=\"elementor-element elementor-element-b06ca6d elementor-widget elementor-widget-button\" data-id=\"b06ca6d\" data-element_type=\"widget\" data-e-type=\"widget\" data-widget_type=\"button.default\">\n\t\t\t\t<div class=\"elementor-widget-container\">\n\t\t\t\t\t\t\t\t\t<div class=\"elementor-button-wrapper\">\n\t\t\t\t\t<a class=\"elementor-button elementor-button-link elementor-size-sm\" href=\"\/erhverv\/\">\n\t\t\t\t\t\t<span class=\"elementor-button-content-wrapper\">\n\t\t\t\t\t\t\t\t\t<span class=\"elementor-button-text\">Find out more about our business solutions<\/span>\n\t\t\t\t\t<\/span>\n\t\t\t\t\t<\/a>\n\t\t\t\t<\/div>\n\t\t\t\t\t\t\t\t<\/div>\n\t\t\t\t<\/div>\n\t\t\t\t<\/div>\n\t\t\t\t<\/div>\n\t\t\t\t\t<\/div>\n\t\t\t\t<\/div>\n\t\t<div class=\"wd-negative-gap elementor-element elementor-element-ea8249d e-flex e-con-boxed e-con e-parent\" data-id=\"ea8249d\" data-element_type=\"container\" data-e-type=\"container\">\n\t\t\t\t\t<div class=\"e-con-inner\">\n\t\t\t\t\t<\/div>\n\t\t\t\t<\/div>\n\t\t\t\t<\/div>\n\t\t","protected":false},"excerpt":{"rendered":"<p>Here we have been able to grow gradually Flexibility, service and location were key when \u00c5sa and Anne-Lie at Cook&#8217;n<\/p>\n","protected":false},"author":3,"featured_media":0,"parent":0,"menu_order":0,"comment_status":"closed","ping_status":"closed","template":"elementor_header_footer","meta":{"_acf_changed":false,"inline_featured_image":false,"_lmt_disableupdate":"","_lmt_disable":"","footnotes":""},"class_list":["post-14263","page","type-page","status-publish","hentry"],"acf":[],"yoast_head":"<title>How to use Cook&#039;n Bloom Pelican | Pelican Self Storage<\/title>\n<meta name=\"robots\" content=\"index, follow, max-snippet:-1, max-image-preview:large, max-video-preview:-1\" \/>\n<link rel=\"canonical\" href=\"https:\/\/pelican.se\/en\/how-to-use-cookn-bloom-pelican\/\" \/>\n<meta property=\"og:locale\" content=\"en_US\" \/>\n<meta property=\"og:type\" content=\"article\" \/>\n<meta property=\"og:title\" content=\"How to use Cook&#039;n Bloom Pelican\" \/>\n<meta property=\"og:description\" content=\"Here we have been able to grow gradually Flexibility, service and location were key when \u00c5sa and Anne-Lie at Cook&#8217;n\" \/>\n<meta property=\"og:url\" content=\"https:\/\/pelican.se\/en\/how-to-use-cookn-bloom-pelican\/\" \/>\n<meta property=\"og:site_name\" content=\"Pelican Self Storage\" \/>\n<meta property=\"article:publisher\" content=\"https:\/\/www.facebook.com\/PelicanSelfStorageDenmark\" \/>\n<meta property=\"article:modified_time\" content=\"2025-05-09T07:10:23+00:00\" \/>\n<meta property=\"og:image\" content=\"https:\/\/pelican.se\/wp-content\/uploads\/2024\/10\/se22.jpg\" \/>\n<meta name=\"twitter:card\" content=\"summary_large_image\" \/>\n<meta name=\"twitter:label1\" content=\"Est. reading time\" \/>\n\t<meta name=\"twitter:data1\" content=\"2 minutes\" \/>\n<script type=\"application\/ld+json\" class=\"yoast-schema-graph\">{\"@context\":\"https:\/\/schema.org\",\"@graph\":[{\"@type\":\"WebPage\",\"@id\":\"https:\/\/pelican.se\/en\/how-to-use-cookn-bloom-pelican\/\",\"url\":\"https:\/\/pelican.se\/en\/how-to-use-cookn-bloom-pelican\/\",\"name\":\"How to use Cook'n Bloom Pelican | Pelican Self Storage\",\"isPartOf\":{\"@id\":\"https:\/\/pelican.se\/en\/#website\"},\"primaryImageOfPage\":{\"@id\":\"https:\/\/pelican.se\/en\/how-to-use-cookn-bloom-pelican\/#primaryimage\"},\"image\":{\"@id\":\"https:\/\/pelican.se\/en\/how-to-use-cookn-bloom-pelican\/#primaryimage\"},\"thumbnailUrl\":\"https:\/\/pelican.se\/wp-content\/uploads\/2024\/10\/se22.jpg\",\"datePublished\":\"2025-05-06T08:48:16+00:00\",\"dateModified\":\"2025-05-09T07:10:23+00:00\",\"breadcrumb\":{\"@id\":\"https:\/\/pelican.se\/en\/how-to-use-cookn-bloom-pelican\/#breadcrumb\"},\"inLanguage\":\"en-US\",\"potentialAction\":[{\"@type\":\"ReadAction\",\"target\":[\"https:\/\/pelican.se\/en\/how-to-use-cookn-bloom-pelican\/\"]}]},{\"@type\":\"ImageObject\",\"inLanguage\":\"en-US\",\"@id\":\"https:\/\/pelican.se\/en\/how-to-use-cookn-bloom-pelican\/#primaryimage\",\"url\":\"https:\/\/pelican.se\/wp-content\/uploads\/2024\/10\/se22.jpg\",\"contentUrl\":\"https:\/\/pelican.se\/wp-content\/uploads\/2024\/10\/se22.jpg\"},{\"@type\":\"BreadcrumbList\",\"@id\":\"https:\/\/pelican.se\/en\/how-to-use-cookn-bloom-pelican\/#breadcrumb\",\"itemListElement\":[{\"@type\":\"ListItem\",\"position\":1,\"name\":\"Home\",\"item\":\"https:\/\/pelican.se\/en\/\"},{\"@type\":\"ListItem\",\"position\":2,\"name\":\"How to use Cook&#8217;n Bloom Pelican\"}]},{\"@type\":\"WebSite\",\"@id\":\"https:\/\/pelican.se\/en\/#website\",\"url\":\"https:\/\/pelican.se\/en\/\",\"name\":\"Smarta f\u00f6rr\u00e5dsl\u00f6sningar f\u00f6r dig\",\"description\":\"Lej et opbevaringsrum hos Pelican Self Storage. Billige priser \u2714 Centre i hele K\u00f8benhavn \u2714 Lagerrum i mange st\u00f8rrelser \u2714 L\u00e5n en gratis trailer \u2714\",\"potentialAction\":[{\"@type\":\"SearchAction\",\"target\":{\"@type\":\"EntryPoint\",\"urlTemplate\":\"https:\/\/pelican.se\/en\/?s={search_term_string}\"},\"query-input\":{\"@type\":\"PropertyValueSpecification\",\"valueRequired\":true,\"valueName\":\"search_term_string\"}}],\"inLanguage\":\"en-US\"}]}<\/script>","yoast_head_json":{"title":"How to use Cook'n Bloom Pelican | Pelican Self Storage","robots":{"index":"index","follow":"follow","max-snippet":"max-snippet:-1","max-image-preview":"max-image-preview:large","max-video-preview":"max-video-preview:-1"},"canonical":"https:\/\/pelican.se\/en\/how-to-use-cookn-bloom-pelican\/","og_locale":"en_US","og_type":"article","og_title":"How to use Cook'n Bloom Pelican","og_description":"Here we have been able to grow gradually Flexibility, service and location were key when \u00c5sa and Anne-Lie at Cook&#8217;n","og_url":"https:\/\/pelican.se\/en\/how-to-use-cookn-bloom-pelican\/","og_site_name":"Pelican Self Storage","article_publisher":"https:\/\/www.facebook.com\/PelicanSelfStorageDenmark","article_modified_time":"2025-05-09T07:10:23+00:00","og_image":[{"url":"https:\/\/pelican.se\/wp-content\/uploads\/2024\/10\/se22.jpg","type":"","width":"","height":""}],"twitter_card":"summary_large_image","twitter_misc":{"Est. reading time":"2 minutes"},"schema":{"@context":"https:\/\/schema.org","@graph":[{"@type":"WebPage","@id":"https:\/\/pelican.se\/en\/how-to-use-cookn-bloom-pelican\/","url":"https:\/\/pelican.se\/en\/how-to-use-cookn-bloom-pelican\/","name":"How to use Cook'n Bloom Pelican | Pelican Self Storage","isPartOf":{"@id":"https:\/\/pelican.se\/en\/#website"},"primaryImageOfPage":{"@id":"https:\/\/pelican.se\/en\/how-to-use-cookn-bloom-pelican\/#primaryimage"},"image":{"@id":"https:\/\/pelican.se\/en\/how-to-use-cookn-bloom-pelican\/#primaryimage"},"thumbnailUrl":"https:\/\/pelican.se\/wp-content\/uploads\/2024\/10\/se22.jpg","datePublished":"2025-05-06T08:48:16+00:00","dateModified":"2025-05-09T07:10:23+00:00","breadcrumb":{"@id":"https:\/\/pelican.se\/en\/how-to-use-cookn-bloom-pelican\/#breadcrumb"},"inLanguage":"en-US","potentialAction":[{"@type":"ReadAction","target":["https:\/\/pelican.se\/en\/how-to-use-cookn-bloom-pelican\/"]}]},{"@type":"ImageObject","inLanguage":"en-US","@id":"https:\/\/pelican.se\/en\/how-to-use-cookn-bloom-pelican\/#primaryimage","url":"https:\/\/pelican.se\/wp-content\/uploads\/2024\/10\/se22.jpg","contentUrl":"https:\/\/pelican.se\/wp-content\/uploads\/2024\/10\/se22.jpg"},{"@type":"BreadcrumbList","@id":"https:\/\/pelican.se\/en\/how-to-use-cookn-bloom-pelican\/#breadcrumb","itemListElement":[{"@type":"ListItem","position":1,"name":"Home","item":"https:\/\/pelican.se\/en\/"},{"@type":"ListItem","position":2,"name":"How to use Cook&#8217;n Bloom Pelican"}]},{"@type":"WebSite","@id":"https:\/\/pelican.se\/en\/#website","url":"https:\/\/pelican.se\/en\/","name":"Smarta f\u00f6rr\u00e5dsl\u00f6sningar f\u00f6r dig","description":"Lej et opbevaringsrum hos Pelican Self Storage. Billige priser \u2714 Centre i hele K\u00f8benhavn \u2714 Lagerrum i mange st\u00f8rrelser \u2714 L\u00e5n en gratis trailer \u2714","potentialAction":[{"@type":"SearchAction","target":{"@type":"EntryPoint","urlTemplate":"https:\/\/pelican.se\/en\/?s={search_term_string}"},"query-input":{"@type":"PropertyValueSpecification","valueRequired":true,"valueName":"search_term_string"}}],"inLanguage":"en-US"}]}},"_links":{"self":[{"href":"https:\/\/pelican.se\/en\/wp-json\/wp\/v2\/pages\/14263","targetHints":{"allow":["GET"]}}],"collection":[{"href":"https:\/\/pelican.se\/en\/wp-json\/wp\/v2\/pages"}],"about":[{"href":"https:\/\/pelican.se\/en\/wp-json\/wp\/v2\/types\/page"}],"author":[{"embeddable":true,"href":"https:\/\/pelican.se\/en\/wp-json\/wp\/v2\/users\/3"}],"replies":[{"embeddable":true,"href":"https:\/\/pelican.se\/en\/wp-json\/wp\/v2\/comments?post=14263"}],"version-history":[{"count":1,"href":"https:\/\/pelican.se\/en\/wp-json\/wp\/v2\/pages\/14263\/revisions"}],"predecessor-version":[{"id":14265,"href":"https:\/\/pelican.se\/en\/wp-json\/wp\/v2\/pages\/14263\/revisions\/14265"}],"wp:attachment":[{"href":"https:\/\/pelican.se\/en\/wp-json\/wp\/v2\/media?parent=14263"}],"curies":[{"name":"wp","href":"https:\/\/api.w.org\/{rel}","templated":true}]}}