{"id":14274,"date":"2025-05-06T10:48:20","date_gmt":"2025-05-06T08:48:20","guid":{"rendered":"https:\/\/pelican.se\/tips-for-when-your-child-leaves-home\/"},"modified":"2025-05-09T09:10:27","modified_gmt":"2025-05-09T07:10:27","slug":"tips-for-when-your-child-leaves-home","status":"publish","type":"page","link":"https:\/\/pelican.se\/en\/tips-for-when-your-child-leaves-home\/","title":{"rendered":"Tips for when your child leaves home"},"content":{"rendered":"\t\t<div data-elementor-type=\"wp-page\" data-elementor-id=\"14274\" class=\"elementor elementor-14274 elementor-11512\" data-elementor-post-type=\"page\">\n\t\t\t\t<div class=\"wd-negative-gap elementor-element elementor-element-1419ba0 e-flex e-con-boxed e-con e-parent\" data-id=\"1419ba0\" data-element_type=\"container\" data-e-type=\"container\">\n\t\t\t\t\t<div class=\"e-con-inner\">\n\t\t<div class=\"elementor-element elementor-element-672cfdf e-con-full e-flex e-con e-child\" data-id=\"672cfdf\" data-element_type=\"container\" data-e-type=\"container\">\n\t\t\t\t<div class=\"elementor-element elementor-element-fa9b011 elementor-widget elementor-widget-image\" data-id=\"fa9b011\" data-element_type=\"widget\" data-e-type=\"widget\" data-widget_type=\"image.default\">\n\t\t\t\t<div class=\"elementor-widget-container\">\n\t\t\t\t\t\t\t\t\t\t\t\t\t\t\t<img decoding=\"async\" src=\"https:\/\/pelican.se\/wp-content\/uploads\/2025\/04\/pelican_hero_new.jpg\" title=\"pelican_hero_new.jpg\" alt=\"pelican_hero_new.jpg\" loading=\"lazy\" \/>\t\t\t\t\t\t\t\t\t\t\t\t\t\t\t<\/div>\n\t\t\t\t<\/div>\n\t\t\t\t<\/div>\n\t\t<div class=\"elementor-element elementor-element-9828620 e-con-full e-flex e-con e-child\" data-id=\"9828620\" data-element_type=\"container\" data-e-type=\"container\" data-settings=\"{&quot;background_background&quot;:&quot;classic&quot;}\">\n\t\t<div class=\"elementor-element elementor-element-3a23a8b e-con-full e-flex e-con e-child\" data-id=\"3a23a8b\" data-element_type=\"container\" data-e-type=\"container\">\n\t\t\t\t<div class=\"elementor-element elementor-element-b69be82 wd-width-100 elementor-widget elementor-widget-wd_title\" data-id=\"b69be82\" data-element_type=\"widget\" data-e-type=\"widget\" data-widget_type=\"wd_title.default\">\n\t\t\t\t<div class=\"elementor-widget-container\">\n\t\t\t\t\t\t\t<div class=\"title-wrapper wd-set-mb reset-last-child wd-title-color-default wd-title-style-default wd-title-size-default text-left\">\n\n\t\t\t\n\t\t\t<div class=\"liner-continer\">\n\t\t\t\t<h4 class=\"woodmart-title-container title wd-fontsize-l\">Has your child left home?<br \/>\n6 ideas on how to give new life to an empty room  <\/h4> \n\t\t\t\t\t\t\t<\/div>\n\n\t\t\t\t\t<\/div>\n\t\t\t\t\t\t<\/div>\n\t\t\t\t<\/div>\n\t\t\t\t<div class=\"elementor-element elementor-element-e926c8c elementor-widget elementor-widget-button\" data-id=\"e926c8c\" data-element_type=\"widget\" data-e-type=\"widget\" data-widget_type=\"button.default\">\n\t\t\t\t<div class=\"elementor-widget-container\">\n\t\t\t\t\t\t\t\t\t<div class=\"elementor-button-wrapper\">\n\t\t\t\t\t<a class=\"elementor-button elementor-button-link elementor-size-sm\" href=\"https:\/\/pelicanse.kinsta.cloud\/da\/lokationer\/\">\n\t\t\t\t\t\t<span class=\"elementor-button-content-wrapper\">\n\t\t\t\t\t\t\t\t\t<span class=\"elementor-button-text\">Find a storage unit<\/span>\n\t\t\t\t\t<\/span>\n\t\t\t\t\t<\/a>\n\t\t\t\t<\/div>\n\t\t\t\t\t\t\t\t<\/div>\n\t\t\t\t<\/div>\n\t\t\t\t<\/div>\n\t\t\t\t<\/div>\n\t\t\t\t\t<\/div>\n\t\t\t\t<\/div>\n\t\t<div class=\"wd-negative-gap elementor-element elementor-element-0765437 e-flex e-con-boxed e-con e-parent\" data-id=\"0765437\" data-element_type=\"container\" data-e-type=\"container\">\n\t\t\t\t\t<div class=\"e-con-inner\">\n\t\t\t\t<div class=\"elementor-element elementor-element-f77ee94 elementor-widget elementor-widget-wd_text_block\" data-id=\"f77ee94\" data-element_type=\"widget\" data-e-type=\"widget\" data-widget_type=\"wd_text_block.default\">\n\t\t\t\t<div class=\"elementor-widget-container\">\n\t\t\t\t\t\t\t<div class=\"wd-text-block reset-last-child text-left\">\n\t\t\t\n\t\t\t<p>When the kids move out of the house, their old room may be empty and remind you of their childhood.<br>But instead of leaving the room unused, you can transform it into something new and functional.<br>At Pelican Self Storage, we can help you store the things you want to keep as memories while making the best use of the space in your home.<\/p><p>Here are 6 ideas for what you can do with the extra space:<\/p><p><strong>1. a luxurious guest room<\/strong> <br>Transform the empty room into an elegant guest room where friends and family can stay overnight.<br>Decorate with personal touches and comfortable furniture to create a cozy atmosphere.<br>Maybe you can reuse some of the furniture that was already in the room or invest in something new to give it a breath of fresh air.<\/p><p><strong>2. an adult version of the kids' room<\/strong> <br>Even if your child has left home, he or she will probably still come to visit.<br>Therefore, you can make the room more adult by removing the teenage posters, updating the furniture and painting the walls a new color.<br>This way, the room can still feel like your child's, but with a more mature style.<\/p><p><strong>3. a home office or reading corner<\/strong> <br>Have you always wanted a quiet place to read or work?<br>Now you can turn that old kids' room into a home office or a cozy reading corner.<br>With a few simple adjustments, the room can be transformed into the perfect place to focus and relax.<\/p><p><strong>4. a hobby room<\/strong> <br>Now that you have more time and space, you can dedicate the empty room to your hobbies.<br>Whether you sew, paint or play music, you can use the room for creative projects.<br>A perfect place to store materials and equipment and give yourself a personal space to dedicate to your interests.<\/p><p><strong>5. Man cave or cozy room<\/strong> <br>Dreaming of a place to relax, watch movies or play games?<br>Make it a man cave or a cozy room with a sofa, TV and maybe a ping pong or pool table.<br>Here you can create your very own sanctuary.<\/p><p><strong>6. gym<\/strong> <br>Get your own workout room at home and save money on your gym membership.<br>With yoga mats, mirrors and some exercise machines, you can create your own workout room and make exercising easy and comfortable.<\/p><p><strong>Bonus tip<\/strong> <br>Even if you transform the room, you can still preserve the memories.<br>Make sure to store the things that have sentimental value and consider renting a storage unit at Pelican Self Storage in Stockholm for the belongings you no longer have room for. This way, you can keep your memories safe while enjoying the extra space in your home. <span style=\"font-size: 16px;\"><\/span><\/p>\n\t\t\t\t\t<\/div>\n\t\t\t\t\t\t<\/div>\n\t\t\t\t<\/div>\n\t\t\t\t\t<\/div>\n\t\t\t\t<\/div>\n\t\t\t\t<\/div>\n\t\t","protected":false},"excerpt":{"rendered":"<p>Has your child left home? 6 ideas on how to give new life to an empty room Find a storage<\/p>\n","protected":false},"author":1,"featured_media":0,"parent":0,"menu_order":0,"comment_status":"closed","ping_status":"closed","template":"elementor_header_footer","meta":{"_acf_changed":false,"inline_featured_image":false,"_lmt_disableupdate":"","_lmt_disable":"","footnotes":""},"class_list":["post-14274","page","type-page","status-publish","hentry"],"acf":[],"yoast_head":"<title>Tips for when your child leaves home | Pelican Self Storage<\/title>\n<meta name=\"robots\" content=\"index, follow, max-snippet:-1, max-image-preview:large, max-video-preview:-1\" \/>\n<link rel=\"canonical\" href=\"https:\/\/pelican.se\/en\/tips-for-when-your-child-leaves-home\/\" \/>\n<meta property=\"og:locale\" content=\"en_US\" \/>\n<meta property=\"og:type\" content=\"article\" \/>\n<meta property=\"og:title\" content=\"Tips for when your child leaves home\" \/>\n<meta property=\"og:description\" content=\"Has your child left home? 6 ideas on how to give new life to an empty room Find a storage\" \/>\n<meta property=\"og:url\" content=\"https:\/\/pelican.se\/en\/tips-for-when-your-child-leaves-home\/\" \/>\n<meta property=\"og:site_name\" content=\"Pelican Self Storage\" \/>\n<meta property=\"article:publisher\" content=\"https:\/\/www.facebook.com\/PelicanSelfStorageDenmark\" \/>\n<meta property=\"article:modified_time\" content=\"2025-05-09T07:10:27+00:00\" \/>\n<meta property=\"og:image\" content=\"https:\/\/pelican.se\/wp-content\/uploads\/2025\/04\/pelican_hero_new.jpg\" \/>\n<meta name=\"twitter:card\" content=\"summary_large_image\" \/>\n<meta name=\"twitter:label1\" content=\"Est. reading time\" \/>\n\t<meta name=\"twitter:data1\" content=\"2 minutes\" \/>\n<script type=\"application\/ld+json\" class=\"yoast-schema-graph\">{\"@context\":\"https:\/\/schema.org\",\"@graph\":[{\"@type\":\"WebPage\",\"@id\":\"https:\/\/pelican.se\/en\/tips-for-when-your-child-leaves-home\/\",\"url\":\"https:\/\/pelican.se\/en\/tips-for-when-your-child-leaves-home\/\",\"name\":\"Tips for when your child leaves home | Pelican Self Storage\",\"isPartOf\":{\"@id\":\"https:\/\/pelican.se\/en\/#website\"},\"primaryImageOfPage\":{\"@id\":\"https:\/\/pelican.se\/en\/tips-for-when-your-child-leaves-home\/#primaryimage\"},\"image\":{\"@id\":\"https:\/\/pelican.se\/en\/tips-for-when-your-child-leaves-home\/#primaryimage\"},\"thumbnailUrl\":\"https:\/\/pelican.se\/wp-content\/uploads\/2025\/04\/pelican_hero_new.jpg\",\"datePublished\":\"2025-05-06T08:48:20+00:00\",\"dateModified\":\"2025-05-09T07:10:27+00:00\",\"breadcrumb\":{\"@id\":\"https:\/\/pelican.se\/en\/tips-for-when-your-child-leaves-home\/#breadcrumb\"},\"inLanguage\":\"en-US\",\"potentialAction\":[{\"@type\":\"ReadAction\",\"target\":[\"https:\/\/pelican.se\/en\/tips-for-when-your-child-leaves-home\/\"]}]},{\"@type\":\"ImageObject\",\"inLanguage\":\"en-US\",\"@id\":\"https:\/\/pelican.se\/en\/tips-for-when-your-child-leaves-home\/#primaryimage\",\"url\":\"https:\/\/pelican.se\/wp-content\/uploads\/2025\/04\/pelican_hero_new.jpg\",\"contentUrl\":\"https:\/\/pelican.se\/wp-content\/uploads\/2025\/04\/pelican_hero_new.jpg\"},{\"@type\":\"BreadcrumbList\",\"@id\":\"https:\/\/pelican.se\/en\/tips-for-when-your-child-leaves-home\/#breadcrumb\",\"itemListElement\":[{\"@type\":\"ListItem\",\"position\":1,\"name\":\"Home\",\"item\":\"https:\/\/pelican.se\/en\/\"},{\"@type\":\"ListItem\",\"position\":2,\"name\":\"Tips for when your child leaves home\"}]},{\"@type\":\"WebSite\",\"@id\":\"https:\/\/pelican.se\/en\/#website\",\"url\":\"https:\/\/pelican.se\/en\/\",\"name\":\"Smarta f\u00f6rr\u00e5dsl\u00f6sningar f\u00f6r dig\",\"description\":\"Lej et opbevaringsrum hos Pelican Self Storage. Billige priser \u2714 Centre i hele K\u00f8benhavn \u2714 Lagerrum i mange st\u00f8rrelser \u2714 L\u00e5n en gratis trailer \u2714\",\"potentialAction\":[{\"@type\":\"SearchAction\",\"target\":{\"@type\":\"EntryPoint\",\"urlTemplate\":\"https:\/\/pelican.se\/en\/?s={search_term_string}\"},\"query-input\":{\"@type\":\"PropertyValueSpecification\",\"valueRequired\":true,\"valueName\":\"search_term_string\"}}],\"inLanguage\":\"en-US\"}]}<\/script>","yoast_head_json":{"title":"Tips for when your child leaves home | Pelican Self Storage","robots":{"index":"index","follow":"follow","max-snippet":"max-snippet:-1","max-image-preview":"max-image-preview:large","max-video-preview":"max-video-preview:-1"},"canonical":"https:\/\/pelican.se\/en\/tips-for-when-your-child-leaves-home\/","og_locale":"en_US","og_type":"article","og_title":"Tips for when your child leaves home","og_description":"Has your child left home? 6 ideas on how to give new life to an empty room Find a storage","og_url":"https:\/\/pelican.se\/en\/tips-for-when-your-child-leaves-home\/","og_site_name":"Pelican Self Storage","article_publisher":"https:\/\/www.facebook.com\/PelicanSelfStorageDenmark","article_modified_time":"2025-05-09T07:10:27+00:00","og_image":[{"url":"https:\/\/pelican.se\/wp-content\/uploads\/2025\/04\/pelican_hero_new.jpg","type":"","width":"","height":""}],"twitter_card":"summary_large_image","twitter_misc":{"Est. reading time":"2 minutes"},"schema":{"@context":"https:\/\/schema.org","@graph":[{"@type":"WebPage","@id":"https:\/\/pelican.se\/en\/tips-for-when-your-child-leaves-home\/","url":"https:\/\/pelican.se\/en\/tips-for-when-your-child-leaves-home\/","name":"Tips for when your child leaves home | Pelican Self Storage","isPartOf":{"@id":"https:\/\/pelican.se\/en\/#website"},"primaryImageOfPage":{"@id":"https:\/\/pelican.se\/en\/tips-for-when-your-child-leaves-home\/#primaryimage"},"image":{"@id":"https:\/\/pelican.se\/en\/tips-for-when-your-child-leaves-home\/#primaryimage"},"thumbnailUrl":"https:\/\/pelican.se\/wp-content\/uploads\/2025\/04\/pelican_hero_new.jpg","datePublished":"2025-05-06T08:48:20+00:00","dateModified":"2025-05-09T07:10:27+00:00","breadcrumb":{"@id":"https:\/\/pelican.se\/en\/tips-for-when-your-child-leaves-home\/#breadcrumb"},"inLanguage":"en-US","potentialAction":[{"@type":"ReadAction","target":["https:\/\/pelican.se\/en\/tips-for-when-your-child-leaves-home\/"]}]},{"@type":"ImageObject","inLanguage":"en-US","@id":"https:\/\/pelican.se\/en\/tips-for-when-your-child-leaves-home\/#primaryimage","url":"https:\/\/pelican.se\/wp-content\/uploads\/2025\/04\/pelican_hero_new.jpg","contentUrl":"https:\/\/pelican.se\/wp-content\/uploads\/2025\/04\/pelican_hero_new.jpg"},{"@type":"BreadcrumbList","@id":"https:\/\/pelican.se\/en\/tips-for-when-your-child-leaves-home\/#breadcrumb","itemListElement":[{"@type":"ListItem","position":1,"name":"Home","item":"https:\/\/pelican.se\/en\/"},{"@type":"ListItem","position":2,"name":"Tips for when your child leaves home"}]},{"@type":"WebSite","@id":"https:\/\/pelican.se\/en\/#website","url":"https:\/\/pelican.se\/en\/","name":"Smarta f\u00f6rr\u00e5dsl\u00f6sningar f\u00f6r dig","description":"Lej et opbevaringsrum hos Pelican Self Storage. Billige priser \u2714 Centre i hele K\u00f8benhavn \u2714 Lagerrum i mange st\u00f8rrelser \u2714 L\u00e5n en gratis trailer \u2714","potentialAction":[{"@type":"SearchAction","target":{"@type":"EntryPoint","urlTemplate":"https:\/\/pelican.se\/en\/?s={search_term_string}"},"query-input":{"@type":"PropertyValueSpecification","valueRequired":true,"valueName":"search_term_string"}}],"inLanguage":"en-US"}]}},"_links":{"self":[{"href":"https:\/\/pelican.se\/en\/wp-json\/wp\/v2\/pages\/14274","targetHints":{"allow":["GET"]}}],"collection":[{"href":"https:\/\/pelican.se\/en\/wp-json\/wp\/v2\/pages"}],"about":[{"href":"https:\/\/pelican.se\/en\/wp-json\/wp\/v2\/types\/page"}],"author":[{"embeddable":true,"href":"https:\/\/pelican.se\/en\/wp-json\/wp\/v2\/users\/1"}],"replies":[{"embeddable":true,"href":"https:\/\/pelican.se\/en\/wp-json\/wp\/v2\/comments?post=14274"}],"version-history":[{"count":1,"href":"https:\/\/pelican.se\/en\/wp-json\/wp\/v2\/pages\/14274\/revisions"}],"predecessor-version":[{"id":14275,"href":"https:\/\/pelican.se\/en\/wp-json\/wp\/v2\/pages\/14274\/revisions\/14275"}],"wp:attachment":[{"href":"https:\/\/pelican.se\/en\/wp-json\/wp\/v2\/media?parent=14274"}],"curies":[{"name":"wp","href":"https:\/\/api.w.org\/{rel}","templated":true}]}}