{"id":14276,"date":"2025-05-06T10:48:22","date_gmt":"2025-05-06T08:48:22","guid":{"rendered":"https:\/\/pelican.se\/rent-a-small-storage-unit-and-get-big-benefits\/"},"modified":"2025-05-11T23:59:44","modified_gmt":"2025-05-11T21:59:44","slug":"rent-a-small-storage-unit-and-get-big-benefits","status":"publish","type":"page","link":"https:\/\/pelican.se\/en\/rent-a-small-storage-unit-and-get-big-benefits\/","title":{"rendered":"Rent a small storage unit and get big benefits"},"content":{"rendered":"\t\t<div data-elementor-type=\"wp-page\" data-elementor-id=\"14276\" class=\"elementor elementor-14276 elementor-11443\" data-elementor-post-type=\"page\">\n\t\t\t\t<div class=\"wd-negative-gap elementor-element elementor-element-506cb9f e-flex e-con-boxed e-con e-parent\" data-id=\"506cb9f\" data-element_type=\"container\" data-e-type=\"container\">\n\t\t\t\t\t<div class=\"e-con-inner\">\n\t\t\t\t<div class=\"elementor-element elementor-element-e06bd18 elementor-widget elementor-widget-wd_text_block\" data-id=\"e06bd18\" data-element_type=\"widget\" data-e-type=\"widget\" data-widget_type=\"wd_text_block.default\">\n\t\t\t\t<div class=\"elementor-widget-container\">\n\t\t\t\t\t\t\t<div class=\"wd-text-block reset-last-child text-left\">\n\t\t\t\n\t\t\t<p>Many people think that small <a href=\"https:\/\/pelican.se\/en\/facilities\/\">storage units<\/a> are mainly useful when moving house, as you can use them to store <a href=\"https:\/\/pelican.se\/en\/store-your-furniture-at-pelican\/\">furniture<\/a> for a temporary period. But what about using it to store smaller items from your home or office - things that you don't use on a daily basis. It will give you peace of mind and more space at home. For example, it could be one or more of the following items.    <\/p>\n\t\t\t\t\t<\/div>\n\t\t\t\t\t\t<\/div>\n\t\t\t\t<\/div>\n\t\t\t\t\t<\/div>\n\t\t\t\t<\/div>\n\t\t<div class=\"wd-negative-gap elementor-element elementor-element-8b154f5 e-flex e-con-boxed e-con e-parent\" data-id=\"8b154f5\" data-element_type=\"container\" data-e-type=\"container\">\n\t\t\t\t\t<div class=\"e-con-inner\">\n\t\t<div class=\"elementor-element elementor-element-e44e295 e-con-full e-flex e-con e-child\" data-id=\"e44e295\" data-element_type=\"container\" data-e-type=\"container\">\n\t\t\t\t<div class=\"elementor-element elementor-element-13763ef elementor-widget elementor-widget-image\" data-id=\"13763ef\" data-element_type=\"widget\" data-e-type=\"widget\" data-widget_type=\"image.default\">\n\t\t\t\t<div class=\"elementor-widget-container\">\n\t\t\t\t\t\t\t\t\t\t\t\t\t\t\t<img decoding=\"async\" src=\"https:\/\/pelican.se\/wp-content\/uploads\/2025\/04\/Rum-6220.png\" title=\"Rum-6220.png\" alt=\"Rum-6220.png\" loading=\"lazy\" \/>\t\t\t\t\t\t\t\t\t\t\t\t\t\t\t<\/div>\n\t\t\t\t<\/div>\n\t\t\t\t<\/div>\n\t\t<div class=\"elementor-element elementor-element-d5089a4 e-con-full e-flex e-con e-child\" data-id=\"d5089a4\" data-element_type=\"container\" data-e-type=\"container\" data-settings=\"{&quot;background_background&quot;:&quot;classic&quot;}\">\n\t\t<div class=\"elementor-element elementor-element-f706a06 e-con-full e-flex e-con e-child\" data-id=\"f706a06\" data-element_type=\"container\" data-e-type=\"container\">\n\t\t\t\t<div class=\"elementor-element elementor-element-29674eb elementor-widget elementor-widget-wd_text_block\" data-id=\"29674eb\" data-element_type=\"widget\" data-e-type=\"widget\" data-widget_type=\"wd_text_block.default\">\n\t\t\t\t<div class=\"elementor-widget-container\">\n\t\t\t\t\t\t\t<div class=\"wd-text-block reset-last-child text-left\">\n\t\t\t\n\t\t\t<p><span style=\"color: #008000;\"><strong>1. seasonal clothes:<\/strong><\/span> You can easily gain more closet space at home if you choose to store your summer or winter wardrobe in a Pelican storage unit. After all, you rarely need your winter jackets in summer or your summer clothes in winter. <\/p><p><span style=\"color: #008000;\"><strong>2. decorations for different occasions:<\/strong> <\/span>For example, you can safely store your Christmas decorations in our storage room and pick them up when Christmas is approaching. <\/p><p><span style=\"color: #008000;\"><strong>3. extra crockery:<\/strong><\/span> Extra plates, cutlery glasses, etc.<br>are often only needed for large family gatherings and other major events.<br>In addition, they are superfluous and take up a lot of unnecessary space in the home.<\/p><p><span style=\"color: #008000;\"><strong>4. small household appliances:<\/strong><\/span> For example, if you only use your kitchen appliance and other small appliances a few times a year, you may want to store them to create more space. <\/p><p><span style=\"color: #008000;\"><strong>5. Sports equipment:<\/strong> <\/span>It's a good idea to winterize bicycles, fishing equipment, camping gear, and other sports equipment.<\/p>\n\t\t\t\t\t<\/div>\n\t\t\t\t\t\t<\/div>\n\t\t\t\t<\/div>\n\t\t\t\t<\/div>\n\t\t\t\t<\/div>\n\t\t\t\t\t<\/div>\n\t\t\t\t<\/div>\n\t\t<div class=\"wd-negative-gap elementor-element elementor-element-fb302d1 e-flex e-con-boxed e-con e-parent\" data-id=\"fb302d1\" data-element_type=\"container\" data-e-type=\"container\">\n\t\t\t\t\t<div class=\"e-con-inner\">\n\t\t<div class=\"elementor-element elementor-element-010170f e-con-full e-flex e-con e-child\" data-id=\"010170f\" data-element_type=\"container\" data-e-type=\"container\" data-settings=\"{&quot;background_background&quot;:&quot;classic&quot;}\">\n\t\t<div class=\"elementor-element elementor-element-bf79ac8 e-con-full e-flex e-con e-child\" data-id=\"bf79ac8\" data-element_type=\"container\" data-e-type=\"container\">\n\t\t\t\t<div class=\"elementor-element elementor-element-f74a309 wd-width-100 elementor-widget elementor-widget-wd_title\" data-id=\"f74a309\" data-element_type=\"widget\" data-e-type=\"widget\" data-widget_type=\"wd_title.default\">\n\t\t\t\t<div class=\"elementor-widget-container\">\n\t\t\t\t\t\t\t<div class=\"title-wrapper wd-set-mb reset-last-child wd-title-color-default wd-title-style-default wd-title-size-default text-left\">\n\n\t\t\t\n\t\t\t<div class=\"liner-continer\">\n\t\t\t\t<h4 class=\"woodmart-title-container title wd-fontsize-l\"><\/h4> \n\t\t\t\t\t\t\t<\/div>\n\n\t\t\t\t\t\t\t<div class=\"title-after_title reset-last-child wd-fontsize-xs\">\n\t\t\t\t\t<p>In summary, thinking of storage as an extension of your home or office can be a great advantage.<br>It not only gives you more space in your everyday life, but also a sense of order and calm.<br>By storing seasonal items, trinkets for special occasions or equipment you rarely use, you can make the most of your home without having to say goodbye to things that mean something to you.<br>At Pelican, we offer flexible storage solutions to suit your needs - both now and in the future.<\/p><p>Call us or contact us today to find out more about how we can help you create more space in your everyday life!<\/p>\t\t\t\t<\/div>\n\t\t\t\t\t<\/div>\n\t\t\t\t\t\t<\/div>\n\t\t\t\t<\/div>\n\t\t\t\t<div class=\"elementor-element elementor-element-06148e9 elementor-align-center elementor-widget elementor-widget-button\" data-id=\"06148e9\" data-element_type=\"widget\" data-e-type=\"widget\" data-widget_type=\"button.default\">\n\t\t\t\t<div class=\"elementor-widget-container\">\n\t\t\t\t\t\t\t\t\t<div class=\"elementor-button-wrapper\">\n\t\t\t\t\t<a class=\"elementor-button elementor-button-link elementor-size-sm\" href=\"https:\/\/pelican.se\/en\/our-locations\/\">\n\t\t\t\t\t\t<span class=\"elementor-button-content-wrapper\">\n\t\t\t\t\t\t\t\t\t<span class=\"elementor-button-text\">Our facilities<\/span>\n\t\t\t\t\t<\/span>\n\t\t\t\t\t<\/a>\n\t\t\t\t<\/div>\n\t\t\t\t\t\t\t\t<\/div>\n\t\t\t\t<\/div>\n\t\t\t\t<\/div>\n\t\t\t\t<\/div>\n\t\t<div class=\"elementor-element elementor-element-f8e07a1 e-con-full e-flex e-con e-child\" data-id=\"f8e07a1\" data-element_type=\"container\" data-e-type=\"container\">\n\t\t\t\t<div class=\"elementor-element elementor-element-da3bbc4 elementor-widget elementor-widget-image\" data-id=\"da3bbc4\" data-element_type=\"widget\" data-e-type=\"widget\" data-widget_type=\"image.default\">\n\t\t\t\t<div class=\"elementor-widget-container\">\n\t\t\t\t\t\t\t\t\t\t\t\t\t\t\t<img decoding=\"async\" src=\"https:\/\/pelican.se\/wp-content\/uploads\/2025\/04\/110304_Virum-Unit.jpg\" title=\"110304_Virum-Unit.jpg\" alt=\"110304_Virum-Unit.jpg\" loading=\"lazy\" \/>\t\t\t\t\t\t\t\t\t\t\t\t\t\t\t<\/div>\n\t\t\t\t<\/div>\n\t\t\t\t<\/div>\n\t\t\t\t\t<\/div>\n\t\t\t\t<\/div>\n\t\t\t\t<\/div>\n\t\t","protected":false},"excerpt":{"rendered":"<p>Many people think that small storage units are mainly useful when moving house, as you can use them to store<\/p>\n","protected":false},"author":1,"featured_media":0,"parent":0,"menu_order":0,"comment_status":"closed","ping_status":"closed","template":"elementor_header_footer","meta":{"_acf_changed":false,"inline_featured_image":false,"_lmt_disableupdate":"","_lmt_disable":"","footnotes":""},"class_list":["post-14276","page","type-page","status-publish","hentry"],"acf":[],"yoast_head":"<title>Rent a small storage unit and get big benefits | Pelican Self Storage<\/title>\n<meta name=\"robots\" content=\"index, follow, max-snippet:-1, max-image-preview:large, max-video-preview:-1\" \/>\n<link rel=\"canonical\" href=\"https:\/\/pelican.se\/en\/rent-a-small-storage-unit-and-get-big-benefits\/\" \/>\n<meta property=\"og:locale\" content=\"en_US\" \/>\n<meta property=\"og:type\" content=\"article\" \/>\n<meta property=\"og:title\" content=\"Rent a small storage unit and get big benefits\" \/>\n<meta property=\"og:description\" content=\"Many people think that small storage units are mainly useful when moving house, as you can use them to store\" \/>\n<meta property=\"og:url\" content=\"https:\/\/pelican.se\/en\/rent-a-small-storage-unit-and-get-big-benefits\/\" \/>\n<meta property=\"og:site_name\" content=\"Pelican Self Storage\" \/>\n<meta property=\"article:publisher\" content=\"https:\/\/www.facebook.com\/PelicanSelfStorageDenmark\" \/>\n<meta property=\"article:modified_time\" content=\"2025-05-11T21:59:44+00:00\" \/>\n<meta property=\"og:image\" content=\"https:\/\/pelican.se\/wp-content\/uploads\/2025\/04\/Rum-6220.png\" \/>\n<meta name=\"twitter:card\" content=\"summary_large_image\" \/>\n<meta name=\"twitter:label1\" content=\"Est. reading time\" \/>\n\t<meta name=\"twitter:data1\" content=\"2 minutes\" \/>\n<script type=\"application\/ld+json\" class=\"yoast-schema-graph\">{\"@context\":\"https:\/\/schema.org\",\"@graph\":[{\"@type\":\"WebPage\",\"@id\":\"https:\/\/pelican.se\/en\/rent-a-small-storage-unit-and-get-big-benefits\/\",\"url\":\"https:\/\/pelican.se\/en\/rent-a-small-storage-unit-and-get-big-benefits\/\",\"name\":\"Rent a small storage unit and get big benefits | Pelican Self Storage\",\"isPartOf\":{\"@id\":\"https:\/\/pelican.se\/en\/#website\"},\"primaryImageOfPage\":{\"@id\":\"https:\/\/pelican.se\/en\/rent-a-small-storage-unit-and-get-big-benefits\/#primaryimage\"},\"image\":{\"@id\":\"https:\/\/pelican.se\/en\/rent-a-small-storage-unit-and-get-big-benefits\/#primaryimage\"},\"thumbnailUrl\":\"https:\/\/pelican.se\/wp-content\/uploads\/2025\/04\/Rum-6220.png\",\"datePublished\":\"2025-05-06T08:48:22+00:00\",\"dateModified\":\"2025-05-11T21:59:44+00:00\",\"breadcrumb\":{\"@id\":\"https:\/\/pelican.se\/en\/rent-a-small-storage-unit-and-get-big-benefits\/#breadcrumb\"},\"inLanguage\":\"en-US\",\"potentialAction\":[{\"@type\":\"ReadAction\",\"target\":[\"https:\/\/pelican.se\/en\/rent-a-small-storage-unit-and-get-big-benefits\/\"]}]},{\"@type\":\"ImageObject\",\"inLanguage\":\"en-US\",\"@id\":\"https:\/\/pelican.se\/en\/rent-a-small-storage-unit-and-get-big-benefits\/#primaryimage\",\"url\":\"https:\/\/pelican.se\/wp-content\/uploads\/2025\/04\/Rum-6220.png\",\"contentUrl\":\"https:\/\/pelican.se\/wp-content\/uploads\/2025\/04\/Rum-6220.png\"},{\"@type\":\"BreadcrumbList\",\"@id\":\"https:\/\/pelican.se\/en\/rent-a-small-storage-unit-and-get-big-benefits\/#breadcrumb\",\"itemListElement\":[{\"@type\":\"ListItem\",\"position\":1,\"name\":\"Home\",\"item\":\"https:\/\/pelican.se\/en\/\"},{\"@type\":\"ListItem\",\"position\":2,\"name\":\"Rent a small storage unit and get big benefits\"}]},{\"@type\":\"WebSite\",\"@id\":\"https:\/\/pelican.se\/en\/#website\",\"url\":\"https:\/\/pelican.se\/en\/\",\"name\":\"Smarta f\u00f6rr\u00e5dsl\u00f6sningar f\u00f6r dig\",\"description\":\"Lej et opbevaringsrum hos Pelican Self Storage. Billige priser \u2714 Centre i hele K\u00f8benhavn \u2714 Lagerrum i mange st\u00f8rrelser \u2714 L\u00e5n en gratis trailer \u2714\",\"potentialAction\":[{\"@type\":\"SearchAction\",\"target\":{\"@type\":\"EntryPoint\",\"urlTemplate\":\"https:\/\/pelican.se\/en\/?s={search_term_string}\"},\"query-input\":{\"@type\":\"PropertyValueSpecification\",\"valueRequired\":true,\"valueName\":\"search_term_string\"}}],\"inLanguage\":\"en-US\"}]}<\/script>","yoast_head_json":{"title":"Rent a small storage unit and get big benefits | Pelican Self Storage","robots":{"index":"index","follow":"follow","max-snippet":"max-snippet:-1","max-image-preview":"max-image-preview:large","max-video-preview":"max-video-preview:-1"},"canonical":"https:\/\/pelican.se\/en\/rent-a-small-storage-unit-and-get-big-benefits\/","og_locale":"en_US","og_type":"article","og_title":"Rent a small storage unit and get big benefits","og_description":"Many people think that small storage units are mainly useful when moving house, as you can use them to store","og_url":"https:\/\/pelican.se\/en\/rent-a-small-storage-unit-and-get-big-benefits\/","og_site_name":"Pelican Self Storage","article_publisher":"https:\/\/www.facebook.com\/PelicanSelfStorageDenmark","article_modified_time":"2025-05-11T21:59:44+00:00","og_image":[{"url":"https:\/\/pelican.se\/wp-content\/uploads\/2025\/04\/Rum-6220.png","type":"","width":"","height":""}],"twitter_card":"summary_large_image","twitter_misc":{"Est. reading time":"2 minutes"},"schema":{"@context":"https:\/\/schema.org","@graph":[{"@type":"WebPage","@id":"https:\/\/pelican.se\/en\/rent-a-small-storage-unit-and-get-big-benefits\/","url":"https:\/\/pelican.se\/en\/rent-a-small-storage-unit-and-get-big-benefits\/","name":"Rent a small storage unit and get big benefits | Pelican Self Storage","isPartOf":{"@id":"https:\/\/pelican.se\/en\/#website"},"primaryImageOfPage":{"@id":"https:\/\/pelican.se\/en\/rent-a-small-storage-unit-and-get-big-benefits\/#primaryimage"},"image":{"@id":"https:\/\/pelican.se\/en\/rent-a-small-storage-unit-and-get-big-benefits\/#primaryimage"},"thumbnailUrl":"https:\/\/pelican.se\/wp-content\/uploads\/2025\/04\/Rum-6220.png","datePublished":"2025-05-06T08:48:22+00:00","dateModified":"2025-05-11T21:59:44+00:00","breadcrumb":{"@id":"https:\/\/pelican.se\/en\/rent-a-small-storage-unit-and-get-big-benefits\/#breadcrumb"},"inLanguage":"en-US","potentialAction":[{"@type":"ReadAction","target":["https:\/\/pelican.se\/en\/rent-a-small-storage-unit-and-get-big-benefits\/"]}]},{"@type":"ImageObject","inLanguage":"en-US","@id":"https:\/\/pelican.se\/en\/rent-a-small-storage-unit-and-get-big-benefits\/#primaryimage","url":"https:\/\/pelican.se\/wp-content\/uploads\/2025\/04\/Rum-6220.png","contentUrl":"https:\/\/pelican.se\/wp-content\/uploads\/2025\/04\/Rum-6220.png"},{"@type":"BreadcrumbList","@id":"https:\/\/pelican.se\/en\/rent-a-small-storage-unit-and-get-big-benefits\/#breadcrumb","itemListElement":[{"@type":"ListItem","position":1,"name":"Home","item":"https:\/\/pelican.se\/en\/"},{"@type":"ListItem","position":2,"name":"Rent a small storage unit and get big benefits"}]},{"@type":"WebSite","@id":"https:\/\/pelican.se\/en\/#website","url":"https:\/\/pelican.se\/en\/","name":"Smarta f\u00f6rr\u00e5dsl\u00f6sningar f\u00f6r dig","description":"Lej et opbevaringsrum hos Pelican Self Storage. Billige priser \u2714 Centre i hele K\u00f8benhavn \u2714 Lagerrum i mange st\u00f8rrelser \u2714 L\u00e5n en gratis trailer \u2714","potentialAction":[{"@type":"SearchAction","target":{"@type":"EntryPoint","urlTemplate":"https:\/\/pelican.se\/en\/?s={search_term_string}"},"query-input":{"@type":"PropertyValueSpecification","valueRequired":true,"valueName":"search_term_string"}}],"inLanguage":"en-US"}]}},"_links":{"self":[{"href":"https:\/\/pelican.se\/en\/wp-json\/wp\/v2\/pages\/14276","targetHints":{"allow":["GET"]}}],"collection":[{"href":"https:\/\/pelican.se\/en\/wp-json\/wp\/v2\/pages"}],"about":[{"href":"https:\/\/pelican.se\/en\/wp-json\/wp\/v2\/types\/page"}],"author":[{"embeddable":true,"href":"https:\/\/pelican.se\/en\/wp-json\/wp\/v2\/users\/1"}],"replies":[{"embeddable":true,"href":"https:\/\/pelican.se\/en\/wp-json\/wp\/v2\/comments?post=14276"}],"version-history":[{"count":2,"href":"https:\/\/pelican.se\/en\/wp-json\/wp\/v2\/pages\/14276\/revisions"}],"predecessor-version":[{"id":14360,"href":"https:\/\/pelican.se\/en\/wp-json\/wp\/v2\/pages\/14276\/revisions\/14360"}],"wp:attachment":[{"href":"https:\/\/pelican.se\/en\/wp-json\/wp\/v2\/media?parent=14276"}],"curies":[{"name":"wp","href":"https:\/\/api.w.org\/{rel}","templated":true}]}}