{"id":14278,"date":"2025-05-06T10:48:25","date_gmt":"2025-05-06T08:48:25","guid":{"rendered":"https:\/\/pelican.se\/conference-room\/"},"modified":"2025-05-09T09:10:27","modified_gmt":"2025-05-09T07:10:27","slug":"conference-room","status":"publish","type":"page","link":"https:\/\/pelican.se\/en\/conference-room\/","title":{"rendered":"Conference room"},"content":{"rendered":"\t\t<div data-elementor-type=\"wp-page\" data-elementor-id=\"14278\" class=\"elementor elementor-14278 elementor-11447\" data-elementor-post-type=\"page\">\n\t\t\t\t<div class=\"wd-negative-gap elementor-element elementor-element-5a29fe52 e-flex e-con-boxed e-con e-parent\" data-id=\"5a29fe52\" data-element_type=\"container\" data-e-type=\"container\" data-settings=\"{&quot;background_background&quot;:&quot;classic&quot;}\">\n\t\t\t\t\t<div class=\"e-con-inner\">\n\t\t<div class=\"elementor-element elementor-element-f0f3fdd e-con-full e-flex e-con e-child\" data-id=\"f0f3fdd\" data-element_type=\"container\" data-e-type=\"container\">\n\t\t\t\t<div class=\"elementor-element elementor-element-29b19fe5 elementor-widget elementor-widget-image\" data-id=\"29b19fe5\" data-element_type=\"widget\" data-e-type=\"widget\" data-widget_type=\"image.default\">\n\t\t\t\t<div class=\"elementor-widget-container\">\n\t\t\t\t\t\t\t\t\t\t\t\t\t\t\t<img loading=\"lazy\" decoding=\"async\" width=\"1600\" height=\"1067\" src=\"https:\/\/pelican.se\/wp-content\/uploads\/2025\/05\/konferensrum.jpg\" class=\"attachment-full size-full wp-image-14279\" alt=\"\" srcset=\"https:\/\/pelican.se\/wp-content\/uploads\/2025\/05\/konferensrum.jpg 1600w, https:\/\/pelican.se\/wp-content\/uploads\/2025\/05\/konferensrum-300x200.jpg 300w, https:\/\/pelican.se\/wp-content\/uploads\/2025\/05\/konferensrum-1024x683.jpg 1024w, https:\/\/pelican.se\/wp-content\/uploads\/2025\/05\/konferensrum-768x512.jpg 768w, https:\/\/pelican.se\/wp-content\/uploads\/2025\/05\/konferensrum-1536x1024.jpg 1536w, https:\/\/pelican.se\/wp-content\/uploads\/2025\/05\/konferensrum-1200x800.jpg 1200w, https:\/\/pelican.se\/wp-content\/uploads\/2025\/05\/konferensrum-150x100.jpg 150w\" sizes=\"auto, (max-width: 1600px) 100vw, 1600px\" \/>\t\t\t\t\t\t\t\t\t\t\t\t\t\t\t<\/div>\n\t\t\t\t<\/div>\n\t\t\t\t<\/div>\n\t\t<div class=\"elementor-element elementor-element-742aca4d e-con-full e-flex e-con e-child\" data-id=\"742aca4d\" data-element_type=\"container\" data-e-type=\"container\" data-settings=\"{&quot;background_background&quot;:&quot;classic&quot;}\">\n\t\t<div class=\"elementor-element elementor-element-72f88bc5 e-con-full e-flex e-con e-child\" data-id=\"72f88bc5\" data-element_type=\"container\" data-e-type=\"container\">\n\t\t\t\t<div class=\"elementor-element elementor-element-31637e12 wd-width-100 elementor-widget elementor-widget-wd_title\" data-id=\"31637e12\" data-element_type=\"widget\" data-e-type=\"widget\" data-widget_type=\"wd_title.default\">\n\t\t\t\t<div class=\"elementor-widget-container\">\n\t\t\t\t\t\t\t<div class=\"title-wrapper wd-set-mb reset-last-child wd-title-color-default wd-title-style-default wd-title-size-default text-left\">\n\n\t\t\t\n\t\t\t<div class=\"liner-continer\">\n\t\t\t\t<h4 class=\"woodmart-title-container title wd-fontsize-l\">Conference room in Kungsholmen<br \/>\n<\/h4> \n\t\t\t\t\t\t\t<\/div>\n\n\t\t\t\t\t\t\t<div class=\"title-after_title reset-last-child wd-fontsize-xs\">\n\t\t\t\t\t<p>Hold your meetings, workshops or wine tastings in our bright, fresh and inspiring conference rooms. Close to restaurants, metro and other communications in the middle of central Kungsholmen in the old Draken cinema. <\/p><p>Address: Fridhemsplan 27<br>Bookable: Every day 05:30-22:00<br>Staff on site: Mon-Fri 10:00-18:00 Sat 10:00-14:00<\/p><p>Facilities:<br>Whiteboard<br>Projector and sound system<br>Wi-Fi<br>Free Coffee and Tea<br>Wine tasting glasses<\/p>\t\t\t\t<\/div>\n\t\t\t\t\t<\/div>\n\t\t\t\t\t\t<\/div>\n\t\t\t\t<\/div>\n\t\t\t\t<div class=\"elementor-element elementor-element-e8596de elementor-widget elementor-widget-button\" data-id=\"e8596de\" data-element_type=\"widget\" data-e-type=\"widget\" data-widget_type=\"button.default\">\n\t\t\t\t<div class=\"elementor-widget-container\">\n\t\t\t\t\t\t\t\t\t<div class=\"elementor-button-wrapper\">\n\t\t\t\t\t<a class=\"elementor-button elementor-button-link elementor-size-sm\" href=\"https:\/\/pelican.se\/en\/storage-stockholm\/kungsholmen\/\">\n\t\t\t\t\t\t<span class=\"elementor-button-content-wrapper\">\n\t\t\t\t\t\t\t\t\t<span class=\"elementor-button-text\">Contact Pelican Kungsholmen for more info and booking<\/span>\n\t\t\t\t\t<\/span>\n\t\t\t\t\t<\/a>\n\t\t\t\t<\/div>\n\t\t\t\t\t\t\t\t<\/div>\n\t\t\t\t<\/div>\n\t\t\t\t<\/div>\n\t\t\t\t<\/div>\n\t\t\t\t\t<\/div>\n\t\t\t\t<\/div>\n\t\t<div class=\"wd-negative-gap elementor-element elementor-element-f6b67e6 e-flex e-con-boxed e-con e-parent\" data-id=\"f6b67e6\" data-element_type=\"container\" data-e-type=\"container\">\n\t\t\t\t\t<div class=\"e-con-inner\">\n\t\t<div class=\"elementor-element elementor-element-927a058 e-con-full e-flex e-con e-child\" data-id=\"927a058\" data-element_type=\"container\" data-e-type=\"container\" data-settings=\"{&quot;background_background&quot;:&quot;classic&quot;}\">\n\t\t<div class=\"elementor-element elementor-element-c1e55b6 e-con-full e-flex e-con e-child\" data-id=\"c1e55b6\" data-element_type=\"container\" data-e-type=\"container\">\n\t\t\t\t<div class=\"elementor-element elementor-element-3a7ca6d wd-width-100 elementor-widget elementor-widget-wd_title\" data-id=\"3a7ca6d\" data-element_type=\"widget\" data-e-type=\"widget\" data-widget_type=\"wd_title.default\">\n\t\t\t\t<div class=\"elementor-widget-container\">\n\t\t\t\t\t\t\t<div class=\"title-wrapper wd-set-mb reset-last-child wd-title-color-default wd-title-style-default wd-title-size-default text-left\">\n\n\t\t\t\n\t\t\t<div class=\"liner-continer\">\n\t\t\t\t<h4 class=\"woodmart-title-container title wd-fontsize-l\">Conference room in Sundbyberg<br \/>\n<\/h4> \n\t\t\t\t\t\t\t<\/div>\n\n\t\t\t\t\t\t\t<div class=\"title-after_title reset-last-child wd-fontsize-xs\">\n\t\t\t\t\t<p>Newly built property in Rissne, Sundbyberg along Ulvsundav\u00e4gen. Bright and fresh premises with the possibility to park a car and bus stop right outside. Suitable for both smaller meetings, workshops or wine tastings.  <\/p><p>Address: Rissneleden 118<br>Bookable: Every day 05:30-22:00<br>Staff on site: Mon-Fri 10:00-18:00 Sat 10:00-14:00<\/p><p>Facilities:<br>Whiteboard<br>TV for presentations<br>Wi-Fi<br><span style=\"font-family: Lato, Arial, Helvetica, sans-serif;font-size: 19.2px;font-style: normal;font-weight: 400\">Free Coffee and Tea <br><\/span>Wine tasting glasses<\/p>\t\t\t\t<\/div>\n\t\t\t\t\t<\/div>\n\t\t\t\t\t\t<\/div>\n\t\t\t\t<\/div>\n\t\t\t\t<div class=\"elementor-element elementor-element-c29d3a7 elementor-widget elementor-widget-button\" data-id=\"c29d3a7\" data-element_type=\"widget\" data-e-type=\"widget\" data-widget_type=\"button.default\">\n\t\t\t\t<div class=\"elementor-widget-container\">\n\t\t\t\t\t\t\t\t\t<div class=\"elementor-button-wrapper\">\n\t\t\t\t\t<a class=\"elementor-button elementor-button-link elementor-size-sm\" href=\"https:\/\/pelican.se\/en\/storage-stockholm\/sundbyberg\/\">\n\t\t\t\t\t\t<span class=\"elementor-button-content-wrapper\">\n\t\t\t\t\t\t\t\t\t<span class=\"elementor-button-text\">Contact Pelican Sundbyberg for more info and booking<\/span>\n\t\t\t\t\t<\/span>\n\t\t\t\t\t<\/a>\n\t\t\t\t<\/div>\n\t\t\t\t\t\t\t\t<\/div>\n\t\t\t\t<\/div>\n\t\t\t\t<\/div>\n\t\t\t\t<\/div>\n\t\t\t\t<div class=\"elementor-element elementor-element-23227b9 elementor-widget elementor-widget-image\" data-id=\"23227b9\" data-element_type=\"widget\" data-e-type=\"widget\" data-widget_type=\"image.default\">\n\t\t\t\t<div class=\"elementor-widget-container\">\n\t\t\t\t\t\t\t\t\t\t\t\t\t\t\t<img loading=\"lazy\" decoding=\"async\" width=\"2528\" height=\"1888\" src=\"https:\/\/pelican.se\/wp-content\/uploads\/2025\/05\/Conference_Fixed.png\" class=\"attachment-full size-full wp-image-13685\" alt=\"\" srcset=\"https:\/\/pelican.se\/wp-content\/uploads\/2025\/05\/Conference_Fixed.png 2528w, https:\/\/pelican.se\/wp-content\/uploads\/2025\/05\/Conference_Fixed-300x224.png 300w, https:\/\/pelican.se\/wp-content\/uploads\/2025\/05\/Conference_Fixed-1024x765.png 1024w, https:\/\/pelican.se\/wp-content\/uploads\/2025\/05\/Conference_Fixed-768x574.png 768w, https:\/\/pelican.se\/wp-content\/uploads\/2025\/05\/Conference_Fixed-1536x1147.png 1536w, https:\/\/pelican.se\/wp-content\/uploads\/2025\/05\/Conference_Fixed-2048x1530.png 2048w, https:\/\/pelican.se\/wp-content\/uploads\/2025\/05\/Conference_Fixed-1200x896.png 1200w, https:\/\/pelican.se\/wp-content\/uploads\/2025\/05\/Conference_Fixed-150x112.png 150w\" sizes=\"auto, (max-width: 2528px) 100vw, 2528px\" \/>\t\t\t\t\t\t\t\t\t\t\t\t\t\t\t<\/div>\n\t\t\t\t<\/div>\n\t\t\t\t\t<\/div>\n\t\t\t\t<\/div>\n\t\t\t\t<\/div>\n\t\t","protected":false},"excerpt":{"rendered":"<p>Conference room in Kungsholmen Hold your meetings, workshops or wine tastings in our bright, fresh and inspiring conference rooms. Close<\/p>\n","protected":false},"author":1,"featured_media":0,"parent":0,"menu_order":0,"comment_status":"closed","ping_status":"closed","template":"elementor_header_footer","meta":{"_acf_changed":false,"inline_featured_image":false,"_lmt_disableupdate":"","_lmt_disable":"","footnotes":""},"class_list":["post-14278","page","type-page","status-publish","hentry"],"acf":[],"yoast_head":"<title>Conference room | Pelican Self Storage<\/title>\n<meta name=\"robots\" content=\"index, follow, max-snippet:-1, max-image-preview:large, max-video-preview:-1\" \/>\n<link rel=\"canonical\" href=\"https:\/\/pelican.se\/en\/conference-room\/\" \/>\n<meta property=\"og:locale\" content=\"en_US\" \/>\n<meta property=\"og:type\" content=\"article\" \/>\n<meta property=\"og:title\" content=\"Conference room\" \/>\n<meta property=\"og:description\" content=\"Conference room in Kungsholmen Hold your meetings, workshops or wine tastings in our bright, fresh and inspiring conference rooms. Close\" \/>\n<meta property=\"og:url\" content=\"https:\/\/pelican.se\/en\/conference-room\/\" \/>\n<meta property=\"og:site_name\" content=\"Pelican Self Storage\" \/>\n<meta property=\"article:publisher\" content=\"https:\/\/www.facebook.com\/PelicanSelfStorageDenmark\" \/>\n<meta property=\"article:modified_time\" content=\"2025-05-09T07:10:27+00:00\" \/>\n<meta property=\"og:image\" content=\"https:\/\/pelican.se\/wp-content\/uploads\/2025\/05\/konferensrum.jpg\" \/>\n\t<meta property=\"og:image:width\" content=\"1600\" \/>\n\t<meta property=\"og:image:height\" content=\"1067\" \/>\n\t<meta property=\"og:image:type\" content=\"image\/jpeg\" \/>\n<meta name=\"twitter:card\" content=\"summary_large_image\" \/>\n<meta name=\"twitter:label1\" content=\"Est. reading time\" \/>\n\t<meta name=\"twitter:data1\" content=\"1 minute\" \/>\n<script type=\"application\/ld+json\" class=\"yoast-schema-graph\">{\"@context\":\"https:\/\/schema.org\",\"@graph\":[{\"@type\":\"WebPage\",\"@id\":\"https:\/\/pelican.se\/en\/conference-room\/\",\"url\":\"https:\/\/pelican.se\/en\/conference-room\/\",\"name\":\"Conference room | Pelican Self Storage\",\"isPartOf\":{\"@id\":\"https:\/\/pelican.se\/en\/#website\"},\"primaryImageOfPage\":{\"@id\":\"https:\/\/pelican.se\/en\/conference-room\/#primaryimage\"},\"image\":{\"@id\":\"https:\/\/pelican.se\/en\/conference-room\/#primaryimage\"},\"thumbnailUrl\":\"https:\/\/pelican.se\/wp-content\/uploads\/2025\/05\/konferensrum.jpg\",\"datePublished\":\"2025-05-06T08:48:25+00:00\",\"dateModified\":\"2025-05-09T07:10:27+00:00\",\"breadcrumb\":{\"@id\":\"https:\/\/pelican.se\/en\/conference-room\/#breadcrumb\"},\"inLanguage\":\"en-US\",\"potentialAction\":[{\"@type\":\"ReadAction\",\"target\":[\"https:\/\/pelican.se\/en\/conference-room\/\"]}]},{\"@type\":\"ImageObject\",\"inLanguage\":\"en-US\",\"@id\":\"https:\/\/pelican.se\/en\/conference-room\/#primaryimage\",\"url\":\"https:\/\/pelican.se\/wp-content\/uploads\/2025\/05\/konferensrum.jpg\",\"contentUrl\":\"https:\/\/pelican.se\/wp-content\/uploads\/2025\/05\/konferensrum.jpg\"},{\"@type\":\"BreadcrumbList\",\"@id\":\"https:\/\/pelican.se\/en\/conference-room\/#breadcrumb\",\"itemListElement\":[{\"@type\":\"ListItem\",\"position\":1,\"name\":\"Home\",\"item\":\"https:\/\/pelican.se\/en\/\"},{\"@type\":\"ListItem\",\"position\":2,\"name\":\"Conference room\"}]},{\"@type\":\"WebSite\",\"@id\":\"https:\/\/pelican.se\/en\/#website\",\"url\":\"https:\/\/pelican.se\/en\/\",\"name\":\"Smarta f\u00f6rr\u00e5dsl\u00f6sningar f\u00f6r dig\",\"description\":\"Lej et opbevaringsrum hos Pelican Self Storage. Billige priser \u2714 Centre i hele K\u00f8benhavn \u2714 Lagerrum i mange st\u00f8rrelser \u2714 L\u00e5n en gratis trailer \u2714\",\"potentialAction\":[{\"@type\":\"SearchAction\",\"target\":{\"@type\":\"EntryPoint\",\"urlTemplate\":\"https:\/\/pelican.se\/en\/?s={search_term_string}\"},\"query-input\":{\"@type\":\"PropertyValueSpecification\",\"valueRequired\":true,\"valueName\":\"search_term_string\"}}],\"inLanguage\":\"en-US\"}]}<\/script>","yoast_head_json":{"title":"Conference room | Pelican Self Storage","robots":{"index":"index","follow":"follow","max-snippet":"max-snippet:-1","max-image-preview":"max-image-preview:large","max-video-preview":"max-video-preview:-1"},"canonical":"https:\/\/pelican.se\/en\/conference-room\/","og_locale":"en_US","og_type":"article","og_title":"Conference room","og_description":"Conference room in Kungsholmen Hold your meetings, workshops or wine tastings in our bright, fresh and inspiring conference rooms. Close","og_url":"https:\/\/pelican.se\/en\/conference-room\/","og_site_name":"Pelican Self Storage","article_publisher":"https:\/\/www.facebook.com\/PelicanSelfStorageDenmark","article_modified_time":"2025-05-09T07:10:27+00:00","og_image":[{"width":1600,"height":1067,"url":"https:\/\/pelican.se\/wp-content\/uploads\/2025\/05\/konferensrum.jpg","type":"image\/jpeg"}],"twitter_card":"summary_large_image","twitter_misc":{"Est. reading time":"1 minute"},"schema":{"@context":"https:\/\/schema.org","@graph":[{"@type":"WebPage","@id":"https:\/\/pelican.se\/en\/conference-room\/","url":"https:\/\/pelican.se\/en\/conference-room\/","name":"Conference room | Pelican Self Storage","isPartOf":{"@id":"https:\/\/pelican.se\/en\/#website"},"primaryImageOfPage":{"@id":"https:\/\/pelican.se\/en\/conference-room\/#primaryimage"},"image":{"@id":"https:\/\/pelican.se\/en\/conference-room\/#primaryimage"},"thumbnailUrl":"https:\/\/pelican.se\/wp-content\/uploads\/2025\/05\/konferensrum.jpg","datePublished":"2025-05-06T08:48:25+00:00","dateModified":"2025-05-09T07:10:27+00:00","breadcrumb":{"@id":"https:\/\/pelican.se\/en\/conference-room\/#breadcrumb"},"inLanguage":"en-US","potentialAction":[{"@type":"ReadAction","target":["https:\/\/pelican.se\/en\/conference-room\/"]}]},{"@type":"ImageObject","inLanguage":"en-US","@id":"https:\/\/pelican.se\/en\/conference-room\/#primaryimage","url":"https:\/\/pelican.se\/wp-content\/uploads\/2025\/05\/konferensrum.jpg","contentUrl":"https:\/\/pelican.se\/wp-content\/uploads\/2025\/05\/konferensrum.jpg"},{"@type":"BreadcrumbList","@id":"https:\/\/pelican.se\/en\/conference-room\/#breadcrumb","itemListElement":[{"@type":"ListItem","position":1,"name":"Home","item":"https:\/\/pelican.se\/en\/"},{"@type":"ListItem","position":2,"name":"Conference room"}]},{"@type":"WebSite","@id":"https:\/\/pelican.se\/en\/#website","url":"https:\/\/pelican.se\/en\/","name":"Smarta f\u00f6rr\u00e5dsl\u00f6sningar f\u00f6r dig","description":"Lej et opbevaringsrum hos Pelican Self Storage. Billige priser \u2714 Centre i hele K\u00f8benhavn \u2714 Lagerrum i mange st\u00f8rrelser \u2714 L\u00e5n en gratis trailer \u2714","potentialAction":[{"@type":"SearchAction","target":{"@type":"EntryPoint","urlTemplate":"https:\/\/pelican.se\/en\/?s={search_term_string}"},"query-input":{"@type":"PropertyValueSpecification","valueRequired":true,"valueName":"search_term_string"}}],"inLanguage":"en-US"}]}},"_links":{"self":[{"href":"https:\/\/pelican.se\/en\/wp-json\/wp\/v2\/pages\/14278","targetHints":{"allow":["GET"]}}],"collection":[{"href":"https:\/\/pelican.se\/en\/wp-json\/wp\/v2\/pages"}],"about":[{"href":"https:\/\/pelican.se\/en\/wp-json\/wp\/v2\/types\/page"}],"author":[{"embeddable":true,"href":"https:\/\/pelican.se\/en\/wp-json\/wp\/v2\/users\/1"}],"replies":[{"embeddable":true,"href":"https:\/\/pelican.se\/en\/wp-json\/wp\/v2\/comments?post=14278"}],"version-history":[{"count":1,"href":"https:\/\/pelican.se\/en\/wp-json\/wp\/v2\/pages\/14278\/revisions"}],"predecessor-version":[{"id":14280,"href":"https:\/\/pelican.se\/en\/wp-json\/wp\/v2\/pages\/14278\/revisions\/14280"}],"wp:attachment":[{"href":"https:\/\/pelican.se\/en\/wp-json\/wp\/v2\/media?parent=14278"}],"curies":[{"name":"wp","href":"https:\/\/api.w.org\/{rel}","templated":true}]}}