{"id":14335,"date":"2025-05-06T10:48:24","date_gmt":"2025-05-06T08:48:24","guid":{"rendered":"https:\/\/pelican.se\/are-you-renovating\/"},"modified":"2025-05-11T23:59:47","modified_gmt":"2025-05-11T21:59:47","slug":"are-you-renovating","status":"publish","type":"page","link":"https:\/\/pelican.se\/en\/are-you-renovating\/","title":{"rendered":"Are you renovating?"},"content":{"rendered":"\t\t<div data-elementor-type=\"wp-page\" data-elementor-id=\"14335\" class=\"elementor elementor-14335 elementor-11474\" data-elementor-post-type=\"page\">\n\t\t\t\t<div class=\"elementor-element elementor-element-6a3070b e-flex e-con-boxed e-con e-parent\" data-id=\"6a3070b\" data-element_type=\"container\" data-e-type=\"container\">\n\t\t\t\t\t<div class=\"e-con-inner\">\n\t\t<div class=\"elementor-element elementor-element-b992e10 e-con-full e-flex e-con e-child\" data-id=\"b992e10\" data-element_type=\"container\" data-e-type=\"container\">\n\t\t\t\t<div class=\"elementor-element elementor-element-9877b09 elementor-widget elementor-widget-image\" data-id=\"9877b09\" data-element_type=\"widget\" data-e-type=\"widget\" data-widget_type=\"image.default\">\n\t\t\t\t<div class=\"elementor-widget-container\">\n\t\t\t\t\t\t\t\t\t\t\t\t\t\t\t<img decoding=\"async\" src=\"https:\/\/pelican.se\/wp-content\/uploads\/2025\/04\/iStock-1433147266.jpg\" title=\"iStock-1433147266.jpg\" alt=\"iStock-1433147266.jpg\" loading=\"lazy\" \/>\t\t\t\t\t\t\t\t\t\t\t\t\t\t\t<\/div>\n\t\t\t\t<\/div>\n\t\t\t\t<\/div>\n\t\t<div class=\"elementor-element elementor-element-8059fb4 e-con-full e-flex e-con e-child\" data-id=\"8059fb4\" data-element_type=\"container\" data-e-type=\"container\" data-settings=\"{&quot;background_background&quot;:&quot;classic&quot;}\">\n\t\t<div class=\"elementor-element elementor-element-4dfbb2a e-con-full e-flex e-con e-child\" data-id=\"4dfbb2a\" data-element_type=\"container\" data-e-type=\"container\">\n\t\t\t\t<div class=\"elementor-element elementor-element-807b5c9 wd-width-100 elementor-widget elementor-widget-wd_title\" data-id=\"807b5c9\" data-element_type=\"widget\" data-e-type=\"widget\" data-widget_type=\"wd_title.default\">\n\t\t\t\t<div class=\"elementor-widget-container\">\n\t\t\t\t\t\t\t<div class=\"title-wrapper wd-set-mb reset-last-child wd-title-color-default wd-title-style-default wd-title-size-default text-left\">\n\n\t\t\t\n\t\t\t<div class=\"liner-continer\">\n\t\t\t\t<h4 class=\"woodmart-title-container title wd-fontsize-l\">Are you planning to renovate?<br \/>\nThis list will help you avoid unnecessary headaches  <\/h4> \n\t\t\t\t\t\t\t<\/div>\n\n\t\t\t\t\t<\/div>\n\t\t\t\t\t\t<\/div>\n\t\t\t\t<\/div>\n\t\t\t\t<div class=\"elementor-element elementor-element-18ce51a elementor-widget elementor-widget-button\" data-id=\"18ce51a\" data-element_type=\"widget\" data-e-type=\"widget\" data-widget_type=\"button.default\">\n\t\t\t\t<div class=\"elementor-widget-container\">\n\t\t\t\t\t\t\t\t\t<div class=\"elementor-button-wrapper\">\n\t\t\t\t\t<a class=\"elementor-button elementor-button-link elementor-size-sm\" href=\"https:\/\/pelican.se\/en\/packing-material\/\">\n\t\t\t\t\t\t<span class=\"elementor-button-content-wrapper\">\n\t\t\t\t\t\t\t\t\t<span class=\"elementor-button-text\">See selection of removal materials<\/span>\n\t\t\t\t\t<\/span>\n\t\t\t\t\t<\/a>\n\t\t\t\t<\/div>\n\t\t\t\t\t\t\t\t<\/div>\n\t\t\t\t<\/div>\n\t\t\t\t<\/div>\n\t\t\t\t<\/div>\n\t\t\t\t\t<\/div>\n\t\t\t\t<\/div>\n\t\t<div class=\"elementor-element elementor-element-76975f1 e-flex e-con-boxed e-con e-parent\" data-id=\"76975f1\" data-element_type=\"container\" data-e-type=\"container\">\n\t\t\t\t\t<div class=\"e-con-inner\">\n\t\t\t\t<div class=\"elementor-element elementor-element-f98d4cd elementor-widget elementor-widget-spacer\" data-id=\"f98d4cd\" data-element_type=\"widget\" data-e-type=\"widget\" data-widget_type=\"spacer.default\">\n\t\t\t\t<div class=\"elementor-widget-container\">\n\t\t\t\t\t\t\t<div class=\"elementor-spacer\">\n\t\t\t<div class=\"elementor-spacer-inner\"><\/div>\n\t\t<\/div>\n\t\t\t\t\t\t<\/div>\n\t\t\t\t<\/div>\n\t\t\t\t<div class=\"elementor-element elementor-element-7b968be elementor-widget elementor-widget-wd_text_block\" data-id=\"7b968be\" data-element_type=\"widget\" data-e-type=\"widget\" data-widget_type=\"wd_text_block.default\">\n\t\t\t\t<div class=\"elementor-widget-container\">\n\t\t\t\t\t\t\t<div class=\"wd-text-block reset-last-child text-left\">\n\t\t\t\n\t\t\t<p>Even a small renovation can give your home a whole new look and feel. Follow these renovation tips to save time, money and effort. <\/p><ul><li><strong>Make sure you have time to think about the renovation.<\/strong><br>Even if you are only doing a small renovation, careful planning can help you achieve the desired result. It can also save you time and effort during the renovation and help you stick to the budget. <\/li><li><strong>What is the aim of the renovation?<\/strong> <br>Do you want a new look, make better use of space or do you need structural changes to achieve the desired result?<\/li><li><strong>Get ideas and inspiration from others.<\/strong><br>For example, you can find images on Google, Pinterest, Instagram and blogs that can give you inspiration. You can also ask different interior design groups on Facebook. <\/li><li><strong>Plan your budget<\/strong> and decide if you want to do everything yourself or if you need help.<br>Also consider and plan if you might need professional help.<\/li><li><strong>Research different products<\/strong> and consider whether they suit your lifestyle and needs.<br>Some surface materials look nice but require a lot of cleaning and maintenance.<\/li><li><strong>Allow enough time<\/strong> to compare prices of products.<br>Take advantage of online offers, back-orders and flea markets.<\/li><li><strong>Prepare for the fact that delivery times<\/strong> may not fit with your planning. Especially during the high season, delivery times for some products may be longer than expected. If you want to make sure that the work you order professionally goes smoothly, it is often good to make an appointment before you start renovating. You can store things in small <a href=\"https:\/\/pelican.se\/en\/facilities\/\">storage units<\/a> and pick them up when you need them.   <\/li><li><strong>If you plan to do<\/strong> most of the renovation yourself, plan the work process carefully. Excel documents are very helpful for this. <\/li><li><strong>If you are renovating yourself,<\/strong> make sure you have the right tools and make sure to search for information on the different stages of renovation. If you are not an expert in renovation, you can find many <strong>educational videos on YouTube.<\/strong> <\/li><li><strong>Make sure you have all the permits you need.<\/strong>  Some renovations require permission from both authorities and housing associations.<\/li><li><strong>If you need professional help,<\/strong> research different offers and book well in advance. Renovation often requires several different tasks that only professionals can and should do. <\/li><li><strong>Ask<\/strong> your renovation company <strong>for references<\/strong> and get in touch with them. This way you can find out what others have done before. <\/li><li><strong>Always make a written agreement<\/strong> for your renovation with your contractor.<\/li><li><strong>Once you have found a renovation company<\/strong>, ask for a renovation plan so that you know what needs to be done and in what order. This can help you understand what the different phases will require from you. <\/li><li><strong>Check if there is enough space<\/strong> in your apartment to put away furniture and other items during the renovation. Consider whether it would be better to store <a href=\"https:\/\/pelican.se\/en\/facilities\/\">your belongings<\/a> and furniture in a storage unit during the renovation. Pelican Self Storage has everything you need to protect your furniture. In addition, you can borrow a trailer for free to move your belongings.   <\/li><li><strong>If you don't have to move<\/strong> any furniture when renovating your apartment, the work will be easier and you won't risk breaking things or furniture.<\/li><li><strong>If the renovation does not seem to be progressing as planned<\/strong>, check the renovation plan and find out what stage of the renovation you should be at. If necessary, contact the contractor and ask if the renovation is progressing as planned. <\/li><\/ul>\n\t\t\t\t\t<\/div>\n\t\t\t\t\t\t<\/div>\n\t\t\t\t<\/div>\n\t\t\t\t\t<\/div>\n\t\t\t\t<\/div>\n\t\t\t\t<\/div>\n\t\t","protected":false},"excerpt":{"rendered":"<p>Are you planning to renovate? This list will help you avoid unnecessary headaches See selection of removal materials Even a<\/p>\n","protected":false},"author":1,"featured_media":0,"parent":0,"menu_order":0,"comment_status":"closed","ping_status":"closed","template":"elementor_header_footer","meta":{"_acf_changed":false,"inline_featured_image":false,"_lmt_disableupdate":"","_lmt_disable":"","footnotes":""},"class_list":["post-14335","page","type-page","status-publish","hentry"],"acf":[],"yoast_head":"<title>Are you renovating? | Pelican Self Storage<\/title>\n<meta name=\"robots\" content=\"index, follow, max-snippet:-1, max-image-preview:large, max-video-preview:-1\" \/>\n<link rel=\"canonical\" href=\"https:\/\/pelican.se\/en\/are-you-renovating\/\" \/>\n<meta property=\"og:locale\" content=\"en_US\" \/>\n<meta property=\"og:type\" content=\"article\" \/>\n<meta property=\"og:title\" content=\"Are you renovating?\" \/>\n<meta property=\"og:description\" content=\"Are you planning to renovate? This list will help you avoid unnecessary headaches See selection of removal materials Even a\" \/>\n<meta property=\"og:url\" content=\"https:\/\/pelican.se\/en\/are-you-renovating\/\" \/>\n<meta property=\"og:site_name\" content=\"Pelican Self Storage\" \/>\n<meta property=\"article:publisher\" content=\"https:\/\/www.facebook.com\/PelicanSelfStorageDenmark\" \/>\n<meta property=\"article:modified_time\" content=\"2025-05-11T21:59:47+00:00\" \/>\n<meta property=\"og:image\" content=\"https:\/\/pelican.se\/wp-content\/uploads\/2025\/04\/iStock-1433147266.jpg\" \/>\n<meta name=\"twitter:card\" content=\"summary_large_image\" \/>\n<meta name=\"twitter:label1\" content=\"Est. reading time\" \/>\n\t<meta name=\"twitter:data1\" content=\"3 minutes\" \/>\n<script type=\"application\/ld+json\" class=\"yoast-schema-graph\">{\"@context\":\"https:\/\/schema.org\",\"@graph\":[{\"@type\":\"WebPage\",\"@id\":\"https:\/\/pelican.se\/en\/are-you-renovating\/\",\"url\":\"https:\/\/pelican.se\/en\/are-you-renovating\/\",\"name\":\"Are you renovating? | Pelican Self Storage\",\"isPartOf\":{\"@id\":\"https:\/\/pelican.se\/en\/#website\"},\"primaryImageOfPage\":{\"@id\":\"https:\/\/pelican.se\/en\/are-you-renovating\/#primaryimage\"},\"image\":{\"@id\":\"https:\/\/pelican.se\/en\/are-you-renovating\/#primaryimage\"},\"thumbnailUrl\":\"https:\/\/pelican.se\/wp-content\/uploads\/2025\/04\/iStock-1433147266.jpg\",\"datePublished\":\"2025-05-06T08:48:24+00:00\",\"dateModified\":\"2025-05-11T21:59:47+00:00\",\"breadcrumb\":{\"@id\":\"https:\/\/pelican.se\/en\/are-you-renovating\/#breadcrumb\"},\"inLanguage\":\"en-US\",\"potentialAction\":[{\"@type\":\"ReadAction\",\"target\":[\"https:\/\/pelican.se\/en\/are-you-renovating\/\"]}]},{\"@type\":\"ImageObject\",\"inLanguage\":\"en-US\",\"@id\":\"https:\/\/pelican.se\/en\/are-you-renovating\/#primaryimage\",\"url\":\"https:\/\/pelican.se\/wp-content\/uploads\/2025\/04\/iStock-1433147266.jpg\",\"contentUrl\":\"https:\/\/pelican.se\/wp-content\/uploads\/2025\/04\/iStock-1433147266.jpg\"},{\"@type\":\"BreadcrumbList\",\"@id\":\"https:\/\/pelican.se\/en\/are-you-renovating\/#breadcrumb\",\"itemListElement\":[{\"@type\":\"ListItem\",\"position\":1,\"name\":\"Home\",\"item\":\"https:\/\/pelican.se\/en\/\"},{\"@type\":\"ListItem\",\"position\":2,\"name\":\"Are you renovating?\"}]},{\"@type\":\"WebSite\",\"@id\":\"https:\/\/pelican.se\/en\/#website\",\"url\":\"https:\/\/pelican.se\/en\/\",\"name\":\"Smarta f\u00f6rr\u00e5dsl\u00f6sningar f\u00f6r dig\",\"description\":\"Lej et opbevaringsrum hos Pelican Self Storage. Billige priser \u2714 Centre i hele K\u00f8benhavn \u2714 Lagerrum i mange st\u00f8rrelser \u2714 L\u00e5n en gratis trailer \u2714\",\"potentialAction\":[{\"@type\":\"SearchAction\",\"target\":{\"@type\":\"EntryPoint\",\"urlTemplate\":\"https:\/\/pelican.se\/en\/?s={search_term_string}\"},\"query-input\":{\"@type\":\"PropertyValueSpecification\",\"valueRequired\":true,\"valueName\":\"search_term_string\"}}],\"inLanguage\":\"en-US\"}]}<\/script>","yoast_head_json":{"title":"Are you renovating? | Pelican Self Storage","robots":{"index":"index","follow":"follow","max-snippet":"max-snippet:-1","max-image-preview":"max-image-preview:large","max-video-preview":"max-video-preview:-1"},"canonical":"https:\/\/pelican.se\/en\/are-you-renovating\/","og_locale":"en_US","og_type":"article","og_title":"Are you renovating?","og_description":"Are you planning to renovate? This list will help you avoid unnecessary headaches See selection of removal materials Even a","og_url":"https:\/\/pelican.se\/en\/are-you-renovating\/","og_site_name":"Pelican Self Storage","article_publisher":"https:\/\/www.facebook.com\/PelicanSelfStorageDenmark","article_modified_time":"2025-05-11T21:59:47+00:00","og_image":[{"url":"https:\/\/pelican.se\/wp-content\/uploads\/2025\/04\/iStock-1433147266.jpg","type":"","width":"","height":""}],"twitter_card":"summary_large_image","twitter_misc":{"Est. reading time":"3 minutes"},"schema":{"@context":"https:\/\/schema.org","@graph":[{"@type":"WebPage","@id":"https:\/\/pelican.se\/en\/are-you-renovating\/","url":"https:\/\/pelican.se\/en\/are-you-renovating\/","name":"Are you renovating? | Pelican Self Storage","isPartOf":{"@id":"https:\/\/pelican.se\/en\/#website"},"primaryImageOfPage":{"@id":"https:\/\/pelican.se\/en\/are-you-renovating\/#primaryimage"},"image":{"@id":"https:\/\/pelican.se\/en\/are-you-renovating\/#primaryimage"},"thumbnailUrl":"https:\/\/pelican.se\/wp-content\/uploads\/2025\/04\/iStock-1433147266.jpg","datePublished":"2025-05-06T08:48:24+00:00","dateModified":"2025-05-11T21:59:47+00:00","breadcrumb":{"@id":"https:\/\/pelican.se\/en\/are-you-renovating\/#breadcrumb"},"inLanguage":"en-US","potentialAction":[{"@type":"ReadAction","target":["https:\/\/pelican.se\/en\/are-you-renovating\/"]}]},{"@type":"ImageObject","inLanguage":"en-US","@id":"https:\/\/pelican.se\/en\/are-you-renovating\/#primaryimage","url":"https:\/\/pelican.se\/wp-content\/uploads\/2025\/04\/iStock-1433147266.jpg","contentUrl":"https:\/\/pelican.se\/wp-content\/uploads\/2025\/04\/iStock-1433147266.jpg"},{"@type":"BreadcrumbList","@id":"https:\/\/pelican.se\/en\/are-you-renovating\/#breadcrumb","itemListElement":[{"@type":"ListItem","position":1,"name":"Home","item":"https:\/\/pelican.se\/en\/"},{"@type":"ListItem","position":2,"name":"Are you renovating?"}]},{"@type":"WebSite","@id":"https:\/\/pelican.se\/en\/#website","url":"https:\/\/pelican.se\/en\/","name":"Smarta f\u00f6rr\u00e5dsl\u00f6sningar f\u00f6r dig","description":"Lej et opbevaringsrum hos Pelican Self Storage. Billige priser \u2714 Centre i hele K\u00f8benhavn \u2714 Lagerrum i mange st\u00f8rrelser \u2714 L\u00e5n en gratis trailer \u2714","potentialAction":[{"@type":"SearchAction","target":{"@type":"EntryPoint","urlTemplate":"https:\/\/pelican.se\/en\/?s={search_term_string}"},"query-input":{"@type":"PropertyValueSpecification","valueRequired":true,"valueName":"search_term_string"}}],"inLanguage":"en-US"}]}},"_links":{"self":[{"href":"https:\/\/pelican.se\/en\/wp-json\/wp\/v2\/pages\/14335","targetHints":{"allow":["GET"]}}],"collection":[{"href":"https:\/\/pelican.se\/en\/wp-json\/wp\/v2\/pages"}],"about":[{"href":"https:\/\/pelican.se\/en\/wp-json\/wp\/v2\/types\/page"}],"author":[{"embeddable":true,"href":"https:\/\/pelican.se\/en\/wp-json\/wp\/v2\/users\/1"}],"replies":[{"embeddable":true,"href":"https:\/\/pelican.se\/en\/wp-json\/wp\/v2\/comments?post=14335"}],"version-history":[{"count":2,"href":"https:\/\/pelican.se\/en\/wp-json\/wp\/v2\/pages\/14335\/revisions"}],"predecessor-version":[{"id":14363,"href":"https:\/\/pelican.se\/en\/wp-json\/wp\/v2\/pages\/14335\/revisions\/14363"}],"wp:attachment":[{"href":"https:\/\/pelican.se\/en\/wp-json\/wp\/v2\/media?parent=14335"}],"curies":[{"name":"wp","href":"https:\/\/api.w.org\/{rel}","templated":true}]}}