{"id":14338,"date":"2025-05-06T10:48:26","date_gmt":"2025-05-06T08:48:26","guid":{"rendered":"https:\/\/pelican.se\/ten-tips-for-the-perfect-move\/"},"modified":"2025-05-09T09:11:25","modified_gmt":"2025-05-09T07:11:25","slug":"ten-tips-for-the-perfect-move","status":"publish","type":"page","link":"https:\/\/pelican.se\/en\/ten-tips-for-the-perfect-move\/","title":{"rendered":"Ten tips for the perfect move"},"content":{"rendered":"\t\t<div data-elementor-type=\"wp-page\" data-elementor-id=\"14338\" class=\"elementor elementor-14338 elementor-11495\" data-elementor-post-type=\"page\">\n\t\t\t\t<div class=\"wd-negative-gap elementor-element elementor-element-aa6043c e-flex e-con-boxed e-con e-parent\" data-id=\"aa6043c\" data-element_type=\"container\" data-e-type=\"container\">\n\t\t\t\t\t<div class=\"e-con-inner\">\n\t\t<div class=\"elementor-element elementor-element-0033f20 e-con-full e-flex e-con e-child\" data-id=\"0033f20\" data-element_type=\"container\" data-e-type=\"container\">\n\t\t\t\t<div class=\"elementor-element elementor-element-64bc839 elementor-widget elementor-widget-image\" data-id=\"64bc839\" data-element_type=\"widget\" data-e-type=\"widget\" data-widget_type=\"image.default\">\n\t\t\t\t<div class=\"elementor-widget-container\">\n\t\t\t\t\t\t\t\t\t\t\t\t\t\t\t<img decoding=\"async\" src=\"https:\/\/pelican.se\/wp-content\/uploads\/2025\/04\/Pelican27.4.171108-scaled-1.jpg\" title=\"Pelican27.4.171108-scaled.jpg\" alt=\"Pelican27.4.171108-scaled.jpg\" loading=\"lazy\" \/>\t\t\t\t\t\t\t\t\t\t\t\t\t\t\t<\/div>\n\t\t\t\t<\/div>\n\t\t\t\t<\/div>\n\t\t<div class=\"elementor-element elementor-element-803dbdc e-con-full e-flex e-con e-child\" data-id=\"803dbdc\" data-element_type=\"container\" data-e-type=\"container\" data-settings=\"{&quot;background_background&quot;:&quot;classic&quot;}\">\n\t\t<div class=\"elementor-element elementor-element-1f93eff e-con-full e-flex e-con e-child\" data-id=\"1f93eff\" data-element_type=\"container\" data-e-type=\"container\">\n\t\t\t\t<div class=\"elementor-element elementor-element-8180863 wd-width-100 elementor-widget elementor-widget-wd_title\" data-id=\"8180863\" data-element_type=\"widget\" data-e-type=\"widget\" data-widget_type=\"wd_title.default\">\n\t\t\t\t<div class=\"elementor-widget-container\">\n\t\t\t\t\t\t\t<div class=\"title-wrapper wd-set-mb reset-last-child wd-title-color-default wd-title-style-default wd-title-size-default text-left\">\n\n\t\t\t\n\t\t\t<div class=\"liner-continer\">\n\t\t\t\t<h4 class=\"woodmart-title-container title wd-fontsize-l\">Ten tips for the perfect move<\/h4> \n\t\t\t\t\t\t\t<\/div>\n\n\t\t\t\t\t<\/div>\n\t\t\t\t\t\t<\/div>\n\t\t\t\t<\/div>\n\t\t\t\t<div class=\"elementor-element elementor-element-f59736d elementor-widget elementor-widget-button\" data-id=\"f59736d\" data-element_type=\"widget\" data-e-type=\"widget\" data-widget_type=\"button.default\">\n\t\t\t\t<div class=\"elementor-widget-container\">\n\t\t\t\t\t\t\t\t\t<div class=\"elementor-button-wrapper\">\n\t\t\t\t\t<a class=\"elementor-button elementor-button-link elementor-size-sm\" href=\"http:\/\/pelicanse.kinsta.cloud\/flyttbara-tillbehor\/\">\n\t\t\t\t\t\t<span class=\"elementor-button-content-wrapper\">\n\t\t\t\t\t\t\t\t\t<span class=\"elementor-button-text\">Order removable accessories<\/span>\n\t\t\t\t\t<\/span>\n\t\t\t\t\t<\/a>\n\t\t\t\t<\/div>\n\t\t\t\t\t\t\t\t<\/div>\n\t\t\t\t<\/div>\n\t\t\t\t<\/div>\n\t\t\t\t<\/div>\n\t\t\t\t\t<\/div>\n\t\t\t\t<\/div>\n\t\t<div class=\"wd-negative-gap elementor-element elementor-element-ef1dd84 e-flex e-con-boxed e-con e-parent\" data-id=\"ef1dd84\" data-element_type=\"container\" data-e-type=\"container\">\n\t\t\t\t\t<div class=\"e-con-inner\">\n\t\t\t\t<div class=\"elementor-element elementor-element-b7f2d2c elementor-widget elementor-widget-wd_text_block\" data-id=\"b7f2d2c\" data-element_type=\"widget\" data-e-type=\"widget\" data-widget_type=\"wd_text_block.default\">\n\t\t\t\t<div class=\"elementor-widget-container\">\n\t\t\t\t\t\t\t<div class=\"wd-text-block reset-last-child text-left\">\n\t\t\t\n\t\t\t<h1 class=\"add-icon\"><span style=\"color: #008000;\">Ten tips for the perfect move - from a professional perspective<\/span><\/h1><p>Moving can be either stressful or a good experience.<br>Read this list of tips to help you avoid getting stressed.<\/p><p>American Peter Walsh is a professional organizer and has written several books on how to simplify your life.<br>He says he's been involved in many moves where the ground rules were not followed.<\/p><p>Here are ten principles and details that Walsh says you should remember.<br>Take a look at them and maybe there's a tip or two you can use next time you move.<br>On average, Europeans move four times in their lives, and the better prepared you are, the better your move will be.<\/p><p><strong>When the move is approaching<\/strong><\/p><p>1. it's all about planning and structuring if you want a successful move.<\/p><p>2. Keep all your notes in one place.<\/p><p>3. the things you no longer use can be recycled or kept in a <a href=\"https:\/\/pelican.dk\/opbevaring-koebenhavn\">storage room<\/a>.<\/p><p><strong>Packing<\/strong><\/p><p>4. Keep track of what you pack and where you pack it.<br>Write on the moving boxes which room they belong to in the new home.<\/p><p>5. take pictures of cables, sockets and other electronic wiring.<br>This will help you remember which parts fit together when you install everything in your new home.<\/p><p><strong>Preparing for moving day<\/strong><\/p><p>6. prepare snacks and water and pack them in a cooler.<br>It's nice to have something to eat and drink when the move starts. <br><br>7. remember that it is best not to drink alcohol the day before.<\/p><p>8. Put cleaning products, paper towels and lamps in a box where you can easily find them again.<\/p><p>9. Always have money in your pocket.<br>You will probably need to send someone to pick up a pizza, a missing tool or similar.<\/p><p>10. remember to celebrate the move when it's done!<br>Bring a bottle of your favorite drink and some disposable cups.<\/p>\n\t\t\t\t\t<\/div>\n\t\t\t\t\t\t<\/div>\n\t\t\t\t<\/div>\n\t\t\t\t\t<\/div>\n\t\t\t\t<\/div>\n\t\t\t\t<\/div>\n\t\t","protected":false},"excerpt":{"rendered":"<p>Ten tips for the perfect move Order removable accessories Ten tips for the perfect move &#8211; from a professional perspective<\/p>\n","protected":false},"author":1,"featured_media":0,"parent":0,"menu_order":0,"comment_status":"closed","ping_status":"closed","template":"elementor_header_footer","meta":{"_acf_changed":false,"inline_featured_image":false,"_lmt_disableupdate":"","_lmt_disable":"","footnotes":""},"class_list":["post-14338","page","type-page","status-publish","hentry"],"acf":[],"yoast_head":"<title>Ten tips for the perfect move | Pelican Self Storage<\/title>\n<meta name=\"robots\" content=\"index, follow, max-snippet:-1, max-image-preview:large, max-video-preview:-1\" \/>\n<link rel=\"canonical\" href=\"https:\/\/pelican.se\/en\/ten-tips-for-the-perfect-move\/\" \/>\n<meta property=\"og:locale\" content=\"en_US\" \/>\n<meta property=\"og:type\" content=\"article\" \/>\n<meta property=\"og:title\" content=\"Ten tips for the perfect move\" \/>\n<meta property=\"og:description\" content=\"Ten tips for the perfect move Order removable accessories Ten tips for the perfect move &#8211; from a professional perspective\" \/>\n<meta property=\"og:url\" content=\"https:\/\/pelican.se\/en\/ten-tips-for-the-perfect-move\/\" \/>\n<meta property=\"og:site_name\" content=\"Pelican Self Storage\" \/>\n<meta property=\"article:publisher\" content=\"https:\/\/www.facebook.com\/PelicanSelfStorageDenmark\" \/>\n<meta property=\"article:modified_time\" content=\"2025-05-09T07:11:25+00:00\" \/>\n<meta property=\"og:image\" content=\"https:\/\/pelican.se\/wp-content\/uploads\/2025\/04\/Pelican27.4.171108-scaled-1.jpg\" \/>\n<meta name=\"twitter:card\" content=\"summary_large_image\" \/>\n<meta name=\"twitter:label1\" content=\"Est. reading time\" \/>\n\t<meta name=\"twitter:data1\" content=\"2 minutes\" \/>\n<script type=\"application\/ld+json\" class=\"yoast-schema-graph\">{\"@context\":\"https:\/\/schema.org\",\"@graph\":[{\"@type\":\"WebPage\",\"@id\":\"https:\/\/pelican.se\/en\/ten-tips-for-the-perfect-move\/\",\"url\":\"https:\/\/pelican.se\/en\/ten-tips-for-the-perfect-move\/\",\"name\":\"Ten tips for the perfect move | Pelican Self Storage\",\"isPartOf\":{\"@id\":\"https:\/\/pelican.se\/en\/#website\"},\"primaryImageOfPage\":{\"@id\":\"https:\/\/pelican.se\/en\/ten-tips-for-the-perfect-move\/#primaryimage\"},\"image\":{\"@id\":\"https:\/\/pelican.se\/en\/ten-tips-for-the-perfect-move\/#primaryimage\"},\"thumbnailUrl\":\"https:\/\/pelican.se\/wp-content\/uploads\/2025\/04\/Pelican27.4.171108-scaled-1.jpg\",\"datePublished\":\"2025-05-06T08:48:26+00:00\",\"dateModified\":\"2025-05-09T07:11:25+00:00\",\"breadcrumb\":{\"@id\":\"https:\/\/pelican.se\/en\/ten-tips-for-the-perfect-move\/#breadcrumb\"},\"inLanguage\":\"en-US\",\"potentialAction\":[{\"@type\":\"ReadAction\",\"target\":[\"https:\/\/pelican.se\/en\/ten-tips-for-the-perfect-move\/\"]}]},{\"@type\":\"ImageObject\",\"inLanguage\":\"en-US\",\"@id\":\"https:\/\/pelican.se\/en\/ten-tips-for-the-perfect-move\/#primaryimage\",\"url\":\"https:\/\/pelican.se\/wp-content\/uploads\/2025\/04\/Pelican27.4.171108-scaled-1.jpg\",\"contentUrl\":\"https:\/\/pelican.se\/wp-content\/uploads\/2025\/04\/Pelican27.4.171108-scaled-1.jpg\"},{\"@type\":\"BreadcrumbList\",\"@id\":\"https:\/\/pelican.se\/en\/ten-tips-for-the-perfect-move\/#breadcrumb\",\"itemListElement\":[{\"@type\":\"ListItem\",\"position\":1,\"name\":\"Home\",\"item\":\"https:\/\/pelican.se\/en\/\"},{\"@type\":\"ListItem\",\"position\":2,\"name\":\"Ten tips for the perfect move\"}]},{\"@type\":\"WebSite\",\"@id\":\"https:\/\/pelican.se\/en\/#website\",\"url\":\"https:\/\/pelican.se\/en\/\",\"name\":\"Smarta f\u00f6rr\u00e5dsl\u00f6sningar f\u00f6r dig\",\"description\":\"Lej et opbevaringsrum hos Pelican Self Storage. Billige priser \u2714 Centre i hele K\u00f8benhavn \u2714 Lagerrum i mange st\u00f8rrelser \u2714 L\u00e5n en gratis trailer \u2714\",\"potentialAction\":[{\"@type\":\"SearchAction\",\"target\":{\"@type\":\"EntryPoint\",\"urlTemplate\":\"https:\/\/pelican.se\/en\/?s={search_term_string}\"},\"query-input\":{\"@type\":\"PropertyValueSpecification\",\"valueRequired\":true,\"valueName\":\"search_term_string\"}}],\"inLanguage\":\"en-US\"}]}<\/script>","yoast_head_json":{"title":"Ten tips for the perfect move | Pelican Self Storage","robots":{"index":"index","follow":"follow","max-snippet":"max-snippet:-1","max-image-preview":"max-image-preview:large","max-video-preview":"max-video-preview:-1"},"canonical":"https:\/\/pelican.se\/en\/ten-tips-for-the-perfect-move\/","og_locale":"en_US","og_type":"article","og_title":"Ten tips for the perfect move","og_description":"Ten tips for the perfect move Order removable accessories Ten tips for the perfect move &#8211; from a professional perspective","og_url":"https:\/\/pelican.se\/en\/ten-tips-for-the-perfect-move\/","og_site_name":"Pelican Self Storage","article_publisher":"https:\/\/www.facebook.com\/PelicanSelfStorageDenmark","article_modified_time":"2025-05-09T07:11:25+00:00","og_image":[{"url":"https:\/\/pelican.se\/wp-content\/uploads\/2025\/04\/Pelican27.4.171108-scaled-1.jpg","type":"","width":"","height":""}],"twitter_card":"summary_large_image","twitter_misc":{"Est. reading time":"2 minutes"},"schema":{"@context":"https:\/\/schema.org","@graph":[{"@type":"WebPage","@id":"https:\/\/pelican.se\/en\/ten-tips-for-the-perfect-move\/","url":"https:\/\/pelican.se\/en\/ten-tips-for-the-perfect-move\/","name":"Ten tips for the perfect move | Pelican Self Storage","isPartOf":{"@id":"https:\/\/pelican.se\/en\/#website"},"primaryImageOfPage":{"@id":"https:\/\/pelican.se\/en\/ten-tips-for-the-perfect-move\/#primaryimage"},"image":{"@id":"https:\/\/pelican.se\/en\/ten-tips-for-the-perfect-move\/#primaryimage"},"thumbnailUrl":"https:\/\/pelican.se\/wp-content\/uploads\/2025\/04\/Pelican27.4.171108-scaled-1.jpg","datePublished":"2025-05-06T08:48:26+00:00","dateModified":"2025-05-09T07:11:25+00:00","breadcrumb":{"@id":"https:\/\/pelican.se\/en\/ten-tips-for-the-perfect-move\/#breadcrumb"},"inLanguage":"en-US","potentialAction":[{"@type":"ReadAction","target":["https:\/\/pelican.se\/en\/ten-tips-for-the-perfect-move\/"]}]},{"@type":"ImageObject","inLanguage":"en-US","@id":"https:\/\/pelican.se\/en\/ten-tips-for-the-perfect-move\/#primaryimage","url":"https:\/\/pelican.se\/wp-content\/uploads\/2025\/04\/Pelican27.4.171108-scaled-1.jpg","contentUrl":"https:\/\/pelican.se\/wp-content\/uploads\/2025\/04\/Pelican27.4.171108-scaled-1.jpg"},{"@type":"BreadcrumbList","@id":"https:\/\/pelican.se\/en\/ten-tips-for-the-perfect-move\/#breadcrumb","itemListElement":[{"@type":"ListItem","position":1,"name":"Home","item":"https:\/\/pelican.se\/en\/"},{"@type":"ListItem","position":2,"name":"Ten tips for the perfect move"}]},{"@type":"WebSite","@id":"https:\/\/pelican.se\/en\/#website","url":"https:\/\/pelican.se\/en\/","name":"Smarta f\u00f6rr\u00e5dsl\u00f6sningar f\u00f6r dig","description":"Lej et opbevaringsrum hos Pelican Self Storage. Billige priser \u2714 Centre i hele K\u00f8benhavn \u2714 Lagerrum i mange st\u00f8rrelser \u2714 L\u00e5n en gratis trailer \u2714","potentialAction":[{"@type":"SearchAction","target":{"@type":"EntryPoint","urlTemplate":"https:\/\/pelican.se\/en\/?s={search_term_string}"},"query-input":{"@type":"PropertyValueSpecification","valueRequired":true,"valueName":"search_term_string"}}],"inLanguage":"en-US"}]}},"_links":{"self":[{"href":"https:\/\/pelican.se\/en\/wp-json\/wp\/v2\/pages\/14338","targetHints":{"allow":["GET"]}}],"collection":[{"href":"https:\/\/pelican.se\/en\/wp-json\/wp\/v2\/pages"}],"about":[{"href":"https:\/\/pelican.se\/en\/wp-json\/wp\/v2\/types\/page"}],"author":[{"embeddable":true,"href":"https:\/\/pelican.se\/en\/wp-json\/wp\/v2\/users\/1"}],"replies":[{"embeddable":true,"href":"https:\/\/pelican.se\/en\/wp-json\/wp\/v2\/comments?post=14338"}],"version-history":[{"count":1,"href":"https:\/\/pelican.se\/en\/wp-json\/wp\/v2\/pages\/14338\/revisions"}],"predecessor-version":[{"id":14341,"href":"https:\/\/pelican.se\/en\/wp-json\/wp\/v2\/pages\/14338\/revisions\/14341"}],"wp:attachment":[{"href":"https:\/\/pelican.se\/en\/wp-json\/wp\/v2\/media?parent=14338"}],"curies":[{"name":"wp","href":"https:\/\/api.w.org\/{rel}","templated":true}]}}